{"id":613,"date":"2016-04-07T13:03:13","date_gmt":"2016-04-07T19:03:13","guid":{"rendered":"http:\/\/memoriasdehacienda.colmex.mx\/mhwp\/?page_id=613"},"modified":"2017-08-01T14:50:21","modified_gmt":"2017-08-01T20:50:21","slug":"memoria-34","status":"publish","type":"page","link":"https:\/\/memoriasdehacienda.institutomora.edu.mx\/?page_id=613","title":{"rendered":"Memoria 34 (1850-1851)"},"content":{"rendered":"<p><span style=\"color: #ff6600;\"><strong><span style=\"font-size: 11pt;\">(34) Rese\u00f1a sobre el estado de los principales ramos de la Hacienda P\u00fablica, escrita por el C. Manuel Payno, para su sucesor en el despacho de la Secretar\u00eda de la Hacienda, Lic. Jos\u00e9 I. Esteva. M\u00e9xico, Imprenta de Ignacio Cumplido, 1851, 59 pp.<\/span><\/strong><\/span><\/p>\n<p style=\"text-align: justify;\"><span style=\"color: #000000;\">Firmada por Manuel Payno (10 de marzo de 1851).<\/span><\/p>\n<p style=\"text-align: justify;\"><span style=\"color: #000000;\">Per\u00edodo: 1850-1851.<\/span><\/p>\n<p style=\"text-align: justify;\"><span style=\"color: #000000;\">Se localiza: <span class=\"tooltips \" style=\"\" title=\"Biblioteca del Instituto de Investigaciones Hist\u00f3ricas, UNAM.\">BIIH<\/span>. <\/span><\/p>\n<p style=\"text-align: justify;\"><strong><span style=\"color: #000000;\">No tiene anexos.<\/span><\/strong><\/p>\n<p style=\"text-align: justify;\"><strong><span style=\"color: #000000;\">S\u00edntesis del contenido:<\/span><\/strong><\/p>\n<p style=\"text-align: justify;\"><span style=\"color: #000000;\">Con fecha 10 de marzo de 1851, en ella destacan las referencias a los ramos siguientes:<\/span><\/p>\n<p style=\"text-align: justify;\"><span style=\"color: #000000;\">En esta Memoria Payno rese\u00f1a la situaci\u00f3n hacendaria hasta marzo de 1851, destacando los principales ramos. Con respecto a la deuda exterior, el ministro se\u00f1ala que hasta mediados de 1850 no se hab\u00eda pagado en forma puntual la deuda contra\u00edda con Inglaterra, lo que dio origen a diversas reclamaciones, pero para octubre del mismo a\u00f1o se determin\u00f3 que los interesados acudieran ante el Comit\u00e9 tenedores de bonos y la agencia financiera del gobierno mexicano en Londres. Logrado este acuerdo, Payno pide se haga el pago puntual de los dividendos para seguir siendo sujetos de cr\u00e9dito.<\/span><\/p>\n<p style=\"text-align: justify;\"><span style=\"color: #000000;\">Al analizar la deuda interior, Payno enfatiza la situaci\u00f3n de escasez, guerras y desorganizaci\u00f3n administrativa, lo que oblig\u00f3 el gobierno a solicitar pr\u00e9stamos para solventar sus gastos, pero la falta de control hac\u00eda que se desconociera el monto real de lo que se deb\u00eda. Para combatir esta anarqu\u00eda en el cr\u00e9dito p\u00fablico en 1849 se mandaron a las C\u00e1maras varios proyectos tendientes a establecer un solo r\u00e9dito, un solo fondo y una sola denominaci\u00f3n. Aunque el Senado no aprob\u00f3 lo concerniente a un solo fondo, s\u00ed surgi\u00f3 de ello la ley de 30 de noviembre de 1850, misma que, seg\u00fan Payno, promete ser de gran beneficio para el pa\u00eds.<\/span><\/p>\n<p style=\"text-align: justify;\"><span style=\"color: #000000;\">El ministro indica que las iniciativas que se dirigieron al Congreso ten\u00edan por objetivo nivelar los egresos con los ingresos, arreglar la deuda y establecer los derechos sobre consumo, pues s\u00f3lo as\u00ed se pod\u00eda pensar en un sistema hacendario bien organizado.<\/span><\/p>\n<p style=\"text-align: justify;\"><span style=\"color: #000000;\">Payno considera que bien cuidadas y organizadas, los ramos de aduanas mar\u00edtimas y tabaco aportar\u00edan suficientes rentas para pagar los r\u00e9ditos de la deuda y para cubrir el presupuesto normal, mismo que podr\u00eda fijarse en 7 u 8 millones de pesos anuales. Sin embargo, ambos ramos estaban disminuidos por el contrabando y la desorganizaci\u00f3n, por lo que urg\u00eda se les atendiera debidamente.<\/span><\/p>\n<p style=\"text-align: justify;\"><span style=\"color: #000000;\">Los ramos que les segu\u00edan en importancia eran los de correos, papel sellado, salinas y contingentes, los cuales, al igual que los anteriores, se deb\u00edan manejar de acuerdo a los recursos reales y sin comprometer el honor del gobierno.<\/span><\/p>\n","protected":false},"excerpt":{"rendered":"<p>(34) Rese\u00f1a sobre el estado de los principales ramos de la Hacienda P\u00fablica, escrita por el C. Manuel Payno, para su sucesor en el despacho de la Secretar\u00eda de la Hacienda, Lic. Jos\u00e9 I. Esteva. M\u00e9xico, Imprenta de Ignacio Cumplido, 1851, 59 pp. Firmada por Manuel Payno (10 de marzo de 1851). Per\u00edodo: 1850-1851. Se<\/p>\n<p><a href=\"https:\/\/memoriasdehacienda.institutomora.edu.mx\/?page_id=613\" class=\"more-link themebutton\">Read More<\/a><\/p>\n","protected":false},"author":2,"featured_media":0,"parent":0,"menu_order":0,"comment_status":"closed","ping_status":"closed","template":"","meta":[],"_links":{"self":[{"href":"https:\/\/memoriasdehacienda.institutomora.edu.mx\/index.php?rest_route=\/wp\/v2\/pages\/613"}],"collection":[{"href":"https:\/\/memoriasdehacienda.institutomora.edu.mx\/index.php?rest_route=\/wp\/v2\/pages"}],"about":[{"href":"https:\/\/memoriasdehacienda.institutomora.edu.mx\/index.php?rest_route=\/wp\/v2\/types\/page"}],"author":[{"embeddable":true,"href":"https:\/\/memoriasdehacienda.institutomora.edu.mx\/index.php?rest_route=\/wp\/v2\/users\/2"}],"replies":[{"embeddable":true,"href":"https:\/\/memoriasdehacienda.institutomora.edu.mx\/index.php?rest_route=%2Fwp%2Fv2%2Fcomments&post=613"}],"version-history":[{"count":7,"href":"https:\/\/memoriasdehacienda.institutomora.edu.mx\/index.php?rest_route=\/wp\/v2\/pages\/613\/revisions"}],"predecessor-version":[{"id":8225,"href":"https:\/\/memoriasdehacienda.institutomora.edu.mx\/index.php?rest_route=\/wp\/v2\/pages\/613\/revisions\/8225"}],"wp:attachment":[{"href":"https:\/\/memoriasdehacienda.institutomora.edu.mx\/index.php?rest_route=%2Fwp%2Fv2%2Fmedia&parent=613"}],"curies":[{"name":"wp","href":"https:\/\/api.w.org\/{rel}","templated":true}]}}