{"id":615,"date":"2016-04-07T13:03:39","date_gmt":"2016-04-07T19:03:39","guid":{"rendered":"http:\/\/memoriasdehacienda.colmex.mx\/mhwp\/?page_id=615"},"modified":"2023-03-16T13:26:28","modified_gmt":"2023-03-16T19:26:28","slug":"memoria-35","status":"publish","type":"page","link":"https:\/\/memoriasdehacienda.institutomora.edu.mx\/?page_id=615","title":{"rendered":"Memoria 35 (julio de 1850-junio de 1851)"},"content":{"rendered":"<p style=\"text-align: justify;\"><span style=\"color: #ff6600;\"><strong><span style=\"font-size: 11pt;\">(35) Memoria de la Hacienda Nacional de la Rep\u00fablica Mexicana presentada por el secretario del ramo en febrero de 1852. [M\u00e9xico], Imprenta de Lara, [1852], 22, 24 hojas, 192 pp., cuadros, tablas.<\/span><\/strong><\/span><\/p>\n<p><span style=\"color: #000000;\">Firmada por Marcos de Esparza (23 de febrero de 1852).<\/span><\/p>\n<p><span style=\"color: #000000;\">Per\u00edodo: julio de 1850-junio de 1851.<\/span><\/p>\n<p><span style=\"color: #000000;\">Se localiza: <span class=\"tooltips \" style=\"\" title=\"Biblioteca Nacional de M\u00e9xico-Colecci\u00f3n de Libros Raros y Curiosos, Fondo Reservado, UNAM.\">BNLR<\/span>,&nbsp;<span class=\"tooltips \" style=\"\" title=\"Biblioteca Nacional de M\u00e9xico-Colecci\u00f3n Lafragua, Fondo Reservado, UNAM.\">BNCL<\/span>,&nbsp;<span class=\"tooltips \" style=\"\" title=\"Biblioteca de la Sociedad Mexicana de Geograf\u00eda y Estad\u00edstica.\">BSMGE<\/span>, <span class=\"tooltips \" style=\"\" title=\"Biblioteca del Instituto de Investigaciones &quot;Dr. Jos\u00e9 Mar\u00eda Luis Mora&quot; (material en micropel\u00edcula).\">BIM-Mfilm<\/span>, <span class=\"tooltips \" style=\"\" title=\"Biblioteca &quot;Daniel Cos\u00edo Villegas&quot;, El Colegio de M\u00e9xico (material en micropel\u00edcula).\">BColmex-Mfilm<\/span>.<\/span><\/p>\n<p><strong><span style=\"color: #000000;\">Tiene anexos, cuadros y tablas.<\/span><\/strong><\/p>\n<p><strong><span style=\"color: #000000;\">S\u00edntesis del contenido:<\/span><\/strong><\/p>\n<p><span style=\"color: #000000;\">Se\u00f1ala que en el despu\u00e9s del rechazo, por la C\u00e1mara de las iniciativas sobre contribuciones y arbitrios para cubrir el d\u00e9ficit del erario, no ha habido propuestas que las sustituyan. Se intent\u00f3 reunir a los gobernantes y conciliar sus intereses, pero, dice, fue en vano y continua la crisis por insuficiencia de recursos. Existen dos problemas nuevos que inciden sobre las finanzas p\u00fablicas: en primer lugar, el gobierno tuvo que enfrentar pagos de cr\u00e9ditos por sentencia de la Suprema Corte de Justicia y otros en pro de convenciones diplom\u00e1ticas; en segundo lugar, a ra\u00edz de los sucesos de la frontera norte &#8220;que obligaron al jefe de las tropas que guarnec\u00edan en el puerto de Matamoros, a establecer all\u00ed una tarifa de derechos, esencialmente diversa de las legales que comprende el arancel general, poniendo en conflicto al mismo tiempo a la industria y al comercio&#8221;.<\/span><\/p>\n<p><span style=\"color: #000000;\">Se emprendi\u00f3 un an\u00e1lisis del estado de valores (1\u00b0 de julio de 1850 al 30 de junio de 1851) para resolver las dudas suscitadas en la junta de gobernadores, y con base a ese an\u00e1lisis se form\u00f3 el cuadro del estado general de valores de las rentas (Cuadro B). Informa, finalmente, que ya se recauda el impuesto de consumo.<\/span><\/p>\n<p><span style=\"color: #000000;\">Sobre el tabaco, menciona que los socios de la compa\u00f1\u00eda arrendadora del estanco tienen una fuerte deuda con el erario. Se cobr\u00f3 en numerario y en documentos de pagos practicados por orden del gobierno y se lleva a cabo un juicio de arbitrios. Se opone a la idea de la devoluci\u00f3n del estanco. Da cuenta, finalmente de las diversas categor\u00edas de rentas en el cuadro C en el que destacan las permanentes, las eventuales y los ramos ajenos o consignados a objetos especiales.&nbsp;<\/span>[read more=&#8221;Ver anexos estad\u00edsticos&#8221; less=&#8221;ver menos&#8221;]<\/p>\n<p><strong><span style=\"color: #0000ff;\">Anexos<\/span><\/strong><\/p>\n<p>Cuenta del erario federal, Estado que manifiestan los valores que han tenido en el tercer a\u00f1o econ\u00f3mico las Rentas del erario federal, jul. 1850-jun. 1851, Doc. [<span style=\"color: #0000ff;\"><a style=\"color: #0000ff;\" href=\"https:\/\/memoriasdehacienda.institutomora.edu.mx\/wp-content\/uploads\/EDOSGRALES1850-51-1.xls\">0<\/a><\/span>] (35)<\/p>\n<p>Aduanas mar\u00edtimas y fronterizas, jul. 1850-jun. 1851, Doc.<span style=\"color: #0000ff;\"><a style=\"color: #0000ff;\" href=\"https:\/\/memoriasdehacienda.institutomora.edu.mx\/wp-content\/uploads\/001ADUANAS1850-51-1.xls\"> 1 <\/a><\/span>(35)<\/p>\n<p>Importaci\u00f3n, Uno por ciento de, jul. 1850-jun. 1851, Doc.<span style=\"color: #0000ff;\"> <a style=\"color: #0000ff;\" href=\"https:\/\/memoriasdehacienda.institutomora.edu.mx\/wp-content\/uploads\/002UNOPORCIENTO1850-51-1.xls\">2<\/a><\/span> (35)<\/p>\n<p>Dos por ciento de aver\u00eda, establecido por decreto de 28 de febrero de 1843, jul. 1850-jun. 1851, Doc.<span style=\"color: #0000ff;\"><a style=\"color: #0000ff;\" href=\"https:\/\/memoriasdehacienda.institutomora.edu.mx\/wp-content\/uploads\/003AVERIA1850-51-1.xls\"> 3<\/a><\/span> (35)<\/p>\n<p>Importaci\u00f3n, Derecho de consumo sobre efectos extranjeros, jul. 1850-jun. 1851, Doc.<span style=\"color: #0000ff;\"> <a style=\"color: #0000ff;\" href=\"https:\/\/memoriasdehacienda.institutomora.edu.mx\/wp-content\/uploads\/004DERECHOCONSUMO1850-51-1.xls\">4 <\/a><\/span>(35)<\/p>\n<p>Derecho de dos por ciento de circulaci\u00f3n de moneda, con arreglo al decreto de 24 de noviembre de 1849, jul. 1850-jun. 1851, Doc.<span style=\"color: #0000ff;\"><a style=\"color: #0000ff;\" href=\"https:\/\/memoriasdehacienda.institutomora.edu.mx\/wp-content\/uploads\/005DERECHOMONEDA1850-51-1.xls\"> 5<\/a><\/span> (35)<\/p>\n<p>Tabaco, Renta del, jul. 1850-jun. 1851, Doc.<span style=\"color: #0000ff;\"><a style=\"color: #0000ff;\" href=\"https:\/\/memoriasdehacienda.institutomora.edu.mx\/wp-content\/uploads\/006TABACO1850-51-1.xls\"> 6<\/a><\/span> (35)<\/p>\n<p>Doc. 7 (35) no existe<\/p>\n<p>Naipes, Renta de, jul. 1850-jun. 1851, Doc.<span style=\"color: #0000ff;\"><a style=\"color: #0000ff;\" href=\"https:\/\/memoriasdehacienda.institutomora.edu.mx\/wp-content\/uploads\/008NAIPES1850-51-1.xls\"> 8<\/a><\/span> (35)<\/p>\n<p>Correos, Renta de, jul. 1850-jun. 1851, Doc.<span style=\"color: #0000ff;\"><a style=\"color: #0000ff;\" href=\"https:\/\/memoriasdehacienda.institutomora.edu.mx\/wp-content\/uploads\/009CORREOS1850-51-1.xls\"> 9<\/a><\/span> (35)<\/p>\n<p>Loter\u00eda, Renta de, jul. 1850-jun. 1851, Doc. <span style=\"color: #0000ff;\"><a style=\"color: #0000ff;\" href=\"https:\/\/memoriasdehacienda.institutomora.edu.mx\/wp-content\/uploads\/010LOTERIA1850-51-1.xls\">10<\/a><\/span> (35)<\/p>\n<p>Papel Sellado, Renta de, jul. 1850-jun. 1851, Doc.<span style=\"color: #0000ff;\"> <a style=\"color: #0000ff;\" href=\"https:\/\/memoriasdehacienda.institutomora.edu.mx\/wp-content\/uploads\/011PAPELSELLADO1850-51-1.xls\">11<\/a><\/span> (35)<\/p>\n<p>Contribuciones directas, administraci\u00f3n general, jul. 1850-jun. 1851, Doc. <span style=\"color: #0000ff;\"><a style=\"color: #0000ff;\" href=\"https:\/\/memoriasdehacienda.institutomora.edu.mx\/wp-content\/uploads\/013CONTRIBUCIONES1850-51-1.xls\">13<\/a><\/span> (35)<\/p>\n<p>Aduana Mar\u00edtima de Acapulco, jul. 1850-jun. 1851, Doc. [<span style=\"color: #0000ff;\"><a style=\"color: #0000ff;\" href=\"https:\/\/memoriasdehacienda.institutomora.edu.mx\/wp-content\/uploads\/014ADUANA-ACAPULCO1850-51-1.xls\">14<\/a><\/span>] (35)<\/p>\n<p>Aduana Mar\u00edtima de Altata, jul. 1850-jun. 1851, Doc. [<span style=\"color: #0000ff;\"><a style=\"color: #0000ff;\" href=\"https:\/\/memoriasdehacienda.institutomora.edu.mx\/wp-content\/uploads\/015ADUANA-ALTATA1850-51-1.xls\">15<\/a><\/span>] (35)<\/p>\n<p>Aduana Mar\u00edtima de Campeche, jul. 1850-jun. 1851, Doc. [<span style=\"color: #0000ff;\"><a style=\"color: #0000ff;\" href=\"https:\/\/memoriasdehacienda.institutomora.edu.mx\/wp-content\/uploads\/016ADUANA-CAMPECHE1850-51-1.xls\">16<\/a><\/span>] (35)<\/p>\n<p>Aduana Mar\u00edtima de Manzanillo, jul. 1850-jun. 1851, Doc. [<span style=\"color: #0000ff;\"><a style=\"color: #0000ff;\" href=\"https:\/\/memoriasdehacienda.institutomora.edu.mx\/wp-content\/uploads\/017ADUANA-MANZANILLO1850-51-1.xls\">17<\/a>]<\/span> (35)<\/p>\n<p>Aduana Mar\u00edtima de Matamoros, jul. 1850-jun. 1851, Doc. [<span style=\"color: #0000ff;\"><a style=\"color: #0000ff;\" href=\"https:\/\/memoriasdehacienda.institutomora.edu.mx\/wp-content\/uploads\/018ADUANAMATAMOROS1850-51-1.xls\">18<\/a><\/span>] (35)<\/p>\n<p>Aduana Mar\u00edtima de Mazatl\u00e1n, jul. 1850-jun. 1851, Doc. [<span style=\"color: #0000ff;\"><a style=\"color: #0000ff;\" href=\"https:\/\/memoriasdehacienda.institutomora.edu.mx\/wp-content\/uploads\/019ADUANA1850-51-MAZATLAN-1.xls\">19<\/a><\/span>] (35)<\/p>\n<p>Aduana Mar\u00edtima de San Blas, jul. 1850-jun. 1851, Doc. [<span style=\"color: #0000ff;\"><a style=\"color: #0000ff;\" href=\"https:\/\/memoriasdehacienda.institutomora.edu.mx\/wp-content\/uploads\/020ADUANA-SANBLAS1850-51-1.xls\">20<\/a><\/span>] (35)<\/p>\n<p>Aduana Mar\u00edtima de Sisal, jul. 1850-jun. 1851, Doc. [<span style=\"color: #0000ff;\"><a style=\"color: #0000ff;\" href=\"https:\/\/memoriasdehacienda.institutomora.edu.mx\/wp-content\/uploads\/021ADUANA-SISAL1850-51-1.xls\">21<\/a><\/span>] (35)<\/p>\n<p>Aduana Mar\u00edtima de Tabasco, jul. 1850-jun. 1851, Doc. [<span style=\"color: #0000ff;\"><a style=\"color: #0000ff;\" href=\"https:\/\/memoriasdehacienda.institutomora.edu.mx\/wp-content\/uploads\/022ADUANA-TABASCO1850-51-1.xls\">22<\/a><\/span>] (35)<\/p>\n<p>Aduana Mar\u00edtima de Tampico, jul. 1850-jun. 1851, Doc. [<span style=\"color: #0000ff;\"><a style=\"color: #0000ff;\" href=\"https:\/\/memoriasdehacienda.institutomora.edu.mx\/wp-content\/uploads\/023ADUANATAMPICO1850-51-1.xls\">23<\/a><\/span>] (35)<\/p>\n<p>Aduana Mar\u00edtima de Veracruz, jul. 1850-jun. 1851, Doc. [<span style=\"color: #0000ff;\"><a style=\"color: #0000ff;\" href=\"https:\/\/memoriasdehacienda.institutomora.edu.mx\/wp-content\/uploads\/024ADUANA-VERACRUZ1850-51-1.xls\">24<\/a><\/span>] (35)<\/p>\n<p>Aduana Fronteriza de Camargo, jul. 1850-jun. 1851, Doc. [<span style=\"color: #0000ff;\"><a style=\"color: #0000ff;\" href=\"https:\/\/memoriasdehacienda.institutomora.edu.mx\/wp-content\/uploads\/025ADUANA-CAMARGO1850-51-1.xls\">25<\/a><\/span>] (35)<\/p>\n<p>Aduana Fronteriza del Norte, jul. 1850-jun. 1851, Doc. [<span style=\"color: #0000ff;\"><a style=\"color: #0000ff;\" href=\"https:\/\/memoriasdehacienda.institutomora.edu.mx\/wp-content\/uploads\/026ADUANA-FRONTERIZADELNORTE1850-51-1.xls\">26<\/a><\/span>] (35)<\/p>\n<p>Cuenta erario federal, Estado general de ingresos de las rentas del Erario Federal, jul. 1850-jun. 1851, Doc.<span style=\"color: #0000ff;\"> <a style=\"color: #0000ff;\" href=\"https:\/\/memoriasdehacienda.institutomora.edu.mx\/wp-content\/uploads\/EDOGRAL1850-51B-1.xls\">B<\/a><\/span> (35)<\/p>\n<p>Cuenta erario federal, Clasificaci\u00f3n de las rentas del erario nacional, jul. 1850-jun. 1851, Doc.<span style=\"color: #0000ff;\"><a style=\"color: #0000ff;\" href=\"https:\/\/memoriasdehacienda.institutomora.edu.mx\/wp-content\/uploads\/CLASIFI1850-51C-1.xls\"> C<\/a><\/span> (35)<\/p>\n<p>Cuenta erario federal, Estado general de distribuci\u00f3n de los productos l\u00edquidos, Tesorer\u00eda General de la Federaci\u00f3n, jul. 1850-jun. 1851, Doc. <span style=\"color: #0000ff;\"><a style=\"color: #0000ff;\" href=\"https:\/\/memoriasdehacienda.institutomora.edu.mx\/wp-content\/uploads\/CUENTAERARIOFEDERALESTADO1850-51-D-1.xls\">D<\/a><\/span> (35)<\/p>\n<p>Cuenta erario federal, Noticia de la distribuci\u00f3n de caudales de la Comisar\u00eda General de Ej\u00e9rcito y Marina, jul. 1850-jun. 1851, Doc.<span style=\"color: #0000ff;\"><a style=\"color: #0000ff;\" href=\"https:\/\/memoriasdehacienda.institutomora.edu.mx\/wp-content\/uploads\/CUENTAERARIOFEDERALNOTICIA1850-51-D-1.xls\"> D<\/a><\/span> (35)<\/p>\n<p>Presupuesto, Resumen de gastos de las cuatro secretar\u00edas del despacho para el quinto a\u00f1o econ\u00f3mico, jul. 1852-jun. 1853, Doc. <span style=\"color: #0000ff;\"><a style=\"color: #0000ff;\" href=\"https:\/\/memoriasdehacienda.institutomora.edu.mx\/wp-content\/uploads\/PRESUPUESTO1850-51-E-1.xls\">E<\/a><\/span> (35)<\/p>\n<p>Presupuesto del Ministerio de Relaciones, jul. 1852-jun. 1853, Doc. [<span style=\"color: #0000ff;\"><a style=\"color: #0000ff;\" href=\"https:\/\/memoriasdehacienda.institutomora.edu.mx\/wp-content\/uploads\/PRESUPUESTO1850-51-F-1.xls\">F<\/a><\/span>] (35)<\/p>\n<p>Presupuesto de gastos del Ministerio de Justicia y Negocios Eclesi\u00e1sticos, jul. 1852-jun. 1853, Doc. [<span style=\"color: #0000ff;\"><a style=\"color: #0000ff;\" href=\"https:\/\/memoriasdehacienda.institutomora.edu.mx\/wp-content\/uploads\/PRESUPUESTO1850-51-G-1.xls\">G<\/a><\/span>] (35)<\/p>\n<p>Presupuesto de gastos del Ministerio de Hacienda, jul. 1852-jun. 1853, Doc. [<span style=\"color: #0000ff;\"><a style=\"color: #0000ff;\" href=\"https:\/\/memoriasdehacienda.institutomora.edu.mx\/wp-content\/uploads\/PRESUPUESTO1850-51-H-1.xls\">H<\/a><\/span>] (35)<\/p>\n<p>Presupuesto General de Gastos del Ministrio de Guerra y Marina, jul. 1852-jun. 1853, Doc. [<span style=\"color: #0000ff;\"><a style=\"color: #0000ff;\" href=\"https:\/\/memoriasdehacienda.institutomora.edu.mx\/wp-content\/uploads\/PRESUPUESTO1850-51-I-1.xls\">I<\/a><\/span>] (35)<\/p>\n<p>Documentos que acompa\u00f1an al presupuesto de Hacienda para el quinto a\u00f1o econ\u00f3mico:<br \/>\nPresupuesto de la Secretar\u00eda de la C\u00e1mara de Diputados, jul. 1852-jun. 1853, Doc.<span style=\"color: #0000ff;\"> <a style=\"color: #0000ff;\" href=\"https:\/\/memoriasdehacienda.institutomora.edu.mx\/wp-content\/uploads\/PRESUPUESTO-SRIA1850-51-1-1.xls\">1<\/a><\/span>[a] (35)<\/p>\n<p>Presupuesto de la Oficina de Redacci\u00f3n de la C\u00e1mara de Diputados, jul. 1852-jun. 1853, Doc.<span style=\"color: #0000ff;\"> <a style=\"color: #0000ff;\" href=\"https:\/\/memoriasdehacienda.institutomora.edu.mx\/wp-content\/uploads\/PRESUPUESTOOFICINA1850-51-2-1.xls\">2<\/a><\/span>[a] (35)<\/p>\n<p>Presupuesto de la Contadur\u00eda Mayor, jul. 1852-jun. 1853, Doc. <span style=\"color: #0000ff;\"><a style=\"color: #0000ff;\" href=\"https:\/\/memoriasdehacienda.institutomora.edu.mx\/wp-content\/uploads\/PRESUPUESTOCONTADURIA1850-51-3-1.xls\">3<\/a><\/span>[a] (35)<\/p>\n<p>Presupuesto de la Secretar\u00eda de la C\u00e1mara de Senadores, jul. 1852-jun. 1853, Doc. 4[a] (35)<\/p>\n<p>Presupuesto del Ministerio de Hacienda, jul. 1852-jun. 1853, Doc. 5[a] (35)<\/p>\n<p>Secci\u00f3n Segunda de la antigua Direcci\u00f3n General de Rentas no estancadas, jul. 1852-jun. 1853, Doc. 6[a] (35)<\/p>\n<p>Tesorer\u00eda General, Empleados de la, jul. 1852-jun. 1853, Doc. 7[a] (35)<\/p>\n<p>Secci\u00f3n de Cr\u00e9ditos y Temporalidades, Noticia de los empleados y de los sueldos que anualmente disfrutan en la, jul. 1852-jun. 1853, Doc. 8[a] (35)<\/p>\n<p>Desag\u00fce de Huehuetoca, Empleados del, jul. 1852-jun. 1853, Doc. 9[a] (35)<\/p>\n<p>Pensiones, Noticia del vencimiento anual de cesantes ocupados, cesantes desocupados, jubilados, pensiones civiles, pensiones de Santa Fe, vacantes, tributos, enclaustrados, empleados emigrados y encausados en M\u00e9xico, jul. 1852-jun. 1853, Doc. 10[a] (35)<\/p>\n<p>Montep\u00edo militar, Noticia de lo que vencen anualmente las viudas del Ramo de, jul. 1852-jun. 1853, Doc. 11[a] (35)<\/p>\n<p>Montep\u00edo militar, Lista de las viudas que disfrutan, jul. 1852-jun. 1853, Doc. 12[a] (35)<\/p>\n<p>Montep\u00edo militar, Lista de las viudas y dem\u00e1s personas que disfrutan pensi\u00f3n anual militar, jul. 1852-jun. 1853, Doc. 13[a] (35)<\/p>\n<p>Montep\u00edo militar, Lista de las viudas que disfrutan pensi\u00f3n diaria, jul. 1852-jun. 1853, Doc. 14[a] (35)<\/p>\n<p>Ministerio de Hacienda, Noticia de las personas a quienes deben satisfacer las quince jefaturas de distrito de Hacienda las cantidades que se expresan por sus haberes anuales, jul. 1852-jun. 1853, Doc. 15[a] (35)<\/p>\n<p>Montep\u00edo militar, Relaci\u00f3n nominal de los se\u00f1ores generales, jefes, oficiales y tropa que componen la corporaci\u00f3n de retirados en esta; capital, con expresi\u00f3n de lo que disfrutan anualmente, jul. 1852-jun. 1853, Doc. 16[a] (35)<\/p>\n<p>Pensiones, Noticia de los cesantes ocupados en la secci\u00f3n superior directiva de distritos de la Tesorer\u00eda General, con expresi\u00f3n de los sueldos que disfrutan anualmente por sus empleos, jul. 1852-jun. 1853, Doc. 17[a] (35)<\/p>\n<p>[\/read]<\/p>\n<div><\/div>\n","protected":false},"excerpt":{"rendered":"<p>(35) Memoria de la Hacienda Nacional de la Rep\u00fablica Mexicana presentada por el secretario del ramo en febrero de 1852. [M\u00e9xico], Imprenta de Lara, [1852], 22, 24 hojas, 192 pp., cuadros, tablas. Firmada por Marcos de Esparza (23 de febrero de 1852). Per\u00edodo: julio de 1850-junio de 1851. Se localiza: ,&nbsp;,&nbsp;, , . Tiene anexos,<\/p>\n<p><a href=\"https:\/\/memoriasdehacienda.institutomora.edu.mx\/?page_id=615\" class=\"more-link themebutton\">Read More<\/a><\/p>\n","protected":false},"author":2,"featured_media":0,"parent":0,"menu_order":0,"comment_status":"closed","ping_status":"closed","template":"","meta":[],"_links":{"self":[{"href":"https:\/\/memoriasdehacienda.institutomora.edu.mx\/index.php?rest_route=\/wp\/v2\/pages\/615"}],"collection":[{"href":"https:\/\/memoriasdehacienda.institutomora.edu.mx\/index.php?rest_route=\/wp\/v2\/pages"}],"about":[{"href":"https:\/\/memoriasdehacienda.institutomora.edu.mx\/index.php?rest_route=\/wp\/v2\/types\/page"}],"author":[{"embeddable":true,"href":"https:\/\/memoriasdehacienda.institutomora.edu.mx\/index.php?rest_route=\/wp\/v2\/users\/2"}],"replies":[{"embeddable":true,"href":"https:\/\/memoriasdehacienda.institutomora.edu.mx\/index.php?rest_route=%2Fwp%2Fv2%2Fcomments&post=615"}],"version-history":[{"count":9,"href":"https:\/\/memoriasdehacienda.institutomora.edu.mx\/index.php?rest_route=\/wp\/v2\/pages\/615\/revisions"}],"predecessor-version":[{"id":8662,"href":"https:\/\/memoriasdehacienda.institutomora.edu.mx\/index.php?rest_route=\/wp\/v2\/pages\/615\/revisions\/8662"}],"wp:attachment":[{"href":"https:\/\/memoriasdehacienda.institutomora.edu.mx\/index.php?rest_route=%2Fwp%2Fv2%2Fmedia&parent=615"}],"curies":[{"name":"wp","href":"https:\/\/api.w.org\/{rel}","templated":true}]}}