{"id":617,"date":"2016-04-07T13:04:09","date_gmt":"2016-04-07T19:04:09","guid":{"rendered":"http:\/\/memoriasdehacienda.colmex.mx\/mhwp\/?page_id=617"},"modified":"2017-08-01T17:09:13","modified_gmt":"2017-08-01T23:09:13","slug":"memoria-36","status":"publish","type":"page","link":"https:\/\/memoriasdehacienda.institutomora.edu.mx\/?page_id=617","title":{"rendered":"Memoria 36 (abril de 1851)"},"content":{"rendered":"<p style=\"text-align: justify;\"><strong><span style=\"font-size: 11pt; color: #ff6600;\">(36) Exposici\u00f3n que el ministro de Justicia y Negocios Eclesi\u00e1sticos encargado provisionalmente del despacho de Hacienda, dirige a la c\u00e1mara de diputados del Congreso General en 9 de abril del presente a\u00f1o, sobre el estado actual de la Hacienda P\u00fablica de la naci\u00f3n. M\u00e9xico, Tipograf\u00eda de Vicente Garc\u00eda Torres, 1851, 34 pp., cuadros, tablas.<\/span><\/strong><\/p>\n<p style=\"text-align: justify;\"><span style=\"color: #000000;\">Firmada por Jos\u00e9 Mar\u00eda Aguirre (9 de abril de 1851).<\/span><\/p>\n<p style=\"text-align: justify;\"><span style=\"color: #000000;\">Per\u00edodo: abril de 1851.<\/span><\/p>\n<p style=\"text-align: justify;\"><span style=\"color: #000000;\">Se localiza:\u00a0<span class=\"tooltips \" style=\"\" title=\"Biblioteca Nacional de M\u00e9xico-Colecci\u00f3n de Libros Raros y Curiosos, Fondo Reservado, UNAM.\">BNLR<\/span>,\u00a0<span class=\"tooltips \" style=\"\" title=\"Biblioteca del Instituto de Investigaciones &quot;Dr. Jos\u00e9 Mar\u00eda Luis Mora&quot; (material en micropel\u00edcula).\">BIM-Mfilm<\/span>, <span class=\"tooltips \" style=\"\" title=\"Biblioteca &quot;Daniel Cos\u00edo Villegas&quot;, El Colegio de M\u00e9xico (material en micropel\u00edcula).\">BColmex-Mfilm<\/span>.<\/span><\/p>\n<p style=\"text-align: justify;\"><span style=\"color: #000000;\">\u00a0<\/span><strong><span style=\"color: #000000;\">Tiene cuadros.<\/span><\/strong><\/p>\n<p style=\"text-align: justify;\"><strong><span style=\"color: #000000;\">S\u00edntesis del contenido:<\/span><\/strong><\/p>\n<p style=\"text-align: justify;\"><span style=\"color: #000000;\">Tras se\u00f1alar que la Hacienda P\u00fablica est\u00e1 en estado lamentable, Jos\u00e9 Mar\u00eda Aguirre opina que la ley de 30 de noviembre \u00faltimo ha puesto al gobierno en un verdadero callej\u00f3n sin salida ya que no dispuso un fondo monetario adecuado para poner en giro el cr\u00e9dito interno ni su conversi\u00f3n, lo que hac\u00eda peligrar su situaci\u00f3n futura.<\/span><\/p>\n<p style=\"text-align: justify;\"><span style=\"color: #000000;\">Seg\u00fan c\u00e1lculos globales, durante el per\u00edodo de abril de 1851 a junio de 1852, el gobierno iba a tener un gasto cercano a los 17 millones de pesos, en tanto que sus ingresos ser\u00edan de poco m\u00e1s de nueve millones.<\/span><\/p>\n<p style=\"text-align: justify;\"><span style=\"color: #000000;\">Para eliminar el d\u00e9ficit el ministro propone se contrate un pr\u00e9stamo interior y que simult\u00e1neamente se ejecuten medidas para aumentar las rentas, ya sea reformando el arancel vigente, grabando las industrias del pa\u00eds, eliminando el contrabando, cerrando ciertos puertos al comercio extranjero, y disminuyendo gastos.<\/span><\/p>\n<p style=\"text-align: justify;\"><span style=\"color: #000000;\">La soluci\u00f3n primordial consist\u00eda en conseguir el pr\u00e9stamo, el cual se pod\u00eda asegurar con los bienes del clero. En caso de no obtenerlo, el otro camino para cubrir el d\u00e9ficit pod\u00eda ser el de la suspensi\u00f3n de pagos temporal, pero \u00e9ste constituye un remedio extremo y peligroso por las consecuencias que traer\u00eda.<\/span>[read more=&#8221;Ver anexos estad\u00edsticos&#8221; less=&#8221;ver menos&#8221;]<\/p>\n<p><strong><span style=\"color: #0000ff;\">Cuadros incluidos en la parte expositiva:<\/span><\/strong><\/p>\n<p>Cuenta del erario federal, Demostraci\u00f3n de las cantidades que seg\u00fan las leyes esta permitido a el gobierno gastar, abr. 1851, p. 13. (<strong>36<\/strong>)<\/p>\n<p>Presupuestos, C\u00e1lculo de lo que deben importar los presupuestos de abril a junio de 1851, y los productos con los que cuenta el gobierno para cubrirlos, p. 13. (<strong>36<\/strong>)<\/p>\n<p>Presupuestos, C\u00e1lculo del gasto que debe erogarse en el a\u00f1o econ\u00f3mico de 1851-1852, p. 14. (<strong>36<\/strong>)<\/p>\n<p>Presupuestos, Importe a que deber\u00e1n ascender los gastos p\u00fablicos, atentiendo a los presupuestos de los ministerios de Relaciones, Justicia, Hacienda, Guerra, incluso el aumento de lo que corresponde al pago de los acreedores a la deuda exterior e interior, p. 15. (<strong>36<\/strong>)<\/p>\n<p>Presupuestos, C\u00e1lculo formado de lo que deber\u00e1 pagarse al contado a los acreedores del erario, que se arreglaron con el gobierno antes de la ley de 30 de noviembre de 1850, a los que se presentaron en los noventa d\u00edas y a los que no se presentaron, p. 16. (<strong>36<\/strong>)<\/p>\n<p>Cuenta del erario federal, Estado general de valores de las rentas que se expresan del erario federal en el segundo a\u00f1o econ\u00f3mico de la segunda \u00e9poca de la federaci\u00f3n, jul. 1849-jun. 1850, p. 19. (<strong>36<\/strong>)<\/p>\n<p>Cuenta del erario federal, An\u00e1lisis del estado general de valores de las rentas federales, jul. 1849-jun. 1850, p. 20. (<strong>36<\/strong>)<\/p>\n<p>Cuenta del erario federal, Noticia de los verdaderos productos l\u00edquidos de las rentas del erario federal, hecho el an\u00e1lisis con el estado de valores presentado por la Direcci\u00f3n de Aduanas mar\u00edtimas y fronterizas y rentas no estancadas, jul. 1849-jun. 1850, p. 21. (<strong>36<\/strong>)<\/p>\n<p>Cuenta del erario federal, Comparaci\u00f3n entre costo de las antiguas comisar\u00edas y los nuevos distritos de Hacienda, abr. 1851, p. 23. (<strong>36<\/strong>)<\/p>\n<p>Presupuestos, C\u00e1lculo del contingente de los Estados, abr. 1851, p. 24. (<strong>36<\/strong>)<\/p>\n<p>Tribunal Mercantil, Demostraci\u00f3n del ahorro que resulta de la supresi\u00f3n del, abr. 1851, p. 24. (<strong>36<\/strong>)<\/p>\n<p>[\/read]<\/p>\n<div><\/div>\n","protected":false},"excerpt":{"rendered":"<p>(36) Exposici\u00f3n que el ministro de Justicia y Negocios Eclesi\u00e1sticos encargado provisionalmente del despacho de Hacienda, dirige a la c\u00e1mara de diputados del Congreso General en 9 de abril del presente a\u00f1o, sobre el estado actual de la Hacienda P\u00fablica de la naci\u00f3n. M\u00e9xico, Tipograf\u00eda de Vicente Garc\u00eda Torres, 1851, 34 pp., cuadros, tablas. Firmada<\/p>\n<p><a href=\"https:\/\/memoriasdehacienda.institutomora.edu.mx\/?page_id=617\" class=\"more-link themebutton\">Read More<\/a><\/p>\n","protected":false},"author":2,"featured_media":0,"parent":0,"menu_order":0,"comment_status":"closed","ping_status":"closed","template":"","meta":[],"_links":{"self":[{"href":"https:\/\/memoriasdehacienda.institutomora.edu.mx\/index.php?rest_route=\/wp\/v2\/pages\/617"}],"collection":[{"href":"https:\/\/memoriasdehacienda.institutomora.edu.mx\/index.php?rest_route=\/wp\/v2\/pages"}],"about":[{"href":"https:\/\/memoriasdehacienda.institutomora.edu.mx\/index.php?rest_route=\/wp\/v2\/types\/page"}],"author":[{"embeddable":true,"href":"https:\/\/memoriasdehacienda.institutomora.edu.mx\/index.php?rest_route=\/wp\/v2\/users\/2"}],"replies":[{"embeddable":true,"href":"https:\/\/memoriasdehacienda.institutomora.edu.mx\/index.php?rest_route=%2Fwp%2Fv2%2Fcomments&post=617"}],"version-history":[{"count":8,"href":"https:\/\/memoriasdehacienda.institutomora.edu.mx\/index.php?rest_route=\/wp\/v2\/pages\/617\/revisions"}],"predecessor-version":[{"id":8236,"href":"https:\/\/memoriasdehacienda.institutomora.edu.mx\/index.php?rest_route=\/wp\/v2\/pages\/617\/revisions\/8236"}],"wp:attachment":[{"href":"https:\/\/memoriasdehacienda.institutomora.edu.mx\/index.php?rest_route=%2Fwp%2Fv2%2Fmedia&parent=617"}],"curies":[{"name":"wp","href":"https:\/\/api.w.org\/{rel}","templated":true}]}}