{"id":619,"date":"2016-04-07T13:04:37","date_gmt":"2016-04-07T19:04:37","guid":{"rendered":"http:\/\/memoriasdehacienda.colmex.mx\/mhwp\/?page_id=619"},"modified":"2017-08-01T17:04:27","modified_gmt":"2017-08-01T23:04:27","slug":"memoria-37","status":"publish","type":"page","link":"https:\/\/memoriasdehacienda.institutomora.edu.mx\/?page_id=619","title":{"rendered":"Memoria 37 (junio de 1851)"},"content":{"rendered":"<p style=\"text-align: justify;\"><strong><span style=\"font-size: 11pt; color: #ff6600;\">(37)\u00a0 Exposici\u00f3n e iniciativas que el ministerio de Hacienda ha dirigido a la C\u00e1mara de Diputados en 2 y 3 de junio de 1851, sobre consignaci\u00f3n de fondos para la deuda interior y recursos con que cubrir el deficiente del erario federal. M\u00e9xico, Imprenta de Garc\u00eda Torres, 1851, 32 pp.<\/span><\/strong><\/p>\n<p><span style=\"color: #000000;\">Firmada por Manuel Pi\u00f1a y Cuevas (2 de junio de 1851)<\/span><\/p>\n<p><span style=\"color: #000000;\">Per\u00edodo: junio de 1851<\/span><\/p>\n<p><span style=\"color: #000000;\">Se localiza: <span class=\"tooltips \" style=\"\" title=\"Biblioteca del Instituto de Investigaciones Hist\u00f3ricas, UNAM.\">BIIH<\/span>, <span class=\"tooltips \" style=\"\" title=\"Biblioteca del Instituto de Investigaciones &quot;Dr. Jos\u00e9 Mar\u00eda Luis Mora&quot; (material en micropel\u00edcula).\">BIM-Mfilm<\/span>, <span class=\"tooltips \" style=\"\" title=\"Biblioteca &quot;Daniel Cos\u00edo Villegas&quot;, El Colegio de M\u00e9xico (material en micropel\u00edcula).\">BColmex-Mfilm<\/span>.<\/span><\/p>\n<p><strong><span style=\"color: #000000;\">Tiene anexos.<\/span><\/strong><\/p>\n<p><strong><span style=\"color: #000000;\">S\u00edntesis del contenido:<\/span><\/strong><\/p>\n<p><span style=\"color: #000000;\">Con el objetivo de reorganizar las rentas y evitar la ruina del pa\u00eds, Manuel Pi\u00f1a y Cuevas destaca como factores esenciales el que se apruebe el uso del fondo que quedaba de la indemnizaci\u00f3n norteamericana; el establecimiento de derechos de consumo a efectos extranjeros; el impuesto a productos de algod\u00f3n; y el aumento del derecho de circulaci\u00f3n y exportaci\u00f3n de moneda, volviendo a los se\u00f1alados en el decreto de 10 de marzo de 1843.<\/span><\/p>\n<p><span style=\"color: #000000;\">Seg\u00fan el ministro, hab\u00eda tres formas de resolver el problema de la Hacienda y del cr\u00e9dito: 1) ejecutar la ley de 30 de noviembre de 1850; 2) diferir la deuda y suspender todo pago; 3) reducir los fondos consignados a la amortizaci\u00f3n de la deuda interior.<\/span><\/p>\n<p><span style=\"color: #000000;\">Las dos primeras no las considera como viables ya que ocasionar\u00edan graves dificultades. La tercera s\u00ed es factible ya que ceder\u00eda a los acreedores todo lo que no se necesitara para la precisa conservaci\u00f3n, adem\u00e1s de que el deficiente a pagar no ser\u00eda tan excesivo como en el primer caso, cubri\u00e9ndose \u00e9ste con los aumentos ya se\u00f1alados y otros impuestos como el de contribuci\u00f3n territorial, el de capitaci\u00f3n, de consumo de tabaco, etc\u00e9tera.<\/span>[read more=&#8221;Ver anexos estad\u00edsticos&#8221; less=&#8221;ver menos&#8221;]<\/p>\n<p><strong><span style=\"color: #0000ff;\">Anexos<\/span><\/strong><\/p>\n<p>Presupuestos, C\u00e1lculo de los ingresos y egresos, tomando en cuenta la reducci\u00f3n del presupuesto y la ejecuci\u00f3n de la ley de 30 de nov. de 1851, mar. 1851-jun. 1852, Doc.\u00a0 (<strong>37<\/strong>)<\/p>\n<p>Presupuestos, C\u00e1lculo de los ingresos y egresos, tomando en cuenta la reducci\u00f3n del presupuesto y la suspensi\u00f3n de la ley de 30 de nov. de 1851, mar. 1851-jun. 1852, Doc.\u00a0 (<strong>37<\/strong>)<\/p>\n<p>Presupuestos, C\u00e1lculo del deficiente que resultar\u00eda a fin de junio de 1852 seg\u00fan el primer c\u00e1lculo, mar. 1851-jun. 1852, Doc.\u00a0 (<strong>37<\/strong>)<\/p>\n<p>[\/read]<\/p>\n<div><\/div>\n","protected":false},"excerpt":{"rendered":"<p>(37)\u00a0 Exposici\u00f3n e iniciativas que el ministerio de Hacienda ha dirigido a la C\u00e1mara de Diputados en 2 y 3 de junio de 1851, sobre consignaci\u00f3n de fondos para la deuda interior y recursos con que cubrir el deficiente del erario federal. M\u00e9xico, Imprenta de Garc\u00eda Torres, 1851, 32 pp. Firmada por Manuel Pi\u00f1a y<\/p>\n<p><a href=\"https:\/\/memoriasdehacienda.institutomora.edu.mx\/?page_id=619\" class=\"more-link themebutton\">Read More<\/a><\/p>\n","protected":false},"author":2,"featured_media":0,"parent":0,"menu_order":0,"comment_status":"closed","ping_status":"closed","template":"","meta":[],"_links":{"self":[{"href":"https:\/\/memoriasdehacienda.institutomora.edu.mx\/index.php?rest_route=\/wp\/v2\/pages\/619"}],"collection":[{"href":"https:\/\/memoriasdehacienda.institutomora.edu.mx\/index.php?rest_route=\/wp\/v2\/pages"}],"about":[{"href":"https:\/\/memoriasdehacienda.institutomora.edu.mx\/index.php?rest_route=\/wp\/v2\/types\/page"}],"author":[{"embeddable":true,"href":"https:\/\/memoriasdehacienda.institutomora.edu.mx\/index.php?rest_route=\/wp\/v2\/users\/2"}],"replies":[{"embeddable":true,"href":"https:\/\/memoriasdehacienda.institutomora.edu.mx\/index.php?rest_route=%2Fwp%2Fv2%2Fcomments&post=619"}],"version-history":[{"count":6,"href":"https:\/\/memoriasdehacienda.institutomora.edu.mx\/index.php?rest_route=\/wp\/v2\/pages\/619\/revisions"}],"predecessor-version":[{"id":8232,"href":"https:\/\/memoriasdehacienda.institutomora.edu.mx\/index.php?rest_route=\/wp\/v2\/pages\/619\/revisions\/8232"}],"wp:attachment":[{"href":"https:\/\/memoriasdehacienda.institutomora.edu.mx\/index.php?rest_route=%2Fwp%2Fv2%2Fmedia&parent=619"}],"curies":[{"name":"wp","href":"https:\/\/api.w.org\/{rel}","templated":true}]}}