{"id":621,"date":"2016-04-07T13:05:17","date_gmt":"2016-04-07T19:05:17","guid":{"rendered":"http:\/\/memoriasdehacienda.colmex.mx\/mhwp\/?page_id=621"},"modified":"2017-08-01T17:05:58","modified_gmt":"2017-08-01T23:05:58","slug":"memoria-38","status":"publish","type":"page","link":"https:\/\/memoriasdehacienda.institutomora.edu.mx\/?page_id=621","title":{"rendered":"Memoria 38 (1852)"},"content":{"rendered":"<p style=\"text-align: justify;\"><span style=\"color: #ff6600; font-size: 11pt;\"><strong>(38)\u00a0 Informes le\u00eddos en la C\u00e1mara de Diputados por el ministro de Hacienda, relativos al estado que guardan los diversos ramos del erario, y sobre las \u00faltimas operaciones practicadas en la deuda exterior e interior de la Rep\u00fablica Mexicana, M\u00e9xico, Imprenta de Ignacio Cumplido, 1852, 58 p. + Cuadros y Tablas incluidas sin paginaci\u00f3n.<\/strong><\/span><\/p>\n<p style=\"text-align: justify;\"><span style=\"color: #000000;\">Firmada por Guillermo Prieto (Secci\u00f3n quinta, 20 de octubre de 1852, Secci\u00f3n segunda 28 de octubre de 1852 y\u00a0<\/span><span style=\"color: #000000;\">7 de diciembre de 1852).<\/span><\/p>\n<p style=\"text-align: justify;\"><span style=\"color: #000000;\">Per\u00edodo: 1852.<\/span><\/p>\n<p style=\"text-align: justify;\"><span style=\"color: #000000;\">Se localiza: <span class=\"tooltips \" style=\"\" title=\"Biblioteca del Instituto de Investigaciones Hist\u00f3ricas, UNAM.\">BIIH<\/span>.<\/span><\/p>\n<p style=\"text-align: justify;\"><strong><span style=\"color: #000000;\">Tiene anexos.<\/span><\/strong><\/p>\n<p style=\"text-align: justify;\"><strong><span style=\"color: #000000;\">S\u00edntesis del contenido:<\/span><\/strong><\/p>\n<p style=\"text-align: justify;\"><span style=\"color: #000000;\">Son tres informes que tienen fechas de octubre-diciembre de 1852. El primero de ellos trata sobre la problem\u00e1tica de la Hacienda del pa\u00eds. El segundo versa sobre la deuda exterior nacional, en tanto que el tercero sobre la deuda interior.<\/span><\/p>\n<p style=\"text-align: justify;\"><span style=\"color: #000000;\">De acuerdo con estos documentos en el a\u00f1o econ\u00f3mico 1851-1852 aumentaron en casi dos millones de pesos los ingresos del gobierno respecto al anterior, pero a pesar de ello se segu\u00eda manteniendo un fuerte d\u00e9ficit debido a las guerras intestinas y a los malos manejos de las administraciones anteriores. Sin embargo, Prieto confiaba en que &#8220;pronto&#8221; desaparecer\u00eda el mal, sobre todo si se resolv\u00edan las deudas de pronto pago y se impulsaban diversas econom\u00edas en todos los ramos, adem\u00e1s del control, vigilancia y reordenaci\u00f3n de la acci\u00f3n administrativa. Por lo mismo pide se organice al pa\u00eds sobre la base de resolver la cuesti\u00f3n de los terrenos bald\u00edos, regularizar los impuestos, eliminar las alcabalas y decretar las contribuciones directas.<\/span><\/p>\n<p style=\"text-align: justify;\"><span style=\"color: #000000;\">Respecto a la deuda exterior, menciona que hasta antes del decreto de 14 de octubre de 1850 se destinaba un total anual de m\u00e1s de tres millones de pesos al pago de \u00e9sta, pero despu\u00e9s del decreto el pago de redujo a poco m\u00e1s del mill\u00f3n y medio de pesos. Durante el a\u00f1o econ\u00f3mico 1851-1852 se dieron dos pagos, pero para octubre de 1852 faltaba por cubrir el tercer dividendo y se acercaba ya el cuarto. Prieto hace hincapi\u00e9 en que se ten\u00edan que cubrir \u00e9stas de una manera u otra para que as\u00ed el monto total a deber no se incrementase en forma exorbitante.<\/span><\/p>\n<p style=\"text-align: justify;\"><span style=\"color: #000000;\">La deuda interior no ten\u00eda una situaci\u00f3n muy diferente a la exterior. A pesar de los esfuerzos realizados desde 1835 en adelante no se hab\u00eda logrado gran avance, excepci\u00f3n hecha del per\u00edodo posterior en que se puso a la pr\u00e1ctica la ley de 30 de noviembre de 1850. Mediante esta ley se consolidaba la deuda en un solo fondo, asign\u00e1ndole un r\u00e9dito de 3% a pagar mediante el 20% de los derechos de las aduanas. Pero como esta disposici\u00f3n no tuvo gran apoyo entre los acreedores y los ministros sucesores de Payno, el gobierno tuvo que implementar una nueva ley, la de mayo de 1852, mediante la cual se aseguraba pago del servicio de la deuda interior con fondos de los contingentes de los estados, el 3% de derechos aduanales y 4 de los cr\u00e9ditos activos del erario para pago de r\u00e9ditos a raz\u00f3n de 3% anual.<\/span><\/p>\n<p style=\"text-align: justify;\"><span style=\"color: #000000;\">Como esta ley y otras disposiciones administrativas lograron que se redujese la deuda en poco m\u00e1s de dos tercios, Prieto advierto que si no se sigue con las mismas medidas se terminar\u00eda por volver al desorden y a los contratos ruinosos.<\/span>[read more=&#8221;Ver anexos estad\u00edsticos&#8221; less=&#8221;ver menos&#8221;]<\/p>\n<p><span style=\"color: #0000ff;\"><strong>Anexos<\/strong><\/span><\/p>\n<p>Cuenta del erario federal, Estado General de la rentas del erario federal para el cuarto a\u00f1o econ\u00f3mico de la segunda \u00e9poca de la federaci\u00f3n, jul. 1851-jun. 1852, Doc. 1 (<strong>38<\/strong>)<\/p>\n<p>Presupuesto, Demostraci\u00f3n de la cantidad disponible por el gobierno para cubrir el presupuesto de gastos, oct. 1852, Doc. 2 (<strong>38<\/strong>)<\/p>\n<p>Presupuestos, Noticia de lo que importaron los presupuestos econ\u00f3micos, y d\u00e9ficit resultante, jul. 1851-jun. 1852, Doc. 3 (<strong>38<\/strong>)<\/p>\n<p>Presupuesto, Distribuci\u00f3n del presupuesto realizada por la Tesorer\u00eda General y las Jefaturas de los Distritos, jul. 1851-jun. 1852, Doc. 3 bis (<strong>38<\/strong>)<\/p>\n<p>Deuda p\u00fablica, Cuenta General de dividendos de la deuda inglesa, dic. 1850, Doc. 4 (<strong>38<\/strong>)<\/p>\n<p>[\/read]<\/p>\n","protected":false},"excerpt":{"rendered":"<p>(38)\u00a0 Informes le\u00eddos en la C\u00e1mara de Diputados por el ministro de Hacienda, relativos al estado que guardan los diversos ramos del erario, y sobre las \u00faltimas operaciones practicadas en la deuda exterior e interior de la Rep\u00fablica Mexicana, M\u00e9xico, Imprenta de Ignacio Cumplido, 1852, 58 p. + Cuadros y Tablas incluidas sin paginaci\u00f3n. Firmada<\/p>\n<p><a href=\"https:\/\/memoriasdehacienda.institutomora.edu.mx\/?page_id=621\" class=\"more-link themebutton\">Read More<\/a><\/p>\n","protected":false},"author":2,"featured_media":0,"parent":0,"menu_order":0,"comment_status":"closed","ping_status":"closed","template":"","meta":[],"_links":{"self":[{"href":"https:\/\/memoriasdehacienda.institutomora.edu.mx\/index.php?rest_route=\/wp\/v2\/pages\/621"}],"collection":[{"href":"https:\/\/memoriasdehacienda.institutomora.edu.mx\/index.php?rest_route=\/wp\/v2\/pages"}],"about":[{"href":"https:\/\/memoriasdehacienda.institutomora.edu.mx\/index.php?rest_route=\/wp\/v2\/types\/page"}],"author":[{"embeddable":true,"href":"https:\/\/memoriasdehacienda.institutomora.edu.mx\/index.php?rest_route=\/wp\/v2\/users\/2"}],"replies":[{"embeddable":true,"href":"https:\/\/memoriasdehacienda.institutomora.edu.mx\/index.php?rest_route=%2Fwp%2Fv2%2Fcomments&post=621"}],"version-history":[{"count":4,"href":"https:\/\/memoriasdehacienda.institutomora.edu.mx\/index.php?rest_route=\/wp\/v2\/pages\/621\/revisions"}],"predecessor-version":[{"id":8233,"href":"https:\/\/memoriasdehacienda.institutomora.edu.mx\/index.php?rest_route=\/wp\/v2\/pages\/621\/revisions\/8233"}],"wp:attachment":[{"href":"https:\/\/memoriasdehacienda.institutomora.edu.mx\/index.php?rest_route=%2Fwp%2Fv2%2Fmedia&parent=621"}],"curies":[{"name":"wp","href":"https:\/\/api.w.org\/{rel}","templated":true}]}}