{"id":623,"date":"2016-04-07T13:05:46","date_gmt":"2016-04-07T19:05:46","guid":{"rendered":"http:\/\/memoriasdehacienda.colmex.mx\/mhwp\/?page_id=623"},"modified":"2017-08-01T17:08:42","modified_gmt":"2017-08-01T23:08:42","slug":"memoria-39","status":"publish","type":"page","link":"https:\/\/memoriasdehacienda.institutomora.edu.mx\/?page_id=623","title":{"rendered":"Memoria 39 (1852)"},"content":{"rendered":"<p style=\"text-align: justify;\"><span style=\"font-size: 12pt; color: #ff6600;\"><strong>(39)\u00a0 Instrucci\u00f3n que deja Guillermo Prieto sobre los negocios pendientes en la Secretar\u00eda que estuvo a su cargo, a su sucesor el Excelent\u00edsimo Sr. Ministro de Hacienda, Lic. Jos\u00e9 Mar\u00eda Urquidi. M\u00e9xico, Imprenta de Vicente G. Torres, 1853, 47 pp.<\/strong><\/span><\/p>\n<p><span style=\"color: #000000;\">Firmada por Guillermo Prieto (10 de enero de 1853)<\/span><\/p>\n<p><span style=\"color: #000000;\">Per\u00edodo: 1852.<\/span><\/p>\n<p><span style=\"color: #000000;\">Se localiza: <span class=\"tooltips \" style=\"\" title=\"Biblioteca Nacional de M\u00e9xico-Colecci\u00f3n de Libros Raros y Curiosos, Fondo Reservado, UNAM.\">BNLR<\/span>,\u00a0<span class=\"tooltips \" style=\"\" title=\"Biblioteca del Instituto de Investigaciones &quot;Dr. Jos\u00e9 Mar\u00eda Luis Mora&quot; (material en micropel\u00edcula).\">BIM-Mfilm<\/span>, <span class=\"tooltips \" style=\"\" title=\"Biblioteca &quot;Daniel Cos\u00edo Villegas&quot;, El Colegio de M\u00e9xico (material en micropel\u00edcula).\">BColmex-Mfilm<\/span>. <\/span><\/p>\n<p><strong><span style=\"color: #000000;\">No tiene anexos<\/span><\/strong><\/p>\n<p><span style=\"color: #000000;\"><strong>S\u00edntesis del contenido:<\/strong><\/span><\/p>\n<p style=\"text-align: justify;\"><span style=\"color: #000000;\">De entrada, Guillermo Prieto advierte que la falta de documentos y la brevedad del tiempo no le permitieron elaborar un informe m\u00e1s amplio y detallado. Indica que el asunto m\u00e1s importante de su gesti\u00f3n fue el arreglo del ramo de las Aduanas Mar\u00edtimas, pasando despu\u00e9s a describir las distintas tareas realizadas al respecto y tocando, entre otros temas, lo relacionado con el pago de la deuda externa.<\/span><\/p>\n<p style=\"text-align: justify;\"><span style=\"color: #000000;\">En lo que podr\u00edamos se\u00f1alar como el segundo apartado, Prieto analiza los asuntos m\u00e1s relevantes atendidos por las 5 Secciones que conforman la administraci\u00f3n hacendaria, entre ellos lo referente a Casas de Moneda, Derechos de Consumo, Tabaco, revisi\u00f3n de t\u00edtulos de la deuda, as\u00ed como las labores del \u00e1rea estad\u00edstica de la propia Secretar\u00eda. En seguida informa sobre las Contribuciones Directas y la distribuci\u00f3n del gasto. Al final de la exposici\u00f3n se encuentra un &#8220;Ap\u00e9ndice. Correspondencia Particular del Ministro de Estado y Despacho de Hacienda&#8221;, que se conforma por varias comunicaciones entre el secretario y las oficinas que conforman la Secretar\u00eda a su cargo.<\/span><\/p>\n","protected":false},"excerpt":{"rendered":"<p>(39)\u00a0 Instrucci\u00f3n que deja Guillermo Prieto sobre los negocios pendientes en la Secretar\u00eda que estuvo a su cargo, a su sucesor el Excelent\u00edsimo Sr. Ministro de Hacienda, Lic. Jos\u00e9 Mar\u00eda Urquidi. M\u00e9xico, Imprenta de Vicente G. Torres, 1853, 47 pp. Firmada por Guillermo Prieto (10 de enero de 1853) Per\u00edodo: 1852. Se localiza: ,\u00a0, .<\/p>\n<p><a href=\"https:\/\/memoriasdehacienda.institutomora.edu.mx\/?page_id=623\" class=\"more-link themebutton\">Read More<\/a><\/p>\n","protected":false},"author":2,"featured_media":0,"parent":0,"menu_order":0,"comment_status":"closed","ping_status":"closed","template":"","meta":[],"_links":{"self":[{"href":"https:\/\/memoriasdehacienda.institutomora.edu.mx\/index.php?rest_route=\/wp\/v2\/pages\/623"}],"collection":[{"href":"https:\/\/memoriasdehacienda.institutomora.edu.mx\/index.php?rest_route=\/wp\/v2\/pages"}],"about":[{"href":"https:\/\/memoriasdehacienda.institutomora.edu.mx\/index.php?rest_route=\/wp\/v2\/types\/page"}],"author":[{"embeddable":true,"href":"https:\/\/memoriasdehacienda.institutomora.edu.mx\/index.php?rest_route=\/wp\/v2\/users\/2"}],"replies":[{"embeddable":true,"href":"https:\/\/memoriasdehacienda.institutomora.edu.mx\/index.php?rest_route=%2Fwp%2Fv2%2Fcomments&post=623"}],"version-history":[{"count":6,"href":"https:\/\/memoriasdehacienda.institutomora.edu.mx\/index.php?rest_route=\/wp\/v2\/pages\/623\/revisions"}],"predecessor-version":[{"id":8235,"href":"https:\/\/memoriasdehacienda.institutomora.edu.mx\/index.php?rest_route=\/wp\/v2\/pages\/623\/revisions\/8235"}],"wp:attachment":[{"href":"https:\/\/memoriasdehacienda.institutomora.edu.mx\/index.php?rest_route=%2Fwp%2Fv2%2Fmedia&parent=623"}],"curies":[{"name":"wp","href":"https:\/\/api.w.org\/{rel}","templated":true}]}}