{"id":625,"date":"2016-04-07T13:06:12","date_gmt":"2016-04-07T19:06:12","guid":{"rendered":"http:\/\/memoriasdehacienda.colmex.mx\/mhwp\/?page_id=625"},"modified":"2023-03-16T13:27:28","modified_gmt":"2023-03-16T19:27:28","slug":"memoria-40","status":"publish","type":"page","link":"https:\/\/memoriasdehacienda.institutomora.edu.mx\/?page_id=625","title":{"rendered":"Memoria 40 (1853)"},"content":{"rendered":"<p><span style=\"font-size: 11pt; color: #ff6600;\"><strong>(40)&nbsp; Informe presentado al Excelent\u00edsimo Sr. Presidente de la Rep\u00fablica, por el Ministro de Hacienda, sobre los puntos que en \u00e9l trata. M\u00e9xico, Imprenta de Ignacio Cumplido, 1853, 30 pp., tablas.<\/strong><\/span><\/p>\n<p style=\"text-align: justify;\"><span style=\"color: #000000;\">Firmada por Antonio de Haro y Tamariz (12 de julio de 1853)<\/span><\/p>\n<p style=\"text-align: justify;\"><span style=\"color: #000000;\">Per\u00edodo: 1853.<\/span><\/p>\n<p style=\"text-align: justify;\"><span style=\"color: #000000;\">Se localiza: <span class=\"tooltips \" style=\"\" title=\"Biblioteca Nacional de M\u00e9xico-Colecci\u00f3n de Libros Raros y Curiosos, Fondo Reservado, UNAM.\">BNLR<\/span>, <span class=\"tooltips \" style=\"\" title=\"Biblioteca del Instituto de Investigaciones Hist\u00f3ricas, UNAM.\">BIIH<\/span>.&nbsp; <\/span><\/p>\n<p style=\"text-align: justify;\"><strong><span style=\"color: #000000;\">Tiene cuadros y tablas.<\/span><\/strong><\/p>\n<p style=\"text-align: justify;\"><strong><span style=\"color: #000000;\">S\u00edntesis del contenido:<\/span><\/strong><\/p>\n<p style=\"text-align: justify;\"><span style=\"color: #000000;\">En su informe del 12 de julio de 1853, Haro y Tamariz menciona que cuando Santa Anna lo llam\u00f3 a colaborar, en principio se hab\u00eda negado por la carga tan pesada que implicaba tomar posesi\u00f3n de una administraci\u00f3n an\u00e1rquica y sin recursos. Sin embargo, termin\u00f3 por ceder a la petici\u00f3n con el objetivo de restablecer el orden fiscal y financiero, cerrando la puerta a los negocios onerosos y vergonzosos que eran ruina del erario y descr\u00e9dito para la patria y la independencia nacional.<\/span><\/p>\n<p style=\"text-align: justify;\"><span style=\"color: #000000;\">Las necesidades b\u00e1sicas eran las siguientes: cubrir deficientes, resolver las convenciones diplom\u00e1ticas y el importe del fondo de la moneda de cobre; poner en circulaci\u00f3n capitales muertos e impulsar los negocios; restablecer el cr\u00e9dito del erario y dejar las rentas libres y sin gravamen durante un a\u00f1o.<\/span><\/p>\n<p style=\"text-align: justify;\"><span style=\"color: #000000;\">Las medidas que propone para reorganizar la Hacienda son las de sistematizar las rentas de acuerdo a la m\u00e1s estricta econom\u00eda, negociar acuerdos satisfactorios con los acreedores, y liberar la deuda para que el erario se utilizara s\u00f3lo para el crecimiento interno durante el a\u00f1o econ\u00f3mico 1853-1854.<\/span><\/p>\n<p style=\"text-align: justify;\"><span style=\"color: #000000;\">Haro y Tamariz calculaba que para julio de 1854 la deuda del pa\u00eds ser\u00eda de aproximadamente 17 millones de pesos, por lo que era necesario recurrir a un pr\u00e9stamo para liberarla. Descarta el cr\u00e9dito externo porque probablemente resultar\u00eda muy caro, por lo que se\u00f1ala que el \u00fanico recurso viable es solicitar la ayuda del clero. El proyecto consist\u00eda no en la Iglesia no prestara dinero en efectivo sino simplemente cr\u00e9dito, otorg\u00e1ndole a cambio garant\u00edas que aseguraran la propiedad de sus bienes, y asign\u00e1ndole la administraci\u00f3n y el producto de los impuestos sobre fincas rurales y urbanas. Como la Iglesia emitir\u00eda los bonos a pagar y el gobierno se ver\u00eda descargado del d\u00e9ficit, el presupuesto se nivelar\u00eda y de all\u00ed en adelante lo \u00fanico que se tendr\u00eda que hacer ser\u00eda determinar los gastos de la naci\u00f3n de acuerdo al importe de las rentas que se recaudaran.<\/span>[read more=&#8221;Ver anexos estad\u00edsticos&#8221; less=&#8221;ver menos&#8221;]<\/p>\n<p><strong><span style=\"color: #0000ff;\">Cuadros incluidos en la parte expositiva:<\/span><\/strong><\/p>\n<p>Presupuesto, Cuadro con el presupuesto de la cuenta corriente del erario, pp. 4-9. <span style=\"color: #0000ff;\"><a style=\"color: #0000ff;\" href=\"https:\/\/memoriasdehacienda.institutomora.edu.mx\/wp-content\/uploads\/PRESUPUESTOCUADRO-1852-53.xls\">0<\/a>&nbsp;<\/span>(<strong>40<\/strong>)<\/p>\n<p>Presupuesto de los gastos correspondiente al ramo de Hacienda que deben erogarse en el sexto a\u00f1o econ\u00f3mico, jul. 1853-jun. 1854, pp. 4-9.&nbsp;<span style=\"color: #0000ff;\"><a style=\"color: #0000ff;\" href=\"https:\/\/memoriasdehacienda.institutomora.edu.mx\/wp-content\/uploads\/PRESUPUESTOGASTOS1852-53.xls\">o<\/a><\/span> (<strong>40<\/strong>)<\/p>\n<p>Presupuestos, Productos l\u00edquidos (presupuestados) de las rentas del erario nacional para el a\u00f1o de 1854, pp. 4-9.&nbsp;<span style=\"color: #0000ff;\"><a style=\"color: #0000ff;\" href=\"https:\/\/memoriasdehacienda.institutomora.edu.mx\/wp-content\/uploads\/PRESUPUESTOPRODUCTOS1852-53.xls\">o<\/a><\/span> (<strong>40<\/strong>)<\/p>\n<p>[\/read]<\/p>\n","protected":false},"excerpt":{"rendered":"<p>(40)&nbsp; Informe presentado al Excelent\u00edsimo Sr. Presidente de la Rep\u00fablica, por el Ministro de Hacienda, sobre los puntos que en \u00e9l trata. M\u00e9xico, Imprenta de Ignacio Cumplido, 1853, 30 pp., tablas. Firmada por Antonio de Haro y Tamariz (12 de julio de 1853) Per\u00edodo: 1853. Se localiza: , .&nbsp; Tiene cuadros y tablas. S\u00edntesis del<\/p>\n<p><a href=\"https:\/\/memoriasdehacienda.institutomora.edu.mx\/?page_id=625\" class=\"more-link themebutton\">Read More<\/a><\/p>\n","protected":false},"author":2,"featured_media":0,"parent":0,"menu_order":0,"comment_status":"closed","ping_status":"closed","template":"","meta":[],"_links":{"self":[{"href":"https:\/\/memoriasdehacienda.institutomora.edu.mx\/index.php?rest_route=\/wp\/v2\/pages\/625"}],"collection":[{"href":"https:\/\/memoriasdehacienda.institutomora.edu.mx\/index.php?rest_route=\/wp\/v2\/pages"}],"about":[{"href":"https:\/\/memoriasdehacienda.institutomora.edu.mx\/index.php?rest_route=\/wp\/v2\/types\/page"}],"author":[{"embeddable":true,"href":"https:\/\/memoriasdehacienda.institutomora.edu.mx\/index.php?rest_route=\/wp\/v2\/users\/2"}],"replies":[{"embeddable":true,"href":"https:\/\/memoriasdehacienda.institutomora.edu.mx\/index.php?rest_route=%2Fwp%2Fv2%2Fcomments&post=625"}],"version-history":[{"count":7,"href":"https:\/\/memoriasdehacienda.institutomora.edu.mx\/index.php?rest_route=\/wp\/v2\/pages\/625\/revisions"}],"predecessor-version":[{"id":8663,"href":"https:\/\/memoriasdehacienda.institutomora.edu.mx\/index.php?rest_route=\/wp\/v2\/pages\/625\/revisions\/8663"}],"wp:attachment":[{"href":"https:\/\/memoriasdehacienda.institutomora.edu.mx\/index.php?rest_route=%2Fwp%2Fv2%2Fmedia&parent=625"}],"curies":[{"name":"wp","href":"https:\/\/api.w.org\/{rel}","templated":true}]}}