{"id":627,"date":"2016-04-07T13:06:35","date_gmt":"2016-04-07T19:06:35","guid":{"rendered":"http:\/\/memoriasdehacienda.colmex.mx\/mhwp\/?page_id=627"},"modified":"2017-08-01T17:14:39","modified_gmt":"2017-08-01T23:14:39","slug":"memoria-41","status":"publish","type":"page","link":"https:\/\/memoriasdehacienda.institutomora.edu.mx\/?page_id=627","title":{"rendered":"Memoria 41 (1855)"},"content":{"rendered":"<p style=\"text-align: justify;\"><strong><span style=\"font-size: 11pt; color: #ff6600;\">(41) Informe que por orden de su Alteza Seren\u00edsima presenta al supremo gobierno sobre el estado de la Hacienda P\u00fablica y sus reformas, M. Olasagarre. M\u00e9xico, Imprenta de Ignacio Cumplido, 1855, 67 pp.<\/span><\/strong><\/p>\n<p style=\"text-align: justify;\"><span style=\"color: #000000;\">Firmada por M. Olasagarre (14 de enero de 1855).<\/span><\/p>\n<p style=\"text-align: justify;\"><span style=\"color: #000000;\">Per\u00edodo: \u00bf1853?-1855.<\/span><\/p>\n<p style=\"text-align: justify;\"><span style=\"color: #000000;\">Se localiza: <span class=\"tooltips \" style=\"\" title=\"Biblioteca Nacional de M\u00e9xico-Colecci\u00f3n de Libros Raros y Curiosos, Fondo Reservado, UNAM.\">BNLR<\/span>.<\/span><\/p>\n<p style=\"text-align: justify;\"><strong><span style=\"color: #000000;\">Tiene anexos.<\/span><\/strong><\/p>\n<p style=\"text-align: justify;\"><strong><span style=\"color: #000000;\">S\u00edntesis del contenido:<\/span><\/strong><\/p>\n<p style=\"text-align: justify;\"><span style=\"color: #000000;\">Olasagarre fue nombrado ministro de Hacienda en la primera mitad de 1854 y presenta su informe en enero de 1855. En \u00e9l alaba la presencia de Santa Anna en el poder, a quien considera como la figura que salv\u00f3 al pa\u00eds de la anarqu\u00eda que vivi\u00f3 hasta antes de abril de 1853.<\/span><\/p>\n<p style=\"text-align: justify;\"><span style=\"color: #000000;\">Seg\u00fan el ministro, antes del nuevo per\u00edodo santanista los problemas de la naci\u00f3n mexicana hab\u00edan sido de tal magnitud que las propuestas de los encargados de Hacienda gozaron de nulo efecto. Para 1854 el ramo estuvo en mejores condiciones, pero todav\u00eda hab\u00eda necesidad de ciertas reformas para aumentar los ingresos, extinguir los h\u00e1bitos y costumbres viciosas, y as\u00ed afianzar la estabilidad del r\u00e9gimen.<\/span><\/p>\n<p style=\"text-align: justify;\"><span style=\"color: #000000;\">Entre las medidas que se\u00f1ala como indispensables para que M\u00e9xico tuviese una existencia &#8220;m\u00e1s conforme a la vida del siglo&#8221;, el ministro destaca: la eliminaci\u00f3n de la &#8220;empleoman\u00eda&#8221;, simplificando el aparato administrativo y la recaudaci\u00f3n de impuestos (incluido el de alcabalas); la formaci\u00f3n del catastro nacional y el impulso de la colonizaci\u00f3n, pero cuid\u00e1ndose de los ambiciosos y peligrosos vecinos del norte; la utilizaci\u00f3n de los productos de aduanas mar\u00edtimas para el servicio de la deuda, proporcionando una imagen de naci\u00f3n pac\u00edfica y con orden p\u00fablico; la eliminaci\u00f3n de los derechos de exportaci\u00f3n para impulsar el comercio, exceptuando los derechos al oro y la plata; la reorganizaci\u00f3n de las contribuciones directas para tratar de convertirlas en principal recurso de la Hacienda P\u00fablica; el aumento y arreglo de resguardos y contrarresguardos para disminuir el contrabando.<\/span>[read more=&#8221;Ver anexos estad\u00edsticos&#8221; less=&#8221;ver menos&#8221;]<\/p>\n<p><span style=\"color: #0000ff;\"><strong>Anexos<\/strong><\/span><\/p>\n<p>Aduanas mar\u00edtimas y fronterizas, estado de sus productos, 1853-1855, Doc. 1 (<strong>41<\/strong>)<\/p>\n<p>Aduanas internas, 1853-1855, Doc. 2 (<strong>41<\/strong>)<\/p>\n<p>Alcabalas, su administraci\u00f3n, 1853-1855, Doc. 3 (<strong>41<\/strong>)<\/p>\n<p>Contribuciones directas, producto, gastos y l\u00edquido, 1853-1855, Doc. 4 (<strong>41<\/strong>)<\/p>\n<p>Correos, Renta de, 1853-1885, Doc. 5 (<strong>41<\/strong>)<\/p>\n<p>Naipes, Renta de, 1853-1855, Doc. 6 (<strong>41<\/strong>)<\/p>\n<p>Casas de Moneda, 1853-1855, Doc. 7 (<strong>41<\/strong>)<\/p>\n<p>[\/read]<\/p>\n<div><\/div>\n","protected":false},"excerpt":{"rendered":"<p>(41) Informe que por orden de su Alteza Seren\u00edsima presenta al supremo gobierno sobre el estado de la Hacienda P\u00fablica y sus reformas, M. Olasagarre. M\u00e9xico, Imprenta de Ignacio Cumplido, 1855, 67 pp. Firmada por M. Olasagarre (14 de enero de 1855). Per\u00edodo: \u00bf1853?-1855. Se localiza: . Tiene anexos. S\u00edntesis del contenido: Olasagarre fue nombrado<\/p>\n<p><a href=\"https:\/\/memoriasdehacienda.institutomora.edu.mx\/?page_id=627\" class=\"more-link themebutton\">Read More<\/a><\/p>\n","protected":false},"author":2,"featured_media":0,"parent":0,"menu_order":0,"comment_status":"closed","ping_status":"closed","template":"","meta":[],"_links":{"self":[{"href":"https:\/\/memoriasdehacienda.institutomora.edu.mx\/index.php?rest_route=\/wp\/v2\/pages\/627"}],"collection":[{"href":"https:\/\/memoriasdehacienda.institutomora.edu.mx\/index.php?rest_route=\/wp\/v2\/pages"}],"about":[{"href":"https:\/\/memoriasdehacienda.institutomora.edu.mx\/index.php?rest_route=\/wp\/v2\/types\/page"}],"author":[{"embeddable":true,"href":"https:\/\/memoriasdehacienda.institutomora.edu.mx\/index.php?rest_route=\/wp\/v2\/users\/2"}],"replies":[{"embeddable":true,"href":"https:\/\/memoriasdehacienda.institutomora.edu.mx\/index.php?rest_route=%2Fwp%2Fv2%2Fcomments&post=627"}],"version-history":[{"count":6,"href":"https:\/\/memoriasdehacienda.institutomora.edu.mx\/index.php?rest_route=\/wp\/v2\/pages\/627\/revisions"}],"predecessor-version":[{"id":8238,"href":"https:\/\/memoriasdehacienda.institutomora.edu.mx\/index.php?rest_route=\/wp\/v2\/pages\/627\/revisions\/8238"}],"wp:attachment":[{"href":"https:\/\/memoriasdehacienda.institutomora.edu.mx\/index.php?rest_route=%2Fwp%2Fv2%2Fmedia&parent=627"}],"curies":[{"name":"wp","href":"https:\/\/api.w.org\/{rel}","templated":true}]}}