{"id":629,"date":"2016-04-07T13:07:07","date_gmt":"2016-04-07T19:07:07","guid":{"rendered":"http:\/\/memoriasdehacienda.colmex.mx\/mhwp\/?page_id=629"},"modified":"2023-03-16T13:27:58","modified_gmt":"2023-03-16T19:27:58","slug":"memoria-42","status":"publish","type":"page","link":"https:\/\/memoriasdehacienda.institutomora.edu.mx\/?page_id=629","title":{"rendered":"Memoria 42 (14 de diciembre de 1855-5 de mayo de 1856)"},"content":{"rendered":"<p><span style=\"color: #ff6600; font-size: 11pt;\"><strong>(42) Memoria de Hacienda presentada al Excmo. Sr. Presidente de la Rep\u00fablica, por el ciudadano Manuel Payno. Comprende el per\u00edodo de diciembre de 1855, a mayo de 1856, en que estuvo a su cargo el ministerio del ramo, M\u00e9xico, Imprenta de Ignacio Cumplido, 1857, 63+cxxv pp., cuadros, tablas.<\/strong><\/span><\/p>\n<p style=\"text-align: justify;\"><span style=\"color: #000000;\">Firmada por Manuel Payno (2 de agosto de 1857).<\/span><\/p>\n<p style=\"text-align: justify;\"><span style=\"color: #000000;\">Per\u00edodo: 14 de diciembre de 1855-5 de mayo de 1856.<\/span><\/p>\n<p style=\"text-align: justify;\"><span style=\"color: #000000;\">Se localiza: <span class=\"tooltips \" style=\"\" title=\"Biblioteca Nacional de M\u00e9xico-Colecci\u00f3n de Libros Raros y Curiosos, Fondo Reservado, UNAM.\">BNLR<\/span>,&nbsp;<span class=\"tooltips \" style=\"\" title=\"Biblioteca de la Sociedad Mexicana de Geograf\u00eda y Estad\u00edstica.\">BSMGE<\/span>, <span class=\"tooltips \" style=\"\" title=\"Biblioteca del Instituto de Investigaciones &quot;Dr. Jos\u00e9 Mar\u00eda Luis Mora&quot; (material en micropel\u00edcula).\">BIM-Mfilm<\/span>, <span class=\"tooltips \" style=\"\" title=\"Biblioteca &quot;Daniel Cos\u00edo Villegas&quot;, El Colegio de M\u00e9xico (material en micropel\u00edcula).\">BColmex-Mfilm<\/span>. <\/span><\/p>\n<p style=\"text-align: justify;\"><strong><span style=\"color: #000000;\">Tiene anexos, cuadros y tablas.<\/span><\/strong><\/p>\n<p style=\"text-align: justify;\"><strong><span style=\"color: #000000;\">S\u00edntesis del contenido:<\/span><\/strong><\/p>\n<p style=\"text-align: justify;\"><span style=\"color: #000000;\">Este informe del ministro Payno comprende un per\u00edodo relativamente corto de cuatro meses de diciembre de 1855 a mayo de 1856, pero curiosamente no sali\u00f3 a la luz hasta agosto de 1857, es decir, 6 meses despu\u00e9s de que Miguel Lerdo de Tejada expusiera la situaci\u00f3n hacendaria del pa\u00eds para un per\u00edodo posterior, que va del mes de junio a diciembre de 1856. En esta memoria se presenta una cuenta de caja de la Tesorer\u00eda General y una relaci\u00f3n de las operaciones administrativas celebradas por \u00e9sta y la Junta de Cr\u00e9dito P\u00fablico (creada durante su gesti\u00f3n con el fin de evitar que los conflictos militares entorpecieran los negocios hacendarios). Al respecto se se\u00f1ala que la suma total que ingres\u00f3 a la Tesorer\u00eda -por pr\u00e9stamos, suplementos o anticipaciones- fue de dos millones de pesos aproximadamente, aunque la imposibilidad de consolidar la cuenta general, sino solo la de caja, de una suma real de 1,397,054 pesos, cantidad suficiente para atender buena parte de las obligaciones inmediatas del gobierno.<\/span><\/p>\n<p style=\"text-align: justify;\"><span style=\"color: #000000;\">En materia de deuda p\u00fablica, se informa haber cubierto pr\u00e1cticamente todos los compromisos, tanto internos como externos, ya fuera mediante nuevos contratos o con la emisi\u00f3n de bonos con cargo a los derechos de importaci\u00f3n en las aduanas mar\u00edtimas o en la de la Ciudad de M\u00e9xico.<\/span><\/p>\n<p style=\"text-align: justify;\"><span style=\"color: #000000;\">Al hacer alusi\u00f3n a la situaci\u00f3n de guerra que viv\u00eda el pa\u00eds, en particular las rebeliones de Puebla y Sierra Gorda contra la Rep\u00fablica Federal, se hace \u00e9nfasis de las repercusiones en el erario federal, signific\u00e1ndole una erogaci\u00f3n extraordinaria superior al mill\u00f3n de pesos.<\/span><\/p>\n<p style=\"text-align: justify;\"><span style=\"color: #000000;\">De acuerdo con Payno, un presupuesto de egresos que fluctuar\u00e1 entre los 14 o 15 millones, permitir\u00eda a la Rep\u00fablica mantener un ej\u00e9rcito de 15 a 20,000 hombres, pagar con puntualidad la deuda y dedicar aproximadamente dos millones de pesos anuales a mejoras materiales como la construcci\u00f3n del ferrocarril.<\/span><\/p>\n<p style=\"text-align: justify;\"><span style=\"color: #000000;\">Al final trata la deuda p\u00fablica y los compromisos incumplidos de F. Lizardi y Compa\u00f1\u00eda, de Londres. Cabe mencionar que se incluyen las &#8220;Bases del arreglo en virtud del cual quedan terminados los negocios pendientes entre la antigua casa F. Lizardi y Compa\u00f1\u00eda de Londres y el Supremo Gobierno de M\u00e9xico, con relaci\u00f3n al desempe\u00f1o de la agencia mexicana&#8221;.<\/span>[read more=&#8221;Ver anexos estad\u00edsticos&#8221; less=&#8221;ver menos&#8221;]<\/p>\n<p><span style=\"color: #0000ff;\"><strong>Anexos<\/strong>:<\/span><\/p>\n<p>\u00cdndice&nbsp;Memoria<span style=\"color: #0000ff;\">&nbsp;<a style=\"color: #0000ff;\" href=\"https:\/\/memoriasdehacienda.institutomora.edu.mx\/wp-content\/uploads\/INDICE-MEMORIA.xls\">0<\/a><\/span><\/p>\n<p>Noticia que ten\u00edan las armas del ej\u00e9rcito, Comisar\u00eda General de Guerra y Marina, ene.-abr. 1856, Doc.<span style=\"color: #0000ff;\">&nbsp;<a style=\"color: #0000ff;\" href=\"https:\/\/memoriasdehacienda.institutomora.edu.mx\/wp-content\/uploads\/001NOTICIACOMISARIA1855-56.xls\">1<\/a> <\/span>(<strong>42<\/strong>)<\/p>\n<p>Deuda p\u00fablica externa, Noticia de las cantidades remitidas a Londres para el pago de dividendos de la deuda exterior, ago. 1857, Doc.<span style=\"color: #0000ff;\"><a style=\"color: #0000ff;\" href=\"https:\/\/memoriasdehacienda.institutomora.edu.mx\/wp-content\/uploads\/002DEUDAPUBLICAEXT1855-56.xls\"> 2<\/a> <\/span>(<strong>42<\/strong>)<\/p>\n<p>Aduanas Mar\u00edtimas y Fronterizas, Noticia del producto total, gastos de administraci\u00f3n y l\u00edquido en las, jun. 1856, Doc. <span style=\"color: #0000ff;\"><a style=\"color: #0000ff;\" href=\"https:\/\/memoriasdehacienda.institutomora.edu.mx\/wp-content\/uploads\/003ADUANAS1855-56.xls\">3<\/a><\/span> (<strong>42<\/strong>)<\/p>\n<p>Deuda p\u00fablica interna, Pr\u00e9stamos sin inter\u00e9s, su cuenta particular con la Tesorer\u00eda, ago. 1857, Doc.<span style=\"color: #0000ff;\"> <a style=\"color: #0000ff;\" href=\"https:\/\/memoriasdehacienda.institutomora.edu.mx\/wp-content\/uploads\/004DEUDAPRESTAMOS1855-56.xls\">4<\/a><\/span> (<strong>42<\/strong>)<\/p>\n<p>Deuda p\u00fablica interna, Noticia de los contratos hechos durante el periodo de Manuel Payno, ago. 1857, Doc. <span style=\"color: #0000ff;\"><a style=\"color: #0000ff;\" href=\"https:\/\/memoriasdehacienda.institutomora.edu.mx\/wp-content\/uploads\/005DEUDANOTICIA1855-56.xls\">5<\/a> <\/span>(<strong>42<\/strong>)<\/p>\n<p>Deuda p\u00fablica, Noticia de ordenes pendientes de pago en Aduanas Mar\u00edtimas, ago. 1857, Doc. <span style=\"color: #0000ff;\"><a style=\"color: #0000ff;\" href=\"https:\/\/memoriasdehacienda.institutomora.edu.mx\/wp-content\/uploads\/006DEUDAPUBLUICA-ACAPULCO1855-56.xls\">6<\/a>,<a style=\"color: #0000ff;\" href=\"https:\/\/memoriasdehacienda.institutomora.edu.mx\/wp-content\/uploads\/007DEUDAPUBLICA-SANBLAS1855-56.xls\"> 7<\/a>, <a style=\"color: #0000ff;\" href=\"https:\/\/memoriasdehacienda.institutomora.edu.mx\/wp-content\/uploads\/008DEUDAPUBLICA-GAYMAS1855-56.xls\">8<\/a>, <a style=\"color: #0000ff;\" href=\"https:\/\/memoriasdehacienda.institutomora.edu.mx\/wp-content\/uploads\/009DEUDAPUBLICA-MAZATLAN1855-56.xls\">9<\/a>, <a style=\"color: #0000ff;\" href=\"https:\/\/memoriasdehacienda.institutomora.edu.mx\/wp-content\/uploads\/010DEUDAPUBLICA-MATAMOROS1855-56.xls\">10<\/a>, <a style=\"color: #0000ff;\" href=\"https:\/\/memoriasdehacienda.institutomora.edu.mx\/wp-content\/uploads\/011DEUDAPUBLICA-MANZANILLO1855-56.xls\">11<\/a>,<\/span> <span style=\"color: #0000ff;\"><a style=\"color: #0000ff;\" href=\"https:\/\/memoriasdehacienda.institutomora.edu.mx\/wp-content\/uploads\/012DEUDAPUBLICA-PASODELNORTE1855-56.xls\">12<\/a>, <a style=\"color: #0000ff;\" href=\"https:\/\/memoriasdehacienda.institutomora.edu.mx\/wp-content\/uploads\/013DEUDAPUBLICA-PRESIDIODELNORTE-1855-56.xls\">13<\/a>, <a style=\"color: #0000ff;\" href=\"https:\/\/memoriasdehacienda.institutomora.edu.mx\/wp-content\/uploads\/014DEUDAPUBLICA-TONALA-1855-56.xls\">14<\/a>, <a style=\"color: #0000ff;\" href=\"https:\/\/memoriasdehacienda.institutomora.edu.mx\/wp-content\/uploads\/015DEUDAPUBLICA-TABASCO1855-56.xls\">15<\/a>, <a style=\"color: #0000ff;\" href=\"https:\/\/memoriasdehacienda.institutomora.edu.mx\/wp-content\/uploads\/016DEUDAPUBLICA-TAMPICO1855-56.xls\">16<\/a> y <a style=\"color: #0000ff;\" href=\"https:\/\/memoriasdehacienda.institutomora.edu.mx\/wp-content\/uploads\/017DEUDAPUBLICA-VERACRUZ1855-56.xls\">17<\/a><\/span>&nbsp;(<strong>42<\/strong>)<\/p>\n<p>Aduanas Mar\u00edtimas, Libramientos en su contra, ago. 1857, Doc. <span style=\"color: #0000ff;\"><a style=\"color: #0000ff;\" href=\"https:\/\/memoriasdehacienda.institutomora.edu.mx\/wp-content\/uploads\/018ADUANASLIBRAMIENTOS1855-56.xls\">18<\/a><\/span> (<strong>42<\/strong>)<\/p>\n<p>Aduanas Mar\u00edtimas, Libramientos pagados, ago. 1857, Doc. <span style=\"color: #0000ff;\"><a style=\"color: #0000ff;\" href=\"https:\/\/memoriasdehacienda.institutomora.edu.mx\/wp-content\/uploads\/019ADUANASLIBRAMIENTOS1855-56.xls\">19<\/a><\/span> (<strong>42<\/strong>)<\/p>\n<p>Deuda p\u00fablica interna, A un particular en Tampico, ago. 1857, Doc. <span style=\"color: #0000ff;\"><a style=\"color: #0000ff;\" href=\"https:\/\/memoriasdehacienda.institutomora.edu.mx\/wp-content\/uploads\/020DEUDAPUBLICA1855-56word.doc\">20<\/a><\/span> (<strong>42<\/strong>)<\/p>\n<p>Deuda p\u00fablica interna, Noticia de los contratos de la Tesorer\u00eda general de Nuevo Le\u00f3n, ago. 1857, Doc. <span style=\"color: #0000ff;\"><a style=\"color: #0000ff;\" href=\"https:\/\/memoriasdehacienda.institutomora.edu.mx\/wp-content\/uploads\/021DEUDAPUBLICANOTICIA1855-56.xls\">21<\/a> <\/span>(<strong>42<\/strong>)<\/p>\n<p>Deuda p\u00fablica interna, Noticia de los contratos de la Aduana Fronteriza de Camargo, ago. 1857, Doc. <span style=\"color: #0000ff;\"><a style=\"color: #0000ff;\" href=\"https:\/\/memoriasdehacienda.institutomora.edu.mx\/wp-content\/uploads\/022DEUDAPUBLICANOTICIA1855-56.xls\">22<\/a>,<a style=\"color: #0000ff;\" href=\"https:\/\/memoriasdehacienda.institutomora.edu.mx\/wp-content\/uploads\/023DEUDAPUBLICANOTICIA1855-56word.doc\">&nbsp;23<\/a>&nbsp;<\/span>(<strong>42<\/strong>)<\/p>\n<p>Deuda p\u00fablica interna, Decreto de Ignacio Comonfort sobre deuda exterior, abr. 1857, Doc. <span style=\"color: #0000ff;\"><a style=\"color: #0000ff;\" href=\"https:\/\/memoriasdehacienda.institutomora.edu.mx\/wp-content\/uploads\/024DEUDAPUBLICAINTERNA1855-56word.doc\">24<\/a> <\/span>(<strong>42<\/strong>)<\/p>\n<p>Deuda p\u00fablica, Noticia de las cantidades mandadas a recibir por la Tesorer\u00eda general por anticipaci\u00f3n de derechos y descuentos que se han abonado durante el ministerio de Miguel Lerdo de Tejada, 1857, Doc. <span style=\"color: #0000ff;\"><a style=\"color: #0000ff;\" href=\"https:\/\/memoriasdehacienda.institutomora.edu.mx\/wp-content\/uploads\/025DEUDA1855-56word.doc\">25<\/a><\/span> (<strong>42<\/strong>)<\/p>\n<p>Deuda p\u00fablica externa, Formaci\u00f3n de un banco, abr. 1856, Doc. <span style=\"color: #0000ff;\"><a style=\"color: #0000ff;\" href=\"https:\/\/memoriasdehacienda.institutomora.edu.mx\/wp-content\/uploads\/026DEUDA1855-56word.doc\">26 <\/a><\/span>(<strong>42<\/strong>)<\/p>\n<p>Deuda p\u00fablica externa, Junta de Cr\u00e9dito P\u00fablico, emisi\u00f3n de billetes del tesoro, abr. 1856, Doc. <span style=\"color: #0000ff;\"><a style=\"color: #0000ff;\" href=\"https:\/\/memoriasdehacienda.institutomora.edu.mx\/wp-content\/uploads\/027DEUDA1855-56word.doc\">27<\/a><\/span>&nbsp;, <span style=\"color: #0000ff;\"><a style=\"color: #0000ff;\" href=\"https:\/\/memoriasdehacienda.institutomora.edu.mx\/wp-content\/uploads\/027DEUDAPUBLICAJUNTA1855-56.xls\">27<\/a>&nbsp;<\/span>(<strong>42<\/strong>)<\/p>\n<p>Nombramientos de Jefes de Hacienda, ago. 1857, Doc. <span style=\"color: #0000ff;\"><a style=\"color: #0000ff;\" href=\"https:\/\/memoriasdehacienda.institutomora.edu.mx\/wp-content\/uploads\/028NOMBRAMIENTOS1855-56.xls\">28<\/a> <\/span>(<strong>42<\/strong>)<\/p>\n<p>Deuda p\u00fablica interna, A un particular, ago. 1857, Doc. <span style=\"color: #0000ff;\"><a style=\"color: #0000ff;\" href=\"https:\/\/memoriasdehacienda.institutomora.edu.mx\/wp-content\/uploads\/029DEUDAPUBLICAINTERNA1855-56word.doc\">29<\/a><\/span> (<strong>42<\/strong>)<\/p>\n<p>Tabaco, Su arreglo, ago. 1857, Doc. <span style=\"color: #0000ff;\"><a style=\"color: #0000ff;\" href=\"https:\/\/memoriasdehacienda.institutomora.edu.mx\/wp-content\/uploads\/030TABACO1855-56word.doc\">30<\/a>, <a style=\"color: #0000ff;\" href=\"https:\/\/memoriasdehacienda.institutomora.edu.mx\/wp-content\/uploads\/031TABACO1855-56word.doc\">31<\/a>, <a style=\"color: #0000ff;\" href=\"https:\/\/memoriasdehacienda.institutomora.edu.mx\/wp-content\/uploads\/032TABACO1855-56word.doc\">32<\/a>, <a style=\"color: #0000ff;\" href=\"https:\/\/memoriasdehacienda.institutomora.edu.mx\/wp-content\/uploads\/033TABACO1855-56word.doc\">33<\/a>, <a style=\"color: #0000ff;\" href=\"https:\/\/memoriasdehacienda.institutomora.edu.mx\/wp-content\/uploads\/034TABACO1855-56word.doc\">34<\/a>, <a style=\"color: #0000ff;\" href=\"https:\/\/memoriasdehacienda.institutomora.edu.mx\/wp-content\/uploads\/035TABACO1855-56word.doc\">35<\/a>, <a style=\"color: #0000ff;\" href=\"https:\/\/memoriasdehacienda.institutomora.edu.mx\/wp-content\/uploads\/036TABACO1855-56word.doc\">36<\/a> <\/span>(<strong>42<\/strong>)<\/p>\n<p>Deuda p\u00fablica interna, con la Compa\u00f1\u00eda del Tabaco, abr. 1856, Doc. 30-36 (<strong>42<\/strong>)<\/p>\n<p>Contribuciones Directas del Distrito, Administraci\u00f3n Principal, jun. 1857, Doc. <span style=\"color: #0000ff;\"><a style=\"color: #0000ff;\" href=\"https:\/\/memoriasdehacienda.institutomora.edu.mx\/wp-content\/uploads\/037DEUDAPUBLICAINTERNA1855-56word.doc\">37<\/a><\/span> (<strong>42<\/strong>)<\/p>\n<p>Naipes, Renta de, jun. 1857. Doc. <span style=\"color: #0000ff;\"><a style=\"color: #0000ff;\" href=\"https:\/\/memoriasdehacienda.institutomora.edu.mx\/wp-content\/uploads\/038NAIPES1855-56word.doc\">38<\/a><\/span> (<strong>42<\/strong>)<\/p>\n<p>Ensaye mayor, jun. 1857, Doc. <span style=\"color: #0000ff;\"><a style=\"color: #0000ff;\" href=\"https:\/\/memoriasdehacienda.institutomora.edu.mx\/wp-content\/uploads\/039ENSAYE1855-56word.doc\">39<\/a><\/span> (<strong>42<\/strong>)<\/p>\n<p>Papel sellado, Renta del, jun. 1857, Doc. <span style=\"color: #0000ff;\"><a style=\"color: #0000ff;\" href=\"https:\/\/memoriasdehacienda.institutomora.edu.mx\/wp-content\/uploads\/040PAPELSELLADO1855-56word.doc\">40<\/a><\/span> (<strong>42<\/strong>)<\/p>\n<p>Correos, jun. 1857, Doc. <span style=\"color: #0000ff;\"><a style=\"color: #0000ff;\" href=\"https:\/\/memoriasdehacienda.institutomora.edu.mx\/wp-content\/uploads\/041CORREOS1855-56word.doc\">41 <\/a><\/span>(<strong>42<\/strong>)<\/p>\n<p>Administraci\u00f3n del fondo de miner\u00eda, jun. 1857, Doc. <span style=\"color: #0000ff;\"><a style=\"color: #0000ff;\" href=\"https:\/\/memoriasdehacienda.institutomora.edu.mx\/wp-content\/uploads\/042ADMINISTRACION1855-56word.doc\">42<\/a><\/span> (<strong>42<\/strong>)<\/p>\n<p>Contribuciones Directas del Distrito, Administraci\u00f3n principal de Rentas y, jun. 1857, Doc. <span style=\"color: #0000ff;\"><a style=\"color: #0000ff;\" href=\"https:\/\/memoriasdehacienda.institutomora.edu.mx\/wp-content\/uploads\/043-CONTRIBUCIONES-1855-56word.doc\">43<\/a><\/span> (<strong>42<\/strong>)<\/p>\n<p>Deuda p\u00fablica, Ordenes de pago que recibi\u00f3 la Administraci\u00f3n Principal de la Aduana de M\u00e9xico, jun. 1857, Doc.<span style=\"color: #0000ff;\"><a style=\"color: #0000ff;\" href=\"https:\/\/memoriasdehacienda.institutomora.edu.mx\/wp-content\/uploads\/043CONTRIBUCIONES1855-56.xls\"> 43<\/a>&nbsp;<\/span>(<strong>42<\/strong>)<\/p>\n<p>Deuda p\u00fablica interna, Noticia de las cantidades que debe satisfacer la Aduana de M\u00e9xico, feb. 1857, Doc. <a href=\"https:\/\/memoriasdehacienda.institutomora.edu.mx\/wp-content\/uploads\/044DEUDAPUBLICAINTERNA1855-56.xls\"><span style=\"color: #0000ff;\">44<\/span> <\/a>(<strong>42<\/strong>)<\/p>\n<p>[\/read]<\/p>\n<div><\/div>\n","protected":false},"excerpt":{"rendered":"<p>(42) Memoria de Hacienda presentada al Excmo. Sr. Presidente de la Rep\u00fablica, por el ciudadano Manuel Payno. Comprende el per\u00edodo de diciembre de 1855, a mayo de 1856, en que estuvo a su cargo el ministerio del ramo, M\u00e9xico, Imprenta de Ignacio Cumplido, 1857, 63+cxxv pp., cuadros, tablas. Firmada por Manuel Payno (2 de agosto<\/p>\n<p><a href=\"https:\/\/memoriasdehacienda.institutomora.edu.mx\/?page_id=629\" class=\"more-link themebutton\">Read More<\/a><\/p>\n","protected":false},"author":2,"featured_media":0,"parent":0,"menu_order":0,"comment_status":"closed","ping_status":"closed","template":"","meta":[],"_links":{"self":[{"href":"https:\/\/memoriasdehacienda.institutomora.edu.mx\/index.php?rest_route=\/wp\/v2\/pages\/629"}],"collection":[{"href":"https:\/\/memoriasdehacienda.institutomora.edu.mx\/index.php?rest_route=\/wp\/v2\/pages"}],"about":[{"href":"https:\/\/memoriasdehacienda.institutomora.edu.mx\/index.php?rest_route=\/wp\/v2\/types\/page"}],"author":[{"embeddable":true,"href":"https:\/\/memoriasdehacienda.institutomora.edu.mx\/index.php?rest_route=\/wp\/v2\/users\/2"}],"replies":[{"embeddable":true,"href":"https:\/\/memoriasdehacienda.institutomora.edu.mx\/index.php?rest_route=%2Fwp%2Fv2%2Fcomments&post=629"}],"version-history":[{"count":9,"href":"https:\/\/memoriasdehacienda.institutomora.edu.mx\/index.php?rest_route=\/wp\/v2\/pages\/629\/revisions"}],"predecessor-version":[{"id":8664,"href":"https:\/\/memoriasdehacienda.institutomora.edu.mx\/index.php?rest_route=\/wp\/v2\/pages\/629\/revisions\/8664"}],"wp:attachment":[{"href":"https:\/\/memoriasdehacienda.institutomora.edu.mx\/index.php?rest_route=%2Fwp%2Fv2%2Fmedia&parent=629"}],"curies":[{"name":"wp","href":"https:\/\/api.w.org\/{rel}","templated":true}]}}