{"id":635,"date":"2016-04-07T13:09:00","date_gmt":"2016-04-07T19:09:00","guid":{"rendered":"http:\/\/memoriasdehacienda.colmex.mx\/mhwp\/?page_id=635"},"modified":"2017-08-02T14:10:07","modified_gmt":"2017-08-02T20:10:07","slug":"memoria-45","status":"publish","type":"page","link":"https:\/\/memoriasdehacienda.institutomora.edu.mx\/?page_id=635","title":{"rendered":"Memoria 45 (1861)"},"content":{"rendered":"<p><span style=\"font-size: 11pt; color: #ff6600;\"><strong>(45)\u00a0 Memoria de Hacienda, por Jos\u00e9 Mar\u00eda Mata. M\u00e9xico, T.F. Neve, Impresor, 1868, 23 pp., tablas.<\/strong><\/span><\/p>\n<p style=\"text-align: justify;\"><span style=\"color: #000000;\">Firmada por Jos\u00e9 Mar\u00eda Mata (5 de mayo de 1861).<\/span><\/p>\n<p style=\"text-align: justify;\"><span style=\"color: #000000;\">Per\u00edodo: 1861.<\/span><\/p>\n<p style=\"text-align: justify;\"><span style=\"color: #000000;\">Se localiza: <span class=\"tooltips \" style=\"\" title=\"Biblioteca Nacional de M\u00e9xico-Colecci\u00f3n de Libros Raros y Curiosos, Fondo Reservado, UNAM.\">BNLR<\/span>, <span class=\"tooltips \" style=\"\" title=\"Biblioteca Nacional de M\u00e9xico-Colecci\u00f3n Lafragua, Fondo Reservado, UNAM.\">BNCL<\/span>, <span class=\"tooltips \" style=\"\" title=\"Biblioteca del Instituto de Investigaciones Hist\u00f3ricas, UNAM.\">BIIH<\/span>.<\/span><\/p>\n<p style=\"text-align: justify;\"><strong><span style=\"color: #000000;\">No tiene anexos<\/span><\/strong><\/p>\n<p style=\"text-align: justify;\"><strong><span style=\"color: #000000;\">S\u00edntesis del contenido:<\/span><\/strong><\/p>\n<p style=\"text-align: justify;\"><span style=\"color: #000000;\">Esta breve memoria tiene fecha de 5 de mayo de 1861 pero no fue publicada hasta 1868. De acuerdo con el ministro Jos\u00e9 Mar\u00eda Mata, ello se debi\u00f3 a que, cuando ministro, sus propuestas no fueron tomadas en cuenta, y consideraba necesario publicarlos para que se hiciera caso de sus recomendaciones y se aliviara la situaci\u00f3n del pa\u00eds.<\/span><\/p>\n<p style=\"text-align: justify;\"><span style=\"color: #000000;\">Seg\u00fan Mata, desde 1810 el pa\u00eds fue descendiendo a un\u00a0<\/span><span style=\"color: #000000;\">abismo sin fondo producto de los motines y las rebeliones cl\u00e9rigo-militares. Si era cierto que durante los per\u00edodos de paz era muy dif\u00edcil superar los d\u00e9ficits hacendarios, en los a\u00f1os de guerra como el de 1861 la situaci\u00f3n se torn\u00f3 mucho m\u00e1s complicada debido al incremento extraordinario de gastos en tropas federales y por el servicio de la deuda.<\/span><\/p>\n<p style=\"text-align: justify;\"><span style=\"color: #000000;\">Por lo mismo, el ministro planteaba que el camino para salir de la crisis hac\u00eda necesario la suspensi\u00f3n de pagos temporal sobre la deuda de manera que el gobierno primero atendiera a sus propios gastos ordinarios, a lo menos durante un a\u00f1o o dos; que se estableciesen impuestos acordes a las necesidades locales de cada regi\u00f3n del pa\u00eds; que se quitasen trabas a los derechos de importaci\u00f3n y se suprimiesen las alcabalas; que se estableciese el impuesto directo sobre la propiedad ra\u00edz mueble e inmueble de la Rep\u00fablica, sin incluir dentro de ella edificios p\u00fablicos, templos, establecimientos de beneficencia o instrucci\u00f3n p\u00fablica, conventos de religiosas y propiedades r\u00fasticas que no excedieran en valor a los $200.00; y que se eliminasen impuestos a la miner\u00eda, entre otros.<\/span><\/p>\n","protected":false},"excerpt":{"rendered":"<p>(45)\u00a0 Memoria de Hacienda, por Jos\u00e9 Mar\u00eda Mata. M\u00e9xico, T.F. Neve, Impresor, 1868, 23 pp., tablas. Firmada por Jos\u00e9 Mar\u00eda Mata (5 de mayo de 1861). Per\u00edodo: 1861. Se localiza: , , . No tiene anexos S\u00edntesis del contenido: Esta breve memoria tiene fecha de 5 de mayo de 1861 pero no fue publicada hasta<\/p>\n<p><a href=\"https:\/\/memoriasdehacienda.institutomora.edu.mx\/?page_id=635\" class=\"more-link themebutton\">Read More<\/a><\/p>\n","protected":false},"author":2,"featured_media":0,"parent":0,"menu_order":0,"comment_status":"closed","ping_status":"closed","template":"","meta":[],"_links":{"self":[{"href":"https:\/\/memoriasdehacienda.institutomora.edu.mx\/index.php?rest_route=\/wp\/v2\/pages\/635"}],"collection":[{"href":"https:\/\/memoriasdehacienda.institutomora.edu.mx\/index.php?rest_route=\/wp\/v2\/pages"}],"about":[{"href":"https:\/\/memoriasdehacienda.institutomora.edu.mx\/index.php?rest_route=\/wp\/v2\/types\/page"}],"author":[{"embeddable":true,"href":"https:\/\/memoriasdehacienda.institutomora.edu.mx\/index.php?rest_route=\/wp\/v2\/users\/2"}],"replies":[{"embeddable":true,"href":"https:\/\/memoriasdehacienda.institutomora.edu.mx\/index.php?rest_route=%2Fwp%2Fv2%2Fcomments&post=635"}],"version-history":[{"count":5,"href":"https:\/\/memoriasdehacienda.institutomora.edu.mx\/index.php?rest_route=\/wp\/v2\/pages\/635\/revisions"}],"predecessor-version":[{"id":8266,"href":"https:\/\/memoriasdehacienda.institutomora.edu.mx\/index.php?rest_route=\/wp\/v2\/pages\/635\/revisions\/8266"}],"wp:attachment":[{"href":"https:\/\/memoriasdehacienda.institutomora.edu.mx\/index.php?rest_route=%2Fwp%2Fv2%2Fmedia&parent=635"}],"curies":[{"name":"wp","href":"https:\/\/api.w.org\/{rel}","templated":true}]}}