{"id":637,"date":"2016-04-07T13:09:23","date_gmt":"2016-04-07T19:09:23","guid":{"rendered":"http:\/\/memoriasdehacienda.colmex.mx\/mhwp\/?page_id=637"},"modified":"2017-08-02T14:15:07","modified_gmt":"2017-08-02T20:15:07","slug":"memoria-46","status":"publish","type":"page","link":"https:\/\/memoriasdehacienda.institutomora.edu.mx\/?page_id=637","title":{"rendered":"Memoria 46 (enero de 1864-1867)"},"content":{"rendered":"<p style=\"text-align: justify;\"><span style=\"font-size: 11pt; color: #ff6600;\"><strong>(46) Memoria que el Secretario de Estado y del despacho de Hacienda y, Cr\u00e9dito P\u00fablico presenta al Congreso de la Uni\u00f3n. M\u00e9xico, Imprenta del Gobierno, en Palacio, a cargo de Jos\u00e9 Mar\u00eda Sandoval, 1868, 72 pp.<\/strong><\/span><\/p>\n<p style=\"text-align: justify;\"><span style=\"color: #000000;\">Firmada por Jos\u00e9 Mar\u00eda Iglesias (20 de febrero de 1868).<\/span><\/p>\n<p style=\"text-align: justify;\"><span style=\"color: #000000;\">Per\u00edodo: enero de 1864-1867.<\/span><\/p>\n<p style=\"text-align: justify;\"><span style=\"color: #000000;\">Se localiza:\u00a0<span class=\"tooltips \" style=\"\" title=\"Biblioteca &quot;Miguel Lerdo de Tejada&quot;, Secretar\u00eda de Hacienda y Cr\u00e9dito P\u00fablico.\">BH<\/span>, <span class=\"tooltips \" style=\"\" title=\"Biblioteca del Archivo General de la Naci\u00f3n, M\u00e9xico.\">BAGN<\/span>, <span class=\"tooltips \" style=\"\" title=\"Biblioteca del Instituto de Investigaciones Hist\u00f3ricas, UNAM.\">BIIH<\/span>.<\/span><\/p>\n<p style=\"text-align: justify;\"><strong><span style=\"color: #000000;\">No tiene anexos<\/span><\/strong><\/p>\n<p style=\"text-align: justify;\"><strong><span style=\"color: #000000;\">S\u00edntesis del contenido:<\/span><\/strong><\/p>\n<p style=\"text-align: justify;\"><span style=\"color: #000000;\">Presentada el 20 de febrero de 1868, en esta Memoria Iglesias se\u00f1ala las caracter\u00edsticas de su gesti\u00f3n durante la mayor parte del per\u00edodo 1864-1867, per\u00edodo cr\u00edtico debido a la intervenci\u00f3n francesa, durante el cual se aplazaron todos los proyectos administrativos para procurar recursos financieros externos e internos para cubrir los gastos militares. Entre estos recursos se contaban la venta de terrenos bald\u00edos, pr\u00e9stamos forzosos, acu\u00f1aci\u00f3n de moneda de cobre, etc\u00e9tera. Adem\u00e1s, en los momentos de mayor apuro se tuvo que echar mano de los recursos personales del presidente y de los ministros y se racionaron los &#8220;art\u00edculos indispensables para la vida&#8221;.<\/span><\/p>\n<p style=\"text-align: justify;\"><span style=\"color: #000000;\">Recuperada la posici\u00f3n republicana, se trat\u00f3 de reorganizar la hacienda del pa\u00eds llevando a cabo las siguientes medidas: la reducci\u00f3n de gastos de guerra mediante la disminuci\u00f3n de los cuerpos de ej\u00e9rcito; una estricta econom\u00eda en todos los dem\u00e1s ramos pero cuidando de no afectar la marcha del pa\u00eds; la no implementaci\u00f3n de medidas gravosas para los contribuyentes, reteniendo solamente los establecidos en 1863.<\/span><\/p>\n<p style=\"text-align: justify;\"><span style=\"color: #000000;\">Dentro de los gastos imprescindibles a realizarse se contaban los concernientes al pago de la deuda nacional. Aunque el ministro indicaba que era factible no aceptar las peticiones de aquellos acreedores que hab\u00edan apoyado al gobierno mon\u00e1rquico, no consideraba conveniente que se les declarara insubsistentes, sino que ser\u00eda mejor decretar nuevos t\u00e9rminos para amortizarlos y quit\u00e1ndoles su car\u00e1cter de compromisos internacionales.<\/span><\/p>\n<p style=\"text-align: justify;\"><span style=\"color: #000000;\">Respecto al pago de da\u00f1os y servicios, el gobierno reconoc\u00eda aquellos imputables a los jefes republicanos si se hab\u00edan hecho efectuado en beneficio del pa\u00eds, pero jam\u00e1s los que tuvieran un trasfondo de car\u00e1cter personal o que pudieran atribuirse a los invasores y quienes los apoyaron.<\/span><\/p>\n<p style=\"text-align: justify;\"><span style=\"color: #000000;\">Para continuar con la recuperaci\u00f3n hacendaria, el ministro propon\u00eda seguir con la enajenaci\u00f3n de bienes nacionales, la desamortizaci\u00f3n de fincas, el cobro, adjudicaci\u00f3n y redenci\u00f3n de capitales que administr\u00f3 el clero, y la eliminaci\u00f3n del sistema de arrendamiento de las casas de moneda.<\/span><\/p>\n","protected":false},"excerpt":{"rendered":"<p>(46) Memoria que el Secretario de Estado y del despacho de Hacienda y, Cr\u00e9dito P\u00fablico presenta al Congreso de la Uni\u00f3n. M\u00e9xico, Imprenta del Gobierno, en Palacio, a cargo de Jos\u00e9 Mar\u00eda Sandoval, 1868, 72 pp. Firmada por Jos\u00e9 Mar\u00eda Iglesias (20 de febrero de 1868). Per\u00edodo: enero de 1864-1867. Se localiza:\u00a0, , . No<\/p>\n<p><a href=\"https:\/\/memoriasdehacienda.institutomora.edu.mx\/?page_id=637\" class=\"more-link themebutton\">Read More<\/a><\/p>\n","protected":false},"author":2,"featured_media":0,"parent":0,"menu_order":0,"comment_status":"closed","ping_status":"closed","template":"","meta":[],"_links":{"self":[{"href":"https:\/\/memoriasdehacienda.institutomora.edu.mx\/index.php?rest_route=\/wp\/v2\/pages\/637"}],"collection":[{"href":"https:\/\/memoriasdehacienda.institutomora.edu.mx\/index.php?rest_route=\/wp\/v2\/pages"}],"about":[{"href":"https:\/\/memoriasdehacienda.institutomora.edu.mx\/index.php?rest_route=\/wp\/v2\/types\/page"}],"author":[{"embeddable":true,"href":"https:\/\/memoriasdehacienda.institutomora.edu.mx\/index.php?rest_route=\/wp\/v2\/users\/2"}],"replies":[{"embeddable":true,"href":"https:\/\/memoriasdehacienda.institutomora.edu.mx\/index.php?rest_route=%2Fwp%2Fv2%2Fcomments&post=637"}],"version-history":[{"count":6,"href":"https:\/\/memoriasdehacienda.institutomora.edu.mx\/index.php?rest_route=\/wp\/v2\/pages\/637\/revisions"}],"predecessor-version":[{"id":8268,"href":"https:\/\/memoriasdehacienda.institutomora.edu.mx\/index.php?rest_route=\/wp\/v2\/pages\/637\/revisions\/8268"}],"wp:attachment":[{"href":"https:\/\/memoriasdehacienda.institutomora.edu.mx\/index.php?rest_route=%2Fwp%2Fv2%2Fmedia&parent=637"}],"curies":[{"name":"wp","href":"https:\/\/api.w.org\/{rel}","templated":true}]}}