{"id":639,"date":"2016-04-07T13:09:50","date_gmt":"2016-04-07T19:09:50","guid":{"rendered":"http:\/\/memoriasdehacienda.colmex.mx\/mhwp\/?page_id=639"},"modified":"2017-08-03T18:02:52","modified_gmt":"2017-08-04T00:02:52","slug":"memoria-47","status":"publish","type":"page","link":"https:\/\/memoriasdehacienda.institutomora.edu.mx\/?page_id=639","title":{"rendered":"Memoria 47 (1867)"},"content":{"rendered":"<p style=\"text-align: justify;\"><span style=\"font-size: 11pt;\"><strong><span style=\"color: #ff6600;\">(47) Memoria que el Secretario de Estado y del despacho de Hacienda y Cr\u00e9dito P\u00fablico presenta al Congreso de la Uni\u00f3n, en virtud de lo prevenido en el art\u00edculo 89 de la constituci\u00f3n federal, el 31 de enero de 1868. M\u00e9xico, Imprenta del Gobierno, en Palacio, a cargo de Jos\u00e9 M. Sandoval, 1868, 28 pp.<\/span><\/strong><\/span><\/p>\n<p style=\"text-align: justify;\"><span style=\"color: #000000;\">Firmada por Mat\u00edas Romero (31 de enero de 1868).<\/span><\/p>\n<p style=\"text-align: justify;\"><span style=\"color: #000000;\">Per\u00edodo: 1867.<\/span><\/p>\n<p style=\"text-align: justify;\"><span style=\"color: #000000;\">Se localiza: <span class=\"tooltips \" style=\"\" title=\"Biblioteca Nacional de M\u00e9xico-Colecci\u00f3n de Libros Raros y Curiosos, Fondo Reservado, UNAM.\">BNLR<\/span>,\u00a0<span class=\"tooltips \" style=\"\" title=\"Biblioteca del Instituto de Investigaciones &quot;Dr. Jos\u00e9 Mar\u00eda Luis Mora&quot; (material en micropel\u00edcula).\">BIM-Mfilm<\/span>, <span class=\"tooltips \" style=\"\" title=\"Biblioteca &quot;Daniel Cos\u00edo Villegas&quot;, El Colegio de M\u00e9xico (material en micropel\u00edcula).\">BColmex-Mfilm<\/span>.<\/span><\/p>\n<p style=\"text-align: justify;\"><strong><span style=\"color: #000000;\">No tiene anexos.<\/span><\/strong><\/p>\n<p style=\"text-align: justify;\"><strong><span style=\"color: #000000;\">S\u00edntesis del contenido:<\/span><\/strong><\/p>\n<p style=\"text-align: justify;\"><span style=\"color: #000000;\">Al iniciar su exposici\u00f3n, Mat\u00edas Romero indica que no ha podido formar una Memoria, el motivo principal es el poco tiempo de estar encargado del ministerio; lo que a su vez no le ha dado oportunidad de estar &#8220;al tanto de la marcha y alteraciones que ha tenido en sus ramos&#8221; el sistema fiscal; por ello tampoco establecer un plan de acci\u00f3n para regularizar su administraci\u00f3n a futuro; &#8220;sobre todo para nivelar los ingresos con los gastos y poder amortizar la deuda, tanto la consolidada como la flotante&#8221;.<\/span><\/p>\n<p style=\"text-align: justify;\"><span style=\"color: #000000;\">Las causas que no permitieron a Mat\u00edas Romero contar con los datos fueron el estado de guerra que acababa de concluir; el constante movimiento contable debido a la utilizaci\u00f3n de fondos por parte del ej\u00e9rcito y las autoridades locales; el extrav\u00edo y destrucci\u00f3n de documentos; todo ello dificultaba la elaboraci\u00f3n de una Memoria que diera &#8220;una idea exacta del ramo de hacienda durante nuestra guerra con Francia&#8221;. Por lo anterior, la Memoria -advierte Mat\u00edas Romero- es sucinta e incompleta.<\/span><\/p>\n<p style=\"text-align: justify;\"><span style=\"color: #000000;\">Por otra parte, Mat\u00edas Romero considera que los elementos para formar y llevar a cabo un plan de Hacienda son la tranquilidad p\u00fablica; y que las leyes que fijen las rentas federales sean obedecidas puntualmente por los ciudadanos, incluyendo las autoridades de las entidades. Asimismo piensa que debe abandonarse &#8220;creencia de que [la Rep\u00fablica] no ten\u00eda recursos para existir por s\u00ed, y que necesitaba inevitablemente de ministraciones del extranjero&#8221;. Hasta la fecha en que se elabor\u00f3 la presente Memoria, el presupuesto se pagaba puntualmente, no obstante que el ej\u00e9rcito segu\u00eda siendo numeroso, lo mismo que la &#8220;lista civil&#8221;.<\/span><\/p>\n<p style=\"text-align: justify;\"><span style=\"color: #000000;\">Mat\u00edas Romero propone &#8220;no celebrar contratos ruinosos sobre anticipaci\u00f3n de derechos&#8221;, para \u00e9l el agio hab\u00eda sido el &#8220;c\u00e1ncer de nuestra hacienda&#8221;; por ello el gobierno hab\u00eda seguido la pol\u00edtica de ponerle fin, &#8220;los resultados de tan loable determinaci\u00f3n, llevada a cabo de una manera inexorable, con ya patentes &#8230;&#8221;.<\/span><\/p>\n<p style=\"text-align: justify;\"><span style=\"color: #000000;\">Por otra parte, se hab\u00eda llevado a cabo ahorros en los gastos de administraci\u00f3n, pero el ministro estaba consciente de que todav\u00eda faltaba por hacer en ese sentido, sobre todo reducir el ej\u00e9rcito, aun y cuando hab\u00eda pasado de 80 a 20 mil efectivos.<\/span><\/p>\n<p style=\"text-align: justify;\"><span style=\"color: #000000;\">En el aspecto legislativo, el ministro piensa que las leyes de hacienda requieren de mejoras, pero propone al Congreso no hacer ning\u00fan cambio de inmediato, pues &#8220;producir\u00eda consecuencias fatales para nuestra hacienda&#8221;. S\u00f3lo se deben impulsar reformas de acuerdo a las circunstancias y a la experiencia existente. Despu\u00e9s de reiterar que el sistema fiscal necesita de cambios, sugiere el establecimiento de una &#8220;sola contribuci\u00f3n directa general, impuesta sobre la propiedad ra\u00edz y el capital mobiliario, ser\u00eda m\u00e1s equitativa y producir\u00eda m\u00e1s recursos al erario&#8221;.<\/span><\/p>\n<p style=\"text-align: justify;\"><span style=\"color: #000000;\">Para lograr mayores ahorros plantea continuar la reducci\u00f3n del ej\u00e9rcito, asimismo se est\u00e1n amortizando \u00f3rdenes de pago pendientes de liquidar en la Tesorer\u00eda, la meta es cumplir con los pagos para restablecer el cr\u00e9dito del gobierno.<\/span><\/p>\n<p style=\"text-align: justify;\"><span style=\"color: #000000;\">Al mencionar las rentas nacionales, Mat\u00edas Romero advierte que no le es posible formar un estado detallado de ellas, por lo que ofrece una idea general. Informa que las que en ese momento son parte del sistema impositivo son las aduanas mar\u00edtimas, la administraci\u00f3n de rentas del Distrito Federal, las contribuciones directas del mismo, los productos de las Casas de moneda, los derechos de conducta y exportaci\u00f3n de plata, el papel sellado y los bienes nacionalizados.<\/span><\/p>\n<p style=\"text-align: justify;\"><span style=\"color: #000000;\">De las aduanas mar\u00edtimas da raz\u00f3n de las de Veracruz, Tampico y Matamoros; de las contribuciones directas y el papel sellado manifiesta la esperanza de que contin\u00faen siendo la base para cubrir los gastos y espera que aumenten lo mismo que los ingresos aduanales. Expresa su oposici\u00f3n a que sigan los arrendamientos de las Casas de moneda, pues la exportaci\u00f3n de plata pasta es perjudicial para la econom\u00eda del pa\u00eds, por ello propone no renovar los contratos respectivos que han &#8220;espirado&#8221;. De la administraci\u00f3n de las conductas y los bienes nacionalizados no espera mucho.<\/span><\/p>\n<p style=\"text-align: justify;\"><span style=\"color: #000000;\">El siguiente tema que aborda es el presupuesto de gastos, diciendo que esta incompleto, pues faltan incluir montos que a\u00fan no conoce y que las dar\u00e1 a conocer al Congreso despu\u00e9s. A continuaci\u00f3n analiza el presupuesto destinado al legislativo, ejecutivo, Estado Mayor presidencial, gastos extraordinarios de los ministerios, poder judicial de la federaci\u00f3n y del Distrito; ministerio de Relaciones; Gobernaci\u00f3n; Justicia; Guerra; Hacienda; y Distrito Federal. M\u00e1s adelante sugiere que se elabor\u00e9 un nuevo arancel que facilite las transacciones comerciales y simplifique el sistema rent\u00edstico.<\/span><\/p>\n<p style=\"text-align: justify;\"><span style=\"color: #000000;\">En lo referente a la deuda p\u00fablica, dividida en exterior y flotante, era atendida pagando gradualmente conforme lo permit\u00edan los recursos financieros existentes. Por el momento, se hab\u00eda creado un fondo para la deuda consolidada, adem\u00e1s se pensaban rematar los bonos de las exconvenciones espa\u00f1ola e inglesa, asimismo se esperaba amortizar, en unos a\u00f1os, buena parte de la deuda. Tambi\u00e9n informa que los compromisos adquiridos por el Imperio no ser\u00e1n reconocidos, ni los da\u00f1os causados a quienes lo apoyaron. Con respecto a la deuda flotante dice que hay la esperanza de consolidarla. En su conclusi\u00f3n, Mat\u00edas Romero expresa que un &#8220;complemento de nuestro sistema de Hacienda y del orden rent\u00edstico, ser\u00e1, a juicio del Gobierno, la supresi\u00f3n de los fondos especiales y de consignaciones del mismo g\u00e9nero, sino hasta que logremos establecer una oficina que sea \u00fanica distribuidora, y que lleve su cuenta corriente a todos los ramos&#8221;. A su vez propone reformas en las oficinas de la Tesorer\u00eda del Distrito y Jefaturas de Hacienda.<\/span><\/p>\n","protected":false},"excerpt":{"rendered":"<p>(47) Memoria que el Secretario de Estado y del despacho de Hacienda y Cr\u00e9dito P\u00fablico presenta al Congreso de la Uni\u00f3n, en virtud de lo prevenido en el art\u00edculo 89 de la constituci\u00f3n federal, el 31 de enero de 1868. M\u00e9xico, Imprenta del Gobierno, en Palacio, a cargo de Jos\u00e9 M. Sandoval, 1868, 28 pp.<\/p>\n<p><a href=\"https:\/\/memoriasdehacienda.institutomora.edu.mx\/?page_id=639\" class=\"more-link themebutton\">Read More<\/a><\/p>\n","protected":false},"author":2,"featured_media":0,"parent":0,"menu_order":0,"comment_status":"closed","ping_status":"closed","template":"","meta":[],"_links":{"self":[{"href":"https:\/\/memoriasdehacienda.institutomora.edu.mx\/index.php?rest_route=\/wp\/v2\/pages\/639"}],"collection":[{"href":"https:\/\/memoriasdehacienda.institutomora.edu.mx\/index.php?rest_route=\/wp\/v2\/pages"}],"about":[{"href":"https:\/\/memoriasdehacienda.institutomora.edu.mx\/index.php?rest_route=\/wp\/v2\/types\/page"}],"author":[{"embeddable":true,"href":"https:\/\/memoriasdehacienda.institutomora.edu.mx\/index.php?rest_route=\/wp\/v2\/users\/2"}],"replies":[{"embeddable":true,"href":"https:\/\/memoriasdehacienda.institutomora.edu.mx\/index.php?rest_route=%2Fwp%2Fv2%2Fcomments&post=639"}],"version-history":[{"count":6,"href":"https:\/\/memoriasdehacienda.institutomora.edu.mx\/index.php?rest_route=\/wp\/v2\/pages\/639\/revisions"}],"predecessor-version":[{"id":8270,"href":"https:\/\/memoriasdehacienda.institutomora.edu.mx\/index.php?rest_route=\/wp\/v2\/pages\/639\/revisions\/8270"}],"wp:attachment":[{"href":"https:\/\/memoriasdehacienda.institutomora.edu.mx\/index.php?rest_route=%2Fwp%2Fv2%2Fmedia&parent=639"}],"curies":[{"name":"wp","href":"https:\/\/api.w.org\/{rel}","templated":true}]}}