{"id":641,"date":"2016-04-07T13:10:22","date_gmt":"2016-04-07T19:10:22","guid":{"rendered":"http:\/\/memoriasdehacienda.colmex.mx\/mhwp\/?page_id=641"},"modified":"2023-03-16T13:30:04","modified_gmt":"2023-03-16T19:30:04","slug":"memoria-48","status":"publish","type":"page","link":"https:\/\/memoriasdehacienda.institutomora.edu.mx\/?page_id=641","title":{"rendered":"Memoria 48 (1867-1868)"},"content":{"rendered":"<p style=\"text-align: justify;\"><span style=\"color: #ff6600;\"><strong><span style=\"font-size: 11pt;\">(48) Memoria de Hacienda y Cr\u00e9dito P\u00fablico, que el secretario del ramo presenta al Congreso de la Uni\u00f3n, el 28 de septiembre de 1868. M\u00e9xico, Imprenta del Gobierno, en Palacio, a cargo de Jos\u00e9 Mar\u00eda Sandoval, 1868, 22 pp., cuadros, tablas.<\/span><\/strong><\/span><\/p>\n<p style=\"text-align: justify;\"><span style=\"color: #000000;\">Firmada por Mat\u00edas Romero (28 de septiembre de 1868).<\/span><\/p>\n<p style=\"text-align: justify;\"><span style=\"color: #000000;\">Per\u00edodo: 1867-1868.<\/span><\/p>\n<p style=\"text-align: justify;\"><span style=\"color: #000000;\">Se localiza: <span class=\"tooltips \" style=\"\" title=\"Biblioteca Nacional de M\u00e9xico-Colecci\u00f3n de Libros Raros y Curiosos, Fondo Reservado, UNAM.\">BNLR<\/span>,&nbsp;<span class=\"tooltips \" style=\"\" title=\"Biblioteca de la Sociedad Mexicana de Geograf\u00eda y Estad\u00edstica.\">BSMGE<\/span>, <span class=\"tooltips \" style=\"\" title=\"Biblioteca del Archivo General de la Naci\u00f3n, M\u00e9xico.\">BAGN<\/span>,&nbsp;<span class=\"tooltips \" style=\"\" title=\"Biblioteca del Instituto de Investigaciones Hist\u00f3ricas, UNAM.\">BIIH<\/span>, <span class=\"tooltips \" style=\"\" title=\"Biblioteca del Instituto de Investigaciones &quot;Dr. Jos\u00e9 Mar\u00eda Luis Mora&quot; (material en micropel\u00edcula).\">BIM-Mfilm<\/span>, <span class=\"tooltips \" style=\"\" title=\"Biblioteca &quot;Danie l Cos\u00edo Villegas&quot;, El Colegio de M\u00e9xico (material en micropel\u00edcula).\">BColmex-Mfilm<\/span>. <\/span><\/p>\n<p style=\"text-align: justify;\"><strong><span style=\"color: #000000;\">Tiene anexos, cuadros y tablas.<\/span><\/strong><\/p>\n<p style=\"text-align: justify;\"><strong><span style=\"color: #000000;\">S\u00edntesis del contenido:<\/span><\/strong><\/p>\n<p style=\"text-align: justify;\"><span style=\"color: #000000;\">El ministro, Mat\u00edas Romero, se\u00f1ala que como consecuencia de la falta de informaci\u00f3n durante el a\u00f1o fiscal que abarca la presente Memoria, no fue elaborado presupuesto de ingresos ni de egresos. Sin embargo, se calcula que las entradas por concepto de impuestos fue de aproximadamente 18.5 millones de pesos, cifra que permiti\u00f3 solventar pr\u00e1cticamente todos los gastos del gobierno, los cuales ascendieron a 18.6 millones. Este equilibrio financiero, no observado por el pa\u00eds durante muchos a\u00f1os, fue el resultado de romper con a\u00f1ejos vicios en la pol\u00edtica hacendaria, pues los fondos de las aduanas mar\u00edtimas dejaron de destinarse al pago de las convenciones extranjeras y para la deuda contra\u00edda en Londres y se utilizaron, en cambio, para cubrir los compromisos ordinarios del erario federal. Este hecho tambi\u00e9n permiti\u00f3 evitar los negocios con los agiotistas.<\/span><\/p>\n<p style=\"text-align: justify;\"><span style=\"color: #000000;\">Con el fin de vencer de manera definitiva el d\u00e9ficit cr\u00f3nico en las finanzas -preocupaci\u00f3n permanente de los ministros de hacienda en el siglo XIX-, propone, moment\u00e1neamente, la continuaci\u00f3n de la mayor\u00eda de los impuestos y rentas p\u00fablicas, los cuales, a criterio del autor, deber\u00edan sustituirse por otros impuestos de manera gradual que llevaran hacia la constituci\u00f3n de un sistema fiscal moderno. El servicio de la deuda p\u00fablica fue el \u00fanico rubro no cubierto por los ingresos fiscales. No obstante, hubo avances significativos al amortizarse la deuda en general mediante almonedas p\u00fablicas. Para el caso de la deuda externa, se amortiz\u00f3 una cantidad mayor a los 2 millones con nueve almonedas, mientras que parte de la deuda interna se amortiz\u00f3 por almonedas y pagando en efectivo, con bienes nacionalizados o con la exenci\u00f3n del pago de ciertos impuestos federales. Este novedoso sistema de pago, produjo una revalorizaci\u00f3n de algunos t\u00edtulos de la deuda nacional, tales como los bonos de la convenci\u00f3n inglesa que incrementaron su valor.<\/span><\/p>\n<p style=\"text-align: justify;\"><span style=\"color: #000000;\">Tambi\u00e9n en este documento se informa que a partir del 1\u00b0 de junio de 1868, la administraci\u00f3n de las casas de moneda pasa a ser responsabilidad del Ministerio de Fomento, y se aconseja que \u00e9stas no vuelvan a arrendarse a particulares pues la experiencia ha demostrado que resulta m\u00e1s gravoso que ben\u00e9fico para el fisco.<\/span>[read more=&#8221;Ver anexos estad\u00edsticos&#8221; less=&#8221;ver menos&#8221;]<\/p>\n<p><span style=\"color: #0000ff;\"><strong>Anexos<\/strong><\/span><\/p>\n<p>Ingresos<\/p>\n<p>Informe de la secci\u00f3n sexta de estad\u00edstica del Ministerio de Hacienda, conteniendo detalles de la cuenta del semestre que comenz\u00f3 en 1\u00b0 de enero y termin\u00f3 en 30 de junio de 1868, Doc. <span style=\"color: #0000ff;\"><a style=\"color: #0000ff;\" href=\"https:\/\/memoriasdehacienda.institutomora.edu.mx\/wp-content\/uploads\/INDICE-1868.xls\">1<\/a><\/span> (<strong>48<\/strong>)<\/p>\n<p>Rentas federales, ene.-jun. 1868, Doc. <span style=\"color: #0000ff;\"><a style=\"color: #0000ff;\" href=\"https:\/\/memoriasdehacienda.institutomora.edu.mx\/wp-content\/uploads\/002RENTASFEDERALES1868.xls\">2<\/a><\/span> (<strong>48<\/strong>)<\/p>\n<p>Fondos de Instrucci\u00f3n P\u00fablica, ramos del ministerio de Fomento y diversoso fondos recaudados, ene.-jun. 1868, Doc.<span style=\"color: #0000ff;\"><a style=\"color: #0000ff;\" href=\"https:\/\/memoriasdehacienda.institutomora.edu.mx\/wp-content\/uploads\/003FONDOS1868.xls\"> 3<\/a><\/span> (<strong>48<\/strong>)<\/p>\n<p>Bienes Nacionalizados, ene.-jun. 1868, Doc. <span style=\"color: #0000ff;\"><a style=\"color: #0000ff;\" href=\"https:\/\/memoriasdehacienda.institutomora.edu.mx\/wp-content\/uploads\/004BIENESNACIONALIZADOS1868.xls\">4<\/a> <\/span>(1868-II)<\/p>\n<p>Papel sellado, ene.-jun. 1868, Doc.<span style=\"color: #0000ff;\"><a style=\"color: #0000ff;\" href=\"https:\/\/memoriasdehacienda.institutomora.edu.mx\/wp-content\/uploads\/005PAPELSELLADO1868.xls\"> 5<\/a><\/span> (<strong>48<\/strong>)<\/p>\n<p>Contribuciones, decretadas el 11 y 18 de mayo de 1867 y 4 de febrero de 1861, ene.-jun. 1868, Doc. <span style=\"color: #0000ff;\"><a style=\"color: #0000ff;\" href=\"https:\/\/memoriasdehacienda.institutomora.edu.mx\/wp-content\/uploads\/006CONTRIBUCIONES1868.xls\">6<\/a><\/span> (<strong>48<\/strong>)<\/p>\n<p>Comercio interno y externo, Administraci\u00f3n principal de rentas federales, cantidades recaudadas por concepto de efectos nacionales y extranjeros, ene.-jun. 1868, Doc.<span style=\"color: #0000ff;\"><a style=\"color: #0000ff;\" href=\"https:\/\/memoriasdehacienda.institutomora.edu.mx\/wp-content\/uploads\/007COMERCIOINERNOYEXT1868.xls\"> 7<\/a><\/span> (<strong>48<\/strong>)<\/p>\n<p>Correos, ene.-jun. 1868, Doc.<span style=\"color: #0000ff;\"><a style=\"color: #0000ff;\" href=\"https:\/\/memoriasdehacienda.institutomora.edu.mx\/wp-content\/uploads\/008CORREOS1868.xls\"> 8<\/a><\/span> (<strong>48<\/strong>)<\/p>\n<p>Aduanas mar\u00edtimas y fronterizas, ene.-jun. 1868, Doc.<span style=\"color: #0000ff;\"><a style=\"color: #0000ff;\" href=\"https:\/\/memoriasdehacienda.institutomora.edu.mx\/wp-content\/uploads\/009ADUANAS1868.xls\"> 9<\/a><\/span> (<strong>48<\/strong>)<\/p>\n<p>Jefaturas de Hacienda, ene.-jun. 1868, Doc. <span style=\"color: #0000ff;\"><a style=\"color: #0000ff;\" href=\"https:\/\/memoriasdehacienda.institutomora.edu.mx\/wp-content\/uploads\/010GEFATURAS1868.xls\">10 <\/a><\/span>(<strong>48<\/strong>)<\/p>\n<p>Casas de Moneda, ene.-jun. 1868, Doc. <span style=\"color: #0000ff;\"><a style=\"color: #0000ff;\" href=\"https:\/\/memoriasdehacienda.institutomora.edu.mx\/wp-content\/uploads\/011CASASDEMONEDA868.xls\">11<\/a><\/span> (<strong>48<\/strong>)<\/p>\n<p>Informe t\u00e9cnico sobre la contabilidad de Hacienda, Secci\u00f3n Octava, ene.-jun. 1868, Doc. <span style=\"color: #0000ff;\"><a style=\"color: #0000ff;\" href=\"https:\/\/memoriasdehacienda.institutomora.edu.mx\/wp-content\/uploads\/012MINISTERIODEHACIENDA1868word.doc\">12<\/a><\/span> (<strong>48<\/strong>)<\/p>\n<p>Cuenta del erario federal, Cuenta general que manifiesta todo el a\u00f1o fiscal jul. 1867-jun. 1868, con separaci\u00f3n de semestres, Doc.<span style=\"color: #0000ff;\"> <a style=\"color: #0000ff;\" href=\"https:\/\/memoriasdehacienda.institutomora.edu.mx\/wp-content\/uploads\/013CUENTAERIOFEDERAL1868.xls\">13<\/a> <\/span>(<strong>48<\/strong>)<\/p>\n<p>Cuenta del erario federal, Primer semestre 1868, segundo del a\u00f1o fiscal jul. 1867-jun. 1868, Doc.<span style=\"color: #0000ff;\"><a style=\"color: #0000ff;\" href=\"https:\/\/memoriasdehacienda.institutomora.edu.mx\/wp-content\/uploads\/014CUENTAERARIOFEDERAL1868.xls\"> 14<\/a><\/span> (<strong>48<\/strong>)<\/p>\n<p>Cuenta del erario federal, Resumen general de ingresos y egresos, jul. 1867-jun. 1868, Doc.<span style=\"color: #0000ff;\"><a style=\"color: #0000ff;\" href=\"https:\/\/memoriasdehacienda.institutomora.edu.mx\/wp-content\/uploads\/015CUENTAERARIOFEDERAL1868.xls\"> 15<\/a> <\/span>(<strong>48<\/strong>)<\/p>\n<p>Cuenta del erario federal, Balance general del libro mayor (agosto-diciembre 1867, enero-junio 1868), Doc.<span style=\"color: #0000ff;\"> <a style=\"color: #0000ff;\" href=\"https:\/\/memoriasdehacienda.institutomora.edu.mx\/wp-content\/uploads\/016CUENTAERARIOFEDERAL1868.xls\">16<\/a><\/span> (<strong>48<\/strong>)<\/p>\n<p>Cuenta del erario federal, Balance general del libro mayor de fin de a\u00f1o (15 agosto 1867-30 junio 1868), Doc. <span style=\"color: #0000ff;\"><a style=\"color: #0000ff;\" href=\"https:\/\/memoriasdehacienda.institutomora.edu.mx\/wp-content\/uploads\/017CUENTAERARIOFEDERAL1868.xls\">17<\/a> <\/span>(<strong>48<\/strong>)<\/p>\n<p>Redenci\u00f3n de fincas nacionales, jul. 1867-jun. 1868, Doc. <span style=\"color: #0000ff;\"><a style=\"color: #0000ff;\" href=\"https:\/\/memoriasdehacienda.institutomora.edu.mx\/wp-content\/uploads\/018REDENCIONDEFINCASadminis1868.xls\">18<\/a>, <a style=\"color: #0000ff;\" href=\"https:\/\/memoriasdehacienda.institutomora.edu.mx\/wp-content\/uploads\/018REDENCIONDEFINCASadminis-bienes1868.xls\">18<\/a>, <a style=\"color: #0000ff;\" href=\"https:\/\/memoriasdehacienda.institutomora.edu.mx\/wp-content\/uploads\/018REDENCIONDEFINCASconfiscaciones1868.xls\">18<\/a>, <a style=\"color: #0000ff;\" href=\"https:\/\/memoriasdehacienda.institutomora.edu.mx\/wp-content\/uploads\/018REDENCIONDEFINCASres1868.xls\">18<\/a>&nbsp;<\/span>(<strong>48<\/strong>)<\/p>\n<p>Deuda p\u00fablica externa, Expediente de almonedas para amortizaci\u00f3n de la Deuda P\u00fablica, jul. 1867-jun. 1868, Doc. 19 (<strong>48<\/strong>)<\/p>\n<p>Deuda p\u00fablica interna, Expediente sobre la Conducta ocupada en Laguna Seca, p. 170, jul. 1867-jun. 1868, Doc. 20 (<strong>48<\/strong>)<\/p>\n<p>Deuda p\u00fablica externa, Comisi\u00f3n de los Tenedores de Bonos Mexicanos en Londres, p. 190, jul. 1867-jun. 1868, Doc. 21 (<strong>48<\/strong>)<\/p>\n<p>Algod\u00f3n, Expediente sobre F\u00e1bricas de hilados en el Distrito, p. 192, jul. 1867-jun. 1868, Doc. 22 (<strong>48<\/strong>)<\/p>\n<p>Deuda p\u00fablica interna, Cr\u00e9ditos y reclamaciones presentadas ante la 1\u00aa Secci\u00f3n Liquidataria. 1867, p. 196, Doc. 23 (<strong>48<\/strong>)<\/p>\n<p>Deuda p\u00fablica interna, 2\u00aa Secci\u00f3n Liquidatoria, Estado general formado con base a los libros &#8220;Registro de reclamaciones&#8221; y &#8220;Libro de la deuda l\u00edquida&#8221;, jun. 1868, Doc. 24 (<strong>48<\/strong>)<\/p>\n<p>[No hay documento n\u00famero<span style=\"color: #0000ff;\"> <a style=\"color: #0000ff;\" href=\"https:\/\/memoriasdehacienda.institutomora.edu.mx\/wp-content\/uploads\/025CONTADURIAYCR\u00c9DITO1868.xls\">25<\/a><\/span>]<\/p>\n<p>Iniciativa sobre rezagos de Contribuciones Extraordinarias, p. 242, Doc. <span style=\"color: #0000ff;\"><a style=\"color: #0000ff;\" href=\"https:\/\/memoriasdehacienda.institutomora.edu.mx\/wp-content\/uploads\/026INICIATIVACONTRIBUCIONES1868word.doc\">26<\/a> <\/span>(<strong>48<\/strong>)<\/p>\n<p>Iniciativa sobre visitadores de aduanas y pagadores del ej\u00e9rcito, Doc. <span style=\"color: #0000ff;\"><a style=\"color: #0000ff;\" href=\"https:\/\/memoriasdehacienda.institutomora.edu.mx\/wp-content\/uploads\/027INICIATIVA868word.doc\">27<\/a><\/span> (<strong>48<\/strong>)<\/p>\n<p>Iniciativas sobre el establecimiento de una secci\u00f3n de fondos especiales en la Tesorer\u00eda General, p. 244, Doc. <span style=\"color: #0000ff;\"><a style=\"color: #0000ff;\" href=\"https:\/\/memoriasdehacienda.institutomora.edu.mx\/wp-content\/uploads\/028INICIATIVAS1868word.doc\">28<\/a><\/span> (<strong>48<\/strong>)<\/p>\n<p>Reformas en las plantas de Aduanas mar\u00edtimas, (anexo 10 peque\u00f1os documentos), p. 246, Doc. 29 (<strong>48<\/strong>)<\/p>\n<p>Expediente sobre derecho de Platas y Junta de miner\u00eda, p. 264, Doc. <span style=\"color: #0000ff;\"><a style=\"color: #0000ff;\" href=\"https:\/\/memoriasdehacienda.institutomora.edu.mx\/wp-content\/uploads\/030EXPEDIENTEDERECHOPLATAS1868.xls\">30<\/a><\/span> (<strong>48<\/strong>)<\/p>\n<p>Cuenta del erario federal, Balanza General de Libros, Estado contable de la Tesorer\u00eda General de la Naci\u00f3n, ago. 1867-jun. 1868, p. 305, Doc. 31 (<strong>48<\/strong>)<\/p>\n<p>Cuenta del erario federal, Noticia de ingresos y egresos en la Tesorer\u00eda General de la Naci\u00f3n, ago. 1867-jun. 1868, p. 316, Doc.<span style=\"color: #0000ff;\"> <a style=\"color: #0000ff;\" href=\"https:\/\/memoriasdehacienda.institutomora.edu.mx\/wp-content\/uploads\/032CUENTAERARIOFEDERAL1868.xls\">32<\/a><\/span> (<strong>48<\/strong>)<\/p>\n<p>Cuenta del erario federal, Noticia de entradas directas, Tesorer\u00eda General de la Naci\u00f3n, ago. 1867-jun. 1868, p. 321, Doc. <span style=\"color: #0000ff;\"><a style=\"color: #0000ff;\" href=\"https:\/\/memoriasdehacienda.institutomora.edu.mx\/wp-content\/uploads\/033CUENTAERARIOFEDERAL1868.xls\">33<\/a><\/span> (<strong>48<\/strong>)<\/p>\n<p>Deuda p\u00fablica, externa e interna, Noticia del resultado de almonedas, Tesorer\u00eda General de la Naci\u00f3n, feb.-may. 1868, p. 322, Doc. <span style=\"color: #0000ff;\"><a style=\"color: #0000ff;\" href=\"https:\/\/memoriasdehacienda.institutomora.edu.mx\/wp-content\/uploads\/034DEUDAPUBLICA1868.xls\">34<\/a><\/span> (<strong>48<\/strong>)<\/p>\n<p>Deuda p\u00fablica interna consolidada al 3 y 5%, noticia de los bonos, Tesorer\u00eda General de la Naci\u00f3n, ago. 1867-jun. 1868, p. 323, Doc. <span style=\"color: #0000ff;\"><a style=\"color: #0000ff;\" href=\"https:\/\/memoriasdehacienda.institutomora.edu.mx\/wp-content\/uploads\/035DEUDAPUBLICA1868.xls\">35<\/a><\/span> (<strong>48<\/strong>)<\/p>\n<p>Cuenta de alcances, Noticia de las cantidades que se han ministrado, Tesorer\u00eda General de la Naci\u00f3n, ago. 1867-jun. 1868, p. 324, Doc. <span style=\"color: #0000ff;\"><a style=\"color: #0000ff;\" href=\"https:\/\/memoriasdehacienda.institutomora.edu.mx\/wp-content\/uploads\/036CUENTAALCANCES1868.xls\">36<\/a><\/span> (<strong>48<\/strong>)<\/p>\n<p>Cuenta del erario federal, Noticia de los ingresos y egresos de los caudales que han tenido las oficinas dependientes del gobierno, jul. 1867-jun. 1868, p. 325, Doc. <span style=\"color: #0000ff;\"><a style=\"color: #0000ff;\" href=\"https:\/\/memoriasdehacienda.institutomora.edu.mx\/wp-content\/uploads\/037CUENTAERARIO1868.xls\">37<\/a><\/span> (<strong>48<\/strong>)<\/p>\n<p>Cuenta del erario federal, Noticia de los Productos Naturales que han recaudado las Jefaturas de Hacienda de los Estados, jun.-dic. 1867, p. 325, Doc. 37 (<strong>48<\/strong>)<\/p>\n<p>Papel sellado, pp. 338-339, Doc. <span style=\"color: #0000ff;\"><a style=\"color: #0000ff;\" href=\"https:\/\/memoriasdehacienda.institutomora.edu.mx\/wp-content\/uploads\/038PAPELSELLADO1868.xls\">38<\/a>, <a style=\"color: #0000ff;\" href=\"https:\/\/memoriasdehacienda.institutomora.edu.mx\/wp-content\/uploads\/039PAPELSELLADO1868.xls\">39<\/a>&nbsp;<\/span>(<strong>48<\/strong>)<\/p>\n<p>Papel sellado, expediente sobre desnivelaci\u00f3n en las asignaciones para la renta, p. 341, Doc. <span style=\"color: #0000ff;\"><a style=\"color: #0000ff;\" href=\"https:\/\/memoriasdehacienda.institutomora.edu.mx\/wp-content\/uploads\/040PAPELSELLADOEXPEDIENTE1868.xls\">40<\/a><\/span> (<strong>48<\/strong>)<\/p>\n<p>Contribuciones, Estado general de sus productos (ingresos y egresos) de la Direcci\u00f3n de, jun. 1867-jun. 1868, p. 344, Doc. <span style=\"color: #0000ff;\"><a style=\"color: #0000ff;\" href=\"https:\/\/memoriasdehacienda.institutomora.edu.mx\/wp-content\/uploads\/041CONTRIBUCIONES1868.xls\">41<\/a><\/span> (<strong>48<\/strong>)<\/p>\n<p>Cuenta del erario federal, Corte de caja (ingresos y egreso) de la Administraci\u00f3n principal de rentas, ago. 1867-jun. 1868, p. 347, Doc. <span style=\"color: #0000ff;\"><a style=\"color: #0000ff;\" href=\"https:\/\/memoriasdehacienda.institutomora.edu.mx\/wp-content\/uploads\/042CUENTAERARIOFEDERAL1868.xls\">42<\/a><\/span> (<strong>48<\/strong>)<\/p>\n<p>Comercio interno, Demostraci\u00f3n de los efectos extranjeros introducidos en la Administraci\u00f3n principal de rentas, ago. 1867-jun. 1868, Doc. 43 (<strong>48<\/strong>)<\/p>\n<p>Comercio interno, Demostraci\u00f3n de los frutos y efectos nacionales introducidos en la Administraci\u00f3n principal de rentas, ago. 1867-jun. 1868, Doc. 44 (<strong>48<\/strong>)<\/p>\n<p>Deuda p\u00fablica externa, Estado que guardan los Bonos de las extinguidas convenciones inglesa y espa\u00f1ola, y de la deuda contra\u00edda en Londres (4 documentos con respecto a la deuda con Londres, 3 con respecto a la convenci\u00f3n espa\u00f1ola y 2 con respecto a la convenci\u00f3n inglesa), jun. 1868, Doc. 45 (<strong>48<\/strong>)<\/p>\n<p>Ap\u00e9ndice a la Memoria:<\/p>\n<p>Expediente formado sobre rentas y presupuesto del Territorio de la Baja California, p. 366, Doc. 1[a] (<strong>48<\/strong>)<\/p>\n<p>Expediente formado con motivo de la gesti\u00f3n de las Legislaturas de Yucat\u00e1n y Campeche, para que vuelva a regir el arancel observado desde 1856, p. 370, Doc. 2[a] (<strong>48<\/strong>)<\/p>\n<p>Deuda p\u00fablica interna, Expediente formado acerca de la liquidaci\u00f3n de los cr\u00e9ditos de D. Juan Temple, jun. 1868, p. 378, Doc. 3[a] (<strong>48<\/strong>)<\/p>\n<p>Deuda p\u00fablica interna, Noticia de los certificados expedidos por esta Secretar\u00eda a favor de las personas que no est\u00e1n comprendidas en la ley de 16 agosto 1863, jun. 1868, p. 386, Doc. 4[a] (<strong>48<\/strong>)<\/p>\n<p>Decretos, ordenes y circulares de Hacienda correspondientes al \u00faltimo a\u00f1o fiscal, jul. 1867-jun. 1868, p. 396, Doc. 5[a] (<strong>48<\/strong>)<\/p>\n<p>Observaciones hechas al Congreso sobre varios proyectos de ley durante el \u00faltimo a\u00f1o fiscal, jun. 1868, p. 455, Doc. 6[a] (<strong>48<\/strong>)<\/p>\n<p>Informes, comunicaciones y solicitudes del Ministerio de Hacienda, correspondientes al \u00faltimo a\u00f1o fiscal, jun. 1868, p. 464, Doc. 7[a] (<strong>48<\/strong>)<\/p>\n<p>[\/read]<\/p>\n<div><\/div>\n","protected":false},"excerpt":{"rendered":"<p>(48) Memoria de Hacienda y Cr\u00e9dito P\u00fablico, que el secretario del ramo presenta al Congreso de la Uni\u00f3n, el 28 de septiembre de 1868. M\u00e9xico, Imprenta del Gobierno, en Palacio, a cargo de Jos\u00e9 Mar\u00eda Sandoval, 1868, 22 pp., cuadros, tablas. Firmada por Mat\u00edas Romero (28 de septiembre de 1868). Per\u00edodo: 1867-1868. Se localiza: ,&nbsp;,<\/p>\n<p><a href=\"https:\/\/memoriasdehacienda.institutomora.edu.mx\/?page_id=641\" class=\"more-link themebutton\">Read More<\/a><\/p>\n","protected":false},"author":2,"featured_media":0,"parent":0,"menu_order":0,"comment_status":"closed","ping_status":"closed","template":"","meta":[],"_links":{"self":[{"href":"https:\/\/memoriasdehacienda.institutomora.edu.mx\/index.php?rest_route=\/wp\/v2\/pages\/641"}],"collection":[{"href":"https:\/\/memoriasdehacienda.institutomora.edu.mx\/index.php?rest_route=\/wp\/v2\/pages"}],"about":[{"href":"https:\/\/memoriasdehacienda.institutomora.edu.mx\/index.php?rest_route=\/wp\/v2\/types\/page"}],"author":[{"embeddable":true,"href":"https:\/\/memoriasdehacienda.institutomora.edu.mx\/index.php?rest_route=\/wp\/v2\/users\/2"}],"replies":[{"embeddable":true,"href":"https:\/\/memoriasdehacienda.institutomora.edu.mx\/index.php?rest_route=%2Fwp%2Fv2%2Fcomments&post=641"}],"version-history":[{"count":8,"href":"https:\/\/memoriasdehacienda.institutomora.edu.mx\/index.php?rest_route=\/wp\/v2\/pages\/641\/revisions"}],"predecessor-version":[{"id":8667,"href":"https:\/\/memoriasdehacienda.institutomora.edu.mx\/index.php?rest_route=\/wp\/v2\/pages\/641\/revisions\/8667"}],"wp:attachment":[{"href":"https:\/\/memoriasdehacienda.institutomora.edu.mx\/index.php?rest_route=%2Fwp%2Fv2%2Fmedia&parent=641"}],"curies":[{"name":"wp","href":"https:\/\/api.w.org\/{rel}","templated":true}]}}