{"id":643,"date":"2016-04-07T13:10:48","date_gmt":"2016-04-07T19:10:48","guid":{"rendered":"http:\/\/memoriasdehacienda.colmex.mx\/mhwp\/?page_id=643"},"modified":"2017-08-03T18:10:27","modified_gmt":"2017-08-04T00:10:27","slug":"memoria-49","status":"publish","type":"page","link":"https:\/\/memoriasdehacienda.institutomora.edu.mx\/?page_id=643","title":{"rendered":"Memoria 49 (julio 1868-junio 1869)"},"content":{"rendered":"<p style=\"text-align: justify;\"><span style=\"color: #ff6600;\"><strong><span style=\"font-size: 11pt;\">(49) Memoria que el Secretario de Hacienda y Cr\u00e9dito P\u00fablico presenta al Congreso de la Uni\u00f3n de 16 de septiembre de 1869, y que comprende el a\u00f1o fiscal de 1\u00b0 de julio de 1868 al 30 de junio de 1869. M\u00e9xico, Imprenta del Gobierno, en Palacio, a cargo de Jos\u00e9 Mar\u00eda Sandoval, 1869, 1041 pp., cuadros, tablas, mapas.<\/span><\/strong><\/span><\/p>\n<p style=\"text-align: justify;\"><span style=\"color: #000000;\">Firmada por Mat\u00edas Romero (16 de septiembre de 1869).<\/span><\/p>\n<p style=\"text-align: justify;\"><span style=\"color: #000000;\">Per\u00edodo: julio 1868-junio 1869.<\/span><\/p>\n<p style=\"text-align: justify;\"><span style=\"color: #000000;\">Se localiza: <span class=\"tooltips \" style=\"\" title=\"Biblioteca de la Sociedad Mexicana de Geograf\u00eda y Estad\u00edstica.\">BSMGE<\/span>, <span class=\"tooltips \" style=\"\" title=\"Biblioteca del Instituto de Investigaciones Hist\u00f3ricas, UNAM.\">BIIH<\/span>, <span class=\"tooltips \" style=\"\" title=\"Biblioteca del Instituto de Investigaciones &quot;Dr. Jos\u00e9 Mar\u00eda Luis Mora&quot; (material en micropel\u00edcula).\">BIM-Mfilm<\/span>, <span class=\"tooltips \" style=\"\" title=\"Biblioteca &quot;Danie l Cos\u00edo Villegas&quot;, El Colegio de M\u00e9xico (material en micropel\u00edcula).\">BColmex-Mfilm<\/span>. <\/span><\/p>\n<p style=\"text-align: justify;\"><strong><span style=\"color: #000000;\">Tiene anexos, cuadros y tablas.<\/span><\/strong><\/p>\n<p style=\"text-align: justify;\"><strong><span style=\"color: #000000;\">S\u00edntesis del contenido:<\/span><\/strong><\/p>\n<p style=\"text-align: justify;\"><span style=\"color: #000000;\">A decir de Mat\u00edas Romero la causa de la ca\u00edda de diversas administraciones hab\u00eda sido la ruinosa situaci\u00f3n financiera por la que atraves\u00f3 el pa\u00eds desde la independencia. Sin embargo, la reimplantaci\u00f3n del gobierno republicano en 1867 trajo consigo un viento de regeneraci\u00f3n que otorgaba ciertas ventajas para el futuro pr\u00f3ximo.<\/span><\/p>\n<p style=\"text-align: justify;\"><span style=\"color: #000000;\">Romero menciona que los principales problemas que vive el pa\u00eds son la falta de cr\u00e9dito, misma que obliga a la naci\u00f3n a vivir al d\u00eda y de contado, lo que es reforzado por la irregularidad de las rentas p\u00fablicas, la incomunicaci\u00f3n y la naturaleza antiecon\u00f3mica de algunos impuestos.\u00a0\u00a0\u00a0\u00a0\u00a0\u00a0\u00a0\u00a0\u00a0 Para resolver esa situaci\u00f3n el ministro hace hincapi\u00e9 en que lo primordial es arreglar el asunto de la deuda p\u00fablica. A su parecer, en la medida en que M\u00e9xico recuperara su buena fe y restableciera su cr\u00e9dito, entonces podr\u00eda considerar que a la cuesti\u00f3n financiera se le hab\u00eda dado soluci\u00f3n.<\/span><\/p>\n<p style=\"text-align: justify;\"><span style=\"color: #000000;\">Aunque las aduanas mar\u00edtimas formaban la base de las rentas nacionales era necesario disminuir sus derechos para dar impulso al comercio, creando otros impuestos que los sustituyesen pero que no conllevasen los peligros de aquellos, por ejemplo el del timbre. Tambi\u00e9n se deb\u00eda reformar el arancel vigente para llevarlo a la par del progreso industrial y comercial; mejorar los resguardos, quitar la zona libre de Tamaulipas, y legislar adecuadamente sobre bienes nacionalizados y destinarlos a utilidad p\u00fablica, por ejemplo para el establecimiento de un banco nacional.<\/span>[read more=&#8221;Ver anexos estad\u00edsticos&#8221; less=&#8221;ver menos&#8221;]<\/p>\n<p><span style=\"color: #0000ff;\"><strong>Anexos<\/strong><\/span><\/p>\n<p>Aduanas Mar\u00edtimas y Fronterizas, Estados mensuales, jul. 1868-jun. 1869, Doc. [1-15] (<strong>49<\/strong>)<\/p>\n<p>Jefaturas de Hacienda, Estados mensuales, jul. 1868-jun. 1869, Doc. 16-30 (<strong>49<\/strong>)<\/p>\n<p>Comercio interno y externo, Direcci\u00f3n General de rentas, efectos nacionales y extranjeros, jul. 1868-jun. 1869, Doc. 31 (<strong>49<\/strong>)<\/p>\n<p>Contribuciones del Distrito Federal, Direcci\u00f3n de, jul. 1868-jun. 1869, Doc. 32 (<strong>49<\/strong>)<\/p>\n<p>Papel sellado, Renta de, jul. 1868-jun. 1869, Doc. 33 (<strong>49<\/strong>)<\/p>\n<p>Cuenta del erario federal, Noticia de los productos de la Tesorer\u00eda general, (jul.-dic. 1868), Doc. 34 (<strong>49<\/strong>)<\/p>\n<p>Cuenta del erario federal, Noticia de ingresos, segundo semestre del a\u00f1o fiscal, Tesorer\u00eda General, ene.-jun. 1869, Doc. 35 (<strong>49<\/strong>)<\/p>\n<p>Acu\u00f1aci\u00f3n, Noticia de la acu\u00f1aci\u00f3n en las Casas de Moneda, primer semestre del a\u00f1o econ\u00f3mico 1868-69 (jul.-dic. 1868), Doc. 37 (<strong>49<\/strong><\/p>\n<p>Acu\u00f1aci\u00f3n, Noticia de los caudales de plata y oro acu\u00f1ados que se han exportado (jul.-dic. 1868), Doc. 38 (<strong>49<\/strong>)<\/p>\n<p>Acu\u00f1aci\u00f3n, Noticia de los caudales de plata y oro acu\u00f1ados que se han exportado (ene.-jun. 1869), Doc. 39 (<strong>49<\/strong>)<\/p>\n<p>Casas de Moneda, Cuadro comparativo de amonedaci\u00f3n, 1868-1869, Doc. 40 (<strong>49<\/strong>)<\/p>\n<p>Cuenta del erario federal, Noticia de ingresos y egresos de la federaci\u00f3n, jul. 1868-jun. 1869, Doc. 41 (<strong>49<\/strong>)<\/p>\n<p>Noticia de los ingresos y egresos de las oficinas del gobierno general, julio de 1868-junio de 1869:<\/p>\n<p>Aduana Fronteriza de Paso del Norte, p. 71, jul. 1868-jun. 1869, Doc. 1[a] (<strong>49<\/strong>)<\/p>\n<p>Aduana Fronteriza de Presidio del Norte, p. 72, jul. 1868-jun. 1869, Doc. 2[a] (<strong>49<\/strong>)<\/p>\n<p>Aduana Fronteriza de Piedras Negras, p. 73, jul. 1868-jun. 1869, Doc. 3[a] (<strong>49<\/strong>)<\/p>\n<p>Aduana Fronteriza de Monterrey Laredo, p. 74, jul. 1868-jun. 1869, Doc. 4[a] (<strong>49<\/strong>)<\/p>\n<p>Aduanal (Secci\u00f3n) Fronteriza de Ciudad Guerrero, p. 75, jul. 1868-jun. 1869, Doc. 5[a] (<strong>49<\/strong>)<\/p>\n<p>Aduana Fronteriza de Mier, p. 76, jul. 1868-jun. 1869, Doc. 6[a] (<strong>49<\/strong>)<\/p>\n<p>Aduana Fronteriza de Camargo, p. 77, jul. 1868-jun. 1869, Doc. 7[a] (<strong>49<\/strong>)<\/p>\n<p>Aduana Fronteriza de Reynosa, p. 78, jul. 1868-jun. 1869, Doc. 8[a] (<strong>49<\/strong>)<\/p>\n<p>Aduana Fronteriza de Matamoros, p. 79, jul. 1868-jun. 1869, Doc. 9[a] (<strong>49<\/strong>)<\/p>\n<p>Aduana Mar\u00edtima de Tampico, p. 80, jul. 1868-jun. 1869, Doc. 10[a] (<strong>49<\/strong>)<\/p>\n<p>Aduana Mar\u00edtima de Tuxpan, p. 81, jul. 1868-jun. 1869, Doc. 11[a] (<strong>49<\/strong>)<\/p>\n<p>Aduana Mar\u00edtima de Veracruz, p. 82, jul. 1868-jun. 1869, Doc. 12[a] (<strong>49<\/strong>)<\/p>\n<p>Aduana Mar\u00edtima de Coatzacoalcos, p. 83, jul. 1868-jun. 1869, Doc. 13[a] (<strong>49<\/strong>)<\/p>\n<p>Aduana Mar\u00edtima de Tabasco, p. 84, jul. 1868-jun. 1869, Doc. 14[a] (<strong>49<\/strong>)<\/p>\n<p>Aduana Mar\u00edtima de la Isla del Carmen, p. 85, jul. 1868-jun. 1869, Doc. 15[a] (<strong>49<\/strong>)<\/p>\n<p>Aduana Mar\u00edtima de Campeche, p. 86, jul. 1868-jun. 1869, Doc. 16[a] (<strong>49<\/strong>)<\/p>\n<p>Aduana Mar\u00edtima de Sisal, p. 87, jul. 1868-jun. 1869, Doc. 17[a] (<strong>49<\/strong>)<\/p>\n<p>Aduana Fronteriza de Zapaluta, p. 88, jul. 1868-jun. 1869, Doc. 18[a] (<strong>49<\/strong>)<\/p>\n<p>Aduana Mar\u00edtima de Tonal\u00e1, p. 89, jul. 1868-jun. 1869, Doc. 19[a] (<strong>49<\/strong>)<\/p>\n<p>Aduana Mar\u00edtima de la Ventosa, p. 90, jul. 1868-jun. 1869, Doc. 20[a] (<strong>49<\/strong>)<\/p>\n<p>Aduana Mar\u00edtima de Acapulco, p. 91, jul. 1868-jun. 1869, Doc. 21[a] (<strong>49<\/strong>)<\/p>\n<p>Aduana Mar\u00edtima de Manzanillo, p. 92, jul. 1868-jun. 1869, Doc. 22[a] (<strong>49<\/strong>)<\/p>\n<p>Aduana Mar\u00edtima de San Blas, p. 93, jul. 1868-jun. 1869, Doc. 23[a] (<strong>49<\/strong>)<\/p>\n<p>Aduana Mar\u00edtima de Mazatl\u00e1n, p. 94, jul. 1868-jun. 1869, Doc. 24[a] (<strong>49<\/strong>)<\/p>\n<p>Aduana Mar\u00edtima de Guaymas, p. 95, jul. 1868-jun. 1869, Doc. 25[a] (<strong>49<\/strong>)<\/p>\n<p>Aduana Mar\u00edtima de La Paz, p. 96, jul. 1868-jun. 1869, Doc. 26[a] (<strong>49<\/strong>)<\/p>\n<p>Jefatura de Hacienda del Estado de Veracruz, p. 97, jul. 1868-jun. 1869, Doc. 27[a] (<strong>49<\/strong>)<\/p>\n<p>Jefatura de Hacienda del Estado de M\u00e9xico, p. 98, jul. 1868-jun. 1869, Doc. 28[a] (<strong>49<\/strong>)<\/p>\n<p>Jefatura de Hacienda del Estado de Puebla, p. 99, jul. 1868-jun. 1869, Doc. 29[a] (<strong>49<\/strong>)<\/p>\n<p>Jefatura de Hacienda del Estado de Guanajuato, p. 100, jul. 1868-jun. 1869, Doc. 30[a] (<strong>49<\/strong>)<\/p>\n<p>Jefatura de Hacienda del Estado de Jalisco, p. 101, jul. 1868-jun. 1869, Doc. 31[a] (<strong>49<\/strong>)<\/p>\n<p>Jefatura de Hacienda del Estado de Oaxaca, p. 102, jul. 1868-jun. 1869, Doc. 32[a] (<strong>49<\/strong>)<\/p>\n<p>Jefatura de Hacienda del Estado de Yucat\u00e1n, p. 103, jul. 1868-jun. 1869, Doc. 33[a] (<strong>49<\/strong>)<\/p>\n<p>Jefatura de Hacienda del Estado de Campeche, p. 104, jul. 1868-jun. 1869, Doc. 34[a] (<strong>49<\/strong>)<\/p>\n<p>Jefatura de Hacienda del Estado de San Luis Potos\u00ed, p. 105, jul. 1868-jun. 1869, Doc. 35[a] (<strong>49<\/strong>)<\/p>\n<p>Jefatura de Hacienda del Estado de Tamaulipas, p. 106, jul. 1868-jun. 1869, Doc. 36[a] (<strong>49<\/strong>)<\/p>\n<p>Jefatura de Hacienda del Estado de Michoac\u00e1n, p. 107, jul. 1868-jun. 1869, Doc. 37[a] (<strong>49<\/strong>)<\/p>\n<p>Jefatura de Hacienda del Estado de Durango, p. 108, jul. 1868-jun. 1869, Doc. 38[a] (<strong>49<\/strong>)<\/p>\n<p>Jefatura de Hacienda del Estado de Chihuahua, p. 109, jul. 1868-jun. 1869, Doc. 39[a] (<strong>49<\/strong>)<\/p>\n<p>Jefatura de Hacienda del Estado de Zacatecas, p. 110, jul. 1868-jun. 1869, Doc. 40[a] (<strong>49<\/strong>)<\/p>\n<p>Jefatura de Hacienda del Estado de Nuevo Le\u00f3n, p. 111, jul. 1868-jun. 1869, Doc. 41[a] (<strong>49<\/strong>)<\/p>\n<p>Jefatura de Hacienda del Estado de Coahuila, p. 112, jul. 1868-jun. 1869, Doc. 42[a] (<strong>49<\/strong>)<\/p>\n<p>Jefatura de Hacienda del Estado de Sonora, p. 113, jul. 1868-jun. 1869, Doc. 43[a] (<strong>49<\/strong>)<\/p>\n<p>Jefatura de Hacienda del Estado de Sinaloa, p. 114, jul. 1868-jun. 1869, Doc. 44[a] (<strong>49<\/strong>)<\/p>\n<p>Jefatura de Hacienda del Estado de Chiapas, p. 115, jul. 1868-jun. 1869, Doc. 45[a] (<strong>49<\/strong>)<\/p>\n<p>Jefatura de Hacienda del Estado de Quer\u00e9taro, p. 116, jul. 1868-jun. 1869, Doc. 46[a] (<strong>49<\/strong>)<\/p>\n<p>Jefatura de Hacienda del Estado de Tabasco, p. 117, jul. 1868-jun. 1869, Doc. 47[a] (<strong>49<\/strong>)<\/p>\n<p>Jefatura de Hacienda del Estado de Guerrero, p. 118, jul. 1868-jun. 1869, Doc. 48[a] (<strong>49<\/strong>)<\/p>\n<p>Jefatura de Hacienda del Estado de Aguascalientes, p. 119, jul. 1868-jun. 1869, Doc. 49[a] (<strong>49<\/strong>)<\/p>\n<p>Jefatura de Hacienda del Estado de Tlaxcala, p. 120, jul. 1868-jun. 1869, Doc. 50[a] (<strong>49<\/strong>)<\/p>\n<p>Jefatura de Hacienda del Estado de Colima, p. 121, jul. 1868-jun. 1869, Doc. 51[a] (<strong>49<\/strong>)<\/p>\n<p>Jefatura de Hacienda del Estado de Baja California, p. 122, jul. 1868-jun. 1869, Doc. 52[a] (<strong>49<\/strong>)<\/p>\n<p>Papel Sellado, Renta de, p. 123, jul. 1868-jun. 1869, Doc. 53[a] (<strong>49<\/strong>)<\/p>\n<p>Rentas del Distrito Federal, Administraci\u00f3n Principal de las, p. 124, jul. 1868-jun. 1869, Doc. 54[a] (<strong>49<\/strong>)<\/p>\n<p>Contribuciones Directas del Distrito Federal, Estado que manifiesta los caudales que recaud\u00f3 la Direcci\u00f3n General de, p. 125, jul. 1868-jun. 1869, Doc. 55[a] (<strong>49<\/strong>)<\/p>\n<p>Cuenta del erario federal, Noticia de los Ingresos habidos en esta Tesorer\u00eda, p. 126, jul. 1868-jun. 1869, Doc. 56[a] (<strong>49<\/strong>)<\/p>\n<p>Estado del egreso habido en la Aduanas mar\u00edtimas y fronterizas, Jefaturas de Hacienda, Administraci\u00f3n General del Papel Sellado, Administraci\u00f3n Principal del Distrito, Direcci\u00f3n de Contribuciones Directas del Distrito y Tesorer\u00eda general, julio 1868-junio 1869:<\/p>\n<p>Cuenta del erario federal, Estado que manifiesta el egreso de caudales habidos en las Aduanas Mar\u00edtimas, jul. 1868-jun. 1869, p. 130 Doc.\u00a0 (<strong>49<\/strong>)<\/p>\n<p>Aduana Fronteriza de Paso del Norte (a\u00f1o fiscal completo), p. 131, jul. 1868-jun. 1869, Doc. 37[b] (<strong>49<\/strong>)<\/p>\n<p>Aduana Fronteriza de Presidio del Norte, p. 132, jul. 1868-jun. 1869, Doc. 38[b] (<strong>49<\/strong>)<\/p>\n<p>Aduana Fronteriza de Piedras Negras, p. 133, jul. 1868-jun. 1869, Doc. 39[b] (<strong>49<\/strong>)<\/p>\n<p>Aduana Fronteriza de Monterrey Laredo, p. 134, jul. 1868-jun. 1869, Doc. 40[b] (<strong>49<\/strong>)<\/p>\n<p>Aduanal (Secci\u00f3n) Fronteriza de Ciudad Guerrero, p. 135, jul. 1868-jun. 1869, Doc. 41[b] (<strong>49<\/strong>)<\/p>\n<p>Aduana Fronteriza de Mier, p. 136, jul. 1868-jun. 1869, Doc. 42[b] (<strong>49<\/strong>)<\/p>\n<p>Aduana Fronteriza de Camargo, p. 137, jul. 1868-jun. 1869, Doc. 43[b] (<strong>49<\/strong>)<\/p>\n<p>Aduana Fronteriza de Reynosa, p. 138, jul. 1868-jun. 1869, Doc. 44[b] (<strong>49<\/strong>)<\/p>\n<p>Aduana Fronteriza de Matamoros, p. 139, jul. 1868-jun. 1869, Doc. 45[b] (<strong>49<\/strong>)<\/p>\n<p>Aduana Mar\u00edtima de Tampico, pp. 140-141, jul. 1868-jun. 1869, Doc. 46[b] (<strong>49<\/strong>)<\/p>\n<p>Aduana Mar\u00edtima de Tuxpan, p. 142, jul. 1868-jun. 1869, Doc. 47[b] (<strong>49<\/strong>)<\/p>\n<p>Aduana Mar\u00edtima de Veracruz, p. 143, jul. 1868-jun. 1869, Doc. 48[b] (<strong>49<\/strong>)<\/p>\n<p>Aduana Mar\u00edtima de Coatzacoalcos, p. 144, jul. 1868-jun. 1869, Doc. 49[b] (<strong>49<\/strong>)<\/p>\n<p>Aduana Mar\u00edtima de Tabasco, p. 145, jul. 1868-jun. 1869, Doc. 50[b] (<strong>49<\/strong>)<\/p>\n<p>Aduana Mar\u00edtima de la Isla del Carmen, p. 146, jul. 1868-jun. 1869, Doc. 51[b] (<strong>49<\/strong>)<\/p>\n<p>Aduana Mar\u00edtima de Campeche, p. 147, jul. 1868-jun. 1869, Doc. 52[b] (<strong>49<\/strong>)<\/p>\n<p>Aduana Mar\u00edtima de Sisal, p. 148, jul. 1868-jun. 1869, Doc. 53[b] (<strong>49<\/strong>)<\/p>\n<p>Aduana Fronteriza de Zapaluta, p. 149, jul. 1868-jun. 1869, Doc. 54[b] (<strong>49<\/strong>)<\/p>\n<p>Aduana Mar\u00edtima de Tonal\u00e1, p. 150, jul. 1868-jun. 1869, Doc. 55[b] (<strong>49<\/strong>)<\/p>\n<p>Aduana Mar\u00edtima de la Ventosa, p. 151, jul. 1868-jun. 1869, Doc. 56[b] (<strong>49<\/strong>)<\/p>\n<p>Aduana Mar\u00edtima de Acapulco, p. 152, jul. 1868-jun. 1869, Doc. 57[b] (<strong>49<\/strong>)<\/p>\n<p>Aduana Mar\u00edtima de Manzanillo, p. 153, jul. 1868-jun. 1869, Doc. 58[b] (<strong>49<\/strong>)<\/p>\n<p>Aduana Mar\u00edtima de San Blas, p. 154, jul. 1868-jun. 1869, Doc. 59[b] (<strong>49<\/strong>)<\/p>\n<p>Aduana Mar\u00edtima de Mazatl\u00e1n, p. 155, jul. 1868-jun. 1869, Doc. 60[b] (<strong>49<\/strong>)<\/p>\n<p>Aduana Mar\u00edtima de Guaymas, p. 156, jul. 1868-jun. 1869, Doc. 61[b] (<strong>49<\/strong>)<\/p>\n<p>Aduana Mar\u00edtima de La Paz, p. 157, jul. 1868-jun. 1869, Doc. 62[b] (<strong>49<\/strong>)<\/p>\n<p>Jefatura de Hacienda del Estado de Veracruz, pp. 158-159, jul. 1868-jun. 1869, Doc. 63[b] (<strong>49<\/strong>)<\/p>\n<p>Jefatura de Hacienda del Estado de M\u00e9xico, p. 160, jul. 1868-jun. 1869, Doc. 64[b] (<strong>49<\/strong>)<\/p>\n<p>Jefatura de Hacienda del Estado de Puebla, pp. 161-162, jul. 1868-jun. 1869, Doc. 65[b] (<strong>49<\/strong>)<\/p>\n<p>Jefatura de Hacienda del Estado de Guanajuato, p. 163, jul. 1868-jun. 1869, Doc. 66[b] (<strong>49<\/strong>)<\/p>\n<p>Jefatura de Hacienda del Estado de Jalisco, pp. 164-165, jul. 1868-jun. 1869, Doc. 67[b] (<strong>49<\/strong>)<\/p>\n<p>Jefatura de Hacienda del Estado de Oaxaca, p. 166, jul. 1868-jun. 1869, Doc. 68[b] (<strong>49<\/strong>)<\/p>\n<p>Jefatura de Hacienda del Estado de Yucat\u00e1n, pp. 167-168, jul. 1868-jun. 1869, Doc. 69[b] (<strong>49<\/strong>)<\/p>\n<p>Jefatura de Hacienda del Estado de Campeche, p. 169, jul. 1868-jun. 1869, Doc. 70[b] (<strong>49<\/strong>)<\/p>\n<p>Jefatura de Hacienda del Estado de San Luis Potos\u00ed, p. 170, jul. 1868-jun. 1869, Doc. 71[b] (<strong>49<\/strong>)<\/p>\n<p>Jefatura de Hacienda del Estado de Tamaulipas, p. 171, jul. 1868-jun. 1869, Doc. 72[b] (<strong>49<\/strong>)<\/p>\n<p>Jefatura de Hacienda del Estado de Michoac\u00e1n, p. 172, jul. 1868-jun. 1869, Doc. 73[b] (<strong>49<\/strong>)<\/p>\n<p>Jefatura de Hacienda del Estado de Durango, p. 173, jul. 1868-jun. 1869, Doc. 74[b] (<strong>49<\/strong>)<\/p>\n<p>Jefatura de Hacienda del Estado de Chihuahua, p. 174, jul. 1868-jun. 1869, Doc. 75[b] (<strong>49<\/strong>)<\/p>\n<p>Jefatura de Hacienda del Estado de Zacatecas, p. 175, jul. 1868-jun. 1869, Doc. 76[b] (<strong>49<\/strong>)<\/p>\n<p>Jefatura de Hacienda del Estado de Nuevo Le\u00f3n, p. 176, jul. 1868-jun. 1869, Doc. 77[b] (<strong>49<\/strong>)<\/p>\n<p>Jefatura de Hacienda del Estado de Coahuila, p. 177, jul. 1868-jun. 1869, Doc. 78[b] (<strong>49<\/strong>)<\/p>\n<p>Jefatura de Hacienda del Estado de Sonora, p. 178, jul. 1868-jun. 1869, Doc. 79[b] (<strong>49<\/strong>)<\/p>\n<p>Jefatura de Hacienda del Estado de Sinaloa, p. 179, jul. 1868-jun. 1869, Doc. 80[b] (<strong>49<\/strong>)<\/p>\n<p>Jefatura de Hacienda del Estado de Chiapas, p. 180, jul. 1868-jun. 1869, Doc. 81[b] (<strong>49<\/strong>)<\/p>\n<p>Jefatura de Hacienda del Estado de Quer\u00e9taro, p. 181, jul. 1868-jun. 1869, Doc. 82[b] (<strong>49<\/strong>)<\/p>\n<p>Jefatura de Hacienda del Estado de Tabasco, p. 182, jul. 1868-jun. 1869, Doc. 83[b] (<strong>49<\/strong>)<\/p>\n<p>Jefatura de Hacienda del Estado de Guerrero, p. 183, jul. 1868-jun. 1869, Doc. 84[b] (<strong>49<\/strong>)<\/p>\n<p>Jefatura de Hacienda del Estado de Aguascalientes, p. 184, jul. 1868-jun. 1869, Doc. 85[b] (<strong>49<\/strong>)<\/p>\n<p>Jefatura de Hacienda del Estado de Tlaxcala, p. 185, jul. 1868-jun. 1869, Doc. 86[b] (<strong>49<\/strong>)<\/p>\n<p>Jefatura de Hacienda del Estado de Colima, p. 186, jul. 1868-jun. 1869, Doc. 87[b] (<strong>49<\/strong>)<\/p>\n<p>Jefatura de Hacienda del Territorio de Baja California, p. 187, jul. 1868-jun. 1869, Doc. 88[b] (<strong>49<\/strong>)<\/p>\n<p>Jefatura de Hacienda del Estado de Morelos, p. 188, jul. 1868-jun. 1869, Doc. 89[b] (<strong>49<\/strong>)<\/p>\n<p>Papel Sellado, Administraci\u00f3n General de la Renta de, p. 189, jul. 1868-jun. 1869, Doc. 90[b] (<strong>49<\/strong>)<\/p>\n<p>Rentas del Distrito, Administraci\u00f3n Principal de Renta Papel Sellado del Distrito, y, p. 190, jul. 1868-jun. 1869, Doc. 90[b] (<strong>49<\/strong>)<\/p>\n<p>Papel Sellado, Administraci\u00f3n Principal de Renta Papel Sellado del Distrito, y Rentas del Distrito, p. 190, jul. 1868-jun. 1869, Doc. 90[b] (<strong>49<\/strong>)<\/p>\n<p>Cuenta del erario federal, Estado que manifiesta el egreso de los caudales de la Tesorer\u00eda General de la Naci\u00f3n, pp. 191-196, jul. 1868-jun. 1869, Doc. 91[b] (<strong>49<\/strong>)<\/p>\n<p>Deuda p\u00fablica, Noticia de las cantidades ministradas por las dependencias de Hacienda con cargo a la, pp. 197-198, jul. 1868-jun. 1869, Doc. 94[b] (<strong>49<\/strong>)<\/p>\n<p>Deuda p\u00fablica, Deuda amortizada, Resumen de los bonos certificados de la Deuda Interior y extinguida Convenci\u00f3n Inglesa, p. 199, jul. 1868-jun. 1869, Doc. 95[b] (<strong>49<\/strong>)<\/p>\n<p>Tesorer\u00eda General de la Naci\u00f3n:<\/p>\n<p>Aduanas mar\u00edtimas y fronterizas, Estado general que manifiestan los caudales recaudados, jul. 1868-jun. 1869, Doc. 1[c] (<strong>49<\/strong>)<\/p>\n<p>Aduanas Mar\u00edtimas y Fronterizas, Estado general que manifiesta la distribuci\u00f3n de egresos, jul. 1868-jun. 1869, Doc. 2[c] (<strong>49<\/strong>)<\/p>\n<p>Jefaturas de Hacienda de los Estados, Resumen de los Ingresos que tuvieron las, jul. 1868-jun. 1869, Doc. 3[c] (<strong>49<\/strong>)<\/p>\n<p>Jefaturas de Hacienda de los Estados, Resumen de los Egresos que tuvieron las, jul. 1868-jun. 1869, Doc. 4[c] (<strong>49<\/strong>)<\/p>\n<p>Papel Sellado, jul. 1868-jun. 1869, Doc. 5[c] (<strong>49<\/strong>)<\/p>\n<p>Papel Sellado, Estado del movimiento de caudales que manifiesta la renta, jul. 1868-jun. 1869, Doc. 6[c] (<strong>49<\/strong>)<\/p>\n<p>Contribuciones Directas del Distrito Federal, Estado general que manifiesta los productos e inversi\u00f3n, jul. 1868-jun. 1869, Doc. 7[c] (<strong>49<\/strong>)<\/p>\n<p>Rentas del Distrito, Corte de caja ingresos y egresos, Administraci\u00f3n Principal de las, jul. 1868-jun. 1869, Doc. 8[c] (<strong>49<\/strong>)<\/p>\n<p>Comercio exterior, Noticia de los efectos extranjeros introducidos, jul. 1868-jun. 1869, Doc. 9[c] (<strong>49<\/strong>)<\/p>\n<p>Comercio interno, Demostraci\u00f3n de los frutos y efectos nacionales introducidos en la Administraci\u00f3n de rentas del Distrito, jul. 1868-jun. 1869, Doc. 10[c] (<strong>49<\/strong>)<\/p>\n<p>Deuda Nacional:<\/p>\n<p>Deuda p\u00fablica interna, Noticia de los cr\u00e9ditos presentados, reconocidos, deshechos y pendientes, 1868, jul. 1868-jun. 1869, Doc. 1-42[e] (<strong>49<\/strong>)<\/p>\n<p>Deuda p\u00fablica, Noticia de los cr\u00e9ditos presentados, reconocidos, deshechos y pendientes, 1869, jul. 1868-jun. 1869, Doc. 43-57[e] (<strong>49<\/strong>)<\/p>\n<p>Deuda p\u00fablica, Registro de reclamaciones y deuda liquidada, Estado general, Secci\u00f3n Segunda liquidataria, 1857, [e] (<strong>49<\/strong>)<\/p>\n<p>Disposici\u00f3n sobre contabilidad de la Secretar\u00eda de Hacienda y Cr\u00e9dito P\u00fablico, pp. 371-374.[e] (<strong>49<\/strong>)<\/p>\n<p>Jefaturas de Hacienda, Modelo de Cortes de Caja conforme a la circular de 26 diciembre 1868. Secci\u00f3n Octava, p. 375-390[e] (<strong>49<\/strong>)<\/p>\n<p>Aduanas, Modelo de Corte de Caja conforme a la circular de 26 diciembre 1868, Secci\u00f3n Octava, pp. 391-409.[e] (<strong>49<\/strong>)<\/p>\n<p>Circulares relativas a la contabilidad, pp. 410-418.[e] (<strong>49<\/strong>)<\/p>\n<p>P\u00f3liza fundamental, Tesorer\u00eda General de la Naci\u00f3n, pp. 419-422.[e] (<strong>49<\/strong>)<\/p>\n<p>Circulares, Tesorer\u00eda General de la Naci\u00f3n, pp. 423-431.[e] (<strong>49<\/strong>)<\/p>\n<p>Leyes, decretos y circulares expedidos durante el a\u00f1o fiscal de 1868 a 1869, pp. 433-436.[e] (<strong>49<\/strong>)<\/p>\n<p>Presupuesto de egresos para 1869, pp. 437-500.[e] (<strong>49<\/strong>)<\/p>\n<p>Circulares de Hacienda, pp. 501-556.[e] (<strong>49<\/strong>)<\/p>\n<p>Presupuesto de egresos, 1870, pp. 557-616.[e] (<strong>49<\/strong>)<\/p>\n<p>Iniciativas de Hacienda, 1868-1869, pp. 617-698.[e] (<strong>49<\/strong>)<\/p>\n<p>Iniciativas de Hacienda, observaciones. 1868-1869, pp. 699-713.[e] (<strong>49<\/strong>)<\/p>\n<p>Secci\u00f3n Primera Hacienda, 1868-1869, pp. 715-748.[e] (<strong>49<\/strong>)<\/p>\n<p>Secci\u00f3n Segunda Hacienda, 1868-1869, pp. 749-777.[e] (<strong>49<\/strong>)<\/p>\n<p>Secci\u00f3n Tercera Hacienda, 1868-1869, pp. 778-785.[e] (<strong>49<\/strong>)<\/p>\n<p>Secci\u00f3n Cuarta Hacienda, 1868-1869, pp. 786-795.[e] (<strong>49<\/strong>)<\/p>\n<p>Secci\u00f3n Quinta Hacienda, 1868-1869, pp. 796-807.[e] (<strong>49<\/strong>)<\/p>\n<p>Secci\u00f3n Sexta Hacienda, 1868-1869, pp. 808-834.[e] (<strong>49<\/strong>)<\/p>\n<p>Secci\u00f3n S\u00e9ptima Hacienda, 1868-1869, pp. 835-873.[e] (<strong>49<\/strong>)<\/p>\n<p>Secci\u00f3n Octava Hacienda, 1868-1869, pp. 874-883.[e] (<strong>49<\/strong>)<\/p>\n<p>Deuda p\u00fablica, Noticia de los certificados expedidos durante el a\u00f1o fiscal de 1868 a 1869, a todos los individuos no comprendidos en la ley de 16 agosto 1863, pp. 884-893[e] (<strong>49<\/strong>)<\/p>\n<p>Contribuciones, Listado de contribuyentes de propiedad ra\u00edz de la Rep\u00fablica, pp. 895-897[e] (<strong>49<\/strong>)<\/p>\n<p>Contribuciones Directas del Distrito Federal, Balanza general y mensual correspondiente al mes de abril 1870, Direcci\u00f3n de p. 931[e] (<strong>49<\/strong>)<\/p>\n<p>Contribuciones, Jefatura de Hacienda del Estado de Zacatecas, p. 969[e] (<strong>49<\/strong>)<\/p>\n<p>Contribuciones, Jefatura de Hacienda de Yucat\u00e1n, p. 975[e] (<strong>49<\/strong>)<\/p>\n<p>Contribuciones, Jefatura de Hacienda del Estado de Quer\u00e9taro, p. 976[e] (<strong>49<\/strong>)<\/p>\n<p>Contribuciones, Coahuila de Zaragoza, gobierno del Estado de, p. 978[e] (<strong>49<\/strong>)<\/p>\n<p>Contribuciones, Rentas del Estado de Jalisco, Direcci\u00f3n General de, p. 979[e] (<strong>49<\/strong>)<\/p>\n<p>Ap\u00e9ndice:<\/p>\n<p>Presupuesto de la Federaci\u00f3n, 1869-1870, pp. 981-1020, (<strong>49<\/strong>)<\/p>\n<p>Papel sellado, Renta de, reintegros por el uso del sello 5\u00b0 de actuaci\u00f3n, cambio de sellos errados, multas, razones de pago puestas a despachos por falta de escudos, sellos de libros, cinco documentos, sin paginaci\u00f3n, (<strong>49<\/strong>)<\/p>\n<p>\u00cdndice pormenorizado de la parte expositiva y de los anexos, pp. 1021-1041, (<strong>49<\/strong>)<\/p>\n<p>[\/read]<\/p>\n<div><\/div>\n","protected":false},"excerpt":{"rendered":"<p>(49) Memoria que el Secretario de Hacienda y Cr\u00e9dito P\u00fablico presenta al Congreso de la Uni\u00f3n de 16 de septiembre de 1869, y que comprende el a\u00f1o fiscal de 1\u00b0 de julio de 1868 al 30 de junio de 1869. M\u00e9xico, Imprenta del Gobierno, en Palacio, a cargo de Jos\u00e9 Mar\u00eda Sandoval, 1869, 1041 pp.,<\/p>\n<p><a href=\"https:\/\/memoriasdehacienda.institutomora.edu.mx\/?page_id=643\" class=\"more-link themebutton\">Read More<\/a><\/p>\n","protected":false},"author":2,"featured_media":0,"parent":0,"menu_order":0,"comment_status":"closed","ping_status":"closed","template":"","meta":[],"_links":{"self":[{"href":"https:\/\/memoriasdehacienda.institutomora.edu.mx\/index.php?rest_route=\/wp\/v2\/pages\/643"}],"collection":[{"href":"https:\/\/memoriasdehacienda.institutomora.edu.mx\/index.php?rest_route=\/wp\/v2\/pages"}],"about":[{"href":"https:\/\/memoriasdehacienda.institutomora.edu.mx\/index.php?rest_route=\/wp\/v2\/types\/page"}],"author":[{"embeddable":true,"href":"https:\/\/memoriasdehacienda.institutomora.edu.mx\/index.php?rest_route=\/wp\/v2\/users\/2"}],"replies":[{"embeddable":true,"href":"https:\/\/memoriasdehacienda.institutomora.edu.mx\/index.php?rest_route=%2Fwp%2Fv2%2Fcomments&post=643"}],"version-history":[{"count":5,"href":"https:\/\/memoriasdehacienda.institutomora.edu.mx\/index.php?rest_route=\/wp\/v2\/pages\/643\/revisions"}],"predecessor-version":[{"id":8273,"href":"https:\/\/memoriasdehacienda.institutomora.edu.mx\/index.php?rest_route=\/wp\/v2\/pages\/643\/revisions\/8273"}],"wp:attachment":[{"href":"https:\/\/memoriasdehacienda.institutomora.edu.mx\/index.php?rest_route=%2Fwp%2Fv2%2Fmedia&parent=643"}],"curies":[{"name":"wp","href":"https:\/\/api.w.org\/{rel}","templated":true}]}}