{"id":645,"date":"2016-04-07T13:11:08","date_gmt":"2016-04-07T19:11:08","guid":{"rendered":"http:\/\/memoriasdehacienda.colmex.mx\/mhwp\/?page_id=645"},"modified":"2017-08-07T14:17:39","modified_gmt":"2017-08-07T20:17:39","slug":"memoria-50","status":"publish","type":"page","link":"https:\/\/memoriasdehacienda.institutomora.edu.mx\/?page_id=645","title":{"rendered":"Memoria 50"},"content":{"rendered":"<p style=\"text-align: justify;\"><strong><span style=\"font-size: 11pt; color: #ff6600;\">(50)\u00a0 Exposici\u00f3n que el ejecutivo dirige al Congreso de la Uni\u00f3n, dando cuenta del uso que hizo de las facultades que le concedi\u00f3 el art\u00edculo 11 de la ley de 17 de enero de 1870 y del estado que guarda la Hacienda Federal. M\u00e9xico, Imprenta del Gobierno, en Palacio, a cargo de Jos\u00e9 Mar\u00eda Sandoval, 1870, 27 pp. + 395 pp., cuadros, tablas.<\/span><\/strong><\/p>\n<p style=\"text-align: justify;\"><span style=\"color: #000000;\">Firmada por Mat\u00edas Romero (1\u00b0 de abril de 1870).<\/span><\/p>\n<p style=\"text-align: justify;\"><span style=\"color: #000000;\">Per\u00edodo: 1870.<\/span><\/p>\n<p style=\"text-align: justify;\"><span style=\"color: #000000;\">Se localiza: <span class=\"tooltips \" style=\"\" title=\"Biblioteca de la Sociedad Mexicana de Geograf\u00eda y Estad\u00edstica.\">BSMGE<\/span>, <span class=\"tooltips \" style=\"\" title=\"Biblioteca del Instituto de Investigaciones Hist\u00f3ricas, UNAM.\">BIIH<\/span>, <span class=\"tooltips \" style=\"\" title=\"Biblioteca del Instituto de Investigaciones &quot;Dr. Jos\u00e9 Mar\u00eda Luis Mora&quot; (material en micropel\u00edcula).\">BIM-Mfilm<\/span>, <span class=\"tooltips \" style=\"\" title=\"Biblioteca &quot;Danie l Cos\u00edo Villegas&quot;, El Colegio de M\u00e9xico (material en micropel\u00edcula).\">BColmex-Mfilm<\/span>.<\/span><\/p>\n<p style=\"text-align: justify;\"><strong><span style=\"color: #000000;\">Tiene anexos, cuadros y tablas.<\/span><\/strong><\/p>\n<p style=\"text-align: justify;\"><strong><span style=\"color: #000000;\">S\u00edntesis del contenido:<\/span><\/strong><\/p>\n<p style=\"text-align: justify;\"><span style=\"color: #000000;\">Con fecha 1\u00b0 de abril de 1870, Mat\u00edas Romero se\u00f1ala que las rebeliones de diciembre de 1869 y enero de 1870 en San Luis Potos\u00ed y Zacatecas, respectivamente, obligaron al Congreso y al Ejecutivo a suspender varias de las garant\u00edas individuales y a decretar la ley de 17 de enero. En el art\u00edculo 11 de \u00e9sta se conced\u00eda al presidente del pa\u00eds facultades legislativas en los ramos de Hacienda y Guerra para restablecer el orden y la paz, excepto en asuntos ya pendientes de aprobaci\u00f3n en la C\u00e1mara.<\/span><\/p>\n<p style=\"text-align: justify;\"><span style=\"color: #000000;\">Seg\u00fan Romero, el Ejecutivo no hizo uso de esta prerrogativas salvo en lo referente a la expedici\u00f3n del reglamento de 31 de enero que menciona la forma en c\u00f3mo se har\u00eda efectiva la responsabilidad pecuniaria en que incurriesen los amotinados, sublevados y sediciosos. Se pretend\u00eda con ello acabar con la impunidad que siempre hab\u00edan gozado los cabecillas de las revueltas.<\/span><\/p>\n<p style=\"text-align: justify;\"><span style=\"color: #000000;\">Respecto a la relaci\u00f3n de ingresos-egresos, se\u00f1ala que si bien durante el primer semestre del a\u00f1o econ\u00f3mico 1869-1870 hab\u00eda habido poca diferencia, para el segundo semestre se calculaba un d\u00e9ficit de m\u00e1s de cinco millones debido a las sublevaciones y por ende los aumentos en los gastos de guerra y la disminuci\u00f3n en la entrada de rentas.<\/span><\/p>\n<p style=\"text-align: justify;\"><span style=\"color: #000000;\">Debido al hecho que en abril se iniciaban las sesiones en el Congreso, Romero ped\u00eda que se diera prioridad a la legislaci\u00f3n rent\u00edstica para nivelar el presupuesto y dejar resuelto en lo posible el d\u00e9ficit del a\u00f1o econ\u00f3mico 1870-1871. Como no era posible negociar pr\u00e9stamos, los pasos a seguir ten\u00edan que dirigirse a la reducci\u00f3n de gastos y al incremento de los impuestos, siendo imprescindible para ello reorganizar la administraci\u00f3n hacendaria; limitar las zonas libres, permitir la libre exportaci\u00f3n y circulaci\u00f3n de los productos nacionales, eliminar la prohibici\u00f3n de exportar plata en pasta, volver al gobierno el control de las casas de moneda, determinar el valor de la propiedad ra\u00edz del pa\u00eds y varias medidas adicionales.<\/span>[read more=&#8221;Ver anexos estad\u00edsticos&#8221; less=&#8221;ver menos&#8221;]<\/p>\n<p><strong><span style=\"color: #0000ff;\">Cuadros incluidos estad\u00edsticos incluidos en la parte expositiva:<\/span><\/strong><\/p>\n<p>Presupuesto de gastos, 1870, p. 8, (<strong>50<\/strong>)<\/p>\n<p>Cuenta del erario federal, Estado de ingresos y egreso del Tesoro federal correspondiente al primer semestre del presente a\u00f1o econ\u00f3mico, jul.-dic. 1869 pp. 9-10, (<strong>50<\/strong>)<\/p>\n<p><strong>Anexos<\/strong><\/p>\n<p>Ley de facultades extraordinarias de 17 de enero de 1870, p. 31, Doc. 1, (<strong>50<\/strong>)<\/p>\n<p>Cuenta del erario federal, Noticia de ingresos y egresos habidos en el erario federal en el primer semestre del presente a\u00f1o econ\u00f3mico, jul.-dic. 1869, p. 54, Doc. 4, (<strong>50<\/strong>)<\/p>\n<p>Cuenta del erario federal, Noticia de lo gastado extraordinariamente en el ramo de guerra, lo ministrado a los Estados y lo ocupado por los sublevados, abr. 1870, p. 361, Doc. 5, (<strong>50<\/strong>)<\/p>\n<p>Cuenta del erario federal, Producto de las rentas nacionales en el segundo semestre del \u00faltimo a\u00f1o econ\u00f3mico, ene.-jun. 1869, p. (83), Doc. 6, (<strong>50<\/strong>)<\/p>\n<p>Deuda p\u00fablica, Noticia de los cr\u00e9ditos presentados, reconocidos, desechados y pendientes desde el establecimiento de las secciones liquidatorias hasta el 28 de febrero de 1870, nov. 1867-feb. 1870, p. 84, Doc. 7, (<strong>50<\/strong>)<\/p>\n<p>Deuda p\u00fablica, Noticia de las cantidades pagadas por cuenta de los certificados expedidos por las secciones liquidatorias hasta 15 de mayo de 1870, p. 86, Doc. 8, (<strong>50<\/strong>)<\/p>\n<p>Deuda p\u00fablica, Noticia de las cantidades pagadas por cuenta de los conocimientos de la conducta ocupada en Laguna Seca, may. 1870, p. 87., Doc. 9, (<strong>50<\/strong>)<\/p>\n<p>Deuda p\u00fablica, Expediente sobre ocupaci\u00f3n de una conducta en Zacatecas, abr. 1870, p. 90., Doc. 11, (<strong>50<\/strong>)<\/p>\n<p>Deuda p\u00fablica, Expediente sobre liquidaciones practicadas por la Tesorer\u00eda general, p. 96., Doc. 12, (<strong>50<\/strong>)<\/p>\n<p>Deuda p\u00fablica, Expediente sobre env\u00edo de cuentas de las oficinas federales de hacienda a la Contadur\u00eda mayor, p. 105, Doc. 13, (<strong>50<\/strong>)<\/p>\n<p>Comercio exterior, Trabajos estad\u00edsticos de secci\u00f3n 5a. de la Secretar\u00eda de Hacienda, jul.-dic. 1869, p. 112, Doc. 14, (<strong>50<\/strong>)<\/p>\n<p>Aduanas mar\u00edtimas, Expediente sobre glosa de las cuentas de las aduanas mar\u00edtimas en le presente a\u00f1o econ\u00f3mico, jun. 1869-mar. 1870, p. 172, Doc. 16, (<strong>50<\/strong>)<\/p>\n<p>Cuadro sin\u00f3ptico fiscal de la Rep\u00fablica, (p. 292 bis), Doc. 23, (<strong>50<\/strong>)<\/p>\n<p>Expediente respecto a los bienes pertenecientes a Antonio L\u00f3pez de Santa Anna, abr. 1870, p. 327., Doc. 25, (<strong>50<\/strong>)<\/p>\n<p>[\/read]<\/p>\n<div><\/div>\n","protected":false},"excerpt":{"rendered":"<p>(50)\u00a0 Exposici\u00f3n que el ejecutivo dirige al Congreso de la Uni\u00f3n, dando cuenta del uso que hizo de las facultades que le concedi\u00f3 el art\u00edculo 11 de la ley de 17 de enero de 1870 y del estado que guarda la Hacienda Federal. M\u00e9xico, Imprenta del Gobierno, en Palacio, a cargo de Jos\u00e9 Mar\u00eda Sandoval,<\/p>\n<p><a href=\"https:\/\/memoriasdehacienda.institutomora.edu.mx\/?page_id=645\" class=\"more-link themebutton\">Read More<\/a><\/p>\n","protected":false},"author":2,"featured_media":0,"parent":0,"menu_order":0,"comment_status":"closed","ping_status":"closed","template":"","meta":[],"_links":{"self":[{"href":"https:\/\/memoriasdehacienda.institutomora.edu.mx\/index.php?rest_route=\/wp\/v2\/pages\/645"}],"collection":[{"href":"https:\/\/memoriasdehacienda.institutomora.edu.mx\/index.php?rest_route=\/wp\/v2\/pages"}],"about":[{"href":"https:\/\/memoriasdehacienda.institutomora.edu.mx\/index.php?rest_route=\/wp\/v2\/types\/page"}],"author":[{"embeddable":true,"href":"https:\/\/memoriasdehacienda.institutomora.edu.mx\/index.php?rest_route=\/wp\/v2\/users\/2"}],"replies":[{"embeddable":true,"href":"https:\/\/memoriasdehacienda.institutomora.edu.mx\/index.php?rest_route=%2Fwp%2Fv2%2Fcomments&post=645"}],"version-history":[{"count":6,"href":"https:\/\/memoriasdehacienda.institutomora.edu.mx\/index.php?rest_route=\/wp\/v2\/pages\/645\/revisions"}],"predecessor-version":[{"id":8276,"href":"https:\/\/memoriasdehacienda.institutomora.edu.mx\/index.php?rest_route=\/wp\/v2\/pages\/645\/revisions\/8276"}],"wp:attachment":[{"href":"https:\/\/memoriasdehacienda.institutomora.edu.mx\/index.php?rest_route=%2Fwp%2Fv2%2Fmedia&parent=645"}],"curies":[{"name":"wp","href":"https:\/\/api.w.org\/{rel}","templated":true}]}}