{"id":649,"date":"2016-04-07T13:23:57","date_gmt":"2016-04-07T19:23:57","guid":{"rendered":"http:\/\/memoriasdehacienda.colmex.mx\/mhwp\/?page_id=649"},"modified":"2017-08-07T14:36:54","modified_gmt":"2017-08-07T20:36:54","slug":"memoria-52","status":"publish","type":"page","link":"https:\/\/memoriasdehacienda.institutomora.edu.mx\/?page_id=649","title":{"rendered":"Memoria 52  (16 de septiembre de 1871)"},"content":{"rendered":"<p style=\"text-align: justify;\"><span style=\"font-size: 11pt; color: #ff6600;\"><strong>(52) Memoria de Hacienda y Cr\u00e9dito P\u00fablico correspondiente al cuadrag\u00e9simo sexto a\u00f1o econ\u00f3mico, transcurrido de 1\u00b0 de julio de 1870 a 30 de junio de 1871. Presentada por el secretario de Hacienda al sexto Congreso de la Uni\u00f3n el 16 de septiembre de 1871. M\u00e9xico, Imprenta del Gobierno, en Palacio, a cargo de Jos\u00e9 Mar\u00eda Sandoval, 1871, 655 pp., cuadros, tablas.<\/strong><\/span><\/p>\n<p><span style=\"color: #000000;\">Firmada por Mat\u00edas Romero.<\/span><\/p>\n<p><span style=\"color: #000000;\">Per\u00edodo: julio 1870-junio 1871.<\/span><\/p>\n<p><span style=\"color: #000000;\">Se localiza: <span class=\"tooltips \" style=\"\" title=\"Biblioteca Nacional de M\u00e9xico-Colecci\u00f3n Lafragua, Fondo Reservado, UNAM.\">BNCL<\/span>, <span class=\"tooltips \" style=\"\" title=\"Biblioteca Nacional de M\u00e9xico-Colecci\u00f3n de Libros Raros y Curiosos, Fondo Reservado, UNAM.\">BNLR<\/span>,\u00a0<span class=\"tooltips \" style=\"\" title=\"Biblioteca &quot;Miguel Lerdo de Tejada&quot;, Secretar\u00eda de Hacienda y Cr\u00e9dito P\u00fablico.\">BH<\/span>,\u00a0<span class=\"tooltips \" style=\"\" title=\"Biblioteca del Archivo General de la Naci\u00f3n, M\u00e9xico.\">BAGN<\/span>, <span class=\"tooltips \" style=\"\" title=\"Biblioteca del Instituto de Investigaciones &quot;Dr. Jos\u00e9 Mar\u00eda Luis Mora&quot; (material en micropel\u00edcula).\">BIM-Mfilm<\/span>, <span class=\"tooltips \" style=\"\" title=\"Biblioteca &quot;Daniel Cos\u00edo Villegas&quot;, El Colegio de M\u00e9xico (material en micropel\u00edcula).\">BColmex-Mfilm<\/span>.<\/span><\/p>\n<p><strong><span style=\"color: #000000;\">Tiene anexos, cuadros y tablas.<\/span><\/strong><\/p>\n<p><strong><span style=\"color: #000000;\">S\u00edntesis del contenido:<\/span><\/strong><\/p>\n<p style=\"text-align: justify;\"><span style=\"color: #000000;\">Los temas que cubre esta memoria durante este ejercicio fiscal son: el presupuesto de ingresos y egresos, y el deficiente que result\u00f3 de la diferencia de \u00e9stos; el costo de recaudaci\u00f3n de los productos habidos; los aranceles, la miner\u00eda, los bienes nacionalizados, y el cr\u00e9dito; la contabilidad y la estad\u00edstica fiscal; las leyes expedidas; algunas medidas para regularizar la administraci\u00f3n hacendaria y para desarrollar los elementos de riqueza. Asimismo incluye el presupuesto y d\u00e9ficit estimado para el a\u00f1o siguiente y una noticia de la hacienda p\u00fablica de cuatro Estados.<\/span><\/p>\n<p style=\"text-align: justify;\"><span style=\"color: #000000;\">La informaci\u00f3n referente al ejercicio del presupuesto y a las operaciones hacendarias efectuadas en este a\u00f1o econ\u00f3mico est\u00e1 elaborada con detalle. Se hace especial \u00e9nfasis en el incremento de las rentas federales y se comparan tanto las cifras de \u00e9stas como las del costo de recaudaci\u00f3n con las de los tres a\u00f1os anteriores. Igualmente, se destaca el empe\u00f1o del Ejecutivo por regularizar el buen funcionamiento del aparato administrativo.<\/span><\/p>\n<p style=\"text-align: justify;\"><span style=\"color: #000000;\">Cuando el ministro se ocupa de las medidas que son necesarias para estimular la hacienda p\u00fablica lo hace en forma abreviada y se remite a la memoria anterior en que present\u00f3 ampliamente dichas propuestas.<\/span>[read more=&#8221;Ver anexos estad\u00edsticos&#8221; less=&#8221;ver menos&#8221;]<\/p>\n<p>&nbsp;<\/p>\n<p><span style=\"color: #0000ff;\"><strong>Cuadros incluidos en parte expositiva:<\/strong><\/span><\/p>\n<p>Presupuesto de ingresos y egreso para el a\u00f1o cuadrag\u00e9simo sexto, jul. 1870-jun. 1871, p. 2, (<strong>52<\/strong>)<\/p>\n<p>Cuenta del erario federal, El deficiente en a\u00f1o cuadrag\u00e9simo sexto, jul. 1870-jun. 1871, p. 14, (<strong>52<\/strong>)<\/p>\n<p>Presupuesto y deficiente para el a\u00f1o econ\u00f3mico cuadrag\u00e9simo s\u00e9timo (sic), jul. 1870-jun. 1871, p. 15, (<strong>52<\/strong>)<\/p>\n<p>Cuenta del erario federal, Estado general de ingresos y egresos de la federaci\u00f3n en el a\u00f1o econ\u00f3mico cuadrag\u00e9simosexto, jul. 1870-jun. 1871, p. 25, (<strong>52<\/strong>)<\/p>\n<p>Cuenta del erario federal, Comparaci\u00f3n del producto de las rentas del a\u00f1o econ\u00f3mico cuadrag\u00e9simo quinto con el habido tres a\u00f1os anteriores, jul. 1867-jun. 1868, jul. 1868-jun. 1869, jul. 1869-jun. 1870, p. 31, (<strong>52<\/strong>)<\/p>\n<p>Deuda p\u00fablica, Noticia de los cr\u00e9ditos registrados, reconocidos, desechados y pendientes en las secciones liquidatorias, jul. 1870-jun. 1871, p. 53, (<strong>52<\/strong>)<\/p>\n<p>Estados, Noticia de la Hacienda P\u00fablica en los, jul. 1868-jun. 1870, p. 82, (<strong>52<\/strong>)<\/p>\n<p><strong>Anexos<\/strong>:<\/p>\n<p>Informes de las (seis) secciones de la Secretar\u00eda de Hacienda, referentes a los asuntos que deben mencionarse en la Memoria del Ramo, jul. 1870-jun. 1871, p. 95, (<strong>52<\/strong>)<\/p>\n<p>Cuenta del erario federal, Estado general de ingresos y egresos de la federaci\u00f3n, en el a\u00f1o econ\u00f3mico cuadrag\u00e9simo sexto, jul. 1870-jun. 1871, p. 124, (<strong>52<\/strong>)<\/p>\n<p>Estad\u00edstica Fiscal, correspondiente al a\u00f1o econ\u00f3mico cuadrag\u00e9simo sexto, 1\u00b0 julio 1870 a 31 junio 1871:<\/p>\n<p>Aduanas Mar\u00edtimas y Fronterizas, producto de las, jul. 1870-jun. 1871, p. 133, (<strong>52<\/strong>)<\/p>\n<p>Administraci\u00f3n principal de rentas del Distrito y sus oficinas subalternas, jul. 1870-jun. 1871, p. 232, (<strong>52<\/strong>)<\/p>\n<p>Papel Sellado, Renta del, jul. 1870-jun. 1871, p. 236, (<strong>52<\/strong>)<\/p>\n<p>Contribuciones Directas del Distrito Federal, jul. 1870-jun. 1871, p. 238 (<strong>52<\/strong>)<\/p>\n<p>Bienes Nacionalizados, Productos de, jul. 1870-jun. 1871, p. 241 (<strong>52<\/strong>)<\/p>\n<p>Derechos de fundici\u00f3n, amonedaci\u00f3n y ensaye, jul. 1870-jun. 1871, p. 242 (<strong>52<\/strong>)<\/p>\n<p>Productos de Instrucci\u00f3n P\u00fablica, jul. 1870-jun. 1871, p. 243 (<strong>52<\/strong>)<\/p>\n<p>Impuesto sobre Carruajes, jul. 1870-jun. 1871, p. 243 (<strong>52<\/strong>)<\/p>\n<p>Productos del Correo, jul. 1870-jun. 1871, p. 243 (<strong>52<\/strong>)<\/p>\n<p>Ramos Menores, jul. 1870-jun. 1871, p. 245, (<strong>52<\/strong>)<\/p>\n<p>Rentas federales, Resumen general de las, jul. 1870-jun. 1871, p. 246, (<strong>52<\/strong>)<\/p>\n<p>Noticia de la Amonedaci\u00f3n habida en la Rep\u00fablica, desde el establecimiento de las Casas de Moneda hasta el a\u00f1o 1870:<\/p>\n<p>Amonedaci\u00f3n, Casa de Moneda de M\u00e9xico, (1537-1821), p. 253. (<strong>52<\/strong>)<\/p>\n<p>Amonedaci\u00f3n, Casa de Moneda de Zacatecas, 1810-1870, p. 254. (<strong>52<\/strong>)<\/p>\n<p>Amonedaci\u00f3n, Casa de Moneda de Guanajuato, 1812-1870, p. 255. (<strong>52<\/strong>)<\/p>\n<p>Amonedaci\u00f3n, Casa de Moneda de San Luis Potos\u00ed, 1868-1870, p. 256. (<strong>52<\/strong>)<\/p>\n<p>Amonedaci\u00f3n, Casa de Moneda de Durango, 1811-1870, p. 257. (<strong>52<\/strong>)<\/p>\n<p>Amonedaci\u00f3n, Casa de Moneda de Guadalajara, 1812-1870, p. 258. (<strong>52<\/strong>)<\/p>\n<p>Amonedaci\u00f3n, Casa de Moneda de Chihuahua, 1811-1814 y 1832-1879, p. 259. (<strong>52<\/strong>)<\/p>\n<p>Amonedaci\u00f3n, Casa de Moneda de Culiac\u00e1n, 1844-1870, p. 260. (<strong>52<\/strong>)<\/p>\n<p>Amonedaci\u00f3n, Casa de Moneda de Guadalupe y Calvo, 1844-1849, p. 261 (<strong>52<\/strong>)<\/p>\n<p>Amonedaci\u00f3n, Casa de Moneda de Oaxaca, 1857-1870, p. 261. (<strong>52<\/strong>)<\/p>\n<p>Amonedaci\u00f3n, Casa de Moneda de Sombrerete, 1810-1812, p. 262. (<strong>52<\/strong>)<\/p>\n<p>Amonedaci\u00f3n, Casa de Moneda de Tlalpan, 1828-1830, p. 262. (<strong>52<\/strong>)<\/p>\n<p>Amonedaci\u00f3n, Casa de Moneda de Hermosillo, 1868-1870, p. 263. (<strong>52<\/strong>)<\/p>\n<p>Amonedaci\u00f3n, Casa de Moneda de Alamos, 1868-1870, p. 263. (<strong>52<\/strong>)<\/p>\n<p>Acu\u00f1aci\u00f3n, Resumen General de la acu\u00f1aci\u00f3n en todas las Casas de Moneda. 1537-1870, p. 264 (<strong>52<\/strong>)<\/p>\n<p>Casas de Moneda y ensayes de caja, jul. 1870-jun. 1871, p. 267. (<strong>52<\/strong>)<\/p>\n<p>Casa de Moneda y ensayes de caja de Zacatecas, jul. 1870-jun. 1871, p. 269, (<strong>52<\/strong>)<\/p>\n<p>Casa de Moneda y ensayes de caja de Durango, jul. 1870-jun. 1871, p. 270, (<strong>52<\/strong>)<\/p>\n<p>Casa de Moneda y ensayes de caja de Chihuahua, jul. 1870-jun. 1871, p. 271, (<strong>52<\/strong>)<\/p>\n<p>Casa de Moneda y ensayes de caja de Culiac\u00e1n, jul. 1870-jun. 1871, p. 272, (<strong>52<\/strong>)<\/p>\n<p>Casa de Moneda y ensayes de caja de Oaxaca, jul. 1870-jun. 1871, p. 273, (<strong>52<\/strong>)<\/p>\n<p>Casa de Moneda y ensayes de caja de M\u00e9xico, jul. 1870-jun. 1871, p. 274, (<strong>52<\/strong>)<\/p>\n<p>Casa de Moneda y ensayes de caja de San Luis Potos\u00ed, jul. 1870-jun. 1871, p. 275, (<strong>52<\/strong>)<\/p>\n<p>Casa de Moneda y ensayes de caja de Guanajuato, jul. 1870-jun. 1871, p. 276, (<strong>52<\/strong>)<\/p>\n<p>Casa de Moneda y ensayes de caja de Hermosillo, jul. 1870-jun. 1871, p. 277, (<strong>52<\/strong>)<\/p>\n<p>Casa de Moneda y ensayes de caja de Alamos, jul. 1870-jun. 1871, p. 278, (<strong>52<\/strong>)<\/p>\n<p>Casa de Moneda y ensayes de caja de Guadalajara, jul. 1870-jun. 1871, p. 279, (<strong>52<\/strong>)<\/p>\n<p>Amonedaci\u00f3n, Resumen General de la amonedaci\u00f3n de las Casas de Moneda y ensayes de caja de la Rep\u00fablica, jul. 1870-jun. 1871, p. 280, (<strong>52<\/strong>)<\/p>\n<p>Deuda p\u00fablica, Noticia de los Cr\u00e9ditos presentados a las Secciones liquidatarias, con arreglo a la ley de 19 noviembre 1867, 1870-1871, p. 281, (<strong>52<\/strong>)<\/p>\n<p>Deuda p\u00fablica, Noticia de los Cr\u00e9ditos que de Suprema Orden se han reconocido por la Segunda Secci\u00f3n liquidataria en el mes de la fecha, 1870-1871, p. 300, (<strong>52<\/strong>)<\/p>\n<p>Leyes, decretos, circulares, acuerdos y determinaciones referentes al ramo de hacienda, correspondiente al a\u00f1o econ\u00f3mico cuadrag\u00e9simo sexto, p. 323, (<strong>52<\/strong>)<\/p>\n<p>Presupuesto de egresos de la federaci\u00f3n, jul. 1870-jun. 1871, p. 327. (<strong>52<\/strong>)<\/p>\n<p>Iniciativas de Hacienda presentadas al Congreso de la Uni\u00f3n en el a\u00f1o econ\u00f3mico cuadrag\u00e9simo sexto, jul. 1870-jun. 1871, p. 391, (<strong>52<\/strong>)<\/p>\n<p>Presupuesto de ingresos para el a\u00f1o fiscal jul. 1871-jun. 1872, Proyecto de, p. 409. (<strong>52<\/strong>)<\/p>\n<p>Presupuesto de egresos para el a\u00f1o fiscal jul. 1871-jun. 1872, Proyecto de, p. 410. (<strong>52<\/strong>)<\/p>\n<p>Observaciones del ejecutivo a proyectos de ley, declarados con lugar a votar por el Congreso en el a\u00f1o econ\u00f3mico cuadrag\u00e9simo sexto, p. 461, (<strong>52<\/strong>)<\/p>\n<p>Expedientes de la Secretar\u00eda de Hacienda, publicados en el A\u00f1o Econ\u00f3mico Cuadrag\u00e9simo sexto, p. 479, (<strong>52<\/strong>)<\/p>\n<p>[\/read]<\/p>\n<div><\/div>\n","protected":false},"excerpt":{"rendered":"<p>(52) Memoria de Hacienda y Cr\u00e9dito P\u00fablico correspondiente al cuadrag\u00e9simo sexto a\u00f1o econ\u00f3mico, transcurrido de 1\u00b0 de julio de 1870 a 30 de junio de 1871. Presentada por el secretario de Hacienda al sexto Congreso de la Uni\u00f3n el 16 de septiembre de 1871. M\u00e9xico, Imprenta del Gobierno, en Palacio, a cargo de Jos\u00e9 Mar\u00eda<\/p>\n<p><a href=\"https:\/\/memoriasdehacienda.institutomora.edu.mx\/?page_id=649\" class=\"more-link themebutton\">Read More<\/a><\/p>\n","protected":false},"author":2,"featured_media":0,"parent":0,"menu_order":0,"comment_status":"closed","ping_status":"closed","template":"","meta":[],"_links":{"self":[{"href":"https:\/\/memoriasdehacienda.institutomora.edu.mx\/index.php?rest_route=\/wp\/v2\/pages\/649"}],"collection":[{"href":"https:\/\/memoriasdehacienda.institutomora.edu.mx\/index.php?rest_route=\/wp\/v2\/pages"}],"about":[{"href":"https:\/\/memoriasdehacienda.institutomora.edu.mx\/index.php?rest_route=\/wp\/v2\/types\/page"}],"author":[{"embeddable":true,"href":"https:\/\/memoriasdehacienda.institutomora.edu.mx\/index.php?rest_route=\/wp\/v2\/users\/2"}],"replies":[{"embeddable":true,"href":"https:\/\/memoriasdehacienda.institutomora.edu.mx\/index.php?rest_route=%2Fwp%2Fv2%2Fcomments&post=649"}],"version-history":[{"count":8,"href":"https:\/\/memoriasdehacienda.institutomora.edu.mx\/index.php?rest_route=\/wp\/v2\/pages\/649\/revisions"}],"predecessor-version":[{"id":8283,"href":"https:\/\/memoriasdehacienda.institutomora.edu.mx\/index.php?rest_route=\/wp\/v2\/pages\/649\/revisions\/8283"}],"wp:attachment":[{"href":"https:\/\/memoriasdehacienda.institutomora.edu.mx\/index.php?rest_route=%2Fwp%2Fv2%2Fmedia&parent=649"}],"curies":[{"name":"wp","href":"https:\/\/api.w.org\/{rel}","templated":true}]}}