{"id":651,"date":"2016-04-07T13:24:22","date_gmt":"2016-04-07T19:24:22","guid":{"rendered":"http:\/\/memoriasdehacienda.colmex.mx\/mhwp\/?page_id=651"},"modified":"2017-08-07T14:30:16","modified_gmt":"2017-08-07T20:30:16","slug":"memoria-53","status":"publish","type":"page","link":"https:\/\/memoriasdehacienda.institutomora.edu.mx\/?page_id=651","title":{"rendered":"Memoria 53 (1\u00b0 de abril de 1872)"},"content":{"rendered":"<p style=\"text-align: justify;\"><span style=\"font-size: 11pt; color: #ff6600;\"><strong>(53)\u00a0 Exposici\u00f3n que el ejecutivo federal dirige al congreso de la uni\u00f3n, dando cuenta del uso que ha hecho de las facultades que le concedi\u00f3 el art\u00edculo 3\u00b0 de la ley de 1\u00b0 de diciembre de 1871 y estado que guarda la Hacienda federal en 1\u00b0 de abril de 1872. M\u00e9xico, Imprenta del Gobierno, en Palacio, a cargo de Jos\u00e9 Mar\u00eda Sandoval, 1872, 465 pp., cuadros, tablas.<\/strong><\/span><\/p>\n<p style=\"text-align: justify;\"><span style=\"color: #000000;\">Firmada por Mat\u00edas Romero.<\/span><\/p>\n<p style=\"text-align: justify;\"><span style=\"color: #000000;\">Per\u00edodo: diciembre de 1871-abril de 1870 (1862-1870).<\/span><\/p>\n<p style=\"text-align: justify;\"><span style=\"color: #000000;\">Se localiza: <span class=\"tooltips \" style=\"\" title=\"Biblioteca &quot;Miguel Lerdo de Tejada&quot;, Secretar\u00eda de Hacienda y Cr\u00e9dito P\u00fablico.\">BH<\/span>, <span class=\"tooltips \" style=\"\" title=\"Biblioteca del Instituto de Investigaciones &quot;Dr. Jos\u00e9 Mar\u00eda Luis Mora&quot; (material en micropel\u00edcula).\">BIM-Mfilm<\/span>, <span class=\"tooltips \" style=\"\" title=\"Biblioteca &quot;Daniel Cos\u00edo Villegas&quot;, El Colegio de M\u00e9xico (material en micropel\u00edcula).\">BColmex-Mfilm<\/span>. <\/span><\/p>\n<p style=\"text-align: justify;\"><span style=\"color: #000000;\">Tiene anexos, cuadros y tablas.<\/span><\/p>\n<p style=\"text-align: justify;\"><span style=\"color: #000000;\"><strong>S\u00edntesis del contenido<\/strong>:<\/span><\/p>\n<p style=\"text-align: justify;\"><span style=\"color: #000000;\">El ministro se\u00f1ala que la rebeli\u00f3n en contra de la reelecci\u00f3n de Benito Ju\u00e1rez como presidente de la Rep\u00fablica en 1871 fue la causa que oblig\u00f3 al Congreso a otorgarle a aquel las facultades necesarias para arbitrar recursos y hacer gastos extraordinarios con objeto de restablecer el orden y la paz.<\/span><\/p>\n<p style=\"text-align: justify;\"><span style=\"color: #000000;\">Seg\u00fan Mat\u00edas Romero, el gobierno se ci\u00f1\u00f3 exclusivamente a lo anterior pero sin hacer uso de medios violentos, ya que si se hizo de ingresos fue mediante el cobro esmerado de impuestos y el est\u00edmulo a la producci\u00f3n, el movimiento mercantil y el desarrollo de las fuentes de riqueza p\u00fablica. As\u00ed, &#8220;sin hacer arreglos gravosos a la Naci\u00f3n&#8221;, los ingresos del erario p\u00fablico se destinaron al ramo de guerra, se levantaron restricciones onerosas al desarrollo minero, se adquirieron recursos extraordinarios mediante contratos con particulares sobre bases equitativas, se decret\u00f3 la libre exportaci\u00f3n de metales preciosos en pasta, y se autoriz\u00f3 el tr\u00e1nsito de mercanc\u00edas extranjeras por el territorio nacional.<\/span><\/p>\n<p style=\"text-align: justify;\"><span style=\"color: #000000;\">Pese a que las condiciones de la econom\u00eda mexicana no eran muy satisfactorias, Romero afirma que no se deb\u00edan perder las esperanzas sobre un futuro halag\u00fce\u00f1o, sobre todo si se aprovechaba su posici\u00f3n geogr\u00e1fica y se le colocaba como paso necesario para el comercio entre Europa y Asia. De hecho, esta consideraci\u00f3n y las ventajas de un intercambio interoce\u00e1nico por Tehuantepec permit\u00edan el tr\u00e1nsito de mercanc\u00edas extranjeras, a la vez que deb\u00eda influir en el establecimiento de l\u00edneas de vapores que frecuentaran las costas y reactivaran su comercio. Esto estimular\u00eda la producci\u00f3n nacional y de nuevas v\u00edas de comunicaci\u00f3n, especialmente en esos momentos en que no hab\u00eda recursos para construir en forma r\u00e1pida m\u00e1s caminos de fierro similares al reci\u00e9n terminado de ciudad de M\u00e9xico a Veracruz.<\/span>[read more=&#8221;Ver anexos estad\u00edsticos&#8221; less=&#8221;ver menos&#8221;]<\/p>\n<p><span style=\"color: #0000ff;\"><strong>Documentos Anexos<\/strong><\/span><\/p>\n<p>Cuenta del erario federal, Estado general de ingresos y egresos de la federaci\u00f3n, primer semestre del a\u00f1o econ\u00f3mico s\u00e9timo (sic), jul.-dic. 1871, Doc. 23 (<strong>53<\/strong>)<\/p>\n<p>Comercio exterior, Estad\u00edstica fiscal del puerto de Veracruz, correspondiente al a\u00f1o cuadrag\u00e9simo sexto, jul. 1870-jun. 1871, Doc. 24 (<strong>53<\/strong>)<\/p>\n<p>[\/read]<\/p>\n","protected":false},"excerpt":{"rendered":"<p>(53)\u00a0 Exposici\u00f3n que el ejecutivo federal dirige al congreso de la uni\u00f3n, dando cuenta del uso que ha hecho de las facultades que le concedi\u00f3 el art\u00edculo 3\u00b0 de la ley de 1\u00b0 de diciembre de 1871 y estado que guarda la Hacienda federal en 1\u00b0 de abril de 1872. M\u00e9xico, Imprenta del Gobierno, en<\/p>\n<p><a href=\"https:\/\/memoriasdehacienda.institutomora.edu.mx\/?page_id=651\" class=\"more-link themebutton\">Read More<\/a><\/p>\n","protected":false},"author":2,"featured_media":0,"parent":0,"menu_order":0,"comment_status":"closed","ping_status":"closed","template":"","meta":[],"_links":{"self":[{"href":"https:\/\/memoriasdehacienda.institutomora.edu.mx\/index.php?rest_route=\/wp\/v2\/pages\/651"}],"collection":[{"href":"https:\/\/memoriasdehacienda.institutomora.edu.mx\/index.php?rest_route=\/wp\/v2\/pages"}],"about":[{"href":"https:\/\/memoriasdehacienda.institutomora.edu.mx\/index.php?rest_route=\/wp\/v2\/types\/page"}],"author":[{"embeddable":true,"href":"https:\/\/memoriasdehacienda.institutomora.edu.mx\/index.php?rest_route=\/wp\/v2\/users\/2"}],"replies":[{"embeddable":true,"href":"https:\/\/memoriasdehacienda.institutomora.edu.mx\/index.php?rest_route=%2Fwp%2Fv2%2Fcomments&post=651"}],"version-history":[{"count":6,"href":"https:\/\/memoriasdehacienda.institutomora.edu.mx\/index.php?rest_route=\/wp\/v2\/pages\/651\/revisions"}],"predecessor-version":[{"id":8280,"href":"https:\/\/memoriasdehacienda.institutomora.edu.mx\/index.php?rest_route=\/wp\/v2\/pages\/651\/revisions\/8280"}],"wp:attachment":[{"href":"https:\/\/memoriasdehacienda.institutomora.edu.mx\/index.php?rest_route=%2Fwp%2Fv2%2Fmedia&parent=651"}],"curies":[{"name":"wp","href":"https:\/\/api.w.org\/{rel}","templated":true}]}}