{"id":653,"date":"2016-04-07T13:24:42","date_gmt":"2016-04-07T19:24:42","guid":{"rendered":"http:\/\/memoriasdehacienda.colmex.mx\/mhwp\/?page_id=653"},"modified":"2017-08-07T14:39:02","modified_gmt":"2017-08-07T20:39:02","slug":"memoria-54","status":"publish","type":"page","link":"https:\/\/memoriasdehacienda.institutomora.edu.mx\/?page_id=653","title":{"rendered":"Memoria 54 (16 de septiembre de 1872)"},"content":{"rendered":"<p style=\"text-align: justify;\"><span style=\"font-size: 11pt; color: #ff6600;\"><strong>(54) Memoria que el secretario de Estado y del despacho de Hacienda y Cr\u00e9dito P\u00fablico presenta al Congreso de la Uni\u00f3n en cumplimiento del precepto constitucional. M\u00e9xico, Imprenta de Ignacio Cumplido, 1872, 279 pp., cuadros, tablas.<\/strong><\/span><\/p>\n<p style=\"text-align: justify;\"><span style=\"color: #000000;\">Firmada por Francisco Mej\u00eda.<\/span><\/p>\n<p style=\"text-align: justify;\"><span style=\"color: #000000;\">Per\u00edodo: julio de 1871-junio de 1872.<\/span><\/p>\n<p style=\"text-align: justify;\"><span style=\"color: #000000;\">Se localiza: <span class=\"tooltips \" style=\"\" title=\"Biblioteca Nacional de M\u00e9xico-Colecci\u00f3n Lafragua, Fondo Reservado, UNAM.\">BNCL<\/span>, <span class=\"tooltips \" style=\"\" title=\"Biblioteca Nacional de M\u00e9xico-Colecci\u00f3n de Libros Raros y Curiosos, Fondo Reservado, UNAM.\">BNLR<\/span> <\/span><\/p>\n<p style=\"text-align: justify;\"><span style=\"color: #000000;\">Tiene anexos, cuadros y tablas.<\/span><\/p>\n<p style=\"text-align: justify;\"><span style=\"color: #000000;\"><strong>S\u00edntesis del contenido:<\/strong><\/span><\/p>\n<p style=\"text-align: justify;\"><span style=\"color: #000000;\">Agobiado y presionado por la permanente cr\u00edtica que a sus propuestas hacia el Congreso, Mat\u00edas Romero deja el Ministerio de Hacienda para ser reemplazado por Francisco Mej\u00eda: el &#8220;Secretario Optimista&#8221; a decir de unos, partidario del gasto p\u00fablico inclusive m\u00e1s all\u00e1 de las posibilidades de los ingresos ordinarios. Mej\u00eda viene a romper la cautela que en materia de egresos, caracteriz\u00f3 a la administraci\u00f3n hacendaria de Romero. \u00a0Esta memoria comprende s\u00f3lo tres meses y est\u00e1 organizada de acuerdo a las secciones en que se distribuyen las funciones de la Secretar\u00eda: Aduanas Mar\u00edtimas y Fronterizas; Deuda; Contribuciones, Papel Sellado, Jefaturas de Hacienda y ramos menores; Presupuesto; Pagos civiles y Militares; Estad\u00edstica y Contabilidad directa; Bienes Nacionalizados y Archivo. En su introducci\u00f3n rinde homenaje a las medidas fiscales propuestas por su antecesor, apuntando los alcances y las limitaciones que hasta septiembre se hab\u00edan encontrado, proponiendo a continuaci\u00f3n una serie reformas administrativas tendientes a simplificar los tr\u00e1mites requeridos para la captaci\u00f3n de recursos. Esta meta de Mej\u00eda se refer\u00eda esencialmente a ampliar el personal administrativo para contar con la suficiente burocracia para la centralizaci\u00f3n de las rentas de la rep\u00fablica. Expone tambi\u00e9n que a su llegada como secretario encontr\u00f3 en caja tan s\u00f3lo la cantidad de 98 pesos. No obstante, la salida victoriosa del gobierno de Sebasti\u00e1n Lerdo de Tejada sobre la &#8220;Revuelta de la Noria&#8221;, genera un clima de confianza expresado en la buena disposici\u00f3n de los acreedores para otorgarle un pr\u00e9stamo por la cantidad de 500 mil pesos.<\/span><\/p>\n<p style=\"text-align: justify;\"><span style=\"color: #000000;\">Fund\u00e1ndose en los ingresos recaudados durante el a\u00f1o econ\u00f3mico anterior, el ministro de Hacienda realiza cuentas optimistas para el per\u00edodo 1872-1873, considerando factible reunir una suma superior a los 20 millones de pesos que dar\u00eda oportunidad de cumplir con todos los compromisos econ\u00f3micos, y en particular los referentes a la reforma administrativa.<\/span><\/p>\n<p style=\"text-align: justify;\"><span style=\"color: #000000;\">Al igual que anteriores Ministros de Hacienda, considera que la base de un sistema fiscal moderno deben ser los impuestos directos y por ello propone la creaci\u00f3n del Catastro del Distrito Federal para gravar las propiedades de acuerdo con su valor.<\/span>[read more=&#8221;Ver anexos estad\u00edsticos&#8221; less=&#8221;ver menos&#8221;]<\/p>\n<p>&nbsp;<\/p>\n<p><span style=\"color: #0000ff;\"><strong>Documentos Anexos<\/strong>:<\/span><\/p>\n<p>&nbsp;<\/p>\n<p>Existencias, Noticia de las existencias, entrada y salida de dinero, en la Tesorer\u00eda General jun. 1872, Doc. 1 (<strong>54<\/strong>)<\/p>\n<p>Cuenta del erario federal, Estado de ingresos y egresos en la Tesorer\u00eda General, jun.- sept. 1872, Doc. 2 (<strong>54<\/strong>)<\/p>\n<p>Proyecto de ley relativa al cr\u00e9dito p\u00fablico, 1872, Doc. 3 (<strong>54<\/strong>)<\/p>\n<p>Cuenta del erario federal, Estado general de ingresos y egresos de la federaci\u00f3n, jul. 1871-jun. 1872, Doc. 4 (<strong>54<\/strong>)<\/p>\n<p>Aduanas mar\u00edtimas y fronterizas, jul. 1871-jun. 1872, Doc. 5 (<strong>54<\/strong>)<\/p>\n<p>Escrituras de un empr\u00e9stito interior, jul. 1871-jun. 1872, Doc. 6 (<strong>54<\/strong>)<\/p>\n<p>Jefaturas de Hacienda, ingresos y egresos, jul. 1871-jun. 1872, Doc. 7 (<strong>54<\/strong>)<\/p>\n<p>[\/read]<\/p>\n<div><\/div>\n","protected":false},"excerpt":{"rendered":"<p>(54) Memoria que el secretario de Estado y del despacho de Hacienda y Cr\u00e9dito P\u00fablico presenta al Congreso de la Uni\u00f3n en cumplimiento del precepto constitucional. M\u00e9xico, Imprenta de Ignacio Cumplido, 1872, 279 pp., cuadros, tablas. Firmada por Francisco Mej\u00eda. Per\u00edodo: julio de 1871-junio de 1872. Se localiza: , Tiene anexos, cuadros y tablas. S\u00edntesis<\/p>\n<p><a href=\"https:\/\/memoriasdehacienda.institutomora.edu.mx\/?page_id=653\" class=\"more-link themebutton\">Read More<\/a><\/p>\n","protected":false},"author":2,"featured_media":0,"parent":0,"menu_order":0,"comment_status":"closed","ping_status":"closed","template":"","meta":[],"_links":{"self":[{"href":"https:\/\/memoriasdehacienda.institutomora.edu.mx\/index.php?rest_route=\/wp\/v2\/pages\/653"}],"collection":[{"href":"https:\/\/memoriasdehacienda.institutomora.edu.mx\/index.php?rest_route=\/wp\/v2\/pages"}],"about":[{"href":"https:\/\/memoriasdehacienda.institutomora.edu.mx\/index.php?rest_route=\/wp\/v2\/types\/page"}],"author":[{"embeddable":true,"href":"https:\/\/memoriasdehacienda.institutomora.edu.mx\/index.php?rest_route=\/wp\/v2\/users\/2"}],"replies":[{"embeddable":true,"href":"https:\/\/memoriasdehacienda.institutomora.edu.mx\/index.php?rest_route=%2Fwp%2Fv2%2Fcomments&post=653"}],"version-history":[{"count":5,"href":"https:\/\/memoriasdehacienda.institutomora.edu.mx\/index.php?rest_route=\/wp\/v2\/pages\/653\/revisions"}],"predecessor-version":[{"id":8284,"href":"https:\/\/memoriasdehacienda.institutomora.edu.mx\/index.php?rest_route=\/wp\/v2\/pages\/653\/revisions\/8284"}],"wp:attachment":[{"href":"https:\/\/memoriasdehacienda.institutomora.edu.mx\/index.php?rest_route=%2Fwp%2Fv2%2Fmedia&parent=653"}],"curies":[{"name":"wp","href":"https:\/\/api.w.org\/{rel}","templated":true}]}}