{"id":655,"date":"2016-04-07T13:25:01","date_gmt":"2016-04-07T19:25:01","guid":{"rendered":"http:\/\/memoriasdehacienda.colmex.mx\/mhwp\/?page_id=655"},"modified":"2017-08-07T14:41:08","modified_gmt":"2017-08-07T20:41:08","slug":"memoria-55","status":"publish","type":"page","link":"https:\/\/memoriasdehacienda.institutomora.edu.mx\/?page_id=655","title":{"rendered":"Memoria 55 (16 de septiembre de 1873)"},"content":{"rendered":"<p style=\"text-align: justify;\"><span style=\"color: #ff6600; font-size: 11pt;\"><strong>(55) Informe presentado al Congreso de la Uni\u00f3n el 16 de septiembre de 1873, en cumplimiento del precepto constitucional por el c. Francisco Mej\u00eda, secretario de Estado y del despacho de Hacienda y Cr\u00e9dito P\u00fablico de los estados-Unidos Mexicanos. 1872-1873. M\u00e9xico, Imprenta del Gobierno, en Palacio, 1873, 177 pp., cuadros, tablas.<\/strong><\/span><\/p>\n<p style=\"text-align: justify;\"><span style=\"color: #000000;\">Firmada por Francisco Mej\u00eda .<\/span><\/p>\n<p style=\"text-align: justify;\"><span style=\"color: #000000;\">Per\u00edodo: julio de 1872-junio de 1873.<\/span><\/p>\n<p style=\"text-align: justify;\"><span style=\"color: #000000;\">Se localiza:\u00a0<span class=\"tooltips \" style=\"\" title=\"Biblioteca &quot;Miguel Lerdo de Tejada&quot;, Secretar\u00eda de Hacienda y Cr\u00e9dito P\u00fablico.\">BH<\/span>, <span class=\"tooltips \" style=\"\" title=\"Biblioteca del Instituto de Investigaciones &quot;Dr. Jos\u00e9 Mar\u00eda Luis Mora&quot; (material en micropel\u00edcula).\">BIM-Mfilm<\/span>, <span class=\"tooltips \" style=\"\" title=\"Biblioteca &quot;Daniel Cos\u00edo Villegas&quot;, El Colegio de M\u00e9xico (material en micropel\u00edcula).\">BColmex-Mfilm<\/span>.<\/span><\/p>\n<p style=\"text-align: justify;\"><strong><span style=\"color: #000000;\">Tiene anexos, cuadros y tablas.<\/span><\/strong><\/p>\n<p style=\"text-align: justify;\"><strong><span style=\"color: #000000;\">S\u00edntesis del contenido:<\/span><\/strong><\/p>\n<p style=\"text-align: justify;\"><span style=\"color: #000000;\">En esta memoria el ministro describe a grandes rasgos el estado de las siete secciones de la Secretar\u00eda (Aduanas Mar\u00edtimas y Fronterizas; de Cr\u00e9dito P\u00fablico; Contribuciones; Presupuestos, Estad\u00edstica y Contabilidad; de Bienes Nacionalizados, y de Archivo). La falta de informaci\u00f3n detallada obedece a que no se dispon\u00eda de los datos necesarios en virtud de los trastornos ocasionados en el pa\u00eds despu\u00e9s de la muerte de Benito Ju\u00e1rez.<\/span><\/p>\n<p style=\"text-align: justify;\"><span style=\"color: #000000;\">Francisco Mej\u00eda expone el deplorable estado que guarda la hacienda publica cuando lleg\u00f3 a ocupar el cargo y destaca lo excesivo de los gastos del ramo de guerra para sofocar la rebeli\u00f3n. Asimismo comenta las ventajas y desventajas de algunas de las leyes de aranceles e impuestos directos expedidas por su antecesor, Mat\u00edas Romero, agregando a ello los problemas existentes para el establecimiento de la ley del timbre.<\/span><\/p>\n<p style=\"text-align: justify;\"><span style=\"color: #000000;\">Debido a que se encontraban pendientes de solucionar varias cuestiones en materia de desamortizaci\u00f3n, Mej\u00eda conced\u00eda bastante importancia al ramo de bienes nacionalizados. Para concluir, el secretario se\u00f1ala algunos pormenores sobre el manejo de la hacienda p\u00fablica, en especial sobre los temas que la prensa comentaba criticando la administraci\u00f3n hacendaria, haciendo el ministro blanco de sus ataques.<\/span>[read more=&#8221;Ver anexos estad\u00edsticos&#8221; less=&#8221;ver menos&#8221;]<\/p>\n<p>&nbsp;<\/p>\n<p><strong><span style=\"color: #0000ff;\">Cuadros incluidos en la parte expositiva:<\/span><\/strong><\/p>\n<p>&nbsp;<\/p>\n<p>Deuda p\u00fablica, Cuadro comparativo de la deuda p\u00fablica de las naciones europeas con la que reportaban los Estados Unidos Mexicanos al ser invadidos por Inglaterra, Francia y Espa\u00f1a en diciembre de 1861, y la interior reconocida hasta 1873, p. 20 (p. e.), (<strong>55<\/strong>)<\/p>\n<p>Deuda p\u00fablica, Cuadro comparativo de la deuda p\u00fablica de las naciones americanas con la que reportaban los Estados Unidos Mexicanos al ser invadidos por Inglaterra, Francia y Espa\u00f1a en diciembre de 1861, y la interior reconocida hasta 1873, p. 27 (p. e.), (<strong>55<\/strong>)<\/p>\n<p>Loter\u00eda, Cuadro de productos habidos por el impuesto de 10% sobre premios de, jul. 1872-jun. 1873, p. 71 (p. e.), (<strong>55<\/strong>)<\/p>\n<p>Presupuesto, Cuadro comparativo de los egresos presupuestados, jul. 1872-jun. 1873 y jul. 1873-jun. 1874, p. 76 (p. e.), (<strong>55<\/strong>)<\/p>\n<p>Presupuestos, Cuadro comparativo de los presupuestos ordinarios de ingresos y egresos de las principales naciones con los Estados Unidos Mexicanos, (1872), p. 80 (p. e.), (<strong>55<\/strong>)<\/p>\n<p>Cuenta del erario p\u00fablico, Cuadro comparativo de los ramos de ingreso, jul. 1871-jun. 1872 y jul. 1872-jun. 1873, p. 114 (p. e.), (<strong>55<\/strong>)<\/p>\n<p>Cuenta del erario p\u00fablico, Cuadro comparativo de los ramos de egreso, jul. 1871-jun. 1872 y jul. 1872-jun. 1873, p. 117 (p. e.), (<strong>55<\/strong>)<\/p>\n<p>Aduanas Mar\u00edtimas y Fronterizas, Productos pormenorizados de las, jul. 1872-jun. 1873, p. 118 (p. e.), (<strong>55<\/strong>)<\/p>\n<p>Aduanas Mar\u00edtimas, Productos de las, jul. 1872-jun. 1873, p. 130 (p. e.), (<strong>55<\/strong>)<\/p>\n<p>Aduanas Fronterizas, Productos de las, jul. 1872-jun. 1873, p. 131 (p. e.), (<strong>55<\/strong>)<\/p>\n<p>&nbsp;<\/p>\n<p>Rectificaci\u00f3n de la cuenta de ingresos, jul. 1871-jun. 1872:<\/p>\n<p>Aduanas Mar\u00edtimas y Fronterizas, Resumen de los productos de las, hechas las deducciones y comprendidos los rezagos, jul. 1871-jun. 1872, p. 134 (p. e.), (<strong>55<\/strong>)<\/p>\n<p>Rentas de la federaci\u00f3n, Administraci\u00f3n Principal de Rentas, comprendiendo los rezagos, jul. 1871-jun. 1872, p. 134 (p. e.), (<strong>55<\/strong>)<\/p>\n<p>Papel sellado, jul. 1871-jun. 1872, p. 135 (p. e.), (<strong>55<\/strong>)<\/p>\n<p>Contribuciones directas del Distrito, comparados los rezagos y las deducciones, jul. 1871-jun. 1872, p. 135 (p. e.), (<strong>55<\/strong>)<\/p>\n<p>Bienes Nacionales, jul. 1871-jun. 1872, p. 136 (p. e.), (<strong>55<\/strong>)<\/p>\n<p>Derechos de fundici\u00f3n, amonedaci\u00f3n y ensaye, jul. 1871-jun. 1872, p. 136 (p. e.), (<strong>55<\/strong>)<\/p>\n<p>Productos de Instrucci\u00f3n P\u00fablica, jul. 1871-jun. 1872, p. 136 (p. e.), (<strong>55<\/strong>)<\/p>\n<p>Impuesto sobre carruajes, jul. 1871-jun. 1872, p. 136 (p. e.), (<strong>55<\/strong>)<\/p>\n<p>Correos, Productos de, jul. 1871-jun. 1872, p. 137 (p. e.), (<strong>55<\/strong>)<\/p>\n<p>Ramos Menores, jul. 1871-jun. 1872, p. 137 (p. e.), (<strong>55<\/strong>)<\/p>\n<p>Cuenta del erario federal, Resumen general ingresos, jul. 1871-jun. 1872, p. 138 (p. e.), (<strong>55<\/strong>)<\/p>\n<p>Propiedad ra\u00edz, Resumen del valor de la, por estados, (1872), p. 139 (p. e.), (<strong>55<\/strong>)<\/p>\n<p>Acu\u00f1aci\u00f3n, Casas de Moneda, jul. 1871-jun. 1872, p. 140 (p. e.), (<strong>55<\/strong>)<\/p>\n<p>&nbsp;<\/p>\n<p><strong>Documentos anexos<\/strong>:<\/p>\n<p>Secci\u00f3n primera:<\/p>\n<p>Comisi\u00f3n exploradora (costas y zona fronteriza del norte de Sonora y Baja California) en el Servicio Federal de la Rep\u00fablica de M\u00e9xico, (1873), Doc. 1 (<strong>55<\/strong>)<\/p>\n<p>Informe de la comisi\u00f3n de aranceles, (1873), Doc. 2 (<strong>55<\/strong>)<\/p>\n<p>Circular sobre descarga de buques y circular sobre franquicias concedidas a los vapores correos, (1873), Doc. 3 (<strong>55<\/strong>)<\/p>\n<p>Informe sobre amparos concedidos por el Juez de Distrito de Sinaloa, (1873), Doc. 4 (<strong>55<\/strong>)<\/p>\n<p>Secci\u00f3n segunda:<\/p>\n<p>Deuda p\u00fablica, noticia de los cr\u00e9ditos que han sido reconocidos por la Comisi\u00f3n Mixta reunida en Washington, (1873), Doc. 5 (<strong>55<\/strong>)<\/p>\n<p>Secci\u00f3n tercera:<\/p>\n<p>Propiedad ra\u00edz, r\u00fastica y urbana del Distrito Federal, Noticia del valor de la, jul. 1872-jun. 1873, Doc. 6 (<strong>55<\/strong>)<\/p>\n<p>Contribuciones directas del Distrito Federal, Estado general de ingresos y egresos, jul. 1872-jun. 1873, Doc. 7 (<strong>55<\/strong>)<\/p>\n<p>Deuda p\u00fablica, Estado de las operaciones practicadas sobre redenci\u00f3n de bienes de Instrucci\u00f3n P\u00fablica (ley de 14 diciembre 1872), jul. 1872-jun. 1873, Doc. 8 (<strong>55<\/strong>)<\/p>\n<p>Jefaturas de Hacienda, Cortes de caja de segunda operaci\u00f3n, jul. 1872-jun. 1873, Doc. 9 (<strong>55<\/strong>)<\/p>\n<p>Jefatura de Hacienda de Aguascalientes, (cortes de caja de segunda operaci\u00f3n), jul. 1872-jun. 1873, p. 44, Doc. 9 (<strong>55<\/strong>)<\/p>\n<p>Jefatura de Hacienda de Campeche, (cortes de caja de segunda operaci\u00f3n), jul. 1872-jun. 1873, p. 46, Doc. 9 (<strong>55<\/strong>)<\/p>\n<p>Jefatura de Hacienda de Colima, (cortes de caja de segunda operaci\u00f3n), jul. 1872-jun. 1873, p. 48, Doc. 9 (<strong>55<\/strong>)<\/p>\n<p>Jefatura de Hacienda de Chiapas, (cortes de caja de segunda operaci\u00f3n), jul. 1872-jun. 1873, p. 50, Doc. 9 (<strong>55<\/strong>)<\/p>\n<p>Jefatura de Hacienda de Chihuahua, (cortes de caja de segunda operaci\u00f3n), jul. 1872-jun. 1873, p. 52, Doc. 9 (<strong>55<\/strong>)<\/p>\n<p>Jefatura de Hacienda de Durango, (cortes de caja de segunda operaci\u00f3n), jul. 1872-jun. 1873, p. 54, Doc. 9 (<strong>55<\/strong>)<\/p>\n<p>Jefatura de Hacienda de Guanajuato, (cortes de caja de segunda operaci\u00f3n), jul. 1872-jun. 1873, p. 56, Doc. 9 (<strong>55<\/strong>)<\/p>\n<p>Jefatura de Hacienda de Guerrero, (cortes de caja de segunda operaci\u00f3n), jul. 1872-jun. 1873, p. 58, Doc. 9 (<strong>55<\/strong>)<\/p>\n<p>Jefatura de Hacienda de Hidalgo, (cortes de caja de segunda operaci\u00f3n), jul. 1872-jun. 1873, p. 60, Doc. 9 (<strong>55<\/strong>)<\/p>\n<p>Jefatura de Hacienda de Jalisco, (cortes de caja de segunda operaci\u00f3n), jul. 1872-jun. 1873, p. 62, Doc. 9 (<strong>55<\/strong>)<\/p>\n<p>Jefatura de Hacienda de M\u00e9xico, (cortes de caja de segunda operaci\u00f3n), jul. 1872-jun. 1873, p. 64, Doc. 9 (<strong>55<\/strong>)<\/p>\n<p>Jefatura de Hacienda de Michoac\u00e1n de Ocampo, (cortes de caja de segunda operaci\u00f3n), jul. 1872-jun. 1873, p. 66, Doc. 9 (<strong>55<\/strong>)<\/p>\n<p>Jefatura de Hacienda de Nuevo Le\u00f3n, (cortes de caja de segunda operaci\u00f3n), jul. 1872-jun. 1873, p. 68, Doc. 9 (<strong>55<\/strong>)<\/p>\n<p>Jefatura de Hacienda de Oaxaca, (cortes de caja de segunda operaci\u00f3n), jul. 1872-jun. 1873, p. 70, Doc. 9 (<strong>55<\/strong>)<\/p>\n<p>Jefatura de Hacienda de Quer\u00e9taro, (cortes de caja de segunda operaci\u00f3n), jul. 1872-jun. 1873, p. 72, Doc. 9 (<strong>55<\/strong>)<\/p>\n<p>Jefatura de Hacienda de San Luis Potos\u00ed, (cortes de caja de segunda operaci\u00f3n), jul. 1872-jun. 1873, p. 74, Doc. 9 (<strong>55<\/strong>)<\/p>\n<p>Jefatura de Hacienda de Sonora, (cortes de caja de segunda operaci\u00f3n), jul. 1872-jun. 1873, p. 76, Doc. 9 (<strong>55<\/strong>)<\/p>\n<p>Jefatura de Hacienda de Tabasco, (cortes de caja de segunda operaci\u00f3n), jul. 1872-jun. 1873, p. 78, Doc. 9 (<strong>55<\/strong>)<\/p>\n<p>Jefatura de Hacienda de Tamaulipas, (cortes de caja de segunda operaci\u00f3n), jul. 1872-jun. 1873, p. 80, Doc. 9 (<strong>55<\/strong>)<\/p>\n<p>Jefatura de Hacienda de Tlaxcala, (cortes de caja de segunda operaci\u00f3n), jul. 1872-jun. 1873, p. 82, Doc. 9 (<strong>55<\/strong>)<\/p>\n<p>Jefatura de Hacienda de Veracruz, (cortes de caja de segunda operaci\u00f3n), jul. 1872-jun. 1873, p. 84, Doc. 9 (<strong>55<\/strong>)<\/p>\n<p>Jefatura de Hacienda de Yucat\u00e1n, (cortes de caja de segunda operaci\u00f3n), jul. 1872-jun. 1873, p. 86, Doc. 9 (<strong>55<\/strong>)<\/p>\n<p>Jefatura de Hacienda de Zacatecas, (cortes de caja de segunda operaci\u00f3n), jul. 1872-jun. 1873, p. 88, Doc. 9 (<strong>55<\/strong>)<\/p>\n<p>Jefatura de Hacienda del Territorio de Baja California, (cortes de caja de segunda operaci\u00f3n), jul. 1872-jun. 1873, p. 90, Doc. 9 (<strong>55<\/strong>)<\/p>\n<p>Jefaturas de Hacienda, Estado de los ingreso de las, jul. 1872-jun. 1873, p. 92 Doc. 9 (<strong>55<\/strong>)<\/p>\n<p>Jefaturas de Hacienda, Estado de los egresos de las, jul. 1872-jun. 1873, p. 92, Doc. 9 (<strong>55<\/strong>)<\/p>\n<p>Loter\u00edas, Noticia de las loter\u00edas existentes en la ciudad de M\u00e9xico y su producto por la contribuci\u00f3n del 10 %, jul. 1872-jun. 1873, Doc. 10 (<strong>55<\/strong>)<\/p>\n<p>Secci\u00f3n cuarta:<\/p>\n<p>Papel sellado, circular, jul. 1872-jun. 1873, Doc. 11 (<strong>55<\/strong>)<\/p>\n<p>Secci\u00f3n quinta:<\/p>\n<p>Cuenta del erario federal, Estado general de ingresos y egresos de la Federaci\u00f3n, jul. 1872-jun. 1873, p. 95, Doc. 12 (<strong>55<\/strong>)<\/p>\n<p>Existencias, Noticia de las existencias en las Aduanas Mar\u00edtimas, jul. 1872-jun. 1873, p. 103, Doc. 12 (<strong>55<\/strong>)<\/p>\n<p>Existencias, Noticia de las existencias en las Jefaturas de Hacienda, jul. 1872-jun. 1873, p. 103, Doc. 12 (<strong>55<\/strong>)<\/p>\n<p>Acu\u00f1aci\u00f3n de metales preciosos habidos en las Casas de Moneda, Doc. 13 (<strong>55<\/strong>)<\/p>\n<p>Casa de Moneda de Zacatecas, jul. 1872-jun. 1873, p. 106, Doc. 13 (<strong>55<\/strong>)<\/p>\n<p>Casa de Moneda de Guanajuato, jul. 1872-jun. 1873, p. 108, Doc. 13 (<strong>55<\/strong>)<\/p>\n<p>Casa de Moneda de San Luis Potos\u00ed, jul. 1872-jun. 1873, p. 110, Doc. 13 (<strong>55<\/strong>)<\/p>\n<p>Casa de Moneda de Durango, jul. 1872-jun. 1873, p. 112, Doc. 13 (<strong>55<\/strong>)<\/p>\n<p>Casa de Moneda de Oaxaca, jul. 1872-jun. 1873, p. 114, Doc. 13 (<strong>55<\/strong>)<\/p>\n<p>Casa de Moneda de Chihuahua, jul. 1872-jun. 1873, p. 116, Doc. 13 (<strong>55<\/strong>)<\/p>\n<p>Casa de Moneda de Guadalajara, jul. 1872-jun. 1873, p. 118, Doc. 13 (<strong>55<\/strong>)<\/p>\n<p>Casa de Moneda de Hermosillo, jul. 1872-jun. 1873, p. 120, Doc. 13 (<strong>55<\/strong>)<\/p>\n<p>Casa de Moneda de M\u00e9xico, jul. 1872-jun. 1873, p. 122, Doc. 13 (<strong>55<\/strong>)<\/p>\n<p>Casas de Moneda, Resumen general, jul. 1872-jun. 1873, p. 124, Doc. 13 (<strong>55<\/strong>)<\/p>\n<p>Carta telegr\u00e1fica de la Rep\u00fablica mexicana, expresando las l\u00edneas actualmente establecidas, (1873), Doc. 14 (<strong>55<\/strong>)<\/p>\n<p>Secci\u00f3n sexta:<\/p>\n<p>Bienes Nacionalizados, Productos sin incluir el recaudado en las Jefaturas de Hacienda, jul. 1872-jun. 1873, Doc. 15 (<strong>55<\/strong>)<\/p>\n<p>Bienes Nacionalizados, Capitales Nacionalizados seg\u00fan 36 libros de Hipotecas de M\u00e9xico (1696-1859), Estado que guardan en junio de 1866, Doc. 16 (<strong>55<\/strong>)<\/p>\n<p>Bienes Nacionalizados seg\u00fan 35 protocolos de los Notarios, (1873), Doc. 17 (<strong>55<\/strong>)<\/p>\n<p>Bienes Nacionalizados seg\u00fan 97 oficios de Hipotecas, (1873), Doc. 18 (<strong>55<\/strong>)<\/p>\n<p>Propiedad ra\u00edz, Operaciones presentadas a revisi\u00f3n al Segundo Imperio hasta junio de 1866, Doc. 19 (<strong>55<\/strong>)<\/p>\n<p>Deuda p\u00fablica interna, Cantidades enteradas en la Tesorer\u00eda General, por el ramo de Consolidaci\u00f3n, jul. 1872-jun. 1873, Doc. 20 (<strong>55<\/strong>)<\/p>\n<p>Escribanos que han formado protocolos en la capital de la Rep\u00fablica desde el a\u00f1o 1525-1873, orden cronol\u00f3gico seg\u00fan foliatura, Doc. 21 (<strong>55<\/strong>)<\/p>\n<p>Escribanos, Noticia alfab\u00e9tica de los , (1525-1873), Doc. 22 (<strong>55<\/strong>)<\/p>\n<p>Escribanos, N\u00famero de protocolos correspondientes a cada a\u00f1o, (1525-1873), Doc. 23 (<strong>55<\/strong>)<\/p>\n<p>Escribanos, Protocolos correspondientes a cada siglo civil, (1525-1873), Doc. 24 (<strong>55<\/strong>)<\/p>\n<p>Escribanos, N\u00famero de protocolos que existe en cada notar\u00eda y otras oficinas por orden de su antig\u00fcedad, (1525-1873), Doc. 25 (<strong>55<\/strong>)<\/p>\n<p>Escribanos, Importancia de las notar\u00edas y oficios seg\u00fan los protocolos que depositan, (1525-1873), Doc. 26. (<strong>55<\/strong>)<\/p>\n<p>Recapitulaci\u00f3n:<\/p>\n<p>Ministerio de Guerra y Marina, Noticia de las cantidades ministradas al (contratista) Antonio Escalante, contratista de vestuarios para el ej\u00e9rcito. Doc. 27 (<strong>55<\/strong>)<\/p>\n<p>Ministerio de Guerra y Marina, Noticia de los caballos y mulas compradas para el ej\u00e9rcito, Doc. 28 (<strong>55<\/strong>)<\/p>\n<p>[\/read]<\/p>\n<div><\/div>\n","protected":false},"excerpt":{"rendered":"<p>(55) Informe presentado al Congreso de la Uni\u00f3n el 16 de septiembre de 1873, en cumplimiento del precepto constitucional por el c. Francisco Mej\u00eda, secretario de Estado y del despacho de Hacienda y Cr\u00e9dito P\u00fablico de los estados-Unidos Mexicanos. 1872-1873. M\u00e9xico, Imprenta del Gobierno, en Palacio, 1873, 177 pp., cuadros, tablas. Firmada por Francisco Mej\u00eda<\/p>\n<p><a href=\"https:\/\/memoriasdehacienda.institutomora.edu.mx\/?page_id=655\" class=\"more-link themebutton\">Read More<\/a><\/p>\n","protected":false},"author":2,"featured_media":0,"parent":0,"menu_order":0,"comment_status":"closed","ping_status":"closed","template":"","meta":[],"_links":{"self":[{"href":"https:\/\/memoriasdehacienda.institutomora.edu.mx\/index.php?rest_route=\/wp\/v2\/pages\/655"}],"collection":[{"href":"https:\/\/memoriasdehacienda.institutomora.edu.mx\/index.php?rest_route=\/wp\/v2\/pages"}],"about":[{"href":"https:\/\/memoriasdehacienda.institutomora.edu.mx\/index.php?rest_route=\/wp\/v2\/types\/page"}],"author":[{"embeddable":true,"href":"https:\/\/memoriasdehacienda.institutomora.edu.mx\/index.php?rest_route=\/wp\/v2\/users\/2"}],"replies":[{"embeddable":true,"href":"https:\/\/memoriasdehacienda.institutomora.edu.mx\/index.php?rest_route=%2Fwp%2Fv2%2Fcomments&post=655"}],"version-history":[{"count":4,"href":"https:\/\/memoriasdehacienda.institutomora.edu.mx\/index.php?rest_route=\/wp\/v2\/pages\/655\/revisions"}],"predecessor-version":[{"id":8285,"href":"https:\/\/memoriasdehacienda.institutomora.edu.mx\/index.php?rest_route=\/wp\/v2\/pages\/655\/revisions\/8285"}],"wp:attachment":[{"href":"https:\/\/memoriasdehacienda.institutomora.edu.mx\/index.php?rest_route=%2Fwp%2Fv2%2Fmedia&parent=655"}],"curies":[{"name":"wp","href":"https:\/\/api.w.org\/{rel}","templated":true}]}}