{"id":661,"date":"2016-04-07T13:26:58","date_gmt":"2016-04-07T19:26:58","guid":{"rendered":"http:\/\/memoriasdehacienda.colmex.mx\/mhwp\/?page_id=661"},"modified":"2017-08-08T11:39:19","modified_gmt":"2017-08-08T17:39:19","slug":"memoria-58","status":"publish","type":"page","link":"https:\/\/memoriasdehacienda.institutomora.edu.mx\/?page_id=661","title":{"rendered":"Memoria 58 (10 de diciembre de 1877)"},"content":{"rendered":"<p style=\"text-align: justify;\"><span style=\"font-size: 11pt; color: #ff6600;\"><strong>(58) Memoria de Hacienda y Cr\u00e9dito P\u00fablico correspondiente al quincuag\u00e9simo segundo a\u00f1o econ\u00f3mico transcurrido del 1\u00b0 de julio de 1876 a 30 de junio de 1877, presentada por el secretario de Hacienda y Cr\u00e9dito P\u00fablico al Congreso de la Uni\u00f3n el 10 de diciembre de 1877. M\u00e9xico, Imprenta del Comercio, de Dubl\u00e1n y Ch\u00e1vez, 1877, 99, 301, lix, viii, pp., cuadros, tablas.<\/strong><\/span><\/p>\n<p style=\"text-align: justify;\"><span style=\"color: #000000;\">Firmada por Mat\u00edas Romero.<\/span><\/p>\n<p style=\"text-align: justify;\"><span style=\"color: #000000;\">Per\u00edodo: junio de 1876-julio de 1877.<\/span><\/p>\n<p style=\"text-align: justify;\"><span style=\"color: #000000;\">Se localiza: <span class=\"tooltips \" style=\"\" title=\"Biblioteca &quot;Miguel Lerdo de Tejada&quot;, Secretar\u00eda de Hacienda y Cr\u00e9dito P\u00fablico.\">BH<\/span>,\u00a0<span class=\"tooltips \" style=\"\" title=\"Biblioteca del Banco de M\u00e9xico.\">BBM<\/span>,\u00a0<span class=\"tooltips \" style=\"\" title=\"Biblioteca del Instituto de Investigaciones &quot;Dr. Jos\u00e9 Mar\u00eda Luis Mora&quot; (material en micropel\u00edcula).\">BIM-Mfilm<\/span>, <span class=\"tooltips \" style=\"\" title=\"Biblioteca &quot;Daniel Cos\u00edo Villegas&quot;, El Colegio de M\u00e9xico (material en micropel\u00edcula).\">BColmex-Mfilm<\/span>.<\/span><\/p>\n<p style=\"text-align: justify;\"><strong><span style=\"color: #000000;\">Tiene anexos, cuadros y tablas.<\/span><\/strong><\/p>\n<p style=\"text-align: justify;\"><strong><span style=\"color: #000000;\">S\u00edntesis del contenido:<\/span><\/strong><\/p>\n<p style=\"text-align: justify;\"><span style=\"color: #000000;\">Debido a problemas de orden pol\u00edtico y militar (plan de Tuxtepec), el ramo de Hacienda ha tenido dificultades para conformar esta Memoria, pues en tres diferentes per\u00edodos durante el a\u00f1o, hubo diferentes personas a cargo de la secretar\u00eda, adem\u00e1s del extrav\u00edo de documentos y comprobantes necesarios para la elaboraci\u00f3n de la misma.<\/span><\/p>\n<p style=\"text-align: justify;\"><span style=\"color: #000000;\">Pese a que el entonces ministro de Hacienda, s\u00f3lo estuvo al frente de su cargo poco menos de dos meses, dentro de sus objetivos est\u00e1 el precisar, en lo posible, el papel de Hacienda a lo largo de ese a\u00f1o y el anterior. Menciona las modificaciones que se realizan en el a\u00f1o mencionado, que son, en algunos casos, contradictorias, pues pertenecen a diferentes administraciones.<\/span><\/p>\n<p style=\"text-align: justify;\"><span style=\"color: #000000;\">Seg\u00fan el ministro, en ese momento se vive una situaci\u00f3n desahogada en cuanto a sueldos p\u00fablicos. El tesoro federal disfruta del progreso del comercio, industria y agricultura que se define en la consigna de paz y progreso. Seguidamente se hace un resumen de las disposiciones correspondientes a este a\u00f1o econ\u00f3mico, quincuag\u00e9simo segundo. Trata por separado cada uno de los asuntos de Hacienda.<\/span><\/p>\n<p style=\"text-align: justify;\"><span style=\"color: #000000;\">En lo que se refiere a ingresos y egresos generales se subraya la existencia de un d\u00e9ficit hasta el 14 de diciembre de 1875 de casi de nueve millones de pesos. Se propone reducir el d\u00e9ficit para 1876-77 a trav\u00e9s de nuevos impuestos, medios sueldos, y pr\u00e9stamos de industriales y comerciantes, entre otras medidas que permitan equilibrar los ingresos con los gastos que se han aprobado, considerando prioritario entre ellos el primer pago de deuda externa con los financieros norteamericanos por una suma de $300,000, seg\u00fan la \u00faltima comisi\u00f3n mixta.<\/span><\/p>\n<p style=\"text-align: justify;\"><span style=\"color: #000000;\">Se presentan cuadros y porcentajes que representan ingresos y egresos de cada uno de los ramos gubernamentales en los a\u00f1os quincuag\u00e9simo primero y segundo. Respecto a la cuenta de este \u00faltimo, en realidad hay dos cuentas, no s\u00f3lo diferentes, sino hasta contradictorias. En lo que se refiere al producto de las rentas federales, se muestra un cuadro comparativo, de junio de 1867 a junio de 1877, incluyendo ingresos y egresos de cada uno de los ramos.<\/span><\/p>\n<p style=\"text-align: justify;\"><span style=\"color: #000000;\">En cuanto a las aduanas mar\u00edtimas y fronterizas, el ministro las considera de gran importancia para la econom\u00eda nacional, pues se relacionan con el comercio, agricultura, miner\u00eda e industria, las cuales proporcionaban m\u00e1s de la mitad de las rentas anuales de la Rep\u00fablica. Por ello, y cuidando su recaudaci\u00f3n, sin descuidar los ramos de agricultura, comercio etc. (estableciendo rebajas y franquicias en los aranceles), se establecen medidas y tarifas estables, a partir del triunfo de la revuelta de Tuxtepec, con el objetivo de obtener cuotas y de evitar el fraude y el contrabando. Se incluye una lista de mercanc\u00edas mexicanas de exportaci\u00f3n, de 1876-77, a excepci\u00f3n del oro, plata y piedras minerales.<\/span><\/p>\n<p style=\"text-align: justify;\"><span style=\"color: #000000;\">Se mencionan la evoluci\u00f3n de las contribuciones directas y se se\u00f1ala que el poder ejecutivo aboli\u00f3 las alcabalas y las aduanas interiores. Al mismo tiempo se realiza la reglamentaci\u00f3n de la renta del timbre, siendo relativamente nuevo su uso.<\/span><\/p>\n<p style=\"text-align: justify;\"><span style=\"color: #000000;\">Se reglamentan las rentas del Distrito Federal y Baja California, que comprenden los derechos de portazgo y almacenaje.<\/span><\/p>\n<p style=\"text-align: justify;\"><span style=\"color: #000000;\">Rese\u00f1a la deuda externa, dando el por menor de la norteamericana, que se est\u00e1 liquidando puntualmente.<\/span><\/p>\n<p style=\"text-align: justify;\"><span style=\"color: #000000;\">Asimismo describe la evoluci\u00f3n de la contabilidad fiscal para el cual se establecen nuevos modelos que contribuyan a una centralizaci\u00f3n y uniformidad en las cuentas.<\/span><\/p>\n<p style=\"text-align: justify;\"><span style=\"color: #000000;\">A manera de conclusi\u00f3n, el ministro comenta la evoluci\u00f3n positiva de las finanzas p\u00fablicas, pues se han logrado resolver problemas econ\u00f3micos atrasados con base a la paz social que trajo \u00a0la revuelta de Tuxtepec.<\/span> [read more=&#8221;Ver anexos estad\u00edsticos&#8221; less=&#8221;ver menos&#8221;]<\/p>\n<p>&nbsp;<\/p>\n<p><strong><span style=\"color: #0000ff;\">Cuadros incluidos en la parte expositiva:<\/span><\/strong><\/p>\n<p>Cuadro comparativo de los presupuestos de egreso, 1868-1878, p. 29 (p. e.), (<strong>58<\/strong>)<\/p>\n<p>Cuenta del a\u00f1o econ\u00f3mico quincuag\u00e9simo primero, jul. 1875-jun. 1876, p. 30 (p. e.), (<strong>58<\/strong>)<\/p>\n<p>Cuenta del a\u00f1o econ\u00f3mico quincuag\u00e9simo segundo, jul. 1876-jun. 1877, p. 42 (p. e.), (<strong>58<\/strong>)<\/p>\n<p>Cuadro comparativo del producto de las rentas y su inversi\u00f3n, jul. 1867-jun, 1877, p. 56 (p. e.), (<strong>58<\/strong>)<\/p>\n<p><strong>Documentos anexos<\/strong>:<\/p>\n<p>Leyes, decretos, circulares, acuerdos y determinaciones relativos al ramo de hacienda, jul. 1876-jun. 1877, pp. 5-151, Doc. 1-98 (<strong>58<\/strong>)<\/p>\n<p>Informe de la Secci\u00f3n 1\u00aa de Aduanas Mar\u00edtimas y Fronterizas, jul. 1876-jun. 1877, pp. 152-154, Doc. 99 (<strong>58<\/strong>)<\/p>\n<p>Informe del Departamento de Ajustes y Estad\u00edstica Comercial, jul. 1876-jun. 1877, pp. 154-157, Doc. 100 (<strong>58<\/strong>)<\/p>\n<p>Informe de la Secci\u00f3n 2\u00aa de Cr\u00e9dito Publico y Bienes Nacionales, jul. 1876-jun. 1877, pp. 158-164, Doc. 101 (<strong>58<\/strong>)<\/p>\n<p>Informe de la Secci\u00f3n 3\u00aa de Contribuciones, Timbre y Ramos Menores, jul. 1876-jun. 1877, pp. 164-175, Doc. 102 (<strong>58<\/strong>)<\/p>\n<p>Informe de la Secci\u00f3n 4\u00aa de pagos civiles y militares, jul. 1876-jun. 1877, pp. 175-180, Doc. 103 (<strong>58<\/strong>)<\/p>\n<p>Informe de la Secci\u00f3n 5\u00aa de Estad\u00edstica y Contabilidad Directa, jul. 1876-jun. 1877, pp. 180-181, Doc. 104 (<strong>58<\/strong>)<\/p>\n<p>Informe de la Secci\u00f3n 6\u00aa de Archivo, jul. 1876-jun. 1877, pp. 181-182, Doc. 105 (<strong>58<\/strong>)<\/p>\n<p>Informe de la Secci\u00f3n Liquidatoria, jul. 1876-jun. 1877, pp. 182, Doc. 106 (<strong>58<\/strong>)<\/p>\n<p>Adici\u00f3n, leyes, decretos, circulares, acuerdos y determinaciones de la Tesorer\u00eda General, correspondientes al a\u00f1o quincuag\u00e9simo segundo, jul. 1876-jun. 1877, pp. 183-185, Doc. 107-114 (<strong>58<\/strong>)<\/p>\n<p>Decretos de enero a junio de 1876, dispensando la contribuci\u00f3n federal de impuestos extraordinarios, decretados en los Estados para restablecer el orden p\u00fablico alterado en ellos, jul. 1876-jun. 1877, pp. 186-189, Doc. 115-127 (<strong>58<\/strong>)<\/p>\n<p>Adici\u00f3n, leyes, decretos, circulares, acuerdos y determinaciones sobre las Casas de Moneda, correspondientes al a\u00f1o quincuag\u00e9simo segundo, jul. 1876-jun. 1877, pp. 190-249, Doc. 128-129 (<strong>58<\/strong>)<\/p>\n<p>Adici\u00f3n, leyes, decretos, circulares, acuerdos y determinaciones sobre asuntos diversos, correspondientes al a\u00f1o quincuag\u00e9simo segundo, jul. 1876-jun. 1877, pp. 250-258, Doc. 129bis y 138 (<strong>58<\/strong>)<\/p>\n<p>Cuenta del erario federal, Estados (sin paginaci\u00f3n se ubican al final de los anexos), Doc. 139-140 (<strong>58<\/strong>)<\/p>\n<p>Oficio con que el actual tesorero remite los estados de ingresos y egresos habidos en la oficina de su cargo de diciembre de 1876 a junio de 1877, p. 258, Doc. 141 (<strong>58<\/strong>)<\/p>\n<p>Cuenta del erario federal, Estados de ingresos y egresos que tuvo la Tesorer\u00eda General, de diciembre de 1876 a junio de 1877, sin paginaci\u00f3n, Doc. 142 (<strong>58<\/strong>)<\/p>\n<p>Oficio de remisi\u00f3n del estado general de la cuenta del ramo militar, llevada por la Comisar\u00eda Central, de diciembre de 1876 a junio de 1877, pp. 258-259, Doc. 143 (<strong>58<\/strong>)<\/p>\n<p>Oficio de remisi\u00f3n de la balanza general del libro mayor, por el movimiento que tuvo la Comisar\u00eda Central, de diciembre de 1876 a junio de 1877, p. 259, Doc. 144 (<strong>58<\/strong>)<\/p>\n<p>Cuenta del erario federal, Cuentas de la Comisar\u00eda, Aduanas, Jefaturas, Timbre, Administraciones de Rentas, Contribuciones, Correos y Casas de Moneda, sin paginaci\u00f3n, jul. 1876-jun. 1877, Doc. 145-200 (<strong>58<\/strong>)<\/p>\n<p>Timbre, jul. 1876-jun. 1877, Doc. 201 (<strong>58<\/strong>)<\/p>\n<p>Rentas del Distrito Federal, Administraci\u00f3n Principal del Distrito Federal, jul. 1876-jun. 1877, Doc. 203 (<strong>58<\/strong>)<\/p>\n<p>Contribuciones Directas, Direcci\u00f3n de, jul. 1876-jun. 1877, Doc. 204 (<strong>58<\/strong>)<\/p>\n<p>Correos, Administraci\u00f3n General de, jul. 1876-jun. 1877, Doc. 205 (<strong>58<\/strong>)<\/p>\n<p>Casa de Moneda de Guadalajara, jul. 1876-jun. 1877, Doc. 206 (<strong>58<\/strong>)<\/p>\n<p>Casa de Moneda de Oaxaca de Ju\u00e1rez, jul. 1876-jun. 1877, Doc. 207. (<strong>58<\/strong>)<\/p>\n<p>Casa de Moneda de Durango, jul. 1876-jun. 1877, Doc. 208 (<strong>58<\/strong>)<\/p>\n<p>Expediente relativo a la formaci\u00f3n y liquidaci\u00f3n de las cuentas del tesorero Manuel P. Izaguirre, por el a\u00f1o fiscal de 1875 a 1876 y de julio a noviembre de 1876, pp. 259 a 295, Doc. 209 (<strong>58<\/strong>)<\/p>\n<p>Estado general de ingresos y egresos de federaci\u00f3n, jul. 1874-jun. 1875, pp. 296-301, Doc. 210 (<strong>58<\/strong>)<\/p>\n<p>Comercio exterior, Noticia pormenorizada de la entrada y salida de buques extranjeros por puertos, jul. 1876-jun. 1877, (paginaci\u00f3n en n\u00fameros romanos de aqu\u00ed en adelante), Doc. 211 (<strong>58<\/strong>)<\/p>\n<p>Deuda p\u00fablica, Liquidaci\u00f3n de las indemnizaciones concedidas por la comisi\u00f3n mixta en reclamaciones americanas, noviembre 23 de 1876, Doc. 212<\/p>\n<p>Deuda p\u00fablica, Noticia de los cr\u00e9ditos emanados de la revoluci\u00f3n de Tuxtepec, septiembre 12 de 1877, Doc. 212bis (<strong>58<\/strong>)<\/p>\n<p>Deuda p\u00fablica, Liquidaci\u00f3n de las indemnizaciones concedidas por la Comisi\u00f3n Mixta, en reclamaciones americanas, noviembre 23 de 1876, Doc. 212 (<strong>58<\/strong>)<\/p>\n<p>Liquidaci\u00f3n de las indemnizaciones concedidas por la Comisi\u00f3n Mixta, en reclamaciones mexicanas, noviembre 23 de 1876, Doc. 213 (<strong>58<\/strong>)<\/p>\n<p>Importaci\u00f3n, Estado formado por la Secci\u00f3n 5\u00aa sobre el valor y procedencia de los efectos importados libres de derechos, jul. 1873-jun. 1874, Doc. 214 (<strong>58<\/strong>)<\/p>\n<p>Importaci\u00f3n, Noticia de los efectos libres de derechos importados, con expresi\u00f3n de sus valores de factura y de plaza, as\u00ed como de las aduanas en que tuvo lugar su importaci\u00f3n, jul. 1873-jun. 1874, Doc. 215 (<strong>58<\/strong>)<\/p>\n<p>Importaci\u00f3n, Resumen general practicado por la Secci\u00f3n 5\u00aa sobre el valor y procedencia de los efectos importados libres de derechos, jul. 1873-jun. 1874, Doc. 216 (<strong>58<\/strong>)<\/p>\n<p>Exportaci\u00f3n, Estado general de las exportaciones de madera, con expresi\u00f3n de las aduanas donde se verificaron, puntos de destino, valor de la mercanc\u00eda y derechos que caus\u00f3, jul. 1873-jun. 1874, Doc. 217 (<strong>58<\/strong>)<\/p>\n<p>Exportaci\u00f3n, Noticia de exportaci\u00f3n de metales con expresi\u00f3n de las aduanas por donde se verific\u00f3 la exportaci\u00f3n, jul. 1873-jun. 1874, Doc. 218 (<strong>58<\/strong>)<\/p>\n<p>Exportaci\u00f3n, Noticia de exportaci\u00f3n de metales con expresi\u00f3n de las aduanas donde se verific\u00f3 la exportaci\u00f3n y las naciones a donde se remitieron, jul. 1873-jun. 1874, Doc. 219 (<strong>58<\/strong>)<\/p>\n<p>Exportaci\u00f3n, Noticia de la exportaci\u00f3n de efectos nacionales, con excepci\u00f3n de maderas y metales, especificando las naciones donde se remitieron, jul. 1873-jun. 1874, Doc. 220 (<strong>58<\/strong>)<\/p>\n<p>Acu\u00f1aci\u00f3n, Noticia que manifiesta el valor del oro y plata acu\u00f1ados en las Casas de Moneda, jul. 1869-jun. 1876, Doc. 221 (<strong>58<\/strong>)<\/p>\n<p>Casas de Moneda, Noticia de la exportaci\u00f3n en pasta de ambos metales (oro y plata), de 24 de diciembre de 1871 a 1876, Doc. 221 (<strong>58<\/strong>)<\/p>\n<p>Iniciativa dirigida a la C\u00e1mara de Diputados por el Secretario Landero, para la supresi\u00f3n de las Alcabalas, (1876), Doc. 222 (<strong>58<\/strong>)<\/p>\n<p>Contribuciones extraordinarias, Estado formado por la Tesorer\u00eda General sobre el producto de las contribuciones extraordinarias por decretos de marzo 6, julio 19 y diciembre 27 de 1876, (1877), Doc. 223 (<strong>58<\/strong>)<\/p>\n<p>Contribuciones extraordinarias, Estado de la Direcci\u00f3n de Contribuciones relativo a las, (de aqu\u00ed en adelante sin paginaci\u00f3n), (jul. 1876-jun. 1877), Doc. 224 (59)<\/p>\n<p>Timbre, Noticia de los productos de la renta del, ene. 1875-jun. 1877, Doc. 225 (<strong>58<\/strong>)<\/p>\n<p>Importaci\u00f3n, Noticia de los productos que debieran causar los efectos libres de portazgo por disposici\u00f3n de diciembre de 1876, calculando los derechos que habr\u00edan pagado, (1877), Doc. 226 (<strong>58<\/strong>)<\/p>\n<p>Cuenta del erario federal, Estado de ingresos y Estado de egresos y Balanza de libros del tesoro federal, jul. 1875-jun. 1876, Doc. 137 (<strong>58<\/strong>)<\/p>\n<p>Cuenta del erario federal, Estado de la cuenta de ingresos y Estado de egresos del tesoro federal, de jul. a nov. 1876, Doc. 139 (<strong>58<\/strong>)<\/p>\n<p>Cuenta del erario federal, Balanza general extraordinaria de libros de la Tesorer\u00eda General, de jul. 30 a nov. 1876, Doc. 140 (<strong>58<\/strong>)<\/p>\n<p>Estado que manifiesta los ingresos y Estado que manifiesta los egresos del tesoro federal, dic. 1876-jun. 1877, Doc. 141 (<strong>58<\/strong>)<\/p>\n<p>Ministerio de Guerra, Estado de la cuenta (egresos) del ramo militar, dic. 1876-jun. 1877, Doc. 145 (<strong>58<\/strong>)<\/p>\n<p>Ministerio de Guerra, Balanza de libros de la Comisar\u00eda Central de Guerra y Marina, estados de ingresos y egresos, dic. 1876-jun. 1877, Doc. 146 (<strong>58<\/strong>)<\/p>\n<p>Aduanas Mar\u00edtimas y Fronterizas, Estado general de ingreso y egreso que tuvieron las, jul. 1876-jun. 1877, Doc. 147 (<strong>58<\/strong>)<\/p>\n<p>Aduana Mar\u00edtima de Acapulco, Estado de valores de la, jul. 1876-jun. 1877, Doc. 148 (<strong>58<\/strong>)<\/p>\n<p>Aduana Mar\u00edtima de Altar, Estado de valores de la, jul. 1876-jun. 1877, Doc. 149 (<strong>58<\/strong>)<\/p>\n<p>Aduana Mar\u00edtima de Bah\u00eda de Magdalena, Estado de valores de la, jul. 1876-jun. 1877, Doc. 150 (<strong>58<\/strong>)<\/p>\n<p>Aduana Mar\u00edtima de Campeche, Estado de valores de la, jul. 1876-jun. 1877, Doc. 151 (<strong>58<\/strong>)<\/p>\n<p>Aduana Fronteriza de Camargo, Estado de valores de la, jul. 1876-jun. 1877, Doc. 152 (<strong>58<\/strong>)<\/p>\n<p>Aduana Mar\u00edtima de Coatzacoalcos, Estado de valores de la, jul. 1876-jun. 1877, Doc. 153 (<strong>58<\/strong>)<\/p>\n<p>Aduana Mar\u00edtima de Frontera, Estado de valores de la, jul. 1876-jun. 1877, Doc. 154 (<strong>58<\/strong>)<\/p>\n<p>Aduana Mar\u00edtima de Guaymas, Estado de valores de la, jul. 1876-jun. 1877, Doc. 155 (<strong>58<\/strong>)<\/p>\n<p>Aduana Mar\u00edtima de Isla del Carmen, Estado de valores de la, jul. 1876-jun. 1877, Doc. 156 (<strong>58<\/strong>)<\/p>\n<p>Aduana Fronteriza de Janos, Estado de valores de la, jul. 1876-jun. 1877, Doc. 157 (<strong>58<\/strong>)<\/p>\n<p>Aduana Mar\u00edtima de La Paz, Estado de valores de la, jul. 1876-jun. 1877, Doc. 158 (<strong>58<\/strong>)<\/p>\n<p>Aduana Fronteriza de La Magdalena, Estado de valores de la, jul. 1876-jun. 1877, Doc. 159 (<strong>58<\/strong>)<\/p>\n<p>Aduana Mar\u00edtima de Manzanillo, Estado de valores de la, jul. 1876-jun. 1877, Doc. 160 (<strong>58<\/strong>)<\/p>\n<p>Aduana Mar\u00edtima y Fronteriza de Matamoros, Estado de valores de la, jul. 1876-jun. 1877, Doc. 161 (<strong>58<\/strong>)<\/p>\n<p>Aduana Mar\u00edtima de Mazatl\u00e1n, Estado de valores de la, jul. 1876-jun. 1877, Doc. 162 (<strong>58<\/strong>)<\/p>\n<p>Aduana Fronteriza de Mier, Estado de valores de la, jul. 1876-jun. 1877, Doc. 163 (<strong>58<\/strong>)<\/p>\n<p>Aduana Fronteriza de Monterrey-Laredo, Estado de valores de la, jul. 1876-jun. 1877, Doc. 164 (<strong>58<\/strong>)<\/p>\n<p>Aduana Fronteriza de Paso del Norte, Estado de valores de la, jul. 1876-jun. 1877, Doc. 165 (<strong>58<\/strong>)<\/p>\n<p>Aduana Fronteriza de Presidio del Norte, Estado de valores de la, jul. 1876-jun. 1877, Doc. 166 (<strong>58<\/strong>)<\/p>\n<p>Aduana Mar\u00edtima de Progreso, Estado de valores de la, jul. 1876-jun. 1877, Doc. 167 (<strong>58<\/strong>)<\/p>\n<p>Aduana Mar\u00edtima de San Blas, Estado de valores de la, jul. 1876-jun. 1877, Doc. 168 (<strong>58<\/strong>)<\/p>\n<p>Aduana Mar\u00edtima de Soconusco, Estado de valores de la, jul. 1876-jun. 1877, Doc. 169 (<strong>58<\/strong>)<\/p>\n<p>Aduana Mar\u00edtima de Tampico, Estado de valores de la, jul. 1876-jun. 1877, Doc. 170 (<strong>58<\/strong>)<\/p>\n<p>Aduana Mar\u00edtima de Tuxpan, Estado de valores de la, jul. 1876-jun. 1877, Doc. 171 (<strong>58<\/strong>)<\/p>\n<p>Aduana Mar\u00edtima de Veracruz, Estado de valores de la, jul. 1876-jun. 1877, Doc. 172 (<strong>58<\/strong>)<\/p>\n<p>Jefaturas de Hacienda, Estado general de ingresos y egresos que tuvieron las Jefaturas de Hacienda en los Estados, jul. 1876-jun. 1877, Doc. 173 (<strong>58<\/strong>)<\/p>\n<p>Jefatura de Hacienda de Aguascalientes, Estado general de ingresos y egresos que tuvo la, jul. 1876-jun. 1877, Doc. 174 (<strong>58<\/strong>)<\/p>\n<p>Jefatura de Hacienda de Campeche, Estado general de ingresos y egresos que tuvo la, jul. 1876-jun. 1877, Doc. 175 (<strong>58<\/strong>)<\/p>\n<p>Jefatura de Hacienda de Chiapas, Estado general de ingresos y egresos que tuvo la, jul. 1876-jun. 1877, Doc. 176 (<strong>58<\/strong>)<\/p>\n<p>Jefatura de Hacienda de Chihuahua, Estado general de ingresos y egresos que tuvo la, jul. 1876-jun. 1877, Doc. 177 (<strong>58<\/strong>)<\/p>\n<p>Jefatura de Hacienda de Coahuila, Estado general de ingresos y egresos que tuvo la, jul. 1876-jun. 1877, Doc. 178 (<strong>58<\/strong>)<\/p>\n<p>Jefatura de Hacienda de Colima, Estado general de ingresos y egresos que tuvo la, jul. 1876-jun. 1877, Doc. 179 (<strong>58<\/strong>)<\/p>\n<p>Jefatura de Hacienda de Durango, Estado general de ingresos y egresos que tuvo la, jul. 1876-jun. 1877, Doc. 180 (<strong>58<\/strong>)<\/p>\n<p>Jefatura de Hacienda de Guanajuato, Estado general de ingresos y egresos que tuvo la, jul. 1876-jun. 1877, Doc. 181 (<strong>58<\/strong>)<\/p>\n<p>Jefatura de Hacienda de Guerrero, Estado general de ingresos y egresos que tuvo la, jul. 1876-jun. 1877, Doc. 182 (<strong>58<\/strong>)<\/p>\n<p>Jefatura de Hacienda de Hidalgo, Estado general de ingresos y egresos que tuvo la, jul. 1876-jun. 1877, Doc. 183 (<strong>58<\/strong>)<\/p>\n<p>Jefatura de Hacienda de Jalisco, Estado general de ingresos y egresos que tuvo la, jul. 1876-jun. 1877, Doc. 184 (<strong>58<\/strong>)<\/p>\n<p>Jefatura de Hacienda de M\u00e9xico, Estado general de ingresos y egresos que tuvo la, jul. 1876-jun. 1877, Doc. 185 (<strong>58<\/strong>)<\/p>\n<p>Jefatura de Hacienda de Michoac\u00e1n, Estado general de ingresos y egresos que tuvo la, jul. 1876-jun. 1877, Doc. 186 (<strong>58<\/strong>)<\/p>\n<p>Jefatura de Hacienda de Morelos, Estado general de ingresos y egresos que tuvo la, jul. 1876-jun. 1877, Doc. 187 (<strong>58<\/strong>)<\/p>\n<p>Jefatura de Hacienda de Nuevo Le\u00f3n, Estado general de ingresos y egresos que tuvo la, jul. 1876-jun. 1877, Doc. 188 (<strong>58<\/strong>)<\/p>\n<p>Jefatura de Hacienda de Oaxaca, Estado general de ingresos y egresos que tuvo la, jul. 1876-jun. 1877, Doc. 189 (<strong>58<\/strong>)<\/p>\n<p>Jefatura de Hacienda de Puebla, Estado general de ingresos y egresos que tuvo la, jul. 1876-jun. 1877, Doc. 190 (<strong>58<\/strong>)<\/p>\n<p>Jefatura de Hacienda de Quer\u00e9taro, Estado general de ingresos y egresos que tuvo la, jul. 1876-jun. 1877, Doc. 191 (<strong>58<\/strong>)<\/p>\n<p>Jefatura de Hacienda de San Luis Potos\u00ed, Estado general de ingresos y egresos que tuvo la, jul. 1876-jun. 1877, Doc. 192 (<strong>58<\/strong>)<\/p>\n<p>Jefatura de Hacienda de Sinaloa, Estado general de ingresos y egresos que tuvo la, jul. 1876-jun. 1877, Doc. 193 (<strong>58<\/strong>)<\/p>\n<p>Jefatura de Hacienda de Sonora, Estado general de ingresos y egresos que tuvo la, jul. 1876-jun. 1877, Doc. 194 (<strong>58<\/strong>)<\/p>\n<p>Jefatura de Hacienda de Tabasco, Estado general de ingresos y egresos que tuvo la, jul. 1876-jun. 1877, Doc. 195 (<strong>58<\/strong>)<\/p>\n<p>Jefatura de Hacienda de Tamaulipas, Estado general de ingresos y egresos que tuvo la, jul. 1876-jun. 1877, Doc. 196 (<strong>58<\/strong>)<\/p>\n<p>Jefatura de Hacienda de Tlaxcala, Estado general de ingresos y egresos que tuvo la, jul. 1876-jun. 1877, Doc. 197 (<strong>58<\/strong>)<\/p>\n<p>Jefatura de Hacienda de Veracruz, Estado general de ingresos y egresos que tuvo la, jul. 1876-jun. 1877, Doc. 198 (<strong>58<\/strong>)<\/p>\n<p>Jefatura de Hacienda de Yucat\u00e1n, Estado general de ingresos y egresos que tuvo la, jul. 1876-jun. 1877, Doc. 199 (<strong>58<\/strong>)<\/p>\n<p>Jefatura de Hacienda de Zacatecas, Estado general de ingresos y egresos que tuvo la, jul. 1876-jun. 1877, Doc. 200 (<strong>58<\/strong>)<\/p>\n<p>Timbre, Estado de ingresos y egresos de la Renta del, jul. 1876-jun. 1877, Doc. 201 (<strong>58<\/strong>)<\/p>\n<p>Rentas del Distrito Federal, Estado general de ingresos y egresos y balanza de libros de la Administraci\u00f3n Principal de, jul. 1876-jun. 1877, Doc. 202 (<strong>58<\/strong>)<\/p>\n<p>Rentas del territorio de Baja California, Estado de valores (ingresos y egresos) de la Administraci\u00f3n de, jul. 1876-jun. 1877, Doc. 203 (<strong>58<\/strong>)<\/p>\n<p>Contribuciones del Distrito Federal, Estado de corte de caja (ingresos y egreso) de la Direcci\u00f3n General de, jul. 1876-jun. 1877, Doc. 204 (<strong>58<\/strong>)<\/p>\n<p>Correos, Cuenta de la Administraci\u00f3n General de, jul. 1876-jun. 1877, Doc. 205 (<strong>58<\/strong>)<\/p>\n<p>Casa de Moneda de Guadalajara, Estado general del movimiento de oro, plata y numerario en la, jul. 1876-jun. 1877, Doc. 206 (<strong>58<\/strong>)<\/p>\n<p>Casa de Moneda de Oaxaca, Estado de los ingresos y egresos del erario federal en la, jul. 1876-jun. 1877, Doc. 206 (bis) (<strong>58<\/strong>)<\/p>\n<p>Casa de Moneda de Durango, Estado de los ingresos y egresos del erario federal en la, jul. 1876-jun. 1877, Doc. 207 (<strong>58<\/strong>)<\/p>\n<p>[\/read]<\/p>\n<div><\/div>\n","protected":false},"excerpt":{"rendered":"<p>(58) Memoria de Hacienda y Cr\u00e9dito P\u00fablico correspondiente al quincuag\u00e9simo segundo a\u00f1o econ\u00f3mico transcurrido del 1\u00b0 de julio de 1876 a 30 de junio de 1877, presentada por el secretario de Hacienda y Cr\u00e9dito P\u00fablico al Congreso de la Uni\u00f3n el 10 de diciembre de 1877. M\u00e9xico, Imprenta del Comercio, de Dubl\u00e1n y Ch\u00e1vez, 1877,<\/p>\n<p><a href=\"https:\/\/memoriasdehacienda.institutomora.edu.mx\/?page_id=661\" class=\"more-link themebutton\">Read More<\/a><\/p>\n","protected":false},"author":2,"featured_media":0,"parent":0,"menu_order":0,"comment_status":"closed","ping_status":"closed","template":"","meta":[],"_links":{"self":[{"href":"https:\/\/memoriasdehacienda.institutomora.edu.mx\/index.php?rest_route=\/wp\/v2\/pages\/661"}],"collection":[{"href":"https:\/\/memoriasdehacienda.institutomora.edu.mx\/index.php?rest_route=\/wp\/v2\/pages"}],"about":[{"href":"https:\/\/memoriasdehacienda.institutomora.edu.mx\/index.php?rest_route=\/wp\/v2\/types\/page"}],"author":[{"embeddable":true,"href":"https:\/\/memoriasdehacienda.institutomora.edu.mx\/index.php?rest_route=\/wp\/v2\/users\/2"}],"replies":[{"embeddable":true,"href":"https:\/\/memoriasdehacienda.institutomora.edu.mx\/index.php?rest_route=%2Fwp%2Fv2%2Fcomments&post=661"}],"version-history":[{"count":5,"href":"https:\/\/memoriasdehacienda.institutomora.edu.mx\/index.php?rest_route=\/wp\/v2\/pages\/661\/revisions"}],"predecessor-version":[{"id":8288,"href":"https:\/\/memoriasdehacienda.institutomora.edu.mx\/index.php?rest_route=\/wp\/v2\/pages\/661\/revisions\/8288"}],"wp:attachment":[{"href":"https:\/\/memoriasdehacienda.institutomora.edu.mx\/index.php?rest_route=%2Fwp%2Fv2%2Fmedia&parent=661"}],"curies":[{"name":"wp","href":"https:\/\/api.w.org\/{rel}","templated":true}]}}