{"id":665,"date":"2016-04-07T13:27:53","date_gmt":"2016-04-07T19:27:53","guid":{"rendered":"http:\/\/memoriasdehacienda.colmex.mx\/mhwp\/?page_id=665"},"modified":"2017-08-08T11:45:07","modified_gmt":"2017-08-08T17:45:07","slug":"memoria-60","status":"publish","type":"page","link":"https:\/\/memoriasdehacienda.institutomora.edu.mx\/?page_id=665","title":{"rendered":"Memoria 60 (16 de septiembre de 1879)"},"content":{"rendered":"<p style=\"text-align: justify;\"><span style=\"font-size: 11pt; color: #ff6600;\"><strong>(60) Memoria de Hacienda y Cr\u00e9dito P\u00fablico correspondiente al quincuag\u00e9simo cuarto a\u00f1o econ\u00f3mico transcurrido del 1\u00b0 de julio de 1878 a 30 de junio de 1879. Presentada por el Secretario de Estado y Despacho de Hacienda y Cr\u00e9dito P\u00fablico, Trinidad Garc\u00eda, al Congreso de la Uni\u00f3n el 16 de septiembre de 1879. M\u00e9xico, Imprenta del Comercio, de Dubl\u00e1n y Comp., 1880, 991 pp., cuadros, tablas.<\/strong><\/span><\/p>\n<p style=\"text-align: justify;\"><span style=\"color: #000000;\">Firmada por Trinidad Garc\u00eda.<\/span><\/p>\n<p style=\"text-align: justify;\"><span style=\"color: #000000;\">Per\u00edodo: julio 1878-junio 1879.<\/span><\/p>\n<p style=\"text-align: justify;\"><span style=\"color: #000000;\">Se localiza: <span class=\"tooltips \" style=\"\" title=\"Biblioteca &quot;Miguel Lerdo de Tejada&quot;, Secretar\u00eda de Hacienda y Cr\u00e9dito P\u00fablico.\">BH<\/span>, <span class=\"tooltips \" style=\"\" title=\"Biblioteca del Centro de Estudios de Historia de M\u00e9xico, CONDUMEX.\">Bcondumex<\/span>,\u00a0<span class=\"tooltips \" style=\"\" title=\"Biblioteca del Archivo General de la Naci\u00f3n, M\u00e9xico.\">BAGN<\/span>,\u00a0<span class=\"tooltips \" style=\"\" title=\"Biblioteca del Instituto de Investigaciones &quot;Dr. Jos\u00e9 Mar\u00eda Luis Mora&quot; (material en micropel\u00edcula).\">BIM-Mfilm<\/span>, <span class=\"tooltips \" style=\"\" title=\"Biblioteca &quot;Daniel Cos\u00edo Villegas&quot;, El Colegio de M\u00e9xico (material en micropel\u00edcula).\">BColmex-Mfilm<\/span>. <\/span><\/p>\n<p style=\"text-align: justify;\"><strong><span style=\"color: #000000;\">Tiene anexos, cuadros y tablas.<\/span><\/strong><\/p>\n<p style=\"text-align: justify;\"><strong><span style=\"color: #000000;\">S\u00edntesis del contenido:<\/span><\/strong><\/p>\n<p style=\"text-align: justify;\"><span style=\"color: #000000;\">A pesar de que el secretario de Hacienda no estuvo en dicho cargo sino tres meses antes de concluir el a\u00f1o econ\u00f3mico de 1878-1879, se percat\u00f3 de una ligera baja del producto de los derechos de importaci\u00f3n, as\u00ed como un aumento del contrabando, pese a los esfuerzos del ejecutivo por evitarlo.<\/span><\/p>\n<p style=\"text-align: justify;\"><span style=\"color: #000000;\">Se\u00f1ala las disposiciones dictadas para reprimir el contrabando, las cuales incluyen la posibilidad de reducir los altos derechos que se cobran sobre la importaci\u00f3n de determinados art\u00edculos as\u00ed como una ley promulgada por la Secretar\u00eda de Justicia imponiendo penas corporales a los contrabandistas. Argumenta que esta ley, aunque hay que modificarla, ha dado resultados (se transcribe el texto de la misma).<\/span><\/p>\n<p style=\"text-align: justify;\"><span style=\"color: #000000;\">Se rese\u00f1an las disposiciones sobre mejoramiento del servicio fiscal incluyendo el reglamento del 1\u00b0 de abril de 1878, para regular aduanas, multas, almacenaje, y tarifas. El secretario de Hacienda se\u00f1ala que pr\u00f3ximamente tendr\u00e1 que hacerse modificaci\u00f3n a la legislaci\u00f3n arancelaria y el servicio de aduanas, en favor de la econom\u00eda nacional.<\/span><\/p>\n<p style=\"text-align: justify;\"><span style=\"color: #000000;\">Se explica la naturaleza de las concesiones y franquicias otorgadas al comercio y la forma en que se reglamentan cuotas y derechos para algunos art\u00edculos, como el pa\u00f1uelo, alambre para cercas, tejas, vidrio hueco.<\/span><\/p>\n<p style=\"text-align: justify;\"><span style=\"color: #000000;\">En lo que se refiere a los ingresos, se indica que han sido superiores a los egresos y se proporcionan algunas estad\u00edsticas. Se proporcionan las cifras de egresos presentadas por el Ejecutivo y aquellas ratificadas en el presupuesto por la C\u00e1mara de Diputados y en leyes de gastos posteriores.<\/span><\/p>\n<p style=\"text-align: justify;\"><span style=\"color: #000000;\">El secretario se\u00f1ala que a pesar de que el ingreso excedi\u00f3 al t\u00e9rmino medio anual de las rentas, no fue mejor este a\u00f1o que el anterior. En t\u00e9rminos generales puede observarse que si bien bajaron los productos aduanales, otras rentas aumentaron. Estima que salvo la mala aceptaci\u00f3n del nuevo impuesto a las f\u00e1bricas algodoneras, por parte de los industriales, presumiblemente las rentas aumentar\u00e1n en a\u00f1os posteriores.<\/span><\/p>\n<p style=\"text-align: justify;\"><span style=\"color: #000000;\">Argumenta que es necesario mejorar la contabilidad fiscal, a trav\u00e9s de la reforma a la ley de 18 de noviembre de 1873. Indica que es s\u00f3lo a trav\u00e9s de la Quinta Secci\u00f3n de la secretar\u00eda que se puede conocer el estado de ingresos y egresos durante el a\u00f1o y por ello es necesario que la Tesorer\u00eda glose el ingreso de las oficinas.<\/span><\/p>\n<p style=\"text-align: justify;\"><span style=\"color: #000000;\">Se indica que el producto de aduanas aument\u00f3 de manera significativa en los \u00faltimos diez a\u00f1os y se proporciona un cuadro al respecto. El ejecutivo considera que debe ser libre la exportaci\u00f3n de productos nacionales aunque se mencionan como punto aparte productos como el guano, salinas y corte de madera y concha perla, cada uno con sus propias caracter\u00edsticas.<\/span><\/p>\n<p style=\"text-align: justify;\"><span style=\"color: #000000;\">Se se\u00f1ala que la exportaci\u00f3n de frutos nacionales ha aumentado en comparaci\u00f3n a los a\u00f1os anteriores y se incluyen cuadros que representan la evoluci\u00f3n de la exportaci\u00f3n de los frutos nacionales as\u00ed como metales. Se proporciona un resumen de lo que se paga por subvenci\u00f3n a l\u00edneas de vapores con objeto de impulsar el comercio exterior.<\/span><\/p>\n<p style=\"text-align: justify;\"><span style=\"color: #000000;\">Se pasa, a continuaci\u00f3n, a rese\u00f1ar diversos ramos de ingresos, entre ellos las contribuciones directas las cuales se han realizado eficaz y puntualmente. Dentro de estas contribuciones, se incluyen los capitales impuestos a favor de los Ayuntamientos. Se proporciona un cuadro de productos por contribuciones en los \u00faltimos nueve a\u00f1os.<\/span><\/p>\n<p style=\"text-align: justify;\"><span style=\"color: #000000;\">Se menciona todo lo relativo al pago del timbre, incluyendo aclaraciones, leyes, problemas de cobro, honorarios, as\u00ed como lo las disposiciones con respecto a la oficina impresora de estampillas.<\/span><\/p>\n<p style=\"text-align: justify;\"><span style=\"color: #000000;\">A continuaci\u00f3n se rese\u00f1an las herencias transversales. Se pide la intervenci\u00f3n de ejecutivo en este punto, por los robos y dem\u00e1s problemas a que se enfrentan.<\/span><\/p>\n<p style=\"text-align: justify;\"><span style=\"color: #000000;\">Por \u00faltima se describe la situaci\u00f3n de la deuda publica. Se indica que se ha pagado el tercer abono de la deuda con los Estados Unidos, as\u00ed como los pagos a reclamantes mexicanos (por la Convenci\u00f3n de 4 de julio de 1868), y se discute la situaci\u00f3n de los bonos Carbajal. Se concluye indicando que existe esperanza de una mejora econ\u00f3mica para la rep\u00fablica.<\/span>[read more=&#8221;Ver anexos estad\u00edsticos&#8221; less=&#8221;ver menos&#8221;]<\/p>\n<p>&nbsp;<\/p>\n<p><strong><span style=\"color: #0000ff;\">Anexos:<\/span><\/strong><\/p>\n<p>&nbsp;<\/p>\n<p>Aduanas Mar\u00edtimas y Fronterizas, Doc. 1-58 (<strong>60<\/strong>)<\/p>\n<p>Deuda p\u00fablica, Cr\u00e9dito p\u00fablico y bienes nacionalizados, Doc. 59-65 (<strong>60<\/strong>)<\/p>\n<p>Bienes nacionalizados y cr\u00e9dito p\u00fablico, Doc. 59-65 (<strong>60<\/strong>)<\/p>\n<p>Contribuciones, timbre y ramos menores, p. 53, Doc. 66-106 (<strong>60<\/strong>)<\/p>\n<p>Timbre, contribuciones y ramos menores, p. 53, Doc. 66-106 (<strong>60<\/strong>)<\/p>\n<p>Presupuestos y pagos, Doc. 107-119. (<strong>60<\/strong>)<\/p>\n<p>Estad\u00edstica y contabilidad directiva, Doc. 120-124 (<strong>60<\/strong>)<\/p>\n<p>Iniciativas de Hacienda, Doc. 125-136 (<strong>60<\/strong>)<\/p>\n<p>Observaciones del Ejecutivo a Decretos, Doc. 137-145<\/p>\n<p>Expedientes mandados publicar, Doc. 146-190 (Este \u00faltimo con su \u00edndice particular, p. 415) (<strong>60<\/strong>)<\/p>\n<p>Comercio exterior, V\u00edas de comunicaci\u00f3n establecidas en M\u00e9xico para el Comercio Extranjero, Doc. 190 (<strong>60<\/strong>)<\/p>\n<p>Arancel, leyes y pr\u00e1cticas mexicanas referentes al comercio, Doc. 190 (<strong>60<\/strong>)<\/p>\n<p>Seguridad y protecci\u00f3n a la vida y a la propiedad en M\u00e9xico, Doc. 191-235, (<strong>60<\/strong>)<\/p>\n<p>Estad\u00edsticas, Doc. 236-269 (<strong>60<\/strong>)<\/p>\n<p>Exportaci\u00f3n, Noticia del n\u00famero de buques despachados para puertos extranjeros, jul. 1878-jun. 1879, Doc. 237, (<strong>60<\/strong>)<\/p>\n<p>Importaci\u00f3n, Noticia del n\u00famero de buques llegados a la Rep\u00fablica, jul. 1878-jun. 1879, Doc. 238, (<strong>60<\/strong>)<\/p>\n<p>Noticia de las adiciones y rectificaciones hecha en las aduanas a los documentos consulares y revisada por el departamento de ajustes, jul. 1878-jun. 1879, Doc. 239, (<strong>60<\/strong>)<\/p>\n<p>Cabotaje, Noticia del n\u00famero de registro de buques que hicieron el comercio de cabotaje, jul. 1878-jun. 1879, Doc. 240, (<strong>60<\/strong>)<\/p>\n<p>Acu\u00f1aci\u00f3n, Estado de la acu\u00f1aci\u00f3n habida en las Casas de Moneda, jul. 1878-jun. 1879, Doc. 241, (<strong>60<\/strong>)<\/p>\n<p>Acu\u00f1aci\u00f3n, Cuadro comparativo de la, jul. 1874-jun. 1879, Doc. 242, (<strong>60<\/strong>)<\/p>\n<p>Acu\u00f1aci\u00f3n general habida en las Casas de Moneda, jul. 1878-jun. 1879, Doc. 243, (<strong>60<\/strong>)<\/p>\n<p>Casas de Moneda, Estado que manifiesta los metales introducidos, jul. 1878-jun. 1879, Doc. 244, (<strong>60<\/strong>)<\/p>\n<p>Cuenta del erario federal, Cuenta del a\u00f1o fiscal, jul. 1878-jun. 1879, Doc. 245, (<strong>60<\/strong>)<\/p>\n<p>Timbre, Cuenta de la renta del, jul. 1878-jun. 1879, Doc. 246, (<strong>60<\/strong>)<\/p>\n<p>Timbre, Estado que manifiesta el movimiento general de estampillas habido en la Oficina impresora del, jul. 1878-jun. 1879, Doc. 247, (<strong>60<\/strong>)<\/p>\n<p>Oficina impresora de estampillas, Estado que demuestra el d\u00e9bito y cr\u00e9dito que ha tenido en la, jul. 1878-jun. 1879, Doc. 248, (<strong>60<\/strong>)<\/p>\n<p>Oficina impresora de estampillas, Estado que manifiesta el pormenor de tintas y otros objetos mandados comprar a los Estados Unidos para la oficina impresora de estampillas y los trabajos ejecutados por la secci\u00f3n de grabados, jul. 1878-jun. 1879, Doc. 249, (<strong>60<\/strong>)<\/p>\n<p>Deuda p\u00fablica externa, Cuadro que manifiesta el estado que guarda la deuda reconocida a los Estados Unidos, jul. 1878-jun. 1879, Doc. 250, (<strong>60<\/strong>)<\/p>\n<p>Deuda p\u00fablica externa, Resumen de las cantidades colectadas por donativos para el pago de la deuda a los Estados Unidos, jul. 1878-jun. 1879, Doc. 251, (<strong>60<\/strong>)<\/p>\n<p>Deuda p\u00fablica, Noticia sobre circulaci\u00f3n y amortizaci\u00f3n de los bonos Carbajal, jul. 1878-jun. 1879, Doc. 252, (<strong>60<\/strong>)<\/p>\n<p>Deuda p\u00fablica, Noticia sobre amortizaci\u00f3n de cupones de los bonos Carbajal, jul. 1878-jun. 1879, Doc. 253, (<strong>60<\/strong>)<\/p>\n<p>Deuda p\u00fablica, Noticia sobre los cupones de los bonos Carbajal que representan el inter\u00e9s de 7 % anual y fechas en que vencen, jul. 1878-jun. 1879, Doc. 254, (<strong>60<\/strong>)<\/p>\n<p>Deuda p\u00fablica, Noticia de las cantidades designadas en los presupuestos para amortizaci\u00f3n de los bonos Carbajal, jul. 1878-jun. 1879, Doc. 255, (<strong>60<\/strong>)<\/p>\n<p>Deuda p\u00fablica, Noticia de las cantidades que deben a los arredantarios de las casas de moneda, jul. 1878-jun. 1879, Doc. 256, (<strong>60<\/strong>)<\/p>\n<p>Deuda p\u00fablica, Noticia de las reclamaciones por cr\u00e9ditos contra\u00eddos durante la administraci\u00f3n de Lerdo de Tejada, jul. 1878-jun. 1879, Doc. 257, (<strong>60<\/strong>)<\/p>\n<p>Deuda p\u00fablica interna, Noticia de las reclamaciones por cr\u00e9ditos contra\u00eddos durante la revoluci\u00f3n de la Noria, jul. 1878-jun. 1879, Doc. 258, (<strong>60<\/strong>)<\/p>\n<p>Deuda p\u00fablica interna, Noticia de las reclamaciones por cr\u00e9ditos contra\u00eddos durante la revoluci\u00f3n de Tuxtepec, jul. 1878-jun. 1879, Doc. 259, (<strong>60<\/strong>)Deuda interna,<\/p>\n<p>Deuda p\u00fablica interna, Noticia de las cantidades mandadas ministrar a empresas de ferrocarriles por cuenta de subvenci\u00f3n, y de las que se ha dado permiso para exportar libres de derechos, jul. 1878-jun. 1879, Doc. 260, (<strong>60<\/strong>)<\/p>\n<p>Ferrocarriles, Estado que manifiesta la longitud en kil\u00f3metros de los ferrocarriles construidos, jul. 1878-jun. 1879, Doc. 261, (<strong>60<\/strong>)<\/p>\n<p>Deuda p\u00fablica interna, Noticia de los pagos hechos por cuenta del ramo de ferrocarriles, jul. 1878-jun. 1879, Doc. 262, (<strong>60<\/strong>)<\/p>\n<p>Deuda p\u00fablica, Noticia de las cantidades que en bonos y certificados se amortizaron, jul. 1878-jun. 1879, Doc. 263, (<strong>60<\/strong>)<\/p>\n<p>Deuda interna, Noticia de las pensiones civiles y militares, jul. 1878-jun. 1879, Doc. 264, (<strong>60<\/strong>)<\/p>\n<p>Bienes nacionalizados, Estado que manifiesta de las denuncias de fincas, jul. 1878-jun. 1879, Doc. 265, (<strong>60<\/strong>)<\/p>\n<p>Bienes nacionalizados, Estado que manifiesta de las denuncias de capitales, jul. 1878-jun. 1879, Doc. 266, (<strong>60<\/strong>)<\/p>\n<p>Bienes nacionalizados, Estado que manifiesta las operaciones de nacionalizaci\u00f3n, jul. 1878-jun. 1879, Doc. 267, (<strong>60<\/strong>)<\/p>\n<p>Bienes nacionalizados, Estado que manifiesta las cancelaciones mandadas a otorgar, jul. 1878-jun. 1879, Doc. 268, (<strong>60<\/strong>)<\/p>\n<p>Bienes nacionalizados, Estado que manifiesta las labores de la mesa encargada del ramo de condonaci\u00f3n de terrenos a labradores pobres, jul. 1878-jun. 1879, Doc. 269, (<strong>60<\/strong>)<\/p>\n<p>[\/read]<\/p>\n<div><\/div>\n","protected":false},"excerpt":{"rendered":"<p>(60) Memoria de Hacienda y Cr\u00e9dito P\u00fablico correspondiente al quincuag\u00e9simo cuarto a\u00f1o econ\u00f3mico transcurrido del 1\u00b0 de julio de 1878 a 30 de junio de 1879. Presentada por el Secretario de Estado y Despacho de Hacienda y Cr\u00e9dito P\u00fablico, Trinidad Garc\u00eda, al Congreso de la Uni\u00f3n el 16 de septiembre de 1879. M\u00e9xico, Imprenta del<\/p>\n<p><a href=\"https:\/\/memoriasdehacienda.institutomora.edu.mx\/?page_id=665\" class=\"more-link themebutton\">Read More<\/a><\/p>\n","protected":false},"author":2,"featured_media":0,"parent":0,"menu_order":0,"comment_status":"closed","ping_status":"closed","template":"","meta":[],"_links":{"self":[{"href":"https:\/\/memoriasdehacienda.institutomora.edu.mx\/index.php?rest_route=\/wp\/v2\/pages\/665"}],"collection":[{"href":"https:\/\/memoriasdehacienda.institutomora.edu.mx\/index.php?rest_route=\/wp\/v2\/pages"}],"about":[{"href":"https:\/\/memoriasdehacienda.institutomora.edu.mx\/index.php?rest_route=\/wp\/v2\/types\/page"}],"author":[{"embeddable":true,"href":"https:\/\/memoriasdehacienda.institutomora.edu.mx\/index.php?rest_route=\/wp\/v2\/users\/2"}],"replies":[{"embeddable":true,"href":"https:\/\/memoriasdehacienda.institutomora.edu.mx\/index.php?rest_route=%2Fwp%2Fv2%2Fcomments&post=665"}],"version-history":[{"count":5,"href":"https:\/\/memoriasdehacienda.institutomora.edu.mx\/index.php?rest_route=\/wp\/v2\/pages\/665\/revisions"}],"predecessor-version":[{"id":8290,"href":"https:\/\/memoriasdehacienda.institutomora.edu.mx\/index.php?rest_route=\/wp\/v2\/pages\/665\/revisions\/8290"}],"wp:attachment":[{"href":"https:\/\/memoriasdehacienda.institutomora.edu.mx\/index.php?rest_route=%2Fwp%2Fv2%2Fmedia&parent=665"}],"curies":[{"name":"wp","href":"https:\/\/api.w.org\/{rel}","templated":true}]}}