{"id":7529,"date":"2017-02-15T12:40:36","date_gmt":"2017-02-15T18:40:36","guid":{"rendered":"http:\/\/memoriasdehacienda.colmex.mx\/mhwp\/?page_id=7529"},"modified":"2017-02-15T12:57:00","modified_gmt":"2017-02-15T18:57:00","slug":"almonte-juan-nepomuceno-1803-1869","status":"publish","type":"page","link":"https:\/\/memoriasdehacienda.institutomora.edu.mx\/?page_id=7529","title":{"rendered":"Almonte, Juan Nepomuceno (1803-1869)"},"content":{"rendered":"<p><img loading=\"lazy\" class=\"size-full wp-image-7539 alignright\" src=\"https:\/\/memoriasdehacienda.institutomora.edu.mx\/wp-content\/uploads\/nepomuceno.jpg\" alt=\"nepomuceno\" width=\"171\" height=\"270\" srcset=\"https:\/\/memoriasdehacienda.institutomora.edu.mx\/wp-content\/uploads\/nepomuceno.jpg 171w, https:\/\/memoriasdehacienda.institutomora.edu.mx\/wp-content\/uploads\/nepomuceno-95x150.jpg 95w\" sizes=\"(max-width: 171px) 100vw, 171px\" \/>Encargado de Hacienda:<\/p>\n<p>El 22 de septiembre de 1846.<\/p>\n<p>Del 11 de diciembre al 22 de diciembre de 1846.<\/p>\n<p>Naci\u00f3 en Car\u00e1cuaro, Estado de Michoac\u00e1n. Militar de carrera fue lugarteniente de Antonio L\u00f3pez de Santa Anna. Como funcionario del gobierno ocup\u00f3 el Ministerio de Relaciones Exteriores e Interiores, tambi\u00e9n represent\u00f3 al gobierno mexicano ante los Estados Unidos como ministro plenipotenciario, pero cuando la Uni\u00f3n Americana acept\u00f3 la anexi\u00f3n de Texas pidi\u00f3 sus pasaportes y regres\u00f3 a M\u00e9xico. Compiti\u00f3 por la presidencia de la rep\u00fablica (1845) perdiendo ante Herrera; apoy\u00f3 a Paredes, quien le nombr\u00f3 primero ministro de Guerra y despu\u00e9s embajador en Par\u00eds. A poco de iniciar su viaje, regres\u00f3 a M\u00e9xico pues Santa Anna hab\u00eda tomado el poder y colabor\u00f3 con \u00e9l en la campa\u00f1a en contra de los invasores norteamericanos (1847). Compiti\u00f3 sin \u00e9xito en una segunda ocasi\u00f3n por la presidencia en contra de Arista. Con el retorno de Santa Anna a M\u00e9xico fue nombrado ministro plenipotenciario de nuestro pa\u00eds ante los Estados Unidos y m\u00e1s tarde ante Francia. Acompa\u00f1\u00f3 a los invasores franceses en su viaje a la rep\u00fablica mexicana (1862). Durante la invasi\u00f3n Almonte fue reconocido como presidente de M\u00e9xico, aunque luego ser\u00eda desconocido por los propios franceses. Form\u00f3 parte del triunvirato previo al gobierno imperial, teniendo bajo su responsabilidad las carteras de Relaciones Exteriores y de Hacienda. Durante el Imperio ocup\u00f3 varios cargos y como ministro plenipotenciario ante Napole\u00f3n III y negoci\u00f3 la permanencia de las tropas francesas en M\u00e9xico (1866). Falleci\u00f3 en Par\u00eds.<\/p>\n","protected":false},"excerpt":{"rendered":"<p>Encargado de Hacienda: El 22 de septiembre de 1846. Del 11 de diciembre al 22 de diciembre de 1846. Naci\u00f3 en Car\u00e1cuaro, Estado de Michoac\u00e1n. Militar de carrera fue lugarteniente de Antonio L\u00f3pez de Santa Anna. Como funcionario del gobierno ocup\u00f3 el Ministerio de Relaciones Exteriores e Interiores, tambi\u00e9n represent\u00f3 al gobierno mexicano ante los<\/p>\n<p><a href=\"https:\/\/memoriasdehacienda.institutomora.edu.mx\/?page_id=7529\" class=\"more-link themebutton\">Read More<\/a><\/p>\n","protected":false},"author":1,"featured_media":0,"parent":0,"menu_order":0,"comment_status":"closed","ping_status":"closed","template":"","meta":[],"_links":{"self":[{"href":"https:\/\/memoriasdehacienda.institutomora.edu.mx\/index.php?rest_route=\/wp\/v2\/pages\/7529"}],"collection":[{"href":"https:\/\/memoriasdehacienda.institutomora.edu.mx\/index.php?rest_route=\/wp\/v2\/pages"}],"about":[{"href":"https:\/\/memoriasdehacienda.institutomora.edu.mx\/index.php?rest_route=\/wp\/v2\/types\/page"}],"author":[{"embeddable":true,"href":"https:\/\/memoriasdehacienda.institutomora.edu.mx\/index.php?rest_route=\/wp\/v2\/users\/1"}],"replies":[{"embeddable":true,"href":"https:\/\/memoriasdehacienda.institutomora.edu.mx\/index.php?rest_route=%2Fwp%2Fv2%2Fcomments&post=7529"}],"version-history":[{"count":2,"href":"https:\/\/memoriasdehacienda.institutomora.edu.mx\/index.php?rest_route=\/wp\/v2\/pages\/7529\/revisions"}],"predecessor-version":[{"id":7540,"href":"https:\/\/memoriasdehacienda.institutomora.edu.mx\/index.php?rest_route=\/wp\/v2\/pages\/7529\/revisions\/7540"}],"wp:attachment":[{"href":"https:\/\/memoriasdehacienda.institutomora.edu.mx\/index.php?rest_route=%2Fwp%2Fv2%2Fmedia&parent=7529"}],"curies":[{"name":"wp","href":"https:\/\/api.w.org\/{rel}","templated":true}]}}