{"id":7547,"date":"2017-02-15T13:15:58","date_gmt":"2017-02-15T19:15:58","guid":{"rendered":"http:\/\/memoriasdehacienda.colmex.mx\/mhwp\/?page_id=7547"},"modified":"2017-02-15T13:15:58","modified_gmt":"2017-02-15T19:15:58","slug":"blasco-jose-mariano","status":"publish","type":"page","link":"https:\/\/memoriasdehacienda.institutomora.edu.mx\/?page_id=7547","title":{"rendered":"Blasco, Jos\u00e9 Mariano"},"content":{"rendered":"<p>Ministro de Hacienda:<\/p>\n<p>Del 1\u00b0 de enero al 28 de agosto de 1835.<\/p>\n<p>&nbsp;<\/p>\n<p>Fue Ministro de Hacienda en los gobiernos de Antonio L\u00f3pez de Santa Anna (1 a 27 de enero de 1835), y de Miguel Barrag\u00e1n (28 de enero a 28 de agosto de 1835). El 22 de Mayo de 1835 present\u00f3 una Memoria de la Hacienda Federal ante el Congreso nacional.<\/p>\n","protected":false},"excerpt":{"rendered":"<p>Ministro de Hacienda: Del 1\u00b0 de enero al 28 de agosto de 1835. &nbsp; Fue Ministro de Hacienda en los gobiernos de Antonio L\u00f3pez de Santa Anna (1 a 27 de enero de 1835), y de Miguel Barrag\u00e1n (28 de enero a 28 de agosto de 1835). El 22 de Mayo de 1835 present\u00f3 una<\/p>\n<p><a href=\"https:\/\/memoriasdehacienda.institutomora.edu.mx\/?page_id=7547\" class=\"more-link themebutton\">Read More<\/a><\/p>\n","protected":false},"author":1,"featured_media":0,"parent":0,"menu_order":0,"comment_status":"closed","ping_status":"closed","template":"","meta":[],"_links":{"self":[{"href":"https:\/\/memoriasdehacienda.institutomora.edu.mx\/index.php?rest_route=\/wp\/v2\/pages\/7547"}],"collection":[{"href":"https:\/\/memoriasdehacienda.institutomora.edu.mx\/index.php?rest_route=\/wp\/v2\/pages"}],"about":[{"href":"https:\/\/memoriasdehacienda.institutomora.edu.mx\/index.php?rest_route=\/wp\/v2\/types\/page"}],"author":[{"embeddable":true,"href":"https:\/\/memoriasdehacienda.institutomora.edu.mx\/index.php?rest_route=\/wp\/v2\/users\/1"}],"replies":[{"embeddable":true,"href":"https:\/\/memoriasdehacienda.institutomora.edu.mx\/index.php?rest_route=%2Fwp%2Fv2%2Fcomments&post=7547"}],"version-history":[{"count":1,"href":"https:\/\/memoriasdehacienda.institutomora.edu.mx\/index.php?rest_route=\/wp\/v2\/pages\/7547\/revisions"}],"predecessor-version":[{"id":7548,"href":"https:\/\/memoriasdehacienda.institutomora.edu.mx\/index.php?rest_route=\/wp\/v2\/pages\/7547\/revisions\/7548"}],"wp:attachment":[{"href":"https:\/\/memoriasdehacienda.institutomora.edu.mx\/index.php?rest_route=%2Fwp%2Fv2%2Fmedia&parent=7547"}],"curies":[{"name":"wp","href":"https:\/\/api.w.org\/{rel}","templated":true}]}}