{"id":7556,"date":"2017-02-15T13:32:16","date_gmt":"2017-02-15T19:32:16","guid":{"rendered":"http:\/\/memoriasdehacienda.colmex.mx\/mhwp\/?page_id=7556"},"modified":"2017-02-15T13:32:16","modified_gmt":"2017-02-15T19:32:16","slug":"canseco-manuel-maria","status":"publish","type":"page","link":"https:\/\/memoriasdehacienda.institutomora.edu.mx\/?page_id=7556","title":{"rendered":"Canseco, Manuel Mar\u00eda"},"content":{"rendered":"<p>Ministro de Hacienda:<\/p>\n<p>Del 24 de marzo al 9 de octubre de 1841.<\/p>\n<p>Del 16 de abril al 12 de agosto de 1855.<\/p>\n<p>&nbsp;<\/p>\n<p>Fue Ministro de Hacienda durante los gobiernos de Anastasio Bustamante (24 de marzo de 1841 al 22 de septiembre de 1841); Javier Echeverr\u00eda (22 de septiembre de 1841 al 9 de octubre de 1841) y Antonio L\u00f3pez de Santa Anna (16 de abril de 1855 al 12 de agosto de 1855). Present\u00f3 la Memoria de 28 de Julio de 1841, en ella justifica los d\u00e9ficits enormes del gobierno centralista en funci\u00f3n del aumento extraordinario del servicio de la deuda interna, en su mayor\u00eda consecuencia de los pr\u00e9stamos de los agiotistas contempor\u00e1neos. Se\u00f1alaba que de hecho por cada peso de gastos administrativos se pagaban en ese entonces 4 pesos de gastos por servicio de la deuda.<\/p>\n","protected":false},"excerpt":{"rendered":"<p>Ministro de Hacienda: Del 24 de marzo al 9 de octubre de 1841. Del 16 de abril al 12 de agosto de 1855. &nbsp; Fue Ministro de Hacienda durante los gobiernos de Anastasio Bustamante (24 de marzo de 1841 al 22 de septiembre de 1841); Javier Echeverr\u00eda (22 de septiembre de 1841 al 9 de<\/p>\n<p><a href=\"https:\/\/memoriasdehacienda.institutomora.edu.mx\/?page_id=7556\" class=\"more-link themebutton\">Read More<\/a><\/p>\n","protected":false},"author":1,"featured_media":0,"parent":0,"menu_order":0,"comment_status":"closed","ping_status":"closed","template":"","meta":[],"_links":{"self":[{"href":"https:\/\/memoriasdehacienda.institutomora.edu.mx\/index.php?rest_route=\/wp\/v2\/pages\/7556"}],"collection":[{"href":"https:\/\/memoriasdehacienda.institutomora.edu.mx\/index.php?rest_route=\/wp\/v2\/pages"}],"about":[{"href":"https:\/\/memoriasdehacienda.institutomora.edu.mx\/index.php?rest_route=\/wp\/v2\/types\/page"}],"author":[{"embeddable":true,"href":"https:\/\/memoriasdehacienda.institutomora.edu.mx\/index.php?rest_route=\/wp\/v2\/users\/1"}],"replies":[{"embeddable":true,"href":"https:\/\/memoriasdehacienda.institutomora.edu.mx\/index.php?rest_route=%2Fwp%2Fv2%2Fcomments&post=7556"}],"version-history":[{"count":1,"href":"https:\/\/memoriasdehacienda.institutomora.edu.mx\/index.php?rest_route=\/wp\/v2\/pages\/7556\/revisions"}],"predecessor-version":[{"id":7557,"href":"https:\/\/memoriasdehacienda.institutomora.edu.mx\/index.php?rest_route=\/wp\/v2\/pages\/7556\/revisions\/7557"}],"wp:attachment":[{"href":"https:\/\/memoriasdehacienda.institutomora.edu.mx\/index.php?rest_route=%2Fwp%2Fv2%2Fmedia&parent=7556"}],"curies":[{"name":"wp","href":"https:\/\/api.w.org\/{rel}","templated":true}]}}