{"id":7560,"date":"2017-02-15T13:33:35","date_gmt":"2017-02-15T19:33:35","guid":{"rendered":"http:\/\/memoriasdehacienda.colmex.mx\/mhwp\/?page_id=7560"},"modified":"2017-02-15T13:40:55","modified_gmt":"2017-02-15T19:40:55","slug":"cervantes-y-velasco-jose-maria","status":"publish","type":"page","link":"https:\/\/memoriasdehacienda.institutomora.edu.mx\/?page_id=7560","title":{"rendered":"Cervantes y Velasco, Jos\u00e9 Mar\u00eda"},"content":{"rendered":"<p>Encargado de Hacienda:<\/p>\n<p><img loading=\"lazy\" class=\"size-full wp-image-7564 alignright\" src=\"https:\/\/memoriasdehacienda.institutomora.edu.mx\/wp-content\/uploads\/cervantesvelasco.jpg\" alt=\"cervantesvelasco\" width=\"171\" height=\"216\" srcset=\"https:\/\/memoriasdehacienda.institutomora.edu.mx\/wp-content\/uploads\/cervantesvelasco.jpg 171w, https:\/\/memoriasdehacienda.institutomora.edu.mx\/wp-content\/uploads\/cervantesvelasco-119x150.jpg 119w\" sizes=\"(max-width: 171px) 100vw, 171px\" \/>Del 19 de diciembre de 1836 al 22 de abril de 1837.<\/p>\n<p>&nbsp;<\/p>\n<p>Se form\u00f3 como militar dentro del ej\u00e9rcito novohispano. Personaje cercano a Iturbide era descendiente de los Condes de Santiago Calimaya.<a title=\"\" href=\"http:\/\/memoriasdehacienda.colmex.mx\/index.php\/122#_ftn1\">[1]<\/a>Involucrado en 1837 en el esc\u00e1ndalo de las propiedades de los misioneros de Filipinas defendidos por el padre Mor\u00e1n, Cervantes recibi\u00f3 dichas propiedades a cambio de promesas del gobierno de indemnizar a los misioneros y a cambio de un pr\u00e9stamo de 50,000 pesos.<\/p>\n<div>\n<p>&nbsp;<\/p>\n<hr size=\"1\" width=\"33%\" \/>\n<div>\n<p class=\"Textodenotaalpie\">\u00a0\u00a0\u00a0\u00a0[1]\u00a0\u00a0\u00a0\u00a0\u00a0\u00a0\u00a0 C\u00e1rdenas de la Pe\u00f1a, p. 391.<\/p>\n<\/div>\n<\/div>\n","protected":false},"excerpt":{"rendered":"<p>Encargado de Hacienda: Del 19 de diciembre de 1836 al 22 de abril de 1837. &nbsp; Se form\u00f3 como militar dentro del ej\u00e9rcito novohispano. Personaje cercano a Iturbide era descendiente de los Condes de Santiago Calimaya.[1]Involucrado en 1837 en el esc\u00e1ndalo de las propiedades de los misioneros de Filipinas defendidos por el padre Mor\u00e1n, Cervantes<\/p>\n<p><a href=\"https:\/\/memoriasdehacienda.institutomora.edu.mx\/?page_id=7560\" class=\"more-link themebutton\">Read More<\/a><\/p>\n","protected":false},"author":1,"featured_media":0,"parent":0,"menu_order":0,"comment_status":"closed","ping_status":"closed","template":"","meta":[],"_links":{"self":[{"href":"https:\/\/memoriasdehacienda.institutomora.edu.mx\/index.php?rest_route=\/wp\/v2\/pages\/7560"}],"collection":[{"href":"https:\/\/memoriasdehacienda.institutomora.edu.mx\/index.php?rest_route=\/wp\/v2\/pages"}],"about":[{"href":"https:\/\/memoriasdehacienda.institutomora.edu.mx\/index.php?rest_route=\/wp\/v2\/types\/page"}],"author":[{"embeddable":true,"href":"https:\/\/memoriasdehacienda.institutomora.edu.mx\/index.php?rest_route=\/wp\/v2\/users\/1"}],"replies":[{"embeddable":true,"href":"https:\/\/memoriasdehacienda.institutomora.edu.mx\/index.php?rest_route=%2Fwp%2Fv2%2Fcomments&post=7560"}],"version-history":[{"count":2,"href":"https:\/\/memoriasdehacienda.institutomora.edu.mx\/index.php?rest_route=\/wp\/v2\/pages\/7560\/revisions"}],"predecessor-version":[{"id":7565,"href":"https:\/\/memoriasdehacienda.institutomora.edu.mx\/index.php?rest_route=\/wp\/v2\/pages\/7560\/revisions\/7565"}],"wp:attachment":[{"href":"https:\/\/memoriasdehacienda.institutomora.edu.mx\/index.php?rest_route=%2Fwp%2Fv2%2Fmedia&parent=7560"}],"curies":[{"name":"wp","href":"https:\/\/api.w.org\/{rel}","templated":true}]}}