{"id":7571,"date":"2017-02-15T13:45:48","date_gmt":"2017-02-15T19:45:48","guid":{"rendered":"http:\/\/memoriasdehacienda.colmex.mx\/mhwp\/?page_id=7571"},"modified":"2017-02-15T13:45:48","modified_gmt":"2017-02-15T19:45:48","slug":"diaz-isidro-1880","status":"publish","type":"page","link":"https:\/\/memoriasdehacienda.institutomora.edu.mx\/?page_id=7571","title":{"rendered":"D\u00edaz, Isidro (&#8230;-1880)"},"content":{"rendered":"<p>Encargado de Hacienda:<\/p>\n<p>Del 7 de octubre al 5 de noviembre de 1859.<\/p>\n<p>&nbsp;<\/p>\n<p>Abogado, se desempe\u00f1\u00f3 como Ministro de Justicia y Negocios Eclesi\u00e1sticos y encargado del Ministerio de Hacienda y Cr\u00e9dito P\u00fablico durante el gobierno de Miguel Miram\u00f3n. Muri\u00f3 en Villa de Guadalupe Hidalgo, Distrito Federal, el 1\u00ba de marzo de 1880.<a title=\"\" href=\"http:\/\/memoriasdehacienda.colmex.mx\/index.php\/124#_ftn1\">[1]<\/a><\/p>\n<div><br clear=\"all\" \/><\/p>\n<hr size=\"1\" width=\"33%\" \/>\n<div>\n<p class=\"Textodenotaalpie\">\u00a0\u00a0\u00a0\u00a0[1] Mestre Chigliazza, Manuel. 1945. p. 136<\/p>\n<\/div>\n<\/div>\n","protected":false},"excerpt":{"rendered":"<p>Encargado de Hacienda: Del 7 de octubre al 5 de noviembre de 1859. &nbsp; Abogado, se desempe\u00f1\u00f3 como Ministro de Justicia y Negocios Eclesi\u00e1sticos y encargado del Ministerio de Hacienda y Cr\u00e9dito P\u00fablico durante el gobierno de Miguel Miram\u00f3n. Muri\u00f3 en Villa de Guadalupe Hidalgo, Distrito Federal, el 1\u00ba de marzo de 1880.[1] \u00a0\u00a0\u00a0\u00a0[1] Mestre<\/p>\n<p><a href=\"https:\/\/memoriasdehacienda.institutomora.edu.mx\/?page_id=7571\" class=\"more-link themebutton\">Read More<\/a><\/p>\n","protected":false},"author":1,"featured_media":0,"parent":0,"menu_order":0,"comment_status":"closed","ping_status":"closed","template":"","meta":[],"_links":{"self":[{"href":"https:\/\/memoriasdehacienda.institutomora.edu.mx\/index.php?rest_route=\/wp\/v2\/pages\/7571"}],"collection":[{"href":"https:\/\/memoriasdehacienda.institutomora.edu.mx\/index.php?rest_route=\/wp\/v2\/pages"}],"about":[{"href":"https:\/\/memoriasdehacienda.institutomora.edu.mx\/index.php?rest_route=\/wp\/v2\/types\/page"}],"author":[{"embeddable":true,"href":"https:\/\/memoriasdehacienda.institutomora.edu.mx\/index.php?rest_route=\/wp\/v2\/users\/1"}],"replies":[{"embeddable":true,"href":"https:\/\/memoriasdehacienda.institutomora.edu.mx\/index.php?rest_route=%2Fwp%2Fv2%2Fcomments&post=7571"}],"version-history":[{"count":1,"href":"https:\/\/memoriasdehacienda.institutomora.edu.mx\/index.php?rest_route=\/wp\/v2\/pages\/7571\/revisions"}],"predecessor-version":[{"id":7572,"href":"https:\/\/memoriasdehacienda.institutomora.edu.mx\/index.php?rest_route=\/wp\/v2\/pages\/7571\/revisions\/7572"}],"wp:attachment":[{"href":"https:\/\/memoriasdehacienda.institutomora.edu.mx\/index.php?rest_route=%2Fwp%2Fv2%2Fmedia&parent=7571"}],"curies":[{"name":"wp","href":"https:\/\/api.w.org\/{rel}","templated":true}]}}