{"id":7575,"date":"2017-02-15T13:47:02","date_gmt":"2017-02-15T19:47:02","guid":{"rendered":"http:\/\/memoriasdehacienda.colmex.mx\/mhwp\/?page_id=7575"},"modified":"2017-02-15T13:47:02","modified_gmt":"2017-02-15T19:47:02","slug":"doblado-manuel-1818-1865","status":"publish","type":"page","link":"https:\/\/memoriasdehacienda.institutomora.edu.mx\/?page_id=7575","title":{"rendered":"Doblado, Manuel (1818-1865)"},"content":{"rendered":"<p>Encargado de Hacienda:<\/p>\n<p>Del 19 al 31 de marzo de 1862.<\/p>\n<p>Del 5 de abril al 24 de agosto de 1862.<\/p>\n<p>&nbsp;<\/p>\n<p>Originario de San Pedro Piedra Gorda, Guanajuato. Estudio la carrera de abogado, en 1844 fue profesor de geograf\u00eda y derecho p\u00fablico. A pesar de haber sido electo para gobernar su estado natal, no le fue posible por no contar con la edad requerida. Como diputado del Congreso nacional, en 1847 se opuso a la firma del Tratado de Guadalupe. Despu\u00e9s de triunfar el Plan de Ayutla, Comonfort lo designo gobernador de Guanajuato. En 1861 Ju\u00e1rez lo nombr\u00f3 Ministro de Relaciones, con ese car\u00e1cter enfrent\u00f3 la invasi\u00f3n de la Triple Alianza (Francia, Inglaterra y Espa\u00f1a). Antes de enfrentar al enemigo con las armas, tuvo bajo su responsabilidad el Ministerio de Hacienda. En el a\u00f1o de 1864 acompa\u00f1\u00f3 a Ju\u00e1rez hasta Paso Norte. Falleci\u00f3 en Nueva York.<a title=\"\" href=\"http:\/\/memoriasdehacienda.colmex.mx\/index.php\/126#_ftn1\">[1]<\/a><\/p>\n<div><br clear=\"all\" \/><\/p>\n<hr size=\"1\" width=\"33%\" \/>\n<div>\n<p class=\"Textodenotaalpie\">\u00a0\u00a0\u00a0\u00a0[1]\u00a0Diccionario Por\u00faa, vol 1, p. 478.<\/p>\n<\/div>\n<\/div>\n","protected":false},"excerpt":{"rendered":"<p>Encargado de Hacienda: Del 19 al 31 de marzo de 1862. Del 5 de abril al 24 de agosto de 1862. &nbsp; Originario de San Pedro Piedra Gorda, Guanajuato. Estudio la carrera de abogado, en 1844 fue profesor de geograf\u00eda y derecho p\u00fablico. A pesar de haber sido electo para gobernar su estado natal, no<\/p>\n<p><a href=\"https:\/\/memoriasdehacienda.institutomora.edu.mx\/?page_id=7575\" class=\"more-link themebutton\">Read More<\/a><\/p>\n","protected":false},"author":1,"featured_media":0,"parent":0,"menu_order":0,"comment_status":"closed","ping_status":"closed","template":"","meta":[],"_links":{"self":[{"href":"https:\/\/memoriasdehacienda.institutomora.edu.mx\/index.php?rest_route=\/wp\/v2\/pages\/7575"}],"collection":[{"href":"https:\/\/memoriasdehacienda.institutomora.edu.mx\/index.php?rest_route=\/wp\/v2\/pages"}],"about":[{"href":"https:\/\/memoriasdehacienda.institutomora.edu.mx\/index.php?rest_route=\/wp\/v2\/types\/page"}],"author":[{"embeddable":true,"href":"https:\/\/memoriasdehacienda.institutomora.edu.mx\/index.php?rest_route=\/wp\/v2\/users\/1"}],"replies":[{"embeddable":true,"href":"https:\/\/memoriasdehacienda.institutomora.edu.mx\/index.php?rest_route=%2Fwp%2Fv2%2Fcomments&post=7575"}],"version-history":[{"count":1,"href":"https:\/\/memoriasdehacienda.institutomora.edu.mx\/index.php?rest_route=\/wp\/v2\/pages\/7575\/revisions"}],"predecessor-version":[{"id":7576,"href":"https:\/\/memoriasdehacienda.institutomora.edu.mx\/index.php?rest_route=\/wp\/v2\/pages\/7575\/revisions\/7576"}],"wp:attachment":[{"href":"https:\/\/memoriasdehacienda.institutomora.edu.mx\/index.php?rest_route=%2Fwp%2Fv2%2Fmedia&parent=7575"}],"curies":[{"name":"wp","href":"https:\/\/api.w.org\/{rel}","templated":true}]}}