{"id":7595,"date":"2017-02-28T10:47:11","date_gmt":"2017-02-28T16:47:11","guid":{"rendered":"http:\/\/memoriasdehacienda.colmex.mx\/mhwp\/?page_id=7595"},"modified":"2017-03-01T12:29:18","modified_gmt":"2017-03-01T18:29:18","slug":"n-p","status":"publish","type":"page","link":"https:\/\/memoriasdehacienda.institutomora.edu.mx\/?page_id=7595","title":{"rendered":"N-P"},"content":{"rendered":"<h2><strong>N<\/strong><\/h2>\n<p>\u2022 <a href=\"?page_id=7763\">N\u00fa\u00f1ez, Jos\u00e9 Higinio\u00a0Del 18 de junio al 15 de julio de 1861 \/ Del 16 de julio al 12 de noviembre de 1861 \/ Del 25 de agosto de 1862 al 17 de enero de 1864<\/a><\/p>\n<p>&nbsp;<\/p>\n<h2><strong>O<\/strong><\/h2>\n<p>\u2022 <a href=\"?page_id=7766\">Ocampo, Melchor\u00a0Del 1\u00ba de marzo al 13 de mayo de 1850 \/Del 21 al 28 de enero de 1858 \/ Del 6 al 15 de agosto de 1858 \/ Del 16 de julio al 30 de septiembre de 1859 \/ Del 29 de noviembre de 1860 al 19 de enero de 1861<\/a><\/p>\n<p>\u2022 <a href=\"?page_id=7769\">Olazagarre, Manuel\u00a0Del 16 de junio de 1854 al 16 de enero de 1855<\/a><\/p>\n<p>&nbsp;<\/p>\n<h2><strong>P<\/strong><\/h2>\n<p>\u2022 <a href=\"?page_id=7771\">Parres, Luis\u00a0Del 5 de enero al 27 de marzo de 1846 \/ Del 30 de enero al 29 de mayo de 1854 \/ Del 18 de enero al 11 de abril de 1855<\/a><\/p>\n<p>\u2022 <a href=\"?page_id=7773\">Pav\u00f3n, Jos\u00e9 Ignacio\u00a0Del 1\u00b0 de diciembre de 1827 al 7 de marzo de 1828<\/a><\/p>\n<p>\u2022\u00a0<a href=\"?page_id=7776\">Payno y Flores, Manuel\u00a0Del 4 de julio de 1850 al 13 de enero de 1851 \/ Del 16 al 28 de enero de 1851 \/ Del 13 de diciembre de 1855 al 5 de mayo de 1856 \/ Del 20 de octubre al 11 de diciembre de 1857 \/ Del 17 de diciembre de 1857 al 19 de enero de 1858<\/a><\/p>\n<p>\u2022 <a href=\"?page_id=7779\">Pe\u00f1a, Miguel T. de la\u00a0Del 10 de febrero al 30 de noviembre de 1884<\/a><\/p>\n<p>\u2022 <a href=\"?page_id=7782\">P\u00e9rez Maldonado, Rafael\u00a0Del 5 de octubre de 1821 al 11 de abril de 1822 (Primera Regencia) \/ Del 11 de abril al 18 de mayo de 1822 (Segunda Regencia) \/Del 18 de mayo al 19 de marzo de 1822 (Imperio de Iturbide).<\/a><\/p>\n<p>\u2022 <a href=\"?page_id=7784\">Peza y Peza, Carlos G. de la\u00a0Del 7 de julio al 7 de octubre de 1859<\/a><\/p>\n<p>\u2022 <a href=\"?page_id=7786\">Pi\u00f1a y Cuevas, Manuel\u00a0Del 11 de septiembre de 1848 al 22 de marzo de 1849 \/ Del 25 de mayo al 1\u00b0 de septiembre de 1851.<\/a><\/p>\n<p>\u2022 <a href=\"?page_id=7789\">Piquero, Ignacio\u00a0Del 19 al 24 de enero de 1847.<\/a><\/p>\n","protected":false},"excerpt":{"rendered":"<p>N \u2022 N\u00fa\u00f1ez, Jos\u00e9 Higinio\u00a0Del 18 de junio al 15 de julio de 1861 \/ Del 16 de julio al 12 de noviembre de 1861 \/ Del 25 de agosto de 1862 al 17 de enero de 1864 &nbsp; O \u2022 Ocampo, Melchor\u00a0Del 1\u00ba de marzo al 13 de mayo de 1850 \/Del 21 al<\/p>\n<p><a href=\"https:\/\/memoriasdehacienda.institutomora.edu.mx\/?page_id=7595\" class=\"more-link themebutton\">Read More<\/a><\/p>\n","protected":false},"author":1,"featured_media":0,"parent":0,"menu_order":0,"comment_status":"closed","ping_status":"closed","template":"","meta":[],"_links":{"self":[{"href":"https:\/\/memoriasdehacienda.institutomora.edu.mx\/index.php?rest_route=\/wp\/v2\/pages\/7595"}],"collection":[{"href":"https:\/\/memoriasdehacienda.institutomora.edu.mx\/index.php?rest_route=\/wp\/v2\/pages"}],"about":[{"href":"https:\/\/memoriasdehacienda.institutomora.edu.mx\/index.php?rest_route=\/wp\/v2\/types\/page"}],"author":[{"embeddable":true,"href":"https:\/\/memoriasdehacienda.institutomora.edu.mx\/index.php?rest_route=\/wp\/v2\/users\/1"}],"replies":[{"embeddable":true,"href":"https:\/\/memoriasdehacienda.institutomora.edu.mx\/index.php?rest_route=%2Fwp%2Fv2%2Fcomments&post=7595"}],"version-history":[{"count":3,"href":"https:\/\/memoriasdehacienda.institutomora.edu.mx\/index.php?rest_route=\/wp\/v2\/pages\/7595\/revisions"}],"predecessor-version":[{"id":7792,"href":"https:\/\/memoriasdehacienda.institutomora.edu.mx\/index.php?rest_route=\/wp\/v2\/pages\/7595\/revisions\/7792"}],"wp:attachment":[{"href":"https:\/\/memoriasdehacienda.institutomora.edu.mx\/index.php?rest_route=%2Fwp%2Fv2%2Fmedia&parent=7595"}],"curies":[{"name":"wp","href":"https:\/\/api.w.org\/{rel}","templated":true}]}}