{"id":7601,"date":"2017-02-28T10:56:51","date_gmt":"2017-02-28T16:56:51","guid":{"rendered":"http:\/\/memoriasdehacienda.colmex.mx\/mhwp\/?page_id=7601"},"modified":"2017-02-28T10:56:51","modified_gmt":"2017-02-28T16:56:51","slug":"echeverria-y-migoni-francisco-javier-1797-1852","status":"publish","type":"page","link":"https:\/\/memoriasdehacienda.institutomora.edu.mx\/?page_id=7601","title":{"rendered":"Echeverr\u00eda y Migoni, Francisco Javier (1797-1852)"},"content":{"rendered":"<p>Ministro de Hacienda:<\/p>\n<p><img loading=\"lazy\" class=\"size-full wp-image-7602 alignright\" src=\"https:\/\/memoriasdehacienda.institutomora.edu.mx\/wp-content\/uploads\/migoni.jpg\" alt=\"migoni\" width=\"171\" height=\"252\" srcset=\"https:\/\/memoriasdehacienda.institutomora.edu.mx\/wp-content\/uploads\/migoni.jpg 171w, https:\/\/memoriasdehacienda.institutomora.edu.mx\/wp-content\/uploads\/migoni-102x150.jpg 102w\" sizes=\"(max-width: 171px) 100vw, 171px\" \/>\u00a0 Del 5 de mayo al 1\u00b0 de septiembre de 1834.<\/p>\n<p>Del 27 de julio de 1839 al 23 de marzo de 1841.<\/p>\n<p>&nbsp;<\/p>\n<p>Naci\u00f3 en Jalapa, Veracruz, hijo de Pedro Echeverr\u00eda uno de los mercaderes m\u00e1s ricos del Consulado de Veracruz. De profesi\u00f3n comerciante, su desahogada posici\u00f3n econ\u00f3mica le dio la posibilidad de dedicarse tambi\u00e9n a la pol\u00edtica, siendo destacado centralista. Agiotista connotado, particip\u00f3 en numerosos pr\u00e9stamos al gobierno en los decenios de 1830 y 1840, acrecentando su ya considerable fortuna. En 1844 era due\u00f1o de la inmensa hacienda de La Gavia (antiguamente propiedad del Conde de Regla) en el valle de Toluca, la que ten\u00eda unas dimensiones de cerca de 400 leguas cuadradas.<\/p>\n<p>A fines de 1829 es electo diputado al Congreso local. Terminada su gesti\u00f3n, en 1834 se dirige a la ciudad de M\u00e9xico con el prop\u00f3sito de establecer una casa mercantil con otros miembros de su familia. Ese mismo a\u00f1o Santa Anna lo nombra ministro de Hacienda; durante su breve administraci\u00f3n que dura de mayo a septiembre, no logra llevar a cabo ning\u00fan proyecto. En 1836, bajo la presidencia Anastasio Bustamante, fue miembro del Consejo de Estado, quedando a cargo de los asuntos financieros. El 27 de julio de 1839 ocup\u00f3 nuevamente la cartera de Hacienda. Con la idea de ayudar en algo al erario p\u00fablico efectu\u00f3 un pr\u00e9stamo a \u00e9ste. Aunque por un lado recibi\u00f3 elogios al lograr una considerable disminuci\u00f3n de la deuda interior, su administraci\u00f3n fue criticada por no buscar soluciones radicales al problema hacendario de la naci\u00f3n. De hecho Echeverr\u00eda llev\u00f3 a cabo una pol\u00edtica de devoluci\u00f3n de pr\u00e9stamos leoninos a la comunidad de agiotistas, lo que provoc\u00f3 el debilitamiento de la Hacienda p\u00fablica. En marzo de 1841 renunci\u00f3 a su puesto, porque -con la autorizaci\u00f3n de dos miembros de gabinete- el general Arista, jefe militar de Tampico, permiti\u00f3 la introducci\u00f3n de art\u00edculos prohibidos para pagar a sus soldados.<\/p>\n<p>En 1846 y 1850 fue electo como diputado de Veracruz al Congreso de la Uni\u00f3n. En febrero de 1850 fue miembro de la comisi\u00f3n encargada de arreglar el cr\u00e9dito p\u00fablico. Fue director de la Loter\u00eda de la Academia Nacional de San Carlos, renta que adem\u00e1s de hacerse llegar fondos fue destinada a pagar parte de la deuda interna bajo su eficiente administraci\u00f3n.<a title=\"\" href=\"http:\/\/memoriasdehacienda.colmex.mx\/index.php\/129#_ftn1\">[1]<\/a><\/p>\n<div><br clear=\"all\" \/><\/p>\n<hr size=\"1\" width=\"33%\" \/>\n<div>\n<p class=\"Textodenotaalpie\">\u00a0\u00a0\u00a0\u00a0[1]\u00a0\u00a0\u00a0\u00a0\u00a0\u00a0\u00a0 C\u00e1rdenas de la Pe\u00f1a, p. 565<\/p>\n<\/div>\n<\/div>\n","protected":false},"excerpt":{"rendered":"<p>Ministro de Hacienda: \u00a0 Del 5 de mayo al 1\u00b0 de septiembre de 1834. Del 27 de julio de 1839 al 23 de marzo de 1841. &nbsp; Naci\u00f3 en Jalapa, Veracruz, hijo de Pedro Echeverr\u00eda uno de los mercaderes m\u00e1s ricos del Consulado de Veracruz. De profesi\u00f3n comerciante, su desahogada posici\u00f3n econ\u00f3mica le dio la<\/p>\n<p><a href=\"https:\/\/memoriasdehacienda.institutomora.edu.mx\/?page_id=7601\" class=\"more-link themebutton\">Read More<\/a><\/p>\n","protected":false},"author":1,"featured_media":0,"parent":0,"menu_order":0,"comment_status":"closed","ping_status":"closed","template":"","meta":[],"_links":{"self":[{"href":"https:\/\/memoriasdehacienda.institutomora.edu.mx\/index.php?rest_route=\/wp\/v2\/pages\/7601"}],"collection":[{"href":"https:\/\/memoriasdehacienda.institutomora.edu.mx\/index.php?rest_route=\/wp\/v2\/pages"}],"about":[{"href":"https:\/\/memoriasdehacienda.institutomora.edu.mx\/index.php?rest_route=\/wp\/v2\/types\/page"}],"author":[{"embeddable":true,"href":"https:\/\/memoriasdehacienda.institutomora.edu.mx\/index.php?rest_route=\/wp\/v2\/users\/1"}],"replies":[{"embeddable":true,"href":"https:\/\/memoriasdehacienda.institutomora.edu.mx\/index.php?rest_route=%2Fwp%2Fv2%2Fcomments&post=7601"}],"version-history":[{"count":1,"href":"https:\/\/memoriasdehacienda.institutomora.edu.mx\/index.php?rest_route=\/wp\/v2\/pages\/7601\/revisions"}],"predecessor-version":[{"id":7603,"href":"https:\/\/memoriasdehacienda.institutomora.edu.mx\/index.php?rest_route=\/wp\/v2\/pages\/7601\/revisions\/7603"}],"wp:attachment":[{"href":"https:\/\/memoriasdehacienda.institutomora.edu.mx\/index.php?rest_route=%2Fwp%2Fv2%2Fmedia&parent=7601"}],"curies":[{"name":"wp","href":"https:\/\/api.w.org\/{rel}","templated":true}]}}