{"id":7660,"date":"2017-02-28T13:26:07","date_gmt":"2017-02-28T19:26:07","guid":{"rendered":"http:\/\/memoriasdehacienda.colmex.mx\/mhwp\/?page_id=7660"},"modified":"2017-02-28T13:26:07","modified_gmt":"2017-02-28T19:26:07","slug":"gomez-farias-benito-1914","status":"publish","type":"page","link":"https:\/\/memoriasdehacienda.institutomora.edu.mx\/?page_id=7660","title":{"rendered":"G\u00f3mez Far\u00edas, Benito (&#8230;-1914)"},"content":{"rendered":"<p>Secretario de Hacienda:<\/p>\n<p>Del 12 de junio al 30 de octubre de 1891.<\/p>\n<p>&nbsp;<\/p>\n<p>De profesi\u00f3n economista, aunque no se tiene conocimiento de donde naci\u00f3, ni en que fecha, se sabe que fue hijo del ilustre pol\u00edtico Valent\u00edn G\u00f3mez Far\u00edas. Como empleado de la Secretar\u00eda de Hacienda en 1846 fue enviado a la agencia financiera de Londres; despu\u00e9s fue consejero de Santos Degollado; asimismo form\u00f3 parte del constituyente de 1857 y por corto tiempo fue ministro de Hacienda en 1891. Muri\u00f3 en M\u00e9xico el 19 de Octubre de 1914.<a title=\"\" href=\"http:\/\/memoriasdehacienda.colmex.mx\/index.php\/148#_ftn1\">[1]<\/a><\/p>\n<div><br clear=\"all\" \/><\/p>\n<hr size=\"1\" width=\"33%\" \/>\n<div>\n<p class=\"Textodenotaalpie\">\u00a0\u00a0\u00a0\u00a0[1] Diccionario Porr\u00faa, Historia, Biograf\u00eda y Geograf\u00eda de M\u00e9xico. 1986. P. 1257<\/p>\n<p class=\"Textodenotaalpie\">\u00a0\u00a0\u00a0\u00a0\u00a0\u00a0\u00a0\u00a0\u00a0\u00a0\u00a0 \u00a0\u00a0 Mestre Chigliazza, Manuel. 1945. P. 252<\/p>\n<\/div>\n<\/div>\n","protected":false},"excerpt":{"rendered":"<p>Secretario de Hacienda: Del 12 de junio al 30 de octubre de 1891. &nbsp; De profesi\u00f3n economista, aunque no se tiene conocimiento de donde naci\u00f3, ni en que fecha, se sabe que fue hijo del ilustre pol\u00edtico Valent\u00edn G\u00f3mez Far\u00edas. Como empleado de la Secretar\u00eda de Hacienda en 1846 fue enviado a la agencia financiera<\/p>\n<p><a href=\"https:\/\/memoriasdehacienda.institutomora.edu.mx\/?page_id=7660\" class=\"more-link themebutton\">Read More<\/a><\/p>\n","protected":false},"author":1,"featured_media":0,"parent":0,"menu_order":0,"comment_status":"closed","ping_status":"closed","template":"","meta":[],"_links":{"self":[{"href":"https:\/\/memoriasdehacienda.institutomora.edu.mx\/index.php?rest_route=\/wp\/v2\/pages\/7660"}],"collection":[{"href":"https:\/\/memoriasdehacienda.institutomora.edu.mx\/index.php?rest_route=\/wp\/v2\/pages"}],"about":[{"href":"https:\/\/memoriasdehacienda.institutomora.edu.mx\/index.php?rest_route=\/wp\/v2\/types\/page"}],"author":[{"embeddable":true,"href":"https:\/\/memoriasdehacienda.institutomora.edu.mx\/index.php?rest_route=\/wp\/v2\/users\/1"}],"replies":[{"embeddable":true,"href":"https:\/\/memoriasdehacienda.institutomora.edu.mx\/index.php?rest_route=%2Fwp%2Fv2%2Fcomments&post=7660"}],"version-history":[{"count":1,"href":"https:\/\/memoriasdehacienda.institutomora.edu.mx\/index.php?rest_route=\/wp\/v2\/pages\/7660\/revisions"}],"predecessor-version":[{"id":7661,"href":"https:\/\/memoriasdehacienda.institutomora.edu.mx\/index.php?rest_route=\/wp\/v2\/pages\/7660\/revisions\/7661"}],"wp:attachment":[{"href":"https:\/\/memoriasdehacienda.institutomora.edu.mx\/index.php?rest_route=%2Fwp%2Fv2%2Fmedia&parent=7660"}],"curies":[{"name":"wp","href":"https:\/\/api.w.org\/{rel}","templated":true}]}}