{"id":7662,"date":"2017-02-28T13:28:19","date_gmt":"2017-02-28T19:28:19","guid":{"rendered":"http:\/\/memoriasdehacienda.colmex.mx\/mhwp\/?page_id=7662"},"modified":"2017-02-28T13:28:19","modified_gmt":"2017-02-28T19:28:19","slug":"gomez-farias-valentin-1781-1858","status":"publish","type":"page","link":"https:\/\/memoriasdehacienda.institutomora.edu.mx\/?page_id=7662","title":{"rendered":"G\u00f3mez Far\u00edas, Valent\u00edn (1781-1858)"},"content":{"rendered":"<p>Ministro de Hacienda:<\/p>\n<p><img loading=\"lazy\" class=\"size-full wp-image-7663 alignright\" src=\"https:\/\/memoriasdehacienda.institutomora.edu.mx\/wp-content\/uploads\/valentin.jpg\" alt=\"valentin\" width=\"171\" height=\"228\" srcset=\"https:\/\/memoriasdehacienda.institutomora.edu.mx\/wp-content\/uploads\/valentin.jpg 171w, https:\/\/memoriasdehacienda.institutomora.edu.mx\/wp-content\/uploads\/valentin-113x150.jpg 113w\" sizes=\"(max-width: 171px) 100vw, 171px\" \/>\u00a0\u00a0\u00a0\u00a0\u00a0\u00a0 Del 2 de febrero al 31 de marzo de 1833.<\/p>\n<p>Del 28 de agosto al 21 de septiembre de 1846.<\/p>\n<p>&nbsp;<\/p>\n<p>Naci\u00f3 en Guadalajara, Jalisco, en una familia de comerciantes espa\u00f1oles. Ocup\u00f3 el cargo de catedr\u00e1tico en la Universidad de Guadalajara y ejerci\u00f3 la medicina en Aguascalientes. Fue regente de la ciudad de Aguascalientes y fue electo representante a las Cortes de C\u00e1diz en 1812. Al consumarse la Independencia fue electo diputado al primer Congreso Nacional. Fue uno de los que propuso a Agust\u00edn de Iturbide como emperador, pero le retir\u00f3 su respaldo ante el desvi\u00f3 de su programa de gobierno. Particip\u00f3 en la campa\u00f1a presidencial de Guadalupe Victoria.<\/p>\n<p>Como pol\u00edtico, en los primeros a\u00f1os de independencia, form\u00f3 parte del grupo llamado de \u00ablos imparciales\u00bb, quienes estaban alejados lo mismo de los escoceses que de los yorkinos. Dirigi\u00f3 los peri\u00f3dicos\u00a0El Imparcial\u00a0y\u00a0El Aguila. Tambi\u00e9n se desempe\u00f1\u00f3 como secretario general del gobierno de Zacatecas (1831).<\/p>\n<p>Fue ministro de Hacienda de Manuel G\u00f3mez Pedraza, del 2 de febrero al 31 de marzo de 1833, y a partir de ese a\u00f1o en cinco ocasiones ejerci\u00f3 el Poder Ejecutivo.<a title=\"\" href=\"http:\/\/memoriasdehacienda.colmex.mx\/index.php\/149#_ftn1\">[1]<\/a>\u00a0Bajo su primer administraci\u00f3n fueron impulsadas una serie de medidas destinadas a reducir el poder econ\u00f3mico de la Iglesia. Entre ellas se decret\u00f3 la abolici\u00f3n de los diezmos (1833) y se propuso llevar a la pr\u00e1ctica el plan propuesto por Jos\u00e9 Mar\u00eda Luis Mora de venta de una proporci\u00f3n importante de propiedades eclesi\u00e1sticas a cambio de que el gobierno garantizara los gastos operativos de la propia Iglesia. Sin embargo, el regreso de Santa Anna a la capital marc\u00f3 el fin de este experimento liberal y poco despu\u00e9s present\u00f3 su dimisi\u00f3n G\u00f3mez Far\u00edas, marcando el fin de la primera \u00e9poca del r\u00e9gimen federalista.<\/p>\n<p>Desde antes de ser gobernante G\u00f3mez Far\u00edas hab\u00eda cuestionado el poder civil de la Iglesia. Al respecto, una de sus principales preocupaciones como presidente de la rep\u00fablica fue la de minar la base jur\u00eddica de la supremac\u00eda eclesi\u00e1stica en los asuntos civiles, entre ellos la educaci\u00f3n, por ello suprimi\u00f3 la Real Pontificia Universidad de M\u00e9xico y estableci\u00f3 la Direcci\u00f3n General de Instrucci\u00f3n P\u00fablica e introdujo el sistema lancasteriano.<\/p>\n<p>Por sostener sus ideas pol\u00edticas fue desterrado del pa\u00eds durante el primer gobierno encabezado por centralistas encabezados por Anastasio Bustamante, regresando a M\u00e9xico en 1838. En 1840 encabez\u00f3 una rebeli\u00f3n encaminada a restaurar el federalismo, pero debido al fracas\u00f3 del movimiento G\u00f3mez Far\u00edas sali\u00f3 de nuevo del pa\u00eds en calidad de exilado, residiendo en Nueva Orleans hasta 1845. Al triunfo del Plan de Ayutla concurri\u00f3 a Cuernavaca y fue electo presidente de la junta y fue diputado electo por Jalisco al Congreso Nacional Constituyente de 1857.<a title=\"\" href=\"http:\/\/memoriasdehacienda.colmex.mx\/index.php\/149#_ftn2\">[2]<\/a><\/p>\n<div><br clear=\"all\" \/><\/p>\n<hr size=\"1\" width=\"33%\" \/>\n<div>\n<p class=\"Textodenotaalpie\">\u00a0\u00a0\u00a0\u00a0[1]\u00a0\u00a0\u00a0\u00a0\u00a0\u00a0\u00a0 C\u00e1rdenas de la Pe\u00f1a, vol. 2, p.107.<\/p>\n<\/div>\n<div>\n<p class=\"Textodenotaalpie\">\u00a0\u00a0\u00a0\u00a0[2]\u00a0\u00a0\u00a0\u00a0\u00a0\u00a0\u00a0 &#8220;Fallece en la ciudad de M\u00e9xico el 5 de julio de 1858. En vista de que no se le acepta en ninguno de los panteones parroquiales, debe del sepultado en el jard\u00edn de su residencia de Mixcoac. En la actualidad sus restos reposan en la Rotonda de los Hombres Ilustres&#8221;.\u00a0Ibid. pp.109;\u00a0M\u00e9xico a trav\u00e9s de los siglos. Diccionario, A-J, p.373.<\/p>\n<\/div>\n<\/div>\n","protected":false},"excerpt":{"rendered":"<p>Ministro de Hacienda: \u00a0\u00a0\u00a0\u00a0\u00a0\u00a0 Del 2 de febrero al 31 de marzo de 1833. Del 28 de agosto al 21 de septiembre de 1846. &nbsp; Naci\u00f3 en Guadalajara, Jalisco, en una familia de comerciantes espa\u00f1oles. Ocup\u00f3 el cargo de catedr\u00e1tico en la Universidad de Guadalajara y ejerci\u00f3 la medicina en Aguascalientes. Fue regente de la<\/p>\n<p><a href=\"https:\/\/memoriasdehacienda.institutomora.edu.mx\/?page_id=7662\" class=\"more-link themebutton\">Read More<\/a><\/p>\n","protected":false},"author":1,"featured_media":0,"parent":0,"menu_order":0,"comment_status":"closed","ping_status":"closed","template":"","meta":[],"_links":{"self":[{"href":"https:\/\/memoriasdehacienda.institutomora.edu.mx\/index.php?rest_route=\/wp\/v2\/pages\/7662"}],"collection":[{"href":"https:\/\/memoriasdehacienda.institutomora.edu.mx\/index.php?rest_route=\/wp\/v2\/pages"}],"about":[{"href":"https:\/\/memoriasdehacienda.institutomora.edu.mx\/index.php?rest_route=\/wp\/v2\/types\/page"}],"author":[{"embeddable":true,"href":"https:\/\/memoriasdehacienda.institutomora.edu.mx\/index.php?rest_route=\/wp\/v2\/users\/1"}],"replies":[{"embeddable":true,"href":"https:\/\/memoriasdehacienda.institutomora.edu.mx\/index.php?rest_route=%2Fwp%2Fv2%2Fcomments&post=7662"}],"version-history":[{"count":1,"href":"https:\/\/memoriasdehacienda.institutomora.edu.mx\/index.php?rest_route=\/wp\/v2\/pages\/7662\/revisions"}],"predecessor-version":[{"id":7664,"href":"https:\/\/memoriasdehacienda.institutomora.edu.mx\/index.php?rest_route=\/wp\/v2\/pages\/7662\/revisions\/7664"}],"wp:attachment":[{"href":"https:\/\/memoriasdehacienda.institutomora.edu.mx\/index.php?rest_route=%2Fwp%2Fv2%2Fmedia&parent=7662"}],"curies":[{"name":"wp","href":"https:\/\/api.w.org\/{rel}","templated":true}]}}