{"id":7687,"date":"2017-02-28T15:01:58","date_gmt":"2017-02-28T21:01:58","guid":{"rendered":"http:\/\/memoriasdehacienda.colmex.mx\/mhwp\/?page_id=7687"},"modified":"2017-02-28T15:01:58","modified_gmt":"2017-02-28T21:01:58","slug":"hierro-maldonado-juan-1891","status":"publish","type":"page","link":"https:\/\/memoriasdehacienda.institutomora.edu.mx\/?page_id=7687","title":{"rendered":"Hierro Maldonado, Juan (&#8230;-1891)"},"content":{"rendered":"<p>Abogado, fue Ministro de Fomento y de Hacienda en el gobierno alterno de F\u00e9liz Zuloaga (24 de enero a 24 de abril de 1858). Muri\u00f3 en M\u00e9xico.<a title=\"\" href=\"http:\/\/memoriasdehacienda.colmex.mx\/index.php\/156#_ftn1\">[1]<\/a><\/p>\n<div style=\"text-align: left;\"><br clear=\"all\" \/><\/p>\n<hr size=\"1\" width=\"33%\" \/>\n<div>\n<p class=\"Textodenotaalpie\">\u00a0\u00a0\u00a0\u00a0[1] Mestre Chigliazza, Manuel. 1945. P. 173<\/p>\n<\/div>\n<\/div>\n","protected":false},"excerpt":{"rendered":"<p>Abogado, fue Ministro de Fomento y de Hacienda en el gobierno alterno de F\u00e9liz Zuloaga (24 de enero a 24 de abril de 1858). Muri\u00f3 en M\u00e9xico.[1] \u00a0\u00a0\u00a0\u00a0[1] Mestre Chigliazza, Manuel. 1945. P. 173<\/p>\n","protected":false},"author":1,"featured_media":0,"parent":0,"menu_order":0,"comment_status":"closed","ping_status":"closed","template":"","meta":[],"_links":{"self":[{"href":"https:\/\/memoriasdehacienda.institutomora.edu.mx\/index.php?rest_route=\/wp\/v2\/pages\/7687"}],"collection":[{"href":"https:\/\/memoriasdehacienda.institutomora.edu.mx\/index.php?rest_route=\/wp\/v2\/pages"}],"about":[{"href":"https:\/\/memoriasdehacienda.institutomora.edu.mx\/index.php?rest_route=\/wp\/v2\/types\/page"}],"author":[{"embeddable":true,"href":"https:\/\/memoriasdehacienda.institutomora.edu.mx\/index.php?rest_route=\/wp\/v2\/users\/1"}],"replies":[{"embeddable":true,"href":"https:\/\/memoriasdehacienda.institutomora.edu.mx\/index.php?rest_route=%2Fwp%2Fv2%2Fcomments&post=7687"}],"version-history":[{"count":1,"href":"https:\/\/memoriasdehacienda.institutomora.edu.mx\/index.php?rest_route=\/wp\/v2\/pages\/7687\/revisions"}],"predecessor-version":[{"id":7688,"href":"https:\/\/memoriasdehacienda.institutomora.edu.mx\/index.php?rest_route=\/wp\/v2\/pages\/7687\/revisions\/7688"}],"wp:attachment":[{"href":"https:\/\/memoriasdehacienda.institutomora.edu.mx\/index.php?rest_route=%2Fwp%2Fv2%2Fmedia&parent=7687"}],"curies":[{"name":"wp","href":"https:\/\/api.w.org\/{rel}","templated":true}]}}