{"id":7695,"date":"2017-02-28T15:07:39","date_gmt":"2017-02-28T21:07:39","guid":{"rendered":"http:\/\/memoriasdehacienda.colmex.mx\/mhwp\/?page_id=7695"},"modified":"2017-02-28T15:07:39","modified_gmt":"2017-02-28T21:07:39","slug":"iglesias-jose-maria-1823-1891","status":"publish","type":"page","link":"https:\/\/memoriasdehacienda.institutomora.edu.mx\/?page_id=7695","title":{"rendered":"Iglesias, Jos\u00e9 Mar\u00eda (1823-1891)"},"content":{"rendered":"<p>Ministro de Hacienda:<\/p>\n<p><img loading=\"lazy\" class=\"size-full wp-image-7696 alignright\" src=\"https:\/\/memoriasdehacienda.institutomora.edu.mx\/wp-content\/uploads\/iglesias.jpg\" alt=\"iglesias\" width=\"171\" height=\"205\" srcset=\"https:\/\/memoriasdehacienda.institutomora.edu.mx\/wp-content\/uploads\/iglesias.jpg 171w, https:\/\/memoriasdehacienda.institutomora.edu.mx\/wp-content\/uploads\/iglesias-125x150.jpg 125w\" sizes=\"(max-width: 171px) 100vw, 171px\" \/>\u00a0\u00a0\u00a0 Del 25 de mayo al 16 de septiembre de 1857.<\/p>\n<p>Del 14 de mayo a 25 de diciembre de 1867.<\/p>\n<p>Del 18 de enero al 19 de abril de 1864.<\/p>\n<p>Del 14 de mayo de 1864 al 25 de diciembre de 1867.<\/p>\n<p>Del 20 de noviembre de 1868 al 30 septiembre de 1869.<\/p>\n<p>&nbsp;<\/p>\n<p>Nacido en la ciudad de M\u00e9xico, hacia 1835 se inscribi\u00f3 en el Colegio de San Gregorio, ah\u00ed curs\u00f3 la carrera de abogado, laborando como pasante en el bufete del licenciado Mariano Esteva (1842). Imparti\u00f3 clases de artes, f\u00edsica, derecho, franc\u00e9s e ingl\u00e9s. Tambi\u00e9n se le design\u00f3 regidor del Ayuntamiento de la capital (1846). Desempe\u00f1a los cargos de ministro del Supremo Tribunal de Guerra, secretario particular de Pedro Mar\u00eda Anaya y auditor del Ej\u00e9rcito de Oriente (1847). Se opuso a la firma de los Tratados de Guadalupe Hidalgo y fue uno de los autores de\u00a0Apuntes para la historia de la guerra entre M\u00e9xico y los Estados Unidos\u00a0(1848). Tambi\u00e9n fue redactor en jefe del peri\u00f3dico\u00a0El Siglo XIX. Fue nombrado Jefe de la Secci\u00f3n de Cr\u00e9ditos Activos de la Junta de Cr\u00e9dito P\u00fablico (1849). Fue electo diputado suplente del Congreso de la Uni\u00f3n (1852), cargo que dej\u00f3 (1853) pues Santa Anna emiti\u00f3 un decreto por el cual a los autores de los\u00a0Apuntes\u00a0no se les deber\u00eda conceder en ning\u00fan cargo p\u00fablico. Despu\u00e9s fue Jefe de la Secci\u00f3n de Cr\u00e9dito P\u00fablico de la Secretar\u00eda de Hacienda (1855) y ministro de Justicia (1857). Tuvo a su cargo la cartera de Hacienda (del 25 de mayo al 16 de septiembre de 1857) y meses despu\u00e9s fue designado magistrado de la Suprema Corte de Justicia (noviembre de 1857).<\/p>\n<p>En la \u00e9poca de la intervenci\u00f3n francesa se encarg\u00f3 de redactar las\u00a0Revistas Hist\u00f3ricas, mismas que public\u00f3, al menos una vez por mes, de abril de 1862 a julio de 1864. En ellas analiz\u00f3 las causas por las cuales el proyecto imperial fracasar\u00eda. Form\u00f3 parte del grupo que acompa\u00f1\u00f3 a Ju\u00e1rez en su exilio. Al triunfo de la rep\u00fablica se le nombr\u00f3 ministro de Justicia (1863-1867), despu\u00e9s le fue confiada la cartera de Hacienda; tambi\u00e9n fue electo diputado federal (1867). M\u00e1s adelante fue designado secretario de Justicia, de Gobernaci\u00f3n y presidente de la Suprema Corte de Justicia. Con tal car\u00e1cter, el 31 de octubre de 1876 desconoci\u00f3 la reelecci\u00f3n de Sebasti\u00e1n Lerdo de Tejada, quien se autonombr\u00f3 presidente de la rep\u00fablica e instal\u00f3 su gobierno en Toluca. Luego, ante el avance de las tropas de Porfirio D\u00edaz, se retir\u00f3 a otras ciudades y, a fines de enero de 1877, abandon\u00f3 el pa\u00eds para exilarse en Nueva Orleans. Retorn\u00f3 a M\u00e9xico en octubre de dicho a\u00f1o y desde entonces se alej\u00f3 de la actividad pol\u00edtica.<a title=\"\" href=\"http:\/\/memoriasdehacienda.colmex.mx\/index.php\/160#_ftn1\">[1]<\/a><\/p>\n<div><br clear=\"all\" \/><\/p>\n<hr size=\"1\" width=\"33%\" \/>\n<div>\n<p class=\"Textodenotaalpie\">\u00a0\u00a0\u00a0\u00a0[1]\u00a0\u00a0\u00a0\u00a0\u00a0\u00a0\u00a0 C\u00e1rdenas de la Pe\u00f1a, vol.2, pp.237.<\/p>\n<\/div>\n<\/div>\n","protected":false},"excerpt":{"rendered":"<p>Ministro de Hacienda: \u00a0\u00a0\u00a0 Del 25 de mayo al 16 de septiembre de 1857. Del 14 de mayo a 25 de diciembre de 1867. Del 18 de enero al 19 de abril de 1864. Del 14 de mayo de 1864 al 25 de diciembre de 1867. Del 20 de noviembre de 1868 al 30 septiembre<\/p>\n<p><a href=\"https:\/\/memoriasdehacienda.institutomora.edu.mx\/?page_id=7695\" class=\"more-link themebutton\">Read More<\/a><\/p>\n","protected":false},"author":1,"featured_media":0,"parent":0,"menu_order":0,"comment_status":"closed","ping_status":"closed","template":"","meta":[],"_links":{"self":[{"href":"https:\/\/memoriasdehacienda.institutomora.edu.mx\/index.php?rest_route=\/wp\/v2\/pages\/7695"}],"collection":[{"href":"https:\/\/memoriasdehacienda.institutomora.edu.mx\/index.php?rest_route=\/wp\/v2\/pages"}],"about":[{"href":"https:\/\/memoriasdehacienda.institutomora.edu.mx\/index.php?rest_route=\/wp\/v2\/types\/page"}],"author":[{"embeddable":true,"href":"https:\/\/memoriasdehacienda.institutomora.edu.mx\/index.php?rest_route=\/wp\/v2\/users\/1"}],"replies":[{"embeddable":true,"href":"https:\/\/memoriasdehacienda.institutomora.edu.mx\/index.php?rest_route=%2Fwp%2Fv2%2Fcomments&post=7695"}],"version-history":[{"count":1,"href":"https:\/\/memoriasdehacienda.institutomora.edu.mx\/index.php?rest_route=\/wp\/v2\/pages\/7695\/revisions"}],"predecessor-version":[{"id":7697,"href":"https:\/\/memoriasdehacienda.institutomora.edu.mx\/index.php?rest_route=\/wp\/v2\/pages\/7695\/revisions\/7697"}],"wp:attachment":[{"href":"https:\/\/memoriasdehacienda.institutomora.edu.mx\/index.php?rest_route=%2Fwp%2Fv2%2Fmedia&parent=7695"}],"curies":[{"name":"wp","href":"https:\/\/api.w.org\/{rel}","templated":true}]}}