{"id":7698,"date":"2017-02-28T15:19:45","date_gmt":"2017-02-28T21:19:45","guid":{"rendered":"http:\/\/memoriasdehacienda.colmex.mx\/mhwp\/?page_id=7698"},"modified":"2017-02-28T15:19:45","modified_gmt":"2017-02-28T21:19:45","slug":"iturbe-y-anciola-francisco-1806-1861","status":"publish","type":"page","link":"https:\/\/memoriasdehacienda.institutomora.edu.mx\/?page_id=7698","title":{"rendered":"Iturbe y Anciola, Francisco (1806-1861)"},"content":{"rendered":"<p>Ministro de Hacienda:<\/p>\n<p><img loading=\"lazy\" class=\"size-full wp-image-7699 alignright\" src=\"https:\/\/memoriasdehacienda.institutomora.edu.mx\/wp-content\/uploads\/iturbe.jpg\" alt=\"iturbe\" width=\"171\" height=\"203\" srcset=\"https:\/\/memoriasdehacienda.institutomora.edu.mx\/wp-content\/uploads\/iturbe.jpg 171w, https:\/\/memoriasdehacienda.institutomora.edu.mx\/wp-content\/uploads\/iturbe-126x150.jpg 126w\" sizes=\"(max-width: 171px) 100vw, 171px\" \/> Del 2 de mayo al 26 de mayo de 1846.<\/p>\n<p>Del 31 de octubre al 8 de noviembre de 1849.<\/p>\n<p>&nbsp;<\/p>\n<p>Nacido en P\u00e1tzcuaro, Michoac\u00e1n, el 16 de septiembre de 1806, era hijo del gobernador de la provincia de Nueva Santander. Desde joven se dedic\u00f3 al comercio, al agio y a la adquisici\u00f3n de tierras urbanas y rurales. Uno de los agiotistas mas connotados de la ciudad de M\u00e9xico en los decenios de 1830, 1840 y 1850, utiliz\u00f3 el lucrativo negocio de los pr\u00e9stamos para adquirir una gran fortuna, ten\u00eda intereses en empresas mineras, en haciendas y propiedades urbanas en la ciudad de M\u00e9xico. Ministro en 1846, sustituy\u00f3 a Manuel Eduardo de Gorostiza en la Secretar\u00eda de Hacienda; su nombramiento fue criticado por la prensa de la \u00e9poca, ya que se le consideraba incapaz para atender las finanzas p\u00fablicas del pa\u00eds, en parte por sus propios intereses financieros. Al tomar posesi\u00f3n de su empleo orden\u00f3 a la Tesorer\u00eda General suspender los pagos pendientes, despu\u00e9s expidi\u00f3 un decreto rebajando una cuarta parte de los salarios de los empleados p\u00fablicos (7 de mayo de 1846). Con la idea de mejorar las situaci\u00f3n hacendaria, solicito el apoyo financiero de los gobiernos departamentales y del clero, pero sus disposiciones provocaron protestas por parte de la prensa nacional, se le acus\u00f3 de inepto y de verdadera calamidad para el Estado. Ante las acusaciones dej\u00f3 su cargo (el 28 de julio de 1846).<\/p>\n<p>Form\u00f3 parte de una Junta creada para aconsejar al gobierno nacional acerca de los procedimientos a seguir en la recaudaci\u00f3n de dinero para enfrentar la invasi\u00f3n norteamericana (1847). Por segunda ocasi\u00f3n ocup\u00f3 la cartera de Hacienda (31 de octubre de 1849), bajo la presidencia de Jos\u00e9 Joaqu\u00edn de Herrera. Al no concederle permiso el Congreso para disponer de la indemnizaci\u00f3n dada por los Estados Unidos (3.540,000 pesos), present\u00f3 su renuncia (8 de noviembre de 1849).<a title=\"\" href=\"http:\/\/memoriasdehacienda.colmex.mx\/index.php\/161#_ftn1\">[1]<\/a>\u00a0Cuando fue nuevamente designado ministro de Hacienda (enero de 1853) rechaz\u00f3 el puesto. Lleg\u00f3 a ejercer la gobernatura del Estado de M\u00e9xico cuando el titular, Mariano Riva Palacio, solicit\u00f3 licencia (del 4 de julio al 16 de octubre de 1857), Despu\u00e9s se destac\u00f3 por influir en los reg\u00edmenes conservadores. Falleci\u00f3 en la ciudad de M\u00e9xico.<\/p>\n<div><br clear=\"all\" \/><\/p>\n<hr size=\"1\" width=\"33%\" \/>\n<div>\n<p class=\"Textodenotaalpie\">\u00a0\u00a0\u00a0\u00a0[1]\u00a0\u00a0\u00a0\u00a0\u00a0\u00a0\u00a0 &#8220;El Universal\u00a0expresa entonces el siguiente comentario: \u00abEl se\u00f1or Iturbe ha hecho dimisi\u00f3n de su cargo, porque no quer\u00eda ser un simple dependiente de las C\u00e1maras, ni sujetarse a gastar cada mes una cantidad fija, cuando mil incidentes imprevistos pueden hacer que se gaste m\u00e1s por el mismo bien de la naci\u00f3n, y porque no habiendo obtenido la autorizaci\u00f3n que pidi\u00f3, ya quedaba destruido el plan que hab\u00eda formado\u00bb.&#8221; C\u00e1rdenas de la Pe\u00f1a, vol.2, pp.257.<\/p>\n<\/div>\n<\/div>\n","protected":false},"excerpt":{"rendered":"<p>Ministro de Hacienda: Del 2 de mayo al 26 de mayo de 1846. Del 31 de octubre al 8 de noviembre de 1849. &nbsp; Nacido en P\u00e1tzcuaro, Michoac\u00e1n, el 16 de septiembre de 1806, era hijo del gobernador de la provincia de Nueva Santander. Desde joven se dedic\u00f3 al comercio, al agio y a la<\/p>\n<p><a href=\"https:\/\/memoriasdehacienda.institutomora.edu.mx\/?page_id=7698\" class=\"more-link themebutton\">Read More<\/a><\/p>\n","protected":false},"author":1,"featured_media":0,"parent":0,"menu_order":0,"comment_status":"closed","ping_status":"closed","template":"","meta":[],"_links":{"self":[{"href":"https:\/\/memoriasdehacienda.institutomora.edu.mx\/index.php?rest_route=\/wp\/v2\/pages\/7698"}],"collection":[{"href":"https:\/\/memoriasdehacienda.institutomora.edu.mx\/index.php?rest_route=\/wp\/v2\/pages"}],"about":[{"href":"https:\/\/memoriasdehacienda.institutomora.edu.mx\/index.php?rest_route=\/wp\/v2\/types\/page"}],"author":[{"embeddable":true,"href":"https:\/\/memoriasdehacienda.institutomora.edu.mx\/index.php?rest_route=\/wp\/v2\/users\/1"}],"replies":[{"embeddable":true,"href":"https:\/\/memoriasdehacienda.institutomora.edu.mx\/index.php?rest_route=%2Fwp%2Fv2%2Fcomments&post=7698"}],"version-history":[{"count":1,"href":"https:\/\/memoriasdehacienda.institutomora.edu.mx\/index.php?rest_route=\/wp\/v2\/pages\/7698\/revisions"}],"predecessor-version":[{"id":7700,"href":"https:\/\/memoriasdehacienda.institutomora.edu.mx\/index.php?rest_route=\/wp\/v2\/pages\/7698\/revisions\/7700"}],"wp:attachment":[{"href":"https:\/\/memoriasdehacienda.institutomora.edu.mx\/index.php?rest_route=%2Fwp%2Fv2%2Fmedia&parent=7698"}],"curies":[{"name":"wp","href":"https:\/\/api.w.org\/{rel}","templated":true}]}}