{"id":7703,"date":"2017-02-28T15:25:44","date_gmt":"2017-02-28T21:25:44","guid":{"rendered":"http:\/\/memoriasdehacienda.colmex.mx\/mhwp\/?page_id=7703"},"modified":"2017-02-28T15:25:44","modified_gmt":"2017-02-28T21:25:44","slug":"jorrin-pedro-1877","status":"publish","type":"page","link":"https:\/\/memoriasdehacienda.institutomora.edu.mx\/?page_id=7703","title":{"rendered":"Jorr\u00edn, Pedro (&#8230;-1877)"},"content":{"rendered":"<p>Como pol\u00edtico fue gobernador del Distrito Federal y Ministro de Hacienda en las administraci\u00f3n alterna de F\u00e9lix Zuloaga. Muri\u00f3 en M\u00e9xico el 17 de Diciembre de 1877.<a title=\"\" href=\"http:\/\/memoriasdehacienda.colmex.mx\/index.php\/162#_ftn1\">[1]<\/a><\/p>\n<div><br clear=\"all\" \/><\/p>\n<hr size=\"1\" width=\"33%\" \/>\n<div>\n<p class=\"Textodenotaalpie\">\u00a0\u00a0\u00a0\u00a0[1] Mestre Chigliazza, Manuel. 1945. P. 129<\/p>\n<\/div>\n<\/div>\n","protected":false},"excerpt":{"rendered":"<p>Como pol\u00edtico fue gobernador del Distrito Federal y Ministro de Hacienda en las administraci\u00f3n alterna de F\u00e9lix Zuloaga. Muri\u00f3 en M\u00e9xico el 17 de Diciembre de 1877.[1] \u00a0\u00a0\u00a0\u00a0[1] Mestre Chigliazza, Manuel. 1945. P. 129<\/p>\n","protected":false},"author":1,"featured_media":0,"parent":0,"menu_order":0,"comment_status":"closed","ping_status":"closed","template":"","meta":[],"_links":{"self":[{"href":"https:\/\/memoriasdehacienda.institutomora.edu.mx\/index.php?rest_route=\/wp\/v2\/pages\/7703"}],"collection":[{"href":"https:\/\/memoriasdehacienda.institutomora.edu.mx\/index.php?rest_route=\/wp\/v2\/pages"}],"about":[{"href":"https:\/\/memoriasdehacienda.institutomora.edu.mx\/index.php?rest_route=\/wp\/v2\/types\/page"}],"author":[{"embeddable":true,"href":"https:\/\/memoriasdehacienda.institutomora.edu.mx\/index.php?rest_route=\/wp\/v2\/users\/1"}],"replies":[{"embeddable":true,"href":"https:\/\/memoriasdehacienda.institutomora.edu.mx\/index.php?rest_route=%2Fwp%2Fv2%2Fcomments&post=7703"}],"version-history":[{"count":1,"href":"https:\/\/memoriasdehacienda.institutomora.edu.mx\/index.php?rest_route=\/wp\/v2\/pages\/7703\/revisions"}],"predecessor-version":[{"id":7704,"href":"https:\/\/memoriasdehacienda.institutomora.edu.mx\/index.php?rest_route=\/wp\/v2\/pages\/7703\/revisions\/7704"}],"wp:attachment":[{"href":"https:\/\/memoriasdehacienda.institutomora.edu.mx\/index.php?rest_route=%2Fwp%2Fv2%2Fmedia&parent=7703"}],"curies":[{"name":"wp","href":"https:\/\/api.w.org\/{rel}","templated":true}]}}