{"id":7711,"date":"2017-02-28T15:35:33","date_gmt":"2017-02-28T21:35:33","guid":{"rendered":"http:\/\/memoriasdehacienda.colmex.mx\/mhwp\/?page_id=7711"},"modified":"2017-02-28T15:35:33","modified_gmt":"2017-02-28T21:35:33","slug":"langlais-m-funcionario-frances-1865-octubre-16","status":"publish","type":"page","link":"https:\/\/memoriasdehacienda.institutomora.edu.mx\/?page_id=7711","title":{"rendered":"Langlais, M. (Funcionario franc\u00e9s), 1865, octubre 16."},"content":{"rendered":"<div class=\"mainmiddle-wrapper-m\">\n<div class=\"contentleft-bg\">\n<div class=\"contentright-bg\">\n<div id=\"mainmiddle\">\n<div id=\"mainmiddle-expand\">\n<div id=\"content\">\n<div id=\"content-shift\">\n<div class=\"content-wrapper\">\n<div class=\"floatbox\">\n<div id=\"system\" class=\"\">\n<div class=\"item\">\n<div class=\"content\">\n<p>\u00a0 \u00a0 \u00a0 \u00a0 \u00a0 \u00a0 Este pol\u00edtico franc\u00e9s fue agente de Napole\u00f3n III en el Imperio de Maximiliano; lleg\u00f3 a M\u00e9xico en octubre de 1865 con el cargo de Consejero de Estado. Muri\u00f3 en la ciudad de M\u00e9xico.<a title=\"\" href=\"http:\/\/memoriasdehacienda.colmex.mx\/index.php\/165#_ftn1\">[1]<\/a><\/p>\n<div><br clear=\"all\" \/><\/p>\n<hr size=\"1\" width=\"33%\" \/>\n<div>\n<p class=\"Textodenotaalpie\">\u00a0\u00a0\u00a0\u00a0[1] Palomar de Miguel, Juan. 1991. p. 943<\/p>\n<\/div>\n<\/div>\n<\/div>\n<\/div>\n<\/div>\n<\/div>\n<\/div>\n<\/div>\n<\/div>\n<\/div>\n<\/div>\n<\/div>\n<\/div>\n<\/div>\n<div class=\"mainmiddle-wrapper-bl\"><\/div>\n","protected":false},"excerpt":{"rendered":"<p>\u00a0 \u00a0 \u00a0 \u00a0 \u00a0 \u00a0 Este pol\u00edtico franc\u00e9s fue agente de Napole\u00f3n III en el Imperio de Maximiliano; lleg\u00f3 a M\u00e9xico en octubre de 1865 con el cargo de Consejero de Estado. Muri\u00f3 en la ciudad de M\u00e9xico.[1] \u00a0\u00a0\u00a0\u00a0[1] Palomar de Miguel, Juan. 1991. p. 943<\/p>\n","protected":false},"author":1,"featured_media":0,"parent":0,"menu_order":0,"comment_status":"closed","ping_status":"closed","template":"","meta":[],"_links":{"self":[{"href":"https:\/\/memoriasdehacienda.institutomora.edu.mx\/index.php?rest_route=\/wp\/v2\/pages\/7711"}],"collection":[{"href":"https:\/\/memoriasdehacienda.institutomora.edu.mx\/index.php?rest_route=\/wp\/v2\/pages"}],"about":[{"href":"https:\/\/memoriasdehacienda.institutomora.edu.mx\/index.php?rest_route=\/wp\/v2\/types\/page"}],"author":[{"embeddable":true,"href":"https:\/\/memoriasdehacienda.institutomora.edu.mx\/index.php?rest_route=\/wp\/v2\/users\/1"}],"replies":[{"embeddable":true,"href":"https:\/\/memoriasdehacienda.institutomora.edu.mx\/index.php?rest_route=%2Fwp%2Fv2%2Fcomments&post=7711"}],"version-history":[{"count":1,"href":"https:\/\/memoriasdehacienda.institutomora.edu.mx\/index.php?rest_route=\/wp\/v2\/pages\/7711\/revisions"}],"predecessor-version":[{"id":7712,"href":"https:\/\/memoriasdehacienda.institutomora.edu.mx\/index.php?rest_route=\/wp\/v2\/pages\/7711\/revisions\/7712"}],"wp:attachment":[{"href":"https:\/\/memoriasdehacienda.institutomora.edu.mx\/index.php?rest_route=%2Fwp%2Fv2%2Fmedia&parent=7711"}],"curies":[{"name":"wp","href":"https:\/\/api.w.org\/{rel}","templated":true}]}}