{"id":7713,"date":"2017-02-28T15:37:21","date_gmt":"2017-02-28T21:37:21","guid":{"rendered":"http:\/\/memoriasdehacienda.colmex.mx\/mhwp\/?page_id=7713"},"modified":"2017-02-28T15:37:21","modified_gmt":"2017-02-28T21:37:21","slug":"lebrija-joaquin","status":"publish","type":"page","link":"https:\/\/memoriasdehacienda.institutomora.edu.mx\/?page_id=7713","title":{"rendered":"Lebrija, Joaqu\u00edn"},"content":{"rendered":"<p>Ministro de Hacienda:<\/p>\n<p>Del 2 de septiembre al 13 de octubre de 1834.<\/p>\n<p>Encargado de Hacienda<\/p>\n<p>Del 23 de abril al 18 de octubre de 1837.<\/p>\n<p>&nbsp;<\/p>\n<p>Primero fue Ministro de Hacienda en el gobierno de Santa Anna (2 de septiembre al 13 de octubre de 1834) y despu\u00e9s fue encargado de la misma dependencia en la administraci\u00f3n de Anastasio Bustamante (23 de abril al 18 de octubre de 1837). En esta \u00faltima ocasi\u00f3n le toc\u00f3 presentar una Memoria, el 29 de julio de 1837, ante las C\u00e1maras legislativas.<\/p>\n","protected":false},"excerpt":{"rendered":"<p>Ministro de Hacienda: Del 2 de septiembre al 13 de octubre de 1834. Encargado de Hacienda Del 23 de abril al 18 de octubre de 1837. &nbsp; Primero fue Ministro de Hacienda en el gobierno de Santa Anna (2 de septiembre al 13 de octubre de 1834) y despu\u00e9s fue encargado de la misma dependencia<\/p>\n<p><a href=\"https:\/\/memoriasdehacienda.institutomora.edu.mx\/?page_id=7713\" class=\"more-link themebutton\">Read More<\/a><\/p>\n","protected":false},"author":1,"featured_media":0,"parent":0,"menu_order":0,"comment_status":"closed","ping_status":"closed","template":"","meta":[],"_links":{"self":[{"href":"https:\/\/memoriasdehacienda.institutomora.edu.mx\/index.php?rest_route=\/wp\/v2\/pages\/7713"}],"collection":[{"href":"https:\/\/memoriasdehacienda.institutomora.edu.mx\/index.php?rest_route=\/wp\/v2\/pages"}],"about":[{"href":"https:\/\/memoriasdehacienda.institutomora.edu.mx\/index.php?rest_route=\/wp\/v2\/types\/page"}],"author":[{"embeddable":true,"href":"https:\/\/memoriasdehacienda.institutomora.edu.mx\/index.php?rest_route=\/wp\/v2\/users\/1"}],"replies":[{"embeddable":true,"href":"https:\/\/memoriasdehacienda.institutomora.edu.mx\/index.php?rest_route=%2Fwp%2Fv2%2Fcomments&post=7713"}],"version-history":[{"count":1,"href":"https:\/\/memoriasdehacienda.institutomora.edu.mx\/index.php?rest_route=\/wp\/v2\/pages\/7713\/revisions"}],"predecessor-version":[{"id":7714,"href":"https:\/\/memoriasdehacienda.institutomora.edu.mx\/index.php?rest_route=\/wp\/v2\/pages\/7713\/revisions\/7714"}],"wp:attachment":[{"href":"https:\/\/memoriasdehacienda.institutomora.edu.mx\/index.php?rest_route=%2Fwp%2Fv2%2Fmedia&parent=7713"}],"curies":[{"name":"wp","href":"https:\/\/api.w.org\/{rel}","templated":true}]}}