{"id":7715,"date":"2017-02-28T15:39:30","date_gmt":"2017-02-28T21:39:30","guid":{"rendered":"http:\/\/memoriasdehacienda.colmex.mx\/mhwp\/?page_id=7715"},"modified":"2017-02-28T15:42:53","modified_gmt":"2017-02-28T21:42:53","slug":"lerdo-de-tejada-miguel-1812-1861","status":"publish","type":"page","link":"https:\/\/memoriasdehacienda.institutomora.edu.mx\/?page_id=7715","title":{"rendered":"Lerdo de Tejada, Miguel (1812-1861)"},"content":{"rendered":"<p>Ministro de Hacienda:<\/p>\n<p><img loading=\"lazy\" class=\"size-full wp-image-7716 alignright\" src=\"https:\/\/memoriasdehacienda.institutomora.edu.mx\/wp-content\/uploads\/tejada.jpg\" alt=\"tejada\" width=\"171\" height=\"228\" srcset=\"https:\/\/memoriasdehacienda.institutomora.edu.mx\/wp-content\/uploads\/tejada.jpg 171w, https:\/\/memoriasdehacienda.institutomora.edu.mx\/wp-content\/uploads\/tejada-113x150.jpg 113w\" sizes=\"(max-width: 171px) 100vw, 171px\" \/>Del 20 de mayo de 1856 al 3 de enero de 1857.<\/p>\n<p>Del 4 de febrero al 15 de julio de 1859.<\/p>\n<p>Del 22 de diciembre de 1859 al 31 de mayo de 1860.<\/p>\n<p>Del 20 de abril al 13 de mayo de 1864.<\/p>\n<p>&nbsp;<\/p>\n<p>Naci\u00f3 en el puerto de Veracruz hijo del comerciante espa\u00f1ol Juan Antonio Lerdo de Tejada y de Concepci\u00f3n del Corral y Bustillos. Al quedar hu\u00e9rfano adquiere la responsabilidad de educar y sostener a sus hermanos Sebasti\u00e1n (1823-1889) y Angel (1828-1890). Durante la invasi\u00f3n norteamericana (1848) fue miembro del Ayuntamiento de la ciudad de M\u00e9xico y despu\u00e9s presidir\u00eda el cabildo capitalino (1852). En el \u00faltimo gobierno de Santa Anna se le nombrar\u00eda ministro de Fomento (1853).<\/p>\n<p>Ignacio Comonfort, en calidad de presidente de la Rep\u00fablica, lo nombr\u00f3 secretario de Hacienda (20 de mayo de 1856). Como tal decret\u00f3 la ley &#8220;Lerdo&#8221; mediante la cual se desamortizaron las fincas r\u00fasticas y urbanas (25 de julio 1856); al mismo tiempo que se ocupaba temporalmente del Ministerio de Relaciones (14 de noviembre al 24 de diciembre 1856). Al no poder llevar adelante sus proyectos de reforma fiscal renunci\u00f3 a su cargo en Hacienda (3 de enero de 1857). Posteriormente fue magistrado tercero de la Suprema Corte de Justicia; luego, Benito Ju\u00e1rez le encarg\u00f3 la Secretar\u00eda de Fomento. Despu\u00e9s de decretarse las leyes de Reforma se traslad\u00f3 a los Estados Unidos con la idea de concertar un empr\u00e9stito. Fue nombrado de nuevo secretario de Hacienda (22 de diciembre de 1859).<\/p>\n<p>Al no concordar con la pol\u00edtica de Ju\u00e1rez se retir\u00f3 a su hacienda El Mirador (31 de mayo de 1860). Siendo magistrado de la Suprema Corte de Justicia por segunda vez, es candidato a la presidencia de la Rep\u00fablica (1861), pero en esa situaci\u00f3n fallece en Tacubaya. En el momento de su muerte es vicepresidente de la Sociedad de Geograf\u00eda y Estad\u00edstica. Algunas de sus obras son:\u00a0Consideraciones sobre la situaci\u00f3n pol\u00edtica y social de la Rep\u00fablica Mexicana en 1847,\u00a0Cuadro sipn\u00f3tico de la Rep\u00fablica Mexicana en 1856\u00a0y\u00a0Comercio exterior de M\u00e9xico, desde la conquista hasta hoy.<a title=\"\" href=\"http:\/\/memoriasdehacienda.colmex.mx\/index.php\/167#_ftn1\">[1]<\/a><\/p>\n<div><\/div>\n","protected":false},"excerpt":{"rendered":"<p>Ministro de Hacienda: Del 20 de mayo de 1856 al 3 de enero de 1857. Del 4 de febrero al 15 de julio de 1859. Del 22 de diciembre de 1859 al 31 de mayo de 1860. Del 20 de abril al 13 de mayo de 1864. &nbsp; Naci\u00f3 en el puerto de Veracruz hijo<\/p>\n<p><a href=\"https:\/\/memoriasdehacienda.institutomora.edu.mx\/?page_id=7715\" class=\"more-link themebutton\">Read More<\/a><\/p>\n","protected":false},"author":1,"featured_media":0,"parent":0,"menu_order":0,"comment_status":"closed","ping_status":"closed","template":"","meta":[],"_links":{"self":[{"href":"https:\/\/memoriasdehacienda.institutomora.edu.mx\/index.php?rest_route=\/wp\/v2\/pages\/7715"}],"collection":[{"href":"https:\/\/memoriasdehacienda.institutomora.edu.mx\/index.php?rest_route=\/wp\/v2\/pages"}],"about":[{"href":"https:\/\/memoriasdehacienda.institutomora.edu.mx\/index.php?rest_route=\/wp\/v2\/types\/page"}],"author":[{"embeddable":true,"href":"https:\/\/memoriasdehacienda.institutomora.edu.mx\/index.php?rest_route=\/wp\/v2\/users\/1"}],"replies":[{"embeddable":true,"href":"https:\/\/memoriasdehacienda.institutomora.edu.mx\/index.php?rest_route=%2Fwp%2Fv2%2Fcomments&post=7715"}],"version-history":[{"count":3,"href":"https:\/\/memoriasdehacienda.institutomora.edu.mx\/index.php?rest_route=\/wp\/v2\/pages\/7715\/revisions"}],"predecessor-version":[{"id":7719,"href":"https:\/\/memoriasdehacienda.institutomora.edu.mx\/index.php?rest_route=\/wp\/v2\/pages\/7715\/revisions\/7719"}],"wp:attachment":[{"href":"https:\/\/memoriasdehacienda.institutomora.edu.mx\/index.php?rest_route=%2Fwp%2Fv2%2Fmedia&parent=7715"}],"curies":[{"name":"wp","href":"https:\/\/api.w.org\/{rel}","templated":true}]}}