{"id":7766,"date":"2017-03-01T11:57:01","date_gmt":"2017-03-01T17:57:01","guid":{"rendered":"http:\/\/memoriasdehacienda.colmex.mx\/mhwp\/?page_id=7766"},"modified":"2017-03-01T11:57:01","modified_gmt":"2017-03-01T17:57:01","slug":"ocampo-melchor-1814-1861","status":"publish","type":"page","link":"https:\/\/memoriasdehacienda.institutomora.edu.mx\/?page_id=7766","title":{"rendered":"Ocampo, Melchor (1814-1861)"},"content":{"rendered":"<p>Ministro de Hacienda:<\/p>\n<p><img loading=\"lazy\" class=\"size-full wp-image-7767 alignright\" src=\"https:\/\/memoriasdehacienda.institutomora.edu.mx\/wp-content\/uploads\/ocampo.jpg\" alt=\"ocampo\" width=\"171\" height=\"228\" srcset=\"https:\/\/memoriasdehacienda.institutomora.edu.mx\/wp-content\/uploads\/ocampo.jpg 171w, https:\/\/memoriasdehacienda.institutomora.edu.mx\/wp-content\/uploads\/ocampo-113x150.jpg 113w\" sizes=\"(max-width: 171px) 100vw, 171px\" \/>\u00a0\u00a0\u00a0\u00a0\u00a0\u00a0\u00a0\u00a0\u00a0\u00a0\u00a0 Del 1\u00ba de marzo al 13 de mayo de 1850.<\/p>\n<p>&nbsp;<\/p>\n<p>Encargado de Hacienda:<\/p>\n<p>Del 21 al 28 de enero de 1858.<\/p>\n<p>Del 6 al 15 de agosto de 1858.<\/p>\n<p>Del 16 de julio al 30 de septiembre de 1859.<\/p>\n<p>Del 29 de noviembre de 1860 al 19 de enero de 1861.<\/p>\n<p>&nbsp;<\/p>\n<p>Naci\u00f3, de acuerdo con algunos de sus bi\u00f3grafos, en la hacienda de Pateo, distrito de Maravat\u00edo, Michoac\u00e1n, el 6 de enero de 1814. Se recibi\u00f3 de abogado en la Universidad de M\u00e9xico, profesi\u00f3n que no ejerci\u00f3. Se dedic\u00f3 entonces al estudio de la bot\u00e1nica y la qu\u00edmica.<a title=\"\" href=\"http:\/\/memoriasdehacienda.colmex.mx\/index.php\/192#_ftn1\">[1]<\/a>\u00a0De regreso, en M\u00e9xico es electo diputado federal y m\u00e1s tarde gobernador de Michoac\u00e1n (noviembre de 1846 a marzo de 1848); se desempe\u00f1a como secretario de Hacienda (1\u00b0 de marzo al 13 de mayo de 1852). Reasume la gubernatura de su Estado pero la tiene que abandonar ante el triunfo de la dictadura santanista (1852). Se exili\u00f3 luego en Nueva Orleans de donde regres\u00f3 para ocupar la cartera de Relaciones en los gabinetes de Juan Alvarez e Ignacio Comonfort. Por desavenencias con este \u00faltimo se retir\u00f3 a su hacienda Pomaca, en Michoac\u00e1n. Form\u00f3 parte de la comisi\u00f3n que redact\u00f3 la Constituci\u00f3n del 1857. Se traslada con Ju\u00e1rez a Veracruz y es autor de algunas de las Leyes de Reforma. Se le encarg\u00f3 de convenir un tratado con los Estados Unidos para que se apoyara al gobierno de Ju\u00e1rez, el Tratado McLane-Ocampo (1859), el cual no se concret\u00f3 debido a que el Senado norteamericano no lo aval\u00f3. Bajo la administraci\u00f3n de Ju\u00e1rez form\u00f3 parte de su gabinete ocupando varios cargos, como ministro de Hacienda, de Fomento, de Gobernaci\u00f3n y de Relaciones. Muri\u00f3 combatiendo las fuerzas conservadoras.<a title=\"\" href=\"http:\/\/memoriasdehacienda.colmex.mx\/index.php\/192#_ftn2\">[2]<\/a><\/p>\n<div><br clear=\"all\" \/><\/p>\n<hr size=\"1\" width=\"33%\" \/>\n<div>\n<p class=\"Textodenotaalpie\">\u00a0\u00a0\u00a0\u00a0[1]\u00a0\u00a0\u00a0\u00a0\u00a0\u00a0\u00a0 &#8220;Con el prop\u00f3sito de ampliar sus conocimientos en estas materias, durante 1840 permanece en el Viejo Continente; sus impresiones de su estancia all\u00e1 las deja consignadas en su libro\u00a0Viaje de un mexicano por Europa&#8221;<\/p>\n<\/div>\n<div>\n<p class=\"Textodenotaalpie\">\u00a0\u00a0\u00a0\u00a0[2]\u00a0\u00a0\u00a0\u00a0\u00a0\u00a0\u00a0 C\u00e1rdenas de la Pe\u00f1a, vol.2, pp.635 y\u00a0\u00a0Diccionario Porr\u00faa, vol.2, pp.1498-1499. V\u00e9ase tambi\u00e9n\u00a0Melchor Ocampo. Obras Completas, Editor Angel Pola, M\u00e9xico, 1900, 3 vols.; y Jos\u00e9 C. Valad\u00e9s\u00a0Don Melchor Ocampo, Reformador de M\u00e9xico, M\u00e9xico, 1954.<\/p>\n<\/div>\n<\/div>\n","protected":false},"excerpt":{"rendered":"<p>Ministro de Hacienda: \u00a0\u00a0\u00a0\u00a0\u00a0\u00a0\u00a0\u00a0\u00a0\u00a0\u00a0 Del 1\u00ba de marzo al 13 de mayo de 1850. &nbsp; Encargado de Hacienda: Del 21 al 28 de enero de 1858. Del 6 al 15 de agosto de 1858. Del 16 de julio al 30 de septiembre de 1859. Del 29 de noviembre de 1860 al 19 de enero de<\/p>\n<p><a href=\"https:\/\/memoriasdehacienda.institutomora.edu.mx\/?page_id=7766\" class=\"more-link themebutton\">Read More<\/a><\/p>\n","protected":false},"author":1,"featured_media":0,"parent":0,"menu_order":0,"comment_status":"closed","ping_status":"closed","template":"","meta":[],"_links":{"self":[{"href":"https:\/\/memoriasdehacienda.institutomora.edu.mx\/index.php?rest_route=\/wp\/v2\/pages\/7766"}],"collection":[{"href":"https:\/\/memoriasdehacienda.institutomora.edu.mx\/index.php?rest_route=\/wp\/v2\/pages"}],"about":[{"href":"https:\/\/memoriasdehacienda.institutomora.edu.mx\/index.php?rest_route=\/wp\/v2\/types\/page"}],"author":[{"embeddable":true,"href":"https:\/\/memoriasdehacienda.institutomora.edu.mx\/index.php?rest_route=\/wp\/v2\/users\/1"}],"replies":[{"embeddable":true,"href":"https:\/\/memoriasdehacienda.institutomora.edu.mx\/index.php?rest_route=%2Fwp%2Fv2%2Fcomments&post=7766"}],"version-history":[{"count":1,"href":"https:\/\/memoriasdehacienda.institutomora.edu.mx\/index.php?rest_route=\/wp\/v2\/pages\/7766\/revisions"}],"predecessor-version":[{"id":7768,"href":"https:\/\/memoriasdehacienda.institutomora.edu.mx\/index.php?rest_route=\/wp\/v2\/pages\/7766\/revisions\/7768"}],"wp:attachment":[{"href":"https:\/\/memoriasdehacienda.institutomora.edu.mx\/index.php?rest_route=%2Fwp%2Fv2%2Fmedia&parent=7766"}],"curies":[{"name":"wp","href":"https:\/\/api.w.org\/{rel}","templated":true}]}}