{"id":7769,"date":"2017-03-01T11:58:35","date_gmt":"2017-03-01T17:58:35","guid":{"rendered":"http:\/\/memoriasdehacienda.colmex.mx\/mhwp\/?page_id=7769"},"modified":"2017-03-01T11:58:35","modified_gmt":"2017-03-01T17:58:35","slug":"olazagarre-manuel-1858","status":"publish","type":"page","link":"https:\/\/memoriasdehacienda.institutomora.edu.mx\/?page_id=7769","title":{"rendered":"Olazagarre, Manuel (&#8230;-1858)"},"content":{"rendered":"<p>Ministro de Hacienda:<\/p>\n<p>Del 16 de junio de 1854 al 16 de enero de 1855.<\/p>\n<p>&nbsp;<\/p>\n<p>Empresario, due\u00f1o de f\u00e1bricas textiles, estrechamente asociado con las casas financieras de Manuel Escand\u00f3n y los Mart\u00ednez del Ri\u00f3, Olazagarre utiliz\u00f3 su cargo como ministro en forma que fue altamente beneficioso para los negocios de los prestamistas del gobierno. Llev\u00f3 a cabo diversas reformas fiscales tendientes al restablecimiento del r\u00e9gimen centralista, entre ellas el restablecimiento de las acabalas en el Estado de M\u00e9xico y otras entidades donde hab\u00edan sido abolidas. Sugiri\u00f3 uniformar todos los impuestos sobre importaciones sobre la base de un impuesto fijo de 40%, que a pesar de su intento de simplificar tr\u00e1mites era proteccionista. Los informes que present\u00f3 como ministro resultan poco confiables por la falta de informaci\u00f3n precisa, caracter\u00edstica de estos a\u00f1os del gobierno centralista de Santa Anna. Muri\u00f3 en Guadalajara en enero de 1858.<a title=\"\" href=\"http:\/\/memoriasdehacienda.colmex.mx\/index.php\/193#_ftn1\">[1]<\/a>\u00a0Autor de la Memoria presentada el 14 de enero de 1855.<\/p>\n<div><br clear=\"all\" \/><\/p>\n<hr size=\"1\" width=\"33%\" \/>\n<div>\n<p class=\"Textodenotaalpie\">\u00a0\u00a0\u00a0\u00a0[1] Mestre Chigliazza, Manuel. 1945. P. 69<\/p>\n<\/div>\n<\/div>\n","protected":false},"excerpt":{"rendered":"<p>Ministro de Hacienda: Del 16 de junio de 1854 al 16 de enero de 1855. &nbsp; Empresario, due\u00f1o de f\u00e1bricas textiles, estrechamente asociado con las casas financieras de Manuel Escand\u00f3n y los Mart\u00ednez del Ri\u00f3, Olazagarre utiliz\u00f3 su cargo como ministro en forma que fue altamente beneficioso para los negocios de los prestamistas del gobierno.<\/p>\n<p><a href=\"https:\/\/memoriasdehacienda.institutomora.edu.mx\/?page_id=7769\" class=\"more-link themebutton\">Read More<\/a><\/p>\n","protected":false},"author":1,"featured_media":0,"parent":0,"menu_order":0,"comment_status":"closed","ping_status":"closed","template":"","meta":[],"_links":{"self":[{"href":"https:\/\/memoriasdehacienda.institutomora.edu.mx\/index.php?rest_route=\/wp\/v2\/pages\/7769"}],"collection":[{"href":"https:\/\/memoriasdehacienda.institutomora.edu.mx\/index.php?rest_route=\/wp\/v2\/pages"}],"about":[{"href":"https:\/\/memoriasdehacienda.institutomora.edu.mx\/index.php?rest_route=\/wp\/v2\/types\/page"}],"author":[{"embeddable":true,"href":"https:\/\/memoriasdehacienda.institutomora.edu.mx\/index.php?rest_route=\/wp\/v2\/users\/1"}],"replies":[{"embeddable":true,"href":"https:\/\/memoriasdehacienda.institutomora.edu.mx\/index.php?rest_route=%2Fwp%2Fv2%2Fcomments&post=7769"}],"version-history":[{"count":1,"href":"https:\/\/memoriasdehacienda.institutomora.edu.mx\/index.php?rest_route=\/wp\/v2\/pages\/7769\/revisions"}],"predecessor-version":[{"id":7770,"href":"https:\/\/memoriasdehacienda.institutomora.edu.mx\/index.php?rest_route=\/wp\/v2\/pages\/7769\/revisions\/7770"}],"wp:attachment":[{"href":"https:\/\/memoriasdehacienda.institutomora.edu.mx\/index.php?rest_route=%2Fwp%2Fv2%2Fmedia&parent=7769"}],"curies":[{"name":"wp","href":"https:\/\/api.w.org\/{rel}","templated":true}]}}