{"id":7776,"date":"2017-03-01T12:04:09","date_gmt":"2017-03-01T18:04:09","guid":{"rendered":"http:\/\/memoriasdehacienda.colmex.mx\/mhwp\/?page_id=7776"},"modified":"2017-03-01T12:04:09","modified_gmt":"2017-03-01T18:04:09","slug":"payno-y-flores-manuel-1810-1894","status":"publish","type":"page","link":"https:\/\/memoriasdehacienda.institutomora.edu.mx\/?page_id=7776","title":{"rendered":"Payno y Flores, Manuel (1810-1894)"},"content":{"rendered":"<p>Ministro de Hacienda:<\/p>\n<p><img loading=\"lazy\" class=\"size-full wp-image-7777 alignright\" src=\"https:\/\/memoriasdehacienda.institutomora.edu.mx\/wp-content\/uploads\/payno.jpg\" alt=\"payno\" width=\"171\" height=\"203\" srcset=\"https:\/\/memoriasdehacienda.institutomora.edu.mx\/wp-content\/uploads\/payno.jpg 171w, https:\/\/memoriasdehacienda.institutomora.edu.mx\/wp-content\/uploads\/payno-126x150.jpg 126w\" sizes=\"(max-width: 171px) 100vw, 171px\" \/>\u00a0\u00a0\u00a0\u00a0\u00a0\u00a0\u00a0\u00a0\u00a0\u00a0\u00a0\u00a0\u00a0\u00a0 Del 4 de julio de 1850 al 13 de enero de 1851.<\/p>\n<p>Del 16 al 28 de enero de 1851.<\/p>\n<p>Del 13 de diciembre de 1855 al 5 de mayo de 1856.<\/p>\n<p>Del 20 de octubre al 11 de diciembre de 1857.<\/p>\n<p>Del 17 de diciembre de 1857 al 19 de enero de 1858.<\/p>\n<p>&nbsp;<\/p>\n<p>Naci\u00f3 en la ciudad de M\u00e9xico. Concluidos sus estudios trabaj\u00f3 como meritorio en la aduana de M\u00e9xico. Fue jefe de secci\u00f3n en el Ministerio de Guerra con el grado de teniente coronel y administrador de rentas del estanco del Tabaco. Se desempe\u00f1\u00f3 como secretario de Mariano Arista. Despu\u00e9s se dedic\u00f3 a la diplomacia (1842) su primer cargo siendo el de secretario de la Legaci\u00f3n mexicana en Sudam\u00e9rica e hizo su primer viaje a Francia e Inglaterra. Santa Anna lo envi\u00f3 a Nueva York y Filadelfia para estudiar el sistema penitenciario. Combati\u00f3 a los norteamericanos y estableci\u00f3 el servicio secreto de correos entre M\u00e9xico y Veracruz (1847). Durante la administraci\u00f3n de Joaqu\u00edn de Herrera fue ministro de Hacienda (4 julio, 1850-13 enero, 1851), en \u00e9sta \u00e9poca ratific\u00f3 acuerdos importantes de relativos a la deuda interna y externa.<\/p>\n<p>Al instaurarse la dictadura de Santa Anna se exili\u00f3 en los Estados Unidos. A su regreso a M\u00e9xico ocup\u00f3 por segunda vez la Secretar\u00eda de Hacienda (del 14 de diciembre al 5 mayo de 1856)<a title=\"\" href=\"http:\/\/memoriasdehacienda.colmex.mx\/index.php\/196#_ftn1\">[1]<\/a>\u00a0en el gobierno de Comonfort y contribuy\u00f3 al golpe de Estado de 1857 por lo que fue procesado y eliminado de la pol\u00edtica. Por oponerse al Segundo Imperio fue hecho prisionero (1863). Restaurada la Rep\u00fablica fue varias veces diputado. Tambi\u00e9n dio c\u00e1tedra de Historia en la Escuela Preparatoria. Ya senador, el presidente Manuel Gonz\u00e1lez lo envi\u00f3 en calidad de agente de colonizaci\u00f3n a Par\u00eds (1882) y despu\u00e9s fue nombrado c\u00f3nsul en Santander y c\u00f3nsul general en Espa\u00f1a (1886). Al regresar a M\u00e9xico es electo de nuevo como senador (1892), pero poco despu\u00e9s muere en San Angel, Distrito Federal. Cabe se\u00f1alar que Payno tambi\u00e9n se destac\u00f3 por impulsar el periodismo y por escribir novelas, de las cuales la m\u00e1s conocida es\u00a0Los Bandidos de R\u00edo Fr\u00edo, escrita en Par\u00eds entre 1881 y 1891.<a title=\"\" href=\"http:\/\/memoriasdehacienda.colmex.mx\/index.php\/196#_ftn2\">[2]<\/a>\u00a0Tambi\u00e9n firm\u00f3 varias obras de car\u00e1cter econ\u00f3mico:\u00a0La convenci\u00f3n espa\u00f1ola\u00a0(1857),\u00a0M\u00e9xico y sus cuestiones financieras con Inglaterra, la Espa\u00f1a y la Francia\u00a0(1862), y\u00a0Cuentas, gastos, acreedores y otros asuntos del tiempo de la Intervenci\u00f3n francesa y del imperio. De 1861 a 1867\u00a0(1868).<a title=\"\" href=\"http:\/\/memoriasdehacienda.colmex.mx\/index.php\/196#_ftn3\">[3]<\/a><\/p>\n<div><br clear=\"all\" \/><\/p>\n<hr size=\"1\" width=\"33%\" \/>\n<div>\n<p class=\"Textodenotaalpie\">\u00a0\u00a0\u00a0\u00a0[1]\u00a0\u00a0\u00a0\u00a0\u00a0\u00a0\u00a0 El segundo per\u00edodo que cubre como secretario de Hacienda es del 13 de diciembre de 1855 al 5 de mayo de 1856, del 20 de octubre al 11 de diciembre de 1857 y del 17 inmediato al 19 de enero de 1858.<\/p>\n<\/div>\n<div>\n<p class=\"Textodenotaalpie\">\u00a0\u00a0\u00a0\u00a0[2]\u00a0\u00a0\u00a0\u00a0\u00a0\u00a0\u00a0 V\u00e9ase\u00a0El hombre de la situaci\u00f3n, obra de Payno que da un cuadro de las costumbres novohispanas a fines del siglo XVIII y principios del XIX.\u00a0Diccionario Porr\u00faa, vol.2, pp.1591.<\/p>\n<\/div>\n<div>\n<p class=\"Textodenotaalpie\">\u00a0\u00a0\u00a0\u00a0[3]\u00a0\u00a0\u00a0\u00a0\u00a0\u00a0\u00a0 C\u00e1rdenas de la Pe\u00f1a, vol.3, pp.65.<\/p>\n<\/div>\n<\/div>\n","protected":false},"excerpt":{"rendered":"<p>Ministro de Hacienda: \u00a0\u00a0\u00a0\u00a0\u00a0\u00a0\u00a0\u00a0\u00a0\u00a0\u00a0\u00a0\u00a0\u00a0 Del 4 de julio de 1850 al 13 de enero de 1851. Del 16 al 28 de enero de 1851. Del 13 de diciembre de 1855 al 5 de mayo de 1856. Del 20 de octubre al 11 de diciembre de 1857. Del 17 de diciembre de 1857 al 19 de<\/p>\n<p><a href=\"https:\/\/memoriasdehacienda.institutomora.edu.mx\/?page_id=7776\" class=\"more-link themebutton\">Read More<\/a><\/p>\n","protected":false},"author":1,"featured_media":0,"parent":0,"menu_order":0,"comment_status":"closed","ping_status":"closed","template":"","meta":[],"_links":{"self":[{"href":"https:\/\/memoriasdehacienda.institutomora.edu.mx\/index.php?rest_route=\/wp\/v2\/pages\/7776"}],"collection":[{"href":"https:\/\/memoriasdehacienda.institutomora.edu.mx\/index.php?rest_route=\/wp\/v2\/pages"}],"about":[{"href":"https:\/\/memoriasdehacienda.institutomora.edu.mx\/index.php?rest_route=\/wp\/v2\/types\/page"}],"author":[{"embeddable":true,"href":"https:\/\/memoriasdehacienda.institutomora.edu.mx\/index.php?rest_route=\/wp\/v2\/users\/1"}],"replies":[{"embeddable":true,"href":"https:\/\/memoriasdehacienda.institutomora.edu.mx\/index.php?rest_route=%2Fwp%2Fv2%2Fcomments&post=7776"}],"version-history":[{"count":1,"href":"https:\/\/memoriasdehacienda.institutomora.edu.mx\/index.php?rest_route=\/wp\/v2\/pages\/7776\/revisions"}],"predecessor-version":[{"id":7778,"href":"https:\/\/memoriasdehacienda.institutomora.edu.mx\/index.php?rest_route=\/wp\/v2\/pages\/7776\/revisions\/7778"}],"wp:attachment":[{"href":"https:\/\/memoriasdehacienda.institutomora.edu.mx\/index.php?rest_route=%2Fwp%2Fv2%2Fmedia&parent=7776"}],"curies":[{"name":"wp","href":"https:\/\/api.w.org\/{rel}","templated":true}]}}