{"id":7789,"date":"2017-03-01T12:22:21","date_gmt":"2017-03-01T18:22:21","guid":{"rendered":"http:\/\/memoriasdehacienda.colmex.mx\/mhwp\/?page_id=7789"},"modified":"2017-03-01T12:22:21","modified_gmt":"2017-03-01T18:22:21","slug":"piquero-ignacio","status":"publish","type":"page","link":"https:\/\/memoriasdehacienda.institutomora.edu.mx\/?page_id=7789","title":{"rendered":"Piquero, Ignacio"},"content":{"rendered":"<p>Oficial Mayor encargado de Hacienda:<\/p>\n<p>Del 19 al 24 de enero de 1847.<\/p>\n<p>&nbsp;<\/p>\n<p>Ministro de Hacienda en el gobierno de Valent\u00edn G\u00f3mez Far\u00edas.<\/p>\n","protected":false},"excerpt":{"rendered":"<p>Oficial Mayor encargado de Hacienda: Del 19 al 24 de enero de 1847. &nbsp; Ministro de Hacienda en el gobierno de Valent\u00edn G\u00f3mez Far\u00edas.<\/p>\n","protected":false},"author":1,"featured_media":0,"parent":0,"menu_order":0,"comment_status":"closed","ping_status":"closed","template":"","meta":[],"_links":{"self":[{"href":"https:\/\/memoriasdehacienda.institutomora.edu.mx\/index.php?rest_route=\/wp\/v2\/pages\/7789"}],"collection":[{"href":"https:\/\/memoriasdehacienda.institutomora.edu.mx\/index.php?rest_route=\/wp\/v2\/pages"}],"about":[{"href":"https:\/\/memoriasdehacienda.institutomora.edu.mx\/index.php?rest_route=\/wp\/v2\/types\/page"}],"author":[{"embeddable":true,"href":"https:\/\/memoriasdehacienda.institutomora.edu.mx\/index.php?rest_route=\/wp\/v2\/users\/1"}],"replies":[{"embeddable":true,"href":"https:\/\/memoriasdehacienda.institutomora.edu.mx\/index.php?rest_route=%2Fwp%2Fv2%2Fcomments&post=7789"}],"version-history":[{"count":1,"href":"https:\/\/memoriasdehacienda.institutomora.edu.mx\/index.php?rest_route=\/wp\/v2\/pages\/7789\/revisions"}],"predecessor-version":[{"id":7790,"href":"https:\/\/memoriasdehacienda.institutomora.edu.mx\/index.php?rest_route=\/wp\/v2\/pages\/7789\/revisions\/7790"}],"wp:attachment":[{"href":"https:\/\/memoriasdehacienda.institutomora.edu.mx\/index.php?rest_route=%2Fwp%2Fv2%2Fmedia&parent=7789"}],"curies":[{"name":"wp","href":"https:\/\/api.w.org\/{rel}","templated":true}]}}