{"id":7846,"date":"2017-03-01T14:34:03","date_gmt":"2017-03-01T20:34:03","guid":{"rendered":"http:\/\/memoriasdehacienda.colmex.mx\/mhwp\/?page_id=7846"},"modified":"2017-03-01T14:34:03","modified_gmt":"2017-03-01T20:34:03","slug":"vidaurri-santiago-1808-1867","status":"publish","type":"page","link":"https:\/\/memoriasdehacienda.institutomora.edu.mx\/?page_id=7846","title":{"rendered":"Vidaurri, Santiago (1808-1867)"},"content":{"rendered":"<p>Ministro de Hacienda:<\/p>\n<p><img loading=\"lazy\" class=\"size-full wp-image-7847 alignright\" src=\"https:\/\/memoriasdehacienda.institutomora.edu.mx\/wp-content\/uploads\/vidaurri.jpg\" alt=\"vidaurri\" width=\"171\" height=\"179\" srcset=\"https:\/\/memoriasdehacienda.institutomora.edu.mx\/wp-content\/uploads\/vidaurri.jpg 171w, https:\/\/memoriasdehacienda.institutomora.edu.mx\/wp-content\/uploads\/vidaurri-143x150.jpg 143w\" sizes=\"(max-width: 171px) 100vw, 171px\" \/> Del 20 de marzo a mayo de 1867.<\/p>\n<p>&nbsp;<\/p>\n<p>Originario de Lampazos, Nuevo Le\u00f3n, sus padres fueron Pedro Vidaurri y Teodora Vald\u00e9s, originarios de M\u00fazquiz, Coahuila. En 1832 fue consignado por la Comandancia Principal del Estado, recluido en la prisi\u00f3n fue escribiente en la c\u00e1rcel del municipio. Meses despu\u00e9s, con el mismo empleo, entr\u00f3 a la Secretar\u00eda de Gobierno; asimismo trabaj\u00f3 en la oficial\u00eda Mayor. De 1837 a 1854 ocup\u00f3 el puesto de secretario general del Estado. A partir del Plan de Ayutla, como simpatizante de los liberales, particip\u00f3 en varias acciones militares en su entidad y en los estados aleda\u00f1os. A partir de esas acciones comenz\u00f3 su tarea de administraci\u00f3n, extendiendo su influencia por toda la regi\u00f3n, hasta convertirse en uno de los principales caciques del pa\u00eds. El 19 de febrero de 1856 decret\u00f3 por propia autoridad la anexi\u00f3n de Coahuila a Nuevo Le\u00f3n, lo que origin\u00f3 una grave controversia entre los integrantes del Congreso Constituyente, que hizo que el presidente Comonfort diera \u00f3rdenes al general Juan Jos\u00e9 de la Garza, gobernador de Tamaulipas, y al general Rosas Landa, que se encontraba en San Luis Potos\u00ed, para que lo sometieran. Ah\u00ed comenz\u00f3 la pugna, en la que estuvieron de lado de Vidaurri, el diputado Ignacio Ram\u00edrez, &#8220;El Nigromante&#8221;. Poco despu\u00e9s, bajo el gobierno de Comonfort, qued\u00f3 admitida la anexi\u00f3n de Coahuila a Nuevo Le\u00f3n. Durante la guerra de los Tres A\u00f1os proporcion\u00f3 a Ju\u00e1rez gran cantidad de milicianos, al mismo tiempo combat\u00eda con su propio ej\u00e9rcito. Al restablecerse el gobierno liberal, result\u00f3 electo para gobernador. Vidaurri fue el primero que decret\u00f3 la nacionalizaci\u00f3n de los bienes del clero, haciendo esto efectivo en los estados que domin\u00f3, pues acaudillaba los Estados de la frontera. Cuando fue establecido el Imperio de Maximiliano reconoci\u00f3 al archiduque como soberano de nuestro pa\u00eds, se someti\u00f3 a \u00e9l creyendo que seguir\u00eda al frente de su gobierno. Al concluir el Imperio fue aprehendido por orden de Porfirio D\u00edaz. Acusado de haber pertenecido al Imperio fue fusilado en 1868.<a title=\"\" href=\"http:\/\/memoriasdehacienda.colmex.mx\/index.php\/225#_ftn1\">[1]<\/a><\/p>\n<div><br clear=\"all\" \/><\/p>\n<hr size=\"1\" width=\"33%\" \/>\n<div>\n<p class=\"Textodenotaalpie\">\u00a0\u00a0\u00a0\u00a0[1]\u00a0\u00a0\u00a0\u00a0\u00a0\u00a0\u00a0 V\u00e9ase\u00a0Correspondencia particular de D. Santiago Vidaurri &#8230;, Monterrey, 1946. Porr\u00faa, vol.II, 2258. L\u00f3pez de Escalera, Juan. 1964. pp.1156 y 1157<\/p>\n<\/div>\n<\/div>\n","protected":false},"excerpt":{"rendered":"<p>Ministro de Hacienda: Del 20 de marzo a mayo de 1867. &nbsp; Originario de Lampazos, Nuevo Le\u00f3n, sus padres fueron Pedro Vidaurri y Teodora Vald\u00e9s, originarios de M\u00fazquiz, Coahuila. En 1832 fue consignado por la Comandancia Principal del Estado, recluido en la prisi\u00f3n fue escribiente en la c\u00e1rcel del municipio. Meses despu\u00e9s, con el mismo<\/p>\n<p><a href=\"https:\/\/memoriasdehacienda.institutomora.edu.mx\/?page_id=7846\" class=\"more-link themebutton\">Read More<\/a><\/p>\n","protected":false},"author":1,"featured_media":0,"parent":0,"menu_order":0,"comment_status":"closed","ping_status":"closed","template":"","meta":[],"_links":{"self":[{"href":"https:\/\/memoriasdehacienda.institutomora.edu.mx\/index.php?rest_route=\/wp\/v2\/pages\/7846"}],"collection":[{"href":"https:\/\/memoriasdehacienda.institutomora.edu.mx\/index.php?rest_route=\/wp\/v2\/pages"}],"about":[{"href":"https:\/\/memoriasdehacienda.institutomora.edu.mx\/index.php?rest_route=\/wp\/v2\/types\/page"}],"author":[{"embeddable":true,"href":"https:\/\/memoriasdehacienda.institutomora.edu.mx\/index.php?rest_route=\/wp\/v2\/users\/1"}],"replies":[{"embeddable":true,"href":"https:\/\/memoriasdehacienda.institutomora.edu.mx\/index.php?rest_route=%2Fwp%2Fv2%2Fcomments&post=7846"}],"version-history":[{"count":1,"href":"https:\/\/memoriasdehacienda.institutomora.edu.mx\/index.php?rest_route=\/wp\/v2\/pages\/7846\/revisions"}],"predecessor-version":[{"id":7848,"href":"https:\/\/memoriasdehacienda.institutomora.edu.mx\/index.php?rest_route=\/wp\/v2\/pages\/7846\/revisions\/7848"}],"wp:attachment":[{"href":"https:\/\/memoriasdehacienda.institutomora.edu.mx\/index.php?rest_route=%2Fwp%2Fv2%2Fmedia&parent=7846"}],"curies":[{"name":"wp","href":"https:\/\/api.w.org\/{rel}","templated":true}]}}