{"id":7851,"date":"2017-03-01T14:38:55","date_gmt":"2017-03-01T20:38:55","guid":{"rendered":"http:\/\/memoriasdehacienda.colmex.mx\/mhwp\/?page_id=7851"},"modified":"2017-03-01T14:38:55","modified_gmt":"2017-03-01T20:38:55","slug":"yanez-mariano-1795-1881","status":"publish","type":"page","link":"https:\/\/memoriasdehacienda.institutomora.edu.mx\/?page_id=7851","title":{"rendered":"Y\u00e1\u00f1ez, Mariano (1795-1881)"},"content":{"rendered":"<p>Ministro de Hacienda:<\/p>\n<p><img loading=\"lazy\" class=\"size-full wp-image-7852 alignright\" src=\"https:\/\/memoriasdehacienda.institutomora.edu.mx\/wp-content\/uploads\/yanez.jpg\" alt=\"yanez\" width=\"171\" height=\"252\" srcset=\"https:\/\/memoriasdehacienda.institutomora.edu.mx\/wp-content\/uploads\/yanez.jpg 171w, https:\/\/memoriasdehacienda.institutomora.edu.mx\/wp-content\/uploads\/yanez-102x150.jpg 102w\" sizes=\"(max-width: 171px) 100vw, 171px\" \/>\u00a0 Del 29 de abril al 24 de mayo de 1851.<\/p>\n<p>&nbsp;<\/p>\n<p>Abogado, naci\u00f3 en la ciudad de M\u00e9xico, fue nombrado ministro de Relaciones (1851 y 1852) y de Hacienda, ocupando los dos cargos durante per\u00edodos muy breves.<a title=\"\" href=\"http:\/\/memoriasdehacienda.colmex.mx\/index.php\/227#_ftn1\">[1]<\/a><\/p>\n<div><br clear=\"all\" \/><\/p>\n<hr size=\"1\" width=\"33%\" \/>\n<div>\n<p class=\"Textodenotaalpie\">\u00a0\u00a0\u00a0\u00a0[1] Diccionario Porr\u00faa. 1986. vol.II. p. 2309<\/p>\n<\/div>\n<\/div>\n","protected":false},"excerpt":{"rendered":"<p>Ministro de Hacienda: \u00a0 Del 29 de abril al 24 de mayo de 1851. &nbsp; Abogado, naci\u00f3 en la ciudad de M\u00e9xico, fue nombrado ministro de Relaciones (1851 y 1852) y de Hacienda, ocupando los dos cargos durante per\u00edodos muy breves.[1] \u00a0\u00a0\u00a0\u00a0[1] Diccionario Porr\u00faa. 1986. vol.II. p. 2309<\/p>\n","protected":false},"author":1,"featured_media":0,"parent":0,"menu_order":0,"comment_status":"closed","ping_status":"closed","template":"","meta":[],"_links":{"self":[{"href":"https:\/\/memoriasdehacienda.institutomora.edu.mx\/index.php?rest_route=\/wp\/v2\/pages\/7851"}],"collection":[{"href":"https:\/\/memoriasdehacienda.institutomora.edu.mx\/index.php?rest_route=\/wp\/v2\/pages"}],"about":[{"href":"https:\/\/memoriasdehacienda.institutomora.edu.mx\/index.php?rest_route=\/wp\/v2\/types\/page"}],"author":[{"embeddable":true,"href":"https:\/\/memoriasdehacienda.institutomora.edu.mx\/index.php?rest_route=\/wp\/v2\/users\/1"}],"replies":[{"embeddable":true,"href":"https:\/\/memoriasdehacienda.institutomora.edu.mx\/index.php?rest_route=%2Fwp%2Fv2%2Fcomments&post=7851"}],"version-history":[{"count":1,"href":"https:\/\/memoriasdehacienda.institutomora.edu.mx\/index.php?rest_route=\/wp\/v2\/pages\/7851\/revisions"}],"predecessor-version":[{"id":7853,"href":"https:\/\/memoriasdehacienda.institutomora.edu.mx\/index.php?rest_route=\/wp\/v2\/pages\/7851\/revisions\/7853"}],"wp:attachment":[{"href":"https:\/\/memoriasdehacienda.institutomora.edu.mx\/index.php?rest_route=%2Fwp%2Fv2%2Fmedia&parent=7851"}],"curies":[{"name":"wp","href":"https:\/\/api.w.org\/{rel}","templated":true}]}}