{"id":7863,"date":"2017-03-01T14:45:03","date_gmt":"2017-03-01T20:45:03","guid":{"rendered":"http:\/\/memoriasdehacienda.colmex.mx\/mhwp\/?page_id=7863"},"modified":"2017-03-01T14:45:03","modified_gmt":"2017-03-01T20:45:03","slug":"zubieta-pedro","status":"publish","type":"page","link":"https:\/\/memoriasdehacienda.institutomora.edu.mx\/?page_id=7863","title":{"rendered":"Zubieta, Pedro"},"content":{"rendered":"<p>Ministro de Hacienda:<\/p>\n<p>Del 26 de diciembre de 1846 al 18 de enero de 1847.<\/p>\n<p>&nbsp;<\/p>\n<p>Ministro de Hacienda en el Gobierno de Valent\u00edn G\u00f3mez Far\u00edas, del 26 de diciembre de 1846 al 18 de enero de 1847.<\/p>\n","protected":false},"excerpt":{"rendered":"<p>Ministro de Hacienda: Del 26 de diciembre de 1846 al 18 de enero de 1847. &nbsp; Ministro de Hacienda en el Gobierno de Valent\u00edn G\u00f3mez Far\u00edas, del 26 de diciembre de 1846 al 18 de enero de 1847.<\/p>\n","protected":false},"author":1,"featured_media":0,"parent":0,"menu_order":0,"comment_status":"closed","ping_status":"closed","template":"","meta":[],"_links":{"self":[{"href":"https:\/\/memoriasdehacienda.institutomora.edu.mx\/index.php?rest_route=\/wp\/v2\/pages\/7863"}],"collection":[{"href":"https:\/\/memoriasdehacienda.institutomora.edu.mx\/index.php?rest_route=\/wp\/v2\/pages"}],"about":[{"href":"https:\/\/memoriasdehacienda.institutomora.edu.mx\/index.php?rest_route=\/wp\/v2\/types\/page"}],"author":[{"embeddable":true,"href":"https:\/\/memoriasdehacienda.institutomora.edu.mx\/index.php?rest_route=\/wp\/v2\/users\/1"}],"replies":[{"embeddable":true,"href":"https:\/\/memoriasdehacienda.institutomora.edu.mx\/index.php?rest_route=%2Fwp%2Fv2%2Fcomments&post=7863"}],"version-history":[{"count":1,"href":"https:\/\/memoriasdehacienda.institutomora.edu.mx\/index.php?rest_route=\/wp\/v2\/pages\/7863\/revisions"}],"predecessor-version":[{"id":7864,"href":"https:\/\/memoriasdehacienda.institutomora.edu.mx\/index.php?rest_route=\/wp\/v2\/pages\/7863\/revisions\/7864"}],"wp:attachment":[{"href":"https:\/\/memoriasdehacienda.institutomora.edu.mx\/index.php?rest_route=%2Fwp%2Fv2%2Fmedia&parent=7863"}],"curies":[{"name":"wp","href":"https:\/\/api.w.org\/{rel}","templated":true}]}}